{"id":89752,"date":"2021-04-19T03:15:17","date_gmt":"2021-04-19T01:15:17","guid":{"rendered":"https:\/\/crafthub.events\/amuse-conference\/"},"modified":"2023-11-23T11:47:11","modified_gmt":"2023-11-23T09:47:11","slug":"amuse-conference","status":"publish","type":"page","link":"https:\/\/crafthub.events\/hu\/amuse-conference\/","title":{"rendered":"Amuse Konferencia"},"content":{"rendered":"<div class=\"wpb-content-wrapper\"><p>[vc_section][vc_row row_height_percent=&#8221;0&#8243; override_padding=&#8221;yes&#8221; h_padding=&#8221;2&#8243; top_padding=&#8221;3&#8243; bottom_padding=&#8221;2&#8243; overlay_alpha=&#8221;50&#8243; equal_height=&#8221;yes&#8221; gutter_size=&#8221;3&#8243; column_width_percent=&#8221;100&#8243; shift_y=&#8221;0&#8243; z_index=&#8221;0&#8243; uncode_shortcode_id=&#8221;828761&#8243;][vc_column column_width_percent=&#8221;100&#8243; gutter_size=&#8221;3&#8243; overlay_alpha=&#8221;50&#8243; shift_x=&#8221;0&#8243; shift_y=&#8221;0&#8243; shift_y_down=&#8221;0&#8243; z_index=&#8221;0&#8243; medium_width=&#8221;0&#8243; mobile_width=&#8221;0&#8243; width=&#8221;7\/12&#8243;][vc_single_image media=&#8221;89093&#8243; media_width_use_pixel=&#8221;yes&#8221; uncode_shortcode_id=&#8221;120241&#8243; media_width_pixel=&#8221;300&#8243;][vc_column_text uncode_shortcode_id=&#8221;178001&#8243;]<strong>A <a style=\"color: #f18500;\" href=\"https:\/\/www.facebook.com\/events\/909245097075022\" target=\"_blank\" rel=\"noopener\">Compass Tech Summit<\/a> r\u00e9sze<\/strong>[\/vc_column_text][vc_column_text uncode_shortcode_id=&#8221;124420&#8243;]<strong>T\u00e9ma:<\/strong> UX \u00e9s UI (Felhaszn\u00e1l\u00f3i \u00e9lm\u00e9ny \u00e9s Felhaszn\u00e1l\u00f3i fel\u00fclet)<br \/>\n<strong>Helysz\u00edn:<\/strong> Budapest (Magyarorsz\u00e1g) \u00e9s online<br \/>\n<strong>K\u00f6vetkez\u0151 konferencia:<\/strong> 2024. okt\u00f3ber 3-4.<\/p>\n<p>Nemzetk\u00f6zi konferencia \u00e9s tanul\u00e1si platform a felhaszn\u00e1l\u00f3i \u00e9lm\u00e9ny, term\u00e9ktervez\u00e9s, felhaszn\u00e1l\u00f3i kutat\u00e1s, szolg\u00e1ltat\u00e1stervez\u00e9s, \u00e9s kreativit\u00e1s t\u00e9m\u00e1i k\u00f6r\u00fcl. UX (User experience) \u00e9s UI (User interface) szakemberek, term\u00e9kmenedzserek, frontend-fejleszt\u0151k, digit\u00e1lis term\u00e9kek tervez\u0151i vagy piackutat\u00f3i, illetve b\u00e1rki sz\u00e1m\u00e1ra, akit \u00e9rdekel, mi t\u00f6rt\u00e9nik a k\u00e9perny\u0151 t\u00faloldal\u00e1n.[\/vc_column_text][vc_column_text uncode_shortcode_id=&#8221;100108&#8243;]A konferencia 2023-ban el\u0151sz\u00f6r \u00f6t m\u00e1sik konferenci\u00e1val egy\u00fctt ker\u00fclt megrendez\u00e9sre, a Compass Tech Summit keretein bel\u00fcl.[\/vc_column_text][\/vc_column][vc_column column_width_percent=&#8221;100&#8243; position_vertical=&#8221;middle&#8221; align_horizontal=&#8221;align_center&#8221; gutter_size=&#8221;3&#8243; overlay_alpha=&#8221;50&#8243; shift_x=&#8221;0&#8243; shift_y=&#8221;0&#8243; shift_y_down=&#8221;0&#8243; z_index=&#8221;0&#8243; medium_width=&#8221;0&#8243; mobile_width=&#8221;0&#8243; width=&#8221;5\/12&#8243; uncode_shortcode_id=&#8221;699688&#8243;][vc_single_image media=&#8221;92176&#8243; media_width_percent=&#8221;100&#8243; uncode_shortcode_id=&#8221;343811&#8243;][vc_button size=&#8221;btn-lg&#8221; wide=&#8221;yes&#8221; border_width=&#8221;0&#8243; icon_position=&#8221;right&#8221; link=&#8221;url:https%3A%2F%2Famuseconf.com%2F|target:_blank|rel:nofollow|&#8221; icon=&#8221;fa fa-link3&#8243; button_color_type=&#8221;uncode-solid&#8221; button_color_solid=&#8221;#159dd9&#8243; uncode_shortcode_id=&#8221;199780&#8243;]amuseconf.com[\/vc_button][\/vc_column][\/vc_row][\/vc_section][vc_section back_color=&#8221;color-lxmt&#8221; overlay_alpha=&#8221;50&#8243; uncode_shortcode_id=&#8221;452578&#8243; back_color_type=&#8221;uncode-palette&#8221;][vc_row row_height_percent=&#8221;0&#8243; override_padding=&#8221;yes&#8221; h_padding=&#8221;2&#8243; top_padding=&#8221;3&#8243; bottom_padding=&#8221;0&#8243; overlay_alpha=&#8221;50&#8243; gutter_size=&#8221;3&#8243; column_width_percent=&#8221;100&#8243; shift_y=&#8221;0&#8243; z_index=&#8221;0&#8243; uncode_shortcode_id=&#8221;167821&#8243;][vc_column column_width_percent=&#8221;100&#8243; position_vertical=&#8221;middle&#8221; align_horizontal=&#8221;align_center&#8221; gutter_size=&#8221;3&#8243; overlay_alpha=&#8221;50&#8243; shift_x=&#8221;0&#8243; shift_y=&#8221;0&#8243; shift_y_down=&#8221;0&#8243; z_index=&#8221;0&#8243; medium_width=&#8221;0&#8243; mobile_width=&#8221;0&#8243; width=&#8221;1\/1&#8243; uncode_shortcode_id=&#8221;702631&#8243;][vc_custom_heading uncode_shortcode_id=&#8221;624333&#8243;]A Compass Tech Summit 2023 sz\u00e1mokban[\/vc_custom_heading][\/vc_column][\/vc_row][vc_row row_height_percent=&#8221;0&#8243; override_padding=&#8221;yes&#8221; h_padding=&#8221;2&#8243; top_padding=&#8221;2&#8243; bottom_padding=&#8221;3&#8243; overlay_alpha=&#8221;50&#8243; gutter_size=&#8221;3&#8243; column_width_percent=&#8221;100&#8243; shift_y=&#8221;0&#8243; z_index=&#8221;0&#8243; uncode_shortcode_id=&#8221;950492&#8243;][vc_column column_width_percent=&#8221;100&#8243; align_horizontal=&#8221;align_center&#8221; gutter_size=&#8221;3&#8243; overlay_alpha=&#8221;50&#8243; shift_x=&#8221;0&#8243; shift_y=&#8221;0&#8243; shift_y_down=&#8221;0&#8243; z_index=&#8221;0&#8243; medium_width=&#8221;0&#8243; mobile_width=&#8221;0&#8243; width=&#8221;1\/4&#8243;][uncode_counter value=&#8221;1300&#8243; counter_color=&#8221;&#8221; size=&#8221;h2&#8243; weight=&#8221;700&#8243; separator=&#8221;yes&#8221; text=&#8221;r\u00e9sztvev\u0151&#8221; uncode_shortcode_id=&#8221;136030&#8243; suffix=&#8221;+&#8221;][\/vc_column][vc_column column_width_percent=&#8221;100&#8243; align_horizontal=&#8221;align_center&#8221; gutter_size=&#8221;3&#8243; overlay_alpha=&#8221;50&#8243; shift_x=&#8221;0&#8243; shift_y=&#8221;0&#8243; shift_y_down=&#8221;0&#8243; z_index=&#8221;0&#8243; medium_width=&#8221;0&#8243; mobile_width=&#8221;0&#8243; width=&#8221;1\/4&#8243;][uncode_counter value=&#8221;70&#8243; counter_color=&#8221;&#8221; size=&#8221;h2&#8243; weight=&#8221;700&#8243; separator=&#8221;yes&#8221; text=&#8221;el\u0151ad\u00f3&#8221; uncode_shortcode_id=&#8221;987360&#8243; suffix=&#8221;+&#8221;][\/vc_column][vc_column column_width_percent=&#8221;100&#8243; align_horizontal=&#8221;align_center&#8221; gutter_size=&#8221;3&#8243; overlay_alpha=&#8221;50&#8243; shift_x=&#8221;0&#8243; shift_y=&#8221;0&#8243; shift_y_down=&#8221;0&#8243; z_index=&#8221;0&#8243; medium_width=&#8221;0&#8243; mobile_width=&#8221;0&#8243; width=&#8221;1\/4&#8243; uncode_shortcode_id=&#8221;158766&#8243;][uncode_counter value=&#8221;2&#8243; counter_color=&#8221;&#8221; size=&#8221;h2&#8243; weight=&#8221;700&#8243; separator=&#8221;yes&#8221; text=&#8221;nap&#8221; uncode_shortcode_id=&#8221;802198&#8243;][\/vc_column][vc_column column_width_percent=&#8221;100&#8243; align_horizontal=&#8221;align_center&#8221; gutter_size=&#8221;3&#8243; overlay_alpha=&#8221;50&#8243; shift_x=&#8221;0&#8243; shift_y=&#8221;0&#8243; shift_y_down=&#8221;0&#8243; z_index=&#8221;0&#8243; medium_width=&#8221;0&#8243; mobile_width=&#8221;0&#8243; width=&#8221;1\/4&#8243; uncode_shortcode_id=&#8221;139938&#8243;][uncode_counter value=&#8221;20&#8243; counter_color=&#8221;&#8221; size=&#8221;h2&#8243; weight=&#8221;700&#8243; separator=&#8221;yes&#8221; text=&#8221;partner&#8221; uncode_shortcode_id=&#8221;570859&#8243; suffix=&#8221;+&#8221;][\/vc_column][\/vc_row][\/vc_section]<\/p>\n<\/div>","protected":false},"excerpt":{"rendered":"<p>[vc_section][vc_row row_height_percent=&#8221;0&#8243; override_padding=&#8221;yes&#8221; h_padding=&#8221;2&#8243; top_padding=&#8221;3&#8243; bottom_padding=&#8221;2&#8243; overlay_alpha=&#8221;50&#8243; equal_height=&#8221;yes&#8221; gutter_size=&#8221;3&#8243; column_width_percent=&#8221;100&#8243; shift_y=&#8221;0&#8243; z_index=&#8221;0&#8243; uncode_shortcode_id=&#8221;828761&#8243;][vc_column column_width_percent=&#8221;100&#8243; gutter_size=&#8221;3&#8243; overlay_alpha=&#8221;50&#8243; shift_x=&#8221;0&#8243; shift_y=&#8221;0&#8243; shift_y_down=&#8221;0&#8243; z_index=&#8221;0&#8243; [&hellip;]<\/p>\n","protected":false},"author":1,"featured_media":89465,"parent":0,"menu_order":0,"comment_status":"closed","ping_status":"closed","template":"","meta":{"_acf_changed":false,"footnotes":""},"class_list":["post-89752","page","type-page","status-publish","has-post-thumbnail","hentry"],"acf":[],"yoast_head":"<!-- This site is optimized with the Yoast SEO plugin v27.2 - https:\/\/yoast.com\/product\/yoast-seo-wordpress\/ -->\n<title>UX \u00e9s UI Konferencia Budapesten - Hibrid - CraftHub<\/title>\n<meta name=\"description\" content=\"Nemzetk\u00f6zi UX \u00e9s UI konferencia term\u00e9kmenedzserek, frontend-fejleszt\u0151k, digit\u00e1lis term\u00e9kek tervez\u0151i vagy piackutat\u00f3k sz\u00e1m\u00e1ra. Ismerd meg a leg\u00fajabb trendeket.\" \/>\n<meta name=\"robots\" content=\"index, follow, max-snippet:-1, max-image-preview:large, max-video-preview:-1\" \/>\n<link rel=\"canonical\" href=\"https:\/\/crafthub.events\/hu\/amuse-conference\/\" \/>\n<meta property=\"og:locale\" content=\"hu_HU\" \/>\n<meta property=\"og:type\" content=\"article\" \/>\n<meta property=\"og:title\" content=\"UX \u00e9s UI Konferencia Budapesten - Hibrid - CraftHub\" \/>\n<meta property=\"og:description\" content=\"Nemzetk\u00f6zi UX \u00e9s UI konferencia term\u00e9kmenedzserek, frontend-fejleszt\u0151k, digit\u00e1lis term\u00e9kek tervez\u0151i vagy piackutat\u00f3k sz\u00e1m\u00e1ra. Ismerd meg a leg\u00fajabb trendeket.\" \/>\n<meta property=\"og:url\" content=\"https:\/\/crafthub.events\/hu\/amuse-conference\/\" \/>\n<meta property=\"og:site_name\" content=\"CraftHub\" \/>\n<meta property=\"article:publisher\" content=\"https:\/\/www.facebook.com\/Crafthub.events\" \/>\n<meta property=\"article:modified_time\" content=\"2023-11-23T09:47:11+00:00\" \/>\n<meta property=\"og:image\" content=\"https:\/\/crafthub.events\/wp-content\/uploads\/Amuse2.jpg\" \/>\n\t<meta property=\"og:image:width\" content=\"1900\" \/>\n\t<meta property=\"og:image:height\" content=\"1267\" \/>\n\t<meta property=\"og:image:type\" content=\"image\/jpeg\" \/>\n<meta name=\"twitter:card\" content=\"summary_large_image\" \/>\n<meta name=\"twitter:site\" content=\"@CrafthubE\" \/>\n<meta name=\"twitter:label1\" content=\"Becs\u00fclt olvas\u00e1si id\u0151\" \/>\n\t<meta name=\"twitter:data1\" content=\"3 perc\" \/>\n<script type=\"application\/ld+json\" class=\"yoast-schema-graph\">{\"@context\":\"https:\/\/schema.org\",\"@graph\":[{\"@type\":\"WebPage\",\"@id\":\"https:\/\/crafthub.events\/hu\/amuse-conference\/\",\"url\":\"https:\/\/crafthub.events\/hu\/amuse-conference\/\",\"name\":\"UX \u00e9s UI Konferencia Budapesten - Hibrid - CraftHub\",\"isPartOf\":{\"@id\":\"https:\/\/crafthub.events\/hu\/#website\"},\"primaryImageOfPage\":{\"@id\":\"https:\/\/crafthub.events\/hu\/amuse-conference\/#primaryimage\"},\"image\":{\"@id\":\"https:\/\/crafthub.events\/hu\/amuse-conference\/#primaryimage\"},\"thumbnailUrl\":\"https:\/\/crafthub.events\/wp-content\/uploads\/Amuse2.jpg\",\"datePublished\":\"2021-04-19T01:15:17+00:00\",\"dateModified\":\"2023-11-23T09:47:11+00:00\",\"description\":\"Nemzetk\u00f6zi UX \u00e9s UI konferencia term\u00e9kmenedzserek, frontend-fejleszt\u0151k, digit\u00e1lis term\u00e9kek tervez\u0151i vagy piackutat\u00f3k sz\u00e1m\u00e1ra. Ismerd meg a leg\u00fajabb trendeket.\",\"breadcrumb\":{\"@id\":\"https:\/\/crafthub.events\/hu\/amuse-conference\/#breadcrumb\"},\"inLanguage\":\"hu\",\"potentialAction\":[{\"@type\":\"ReadAction\",\"target\":[\"https:\/\/crafthub.events\/hu\/amuse-conference\/\"]}]},{\"@type\":\"ImageObject\",\"inLanguage\":\"hu\",\"@id\":\"https:\/\/crafthub.events\/hu\/amuse-conference\/#primaryimage\",\"url\":\"https:\/\/crafthub.events\/wp-content\/uploads\/Amuse2.jpg\",\"contentUrl\":\"https:\/\/crafthub.events\/wp-content\/uploads\/Amuse2.jpg\",\"width\":1900,\"height\":1267},{\"@type\":\"BreadcrumbList\",\"@id\":\"https:\/\/crafthub.events\/hu\/amuse-conference\/#breadcrumb\",\"itemListElement\":[{\"@type\":\"ListItem\",\"position\":1,\"name\":\"Kezd\u0151lap\",\"item\":\"https:\/\/crafthub.events\/hu\/\"},{\"@type\":\"ListItem\",\"position\":2,\"name\":\"Amuse Konferencia\"}]},{\"@type\":\"WebSite\",\"@id\":\"https:\/\/crafthub.events\/hu\/#website\",\"url\":\"https:\/\/crafthub.events\/hu\/\",\"name\":\"CraftHub\",\"description\":\"The craft that you need!\",\"publisher\":{\"@id\":\"https:\/\/crafthub.events\/hu\/#organization\"},\"potentialAction\":[{\"@type\":\"SearchAction\",\"target\":{\"@type\":\"EntryPoint\",\"urlTemplate\":\"https:\/\/crafthub.events\/hu\/?s={search_term_string}\"},\"query-input\":{\"@type\":\"PropertyValueSpecification\",\"valueRequired\":true,\"valueName\":\"search_term_string\"}}],\"inLanguage\":\"hu\"},{\"@type\":\"Organization\",\"@id\":\"https:\/\/crafthub.events\/hu\/#organization\",\"name\":\"CraftHub\",\"url\":\"https:\/\/crafthub.events\/hu\/\",\"logo\":{\"@type\":\"ImageObject\",\"inLanguage\":\"hu\",\"@id\":\"https:\/\/crafthub.events\/hu\/#\/schema\/logo\/image\/\",\"url\":\"https:\/\/crafthub.events\/wp-content\/uploads\/ch.png\",\"contentUrl\":\"https:\/\/crafthub.events\/wp-content\/uploads\/ch.png\",\"width\":747,\"height\":693,\"caption\":\"CraftHub\"},\"image\":{\"@id\":\"https:\/\/crafthub.events\/hu\/#\/schema\/logo\/image\/\"},\"sameAs\":[\"https:\/\/www.facebook.com\/Crafthub.events\",\"https:\/\/x.com\/CrafthubE\",\"https:\/\/www.instagram.com\/crafthubevents\/\",\"https:\/\/www.linkedin.com\/company\/68526749\/admin\/\",\"https:\/\/www.youtube.com\/channel\/UC9E-wqsOP_1nRKXWIWPBhXw\"]}]}<\/script>\n<!-- \/ Yoast SEO plugin. -->","yoast_head_json":{"title":"UX \u00e9s UI Konferencia Budapesten - Hibrid - CraftHub","description":"Nemzetk\u00f6zi UX \u00e9s UI konferencia term\u00e9kmenedzserek, frontend-fejleszt\u0151k, digit\u00e1lis term\u00e9kek tervez\u0151i vagy piackutat\u00f3k sz\u00e1m\u00e1ra. Ismerd meg a leg\u00fajabb trendeket.","robots":{"index":"index","follow":"follow","max-snippet":"max-snippet:-1","max-image-preview":"max-image-preview:large","max-video-preview":"max-video-preview:-1"},"canonical":"https:\/\/crafthub.events\/hu\/amuse-conference\/","og_locale":"hu_HU","og_type":"article","og_title":"UX \u00e9s UI Konferencia Budapesten - Hibrid - CraftHub","og_description":"Nemzetk\u00f6zi UX \u00e9s UI konferencia term\u00e9kmenedzserek, frontend-fejleszt\u0151k, digit\u00e1lis term\u00e9kek tervez\u0151i vagy piackutat\u00f3k sz\u00e1m\u00e1ra. Ismerd meg a leg\u00fajabb trendeket.","og_url":"https:\/\/crafthub.events\/hu\/amuse-conference\/","og_site_name":"CraftHub","article_publisher":"https:\/\/www.facebook.com\/Crafthub.events","article_modified_time":"2023-11-23T09:47:11+00:00","og_image":[{"width":1900,"height":1267,"url":"https:\/\/crafthub.events\/wp-content\/uploads\/Amuse2.jpg","type":"image\/jpeg"}],"twitter_card":"summary_large_image","twitter_site":"@CrafthubE","twitter_misc":{"Becs\u00fclt olvas\u00e1si id\u0151":"3 perc"},"schema":{"@context":"https:\/\/schema.org","@graph":[{"@type":"WebPage","@id":"https:\/\/crafthub.events\/hu\/amuse-conference\/","url":"https:\/\/crafthub.events\/hu\/amuse-conference\/","name":"UX \u00e9s UI Konferencia Budapesten - Hibrid - CraftHub","isPartOf":{"@id":"https:\/\/crafthub.events\/hu\/#website"},"primaryImageOfPage":{"@id":"https:\/\/crafthub.events\/hu\/amuse-conference\/#primaryimage"},"image":{"@id":"https:\/\/crafthub.events\/hu\/amuse-conference\/#primaryimage"},"thumbnailUrl":"https:\/\/crafthub.events\/wp-content\/uploads\/Amuse2.jpg","datePublished":"2021-04-19T01:15:17+00:00","dateModified":"2023-11-23T09:47:11+00:00","description":"Nemzetk\u00f6zi UX \u00e9s UI konferencia term\u00e9kmenedzserek, frontend-fejleszt\u0151k, digit\u00e1lis term\u00e9kek tervez\u0151i vagy piackutat\u00f3k sz\u00e1m\u00e1ra. Ismerd meg a leg\u00fajabb trendeket.","breadcrumb":{"@id":"https:\/\/crafthub.events\/hu\/amuse-conference\/#breadcrumb"},"inLanguage":"hu","potentialAction":[{"@type":"ReadAction","target":["https:\/\/crafthub.events\/hu\/amuse-conference\/"]}]},{"@type":"ImageObject","inLanguage":"hu","@id":"https:\/\/crafthub.events\/hu\/amuse-conference\/#primaryimage","url":"https:\/\/crafthub.events\/wp-content\/uploads\/Amuse2.jpg","contentUrl":"https:\/\/crafthub.events\/wp-content\/uploads\/Amuse2.jpg","width":1900,"height":1267},{"@type":"BreadcrumbList","@id":"https:\/\/crafthub.events\/hu\/amuse-conference\/#breadcrumb","itemListElement":[{"@type":"ListItem","position":1,"name":"Kezd\u0151lap","item":"https:\/\/crafthub.events\/hu\/"},{"@type":"ListItem","position":2,"name":"Amuse Konferencia"}]},{"@type":"WebSite","@id":"https:\/\/crafthub.events\/hu\/#website","url":"https:\/\/crafthub.events\/hu\/","name":"CraftHub","description":"The craft that you need!","publisher":{"@id":"https:\/\/crafthub.events\/hu\/#organization"},"potentialAction":[{"@type":"SearchAction","target":{"@type":"EntryPoint","urlTemplate":"https:\/\/crafthub.events\/hu\/?s={search_term_string}"},"query-input":{"@type":"PropertyValueSpecification","valueRequired":true,"valueName":"search_term_string"}}],"inLanguage":"hu"},{"@type":"Organization","@id":"https:\/\/crafthub.events\/hu\/#organization","name":"CraftHub","url":"https:\/\/crafthub.events\/hu\/","logo":{"@type":"ImageObject","inLanguage":"hu","@id":"https:\/\/crafthub.events\/hu\/#\/schema\/logo\/image\/","url":"https:\/\/crafthub.events\/wp-content\/uploads\/ch.png","contentUrl":"https:\/\/crafthub.events\/wp-content\/uploads\/ch.png","width":747,"height":693,"caption":"CraftHub"},"image":{"@id":"https:\/\/crafthub.events\/hu\/#\/schema\/logo\/image\/"},"sameAs":["https:\/\/www.facebook.com\/Crafthub.events","https:\/\/x.com\/CrafthubE","https:\/\/www.instagram.com\/crafthubevents\/","https:\/\/www.linkedin.com\/company\/68526749\/admin\/","https:\/\/www.youtube.com\/channel\/UC9E-wqsOP_1nRKXWIWPBhXw"]}]}},"_links":{"self":[{"href":"https:\/\/crafthub.events\/hu\/wp-json\/wp\/v2\/pages\/89752","targetHints":{"allow":["GET"]}}],"collection":[{"href":"https:\/\/crafthub.events\/hu\/wp-json\/wp\/v2\/pages"}],"about":[{"href":"https:\/\/crafthub.events\/hu\/wp-json\/wp\/v2\/types\/page"}],"author":[{"embeddable":true,"href":"https:\/\/crafthub.events\/hu\/wp-json\/wp\/v2\/users\/1"}],"replies":[{"embeddable":true,"href":"https:\/\/crafthub.events\/hu\/wp-json\/wp\/v2\/comments?post=89752"}],"version-history":[{"count":49,"href":"https:\/\/crafthub.events\/hu\/wp-json\/wp\/v2\/pages\/89752\/revisions"}],"predecessor-version":[{"id":92230,"href":"https:\/\/crafthub.events\/hu\/wp-json\/wp\/v2\/pages\/89752\/revisions\/92230"}],"wp:featuredmedia":[{"embeddable":true,"href":"https:\/\/crafthub.events\/hu\/wp-json\/wp\/v2\/media\/89465"}],"wp:attachment":[{"href":"https:\/\/crafthub.events\/hu\/wp-json\/wp\/v2\/media?parent=89752"}],"curies":[{"name":"wp","href":"https:\/\/api.w.org\/{rel}","templated":true}]}}