{"id":89787,"date":"2021-04-19T03:16:18","date_gmt":"2021-04-19T01:16:18","guid":{"rendered":"https:\/\/crafthub.events\/reinforce-ai-conference\/"},"modified":"2023-11-23T11:47:03","modified_gmt":"2023-11-23T09:47:03","slug":"reinforce-ai-conference","status":"publish","type":"page","link":"https:\/\/crafthub.events\/hu\/reinforce-ai-conference\/","title":{"rendered":"Reinforce AI Konferencia"},"content":{"rendered":"<div class=\"wpb-content-wrapper\"><p>[vc_section][vc_row row_height_percent=&#8221;0&#8243; override_padding=&#8221;yes&#8221; h_padding=&#8221;2&#8243; top_padding=&#8221;3&#8243; bottom_padding=&#8221;2&#8243; overlay_alpha=&#8221;50&#8243; gutter_size=&#8221;3&#8243; column_width_percent=&#8221;100&#8243; shift_y=&#8221;0&#8243; z_index=&#8221;0&#8243; uncode_shortcode_id=&#8221;657673&#8243;][vc_column width=&#8221;7\/12&#8243;][vc_single_image media=&#8221;88686&#8243; media_width_use_pixel=&#8221;yes&#8221; media_width_pixel=&#8221;300&#8243;][vc_column_text uncode_shortcode_id=&#8221;898569&#8243;]<strong>A <a style=\"color: #f18500;\" href=\"https:\/\/www.facebook.com\/events\/909245097075022\" target=\"_blank\" rel=\"noopener\">Compass Tech Summit<\/a> r\u00e9sze<\/strong>[\/vc_column_text][vc_column_text uncode_shortcode_id=&#8221;971920&#8243;]<span data-sheets-value=\"{\"1\":2,\"2\":\"Topic: AI and ML (Artifical Intelligence and Machine Learning)\\nLocation: Budapest and online\\nNext conference: 2023\\n\\nThis conference brings together world leading experts on AI, and creates a platform for discourse, innovation and networking. It provides opportunities for learning and discussing the different fields of AI such as ethics, production or the future of artificial intelligence.\"}\" data-sheets-userformat=\"{\"2\":2979,\"3\":{\"1\":0},\"4\":{\"1\":2,\"2\":16773836},\"8\":{\"1\":[{\"1\":2,\"2\":0,\"5\":{\"1\":2,\"2\":0}},{\"1\":0,\"2\":0,\"3\":3},{\"1\":1,\"2\":0,\"4\":1}]},\"10\":1,\"11\":4,\"12\":0,\"14\":{\"1\":3,\"3\":1}}\" data-sheets-textstyleruns=\"{\"1\":0,\"2\":{\"5\":1}}\uee10{\"1\":5}\uee10{\"1\":63,\"2\":{\"5\":1}}\uee10{\"1\":71}\uee10{\"1\":93,\"2\":{\"5\":1}}\uee10{\"1\":108}\"><strong>T\u00e9ma:<\/strong> AI \u00e9s ML (Mesters\u00e9ges Intelligencia \u00e9s G\u00e9pi Tanul\u00e1s)<br \/>\n<strong>Helysz\u00edn:<\/strong> Budapest (Magyarorsz\u00e1g) \u00e9s online<br \/>\n<strong>K\u00f6vetkez\u0151 konferencia:<\/strong> 2024. okt\u00f3ber 3-4.<\/span><\/p>\n<p>Konferencia, amely a mesters\u00e9ges intelligencia \u00e9s a g\u00e9pi tanul\u00e1s szak\u00e9rt\u0151it hozza \u00f6ssze \u00e9s teremt platformot a diskurzus, az innov\u00e1ci\u00f3 \u00e9s a kapcsolat\u00e9p\u00edt\u00e9s sz\u00e1m\u00e1ra. Lehet\u0151s\u00e9get biztos\u00edt az AI (mesters\u00e9ges intelligencia) \u00e9s az ML (g\u00e9pi tanul\u00e1s) k\u00fcl\u00f6nb\u00f6z\u0151 ter\u00fcleteink megismer\u00e9s\u00e9re nemzetk\u00f6zi szak\u00e9rt\u0151k \u00e1ltal. Olyan t\u00e9m\u00e1kat \u00f6lel fel, mint az etikus AI, robotika, vagy a kiberbiztons\u00e1g.[\/vc_column_text][vc_column_text uncode_shortcode_id=&#8221;490891&#8243;]A konferencia 2023-ban el\u0151sz\u00f6r \u00f6t m\u00e1sik konferenci\u00e1val egy\u00fctt ker\u00fclt megrendez\u00e9sre, a Compass Tech Summit keretein bel\u00fcl.[\/vc_column_text][\/vc_column][vc_column column_width_percent=&#8221;100&#8243; position_vertical=&#8221;middle&#8221; align_horizontal=&#8221;align_center&#8221; gutter_size=&#8221;3&#8243; overlay_alpha=&#8221;50&#8243; shift_x=&#8221;0&#8243; shift_y=&#8221;0&#8243; shift_y_down=&#8221;0&#8243; z_index=&#8221;0&#8243; medium_width=&#8221;0&#8243; mobile_width=&#8221;0&#8243; width=&#8221;5\/12&#8243; uncode_shortcode_id=&#8221;153645&#8243;][vc_single_image media=&#8221;92176&#8243; media_width_percent=&#8221;100&#8243; uncode_shortcode_id=&#8221;784157&#8243;][vc_button size=&#8221;btn-lg&#8221; wide=&#8221;yes&#8221; border_width=&#8221;0&#8243; icon_position=&#8221;right&#8221; link=&#8221;url:https%3A%2F%2Freinforceconf.com%2F|target:_blank|rel:nofollow|&#8221; icon=&#8221;fa fa-link3&#8243; button_color_type=&#8221;uncode-solid&#8221; button_color_solid=&#8221;#6645cc&#8221; uncode_shortcode_id=&#8221;123513&#8243;]reinforceconf.com[\/vc_button][\/vc_column][\/vc_row][\/vc_section][vc_section back_color=&#8221;color-lxmt&#8221; overlay_alpha=&#8221;50&#8243; uncode_shortcode_id=&#8221;365659&#8243; back_color_type=&#8221;uncode-palette&#8221;][vc_row row_height_percent=&#8221;0&#8243; override_padding=&#8221;yes&#8221; h_padding=&#8221;2&#8243; top_padding=&#8221;3&#8243; bottom_padding=&#8221;0&#8243; overlay_alpha=&#8221;50&#8243; gutter_size=&#8221;3&#8243; column_width_percent=&#8221;100&#8243; shift_y=&#8221;0&#8243; z_index=&#8221;0&#8243; uncode_shortcode_id=&#8221;167821&#8243;][vc_column column_width_percent=&#8221;100&#8243; position_vertical=&#8221;middle&#8221; align_horizontal=&#8221;align_center&#8221; gutter_size=&#8221;3&#8243; overlay_alpha=&#8221;50&#8243; shift_x=&#8221;0&#8243; shift_y=&#8221;0&#8243; shift_y_down=&#8221;0&#8243; z_index=&#8221;0&#8243; medium_width=&#8221;0&#8243; mobile_width=&#8221;0&#8243; width=&#8221;1\/1&#8243; uncode_shortcode_id=&#8221;702631&#8243;][vc_custom_heading uncode_shortcode_id=&#8221;845019&#8243;]A Compass Tech Summit 2023 sz\u00e1mokban[\/vc_custom_heading][\/vc_column][\/vc_row][vc_row row_height_percent=&#8221;0&#8243; override_padding=&#8221;yes&#8221; h_padding=&#8221;2&#8243; top_padding=&#8221;2&#8243; bottom_padding=&#8221;3&#8243; overlay_alpha=&#8221;50&#8243; gutter_size=&#8221;3&#8243; column_width_percent=&#8221;100&#8243; shift_y=&#8221;0&#8243; z_index=&#8221;0&#8243; uncode_shortcode_id=&#8221;117156&#8243;][vc_column column_width_percent=&#8221;100&#8243; align_horizontal=&#8221;align_center&#8221; gutter_size=&#8221;3&#8243; overlay_alpha=&#8221;50&#8243; shift_x=&#8221;0&#8243; shift_y=&#8221;0&#8243; shift_y_down=&#8221;0&#8243; z_index=&#8221;0&#8243; medium_width=&#8221;0&#8243; mobile_width=&#8221;0&#8243; width=&#8221;1\/4&#8243;][uncode_counter value=&#8221;1300&#8243; counter_color=&#8221;&#8221; size=&#8221;h2&#8243; weight=&#8221;700&#8243; separator=&#8221;yes&#8221; text=&#8221;r\u00e9sztvev\u0151&#8221; suffix=&#8221;+&#8221; uncode_shortcode_id=&#8221;548895&#8243;][\/vc_column][vc_column column_width_percent=&#8221;100&#8243; align_horizontal=&#8221;align_center&#8221; gutter_size=&#8221;3&#8243; overlay_alpha=&#8221;50&#8243; shift_x=&#8221;0&#8243; shift_y=&#8221;0&#8243; shift_y_down=&#8221;0&#8243; z_index=&#8221;0&#8243; medium_width=&#8221;0&#8243; mobile_width=&#8221;0&#8243; width=&#8221;1\/4&#8243;][uncode_counter value=&#8221;70&#8243; counter_color=&#8221;&#8221; size=&#8221;h2&#8243; weight=&#8221;700&#8243; separator=&#8221;yes&#8221; text=&#8221;el\u0151ad\u00f3&#8221; uncode_shortcode_id=&#8221;148861&#8243; suffix=&#8221;+&#8221;][\/vc_column][vc_column column_width_percent=&#8221;100&#8243; align_horizontal=&#8221;align_center&#8221; gutter_size=&#8221;3&#8243; overlay_alpha=&#8221;50&#8243; shift_x=&#8221;0&#8243; shift_y=&#8221;0&#8243; shift_y_down=&#8221;0&#8243; z_index=&#8221;0&#8243; medium_width=&#8221;0&#8243; mobile_width=&#8221;0&#8243; width=&#8221;1\/4&#8243; uncode_shortcode_id=&#8221;176528&#8243;][uncode_counter value=&#8221;2&#8243; counter_color=&#8221;&#8221; size=&#8221;h2&#8243; weight=&#8221;700&#8243; separator=&#8221;yes&#8221; text=&#8221;nap&#8221; uncode_shortcode_id=&#8221;130314&#8243;][\/vc_column][vc_column column_width_percent=&#8221;100&#8243; align_horizontal=&#8221;align_center&#8221; gutter_size=&#8221;3&#8243; overlay_alpha=&#8221;50&#8243; shift_x=&#8221;0&#8243; shift_y=&#8221;0&#8243; shift_y_down=&#8221;0&#8243; z_index=&#8221;0&#8243; medium_width=&#8221;0&#8243; mobile_width=&#8221;0&#8243; width=&#8221;1\/4&#8243; uncode_shortcode_id=&#8221;436285&#8243;][uncode_counter value=&#8221;20&#8243; counter_color=&#8221;&#8221; size=&#8221;h2&#8243; weight=&#8221;700&#8243; separator=&#8221;yes&#8221; text=&#8221;partner&#8221; uncode_shortcode_id=&#8221;213501&#8243; suffix=&#8221;+&#8221;][\/vc_column][\/vc_row][\/vc_section]<\/p>\n<\/div>","protected":false},"excerpt":{"rendered":"<p>[vc_section][vc_row row_height_percent=&#8221;0&#8243; override_padding=&#8221;yes&#8221; h_padding=&#8221;2&#8243; top_padding=&#8221;3&#8243; bottom_padding=&#8221;2&#8243; overlay_alpha=&#8221;50&#8243; gutter_size=&#8221;3&#8243; column_width_percent=&#8221;100&#8243; shift_y=&#8221;0&#8243; z_index=&#8221;0&#8243; uncode_shortcode_id=&#8221;657673&#8243;][vc_column width=&#8221;7\/12&#8243;][vc_single_image media=&#8221;88686&#8243; media_width_use_pixel=&#8221;yes&#8221; media_width_pixel=&#8221;300&#8243;][vc_column_text uncode_shortcode_id=&#8221;898569&#8243;]A Compass Tech Summit [&hellip;]<\/p>\n","protected":false},"author":1,"featured_media":89464,"parent":0,"menu_order":0,"comment_status":"closed","ping_status":"closed","template":"","meta":{"_acf_changed":false,"footnotes":""},"class_list":["post-89787","page","type-page","status-publish","has-post-thumbnail","hentry"],"acf":[],"yoast_head":"<!-- This site is optimized with the Yoast SEO plugin v27.2 - https:\/\/yoast.com\/product\/yoast-seo-wordpress\/ -->\n<title>Reinforce AI \u00e9s ML Konferencia Budapesten - Hibrid - CraftHub<\/title>\n<meta name=\"description\" content=\"Nemzetk\u00f6zi konferencia a mesters\u00e9ges intelligencia \u00e9s g\u00e9pi tanul\u00e1s t\u00e9m\u00e1j\u00e1ban. Tudj meg t\u00f6bbet az AI szak\u00e9rt\u0151it\u0151l. Etikus AI, kiberbiztons\u00e1g, robotika \u00e9s m\u00e9g sok m\u00e1s.\" \/>\n<meta name=\"robots\" content=\"index, follow, max-snippet:-1, max-image-preview:large, max-video-preview:-1\" \/>\n<link rel=\"canonical\" href=\"https:\/\/crafthub.events\/hu\/reinforce-ai-conference\/\" \/>\n<meta property=\"og:locale\" content=\"hu_HU\" \/>\n<meta property=\"og:type\" content=\"article\" \/>\n<meta property=\"og:title\" content=\"Reinforce AI \u00e9s ML Konferencia Budapesten - Hibrid - CraftHub\" \/>\n<meta property=\"og:description\" content=\"Nemzetk\u00f6zi konferencia a mesters\u00e9ges intelligencia \u00e9s g\u00e9pi tanul\u00e1s t\u00e9m\u00e1j\u00e1ban. Tudj meg t\u00f6bbet az AI szak\u00e9rt\u0151it\u0151l. Etikus AI, kiberbiztons\u00e1g, robotika \u00e9s m\u00e9g sok m\u00e1s.\" \/>\n<meta property=\"og:url\" content=\"https:\/\/crafthub.events\/hu\/reinforce-ai-conference\/\" \/>\n<meta property=\"og:site_name\" content=\"CraftHub\" \/>\n<meta property=\"article:publisher\" content=\"https:\/\/www.facebook.com\/Crafthub.events\" \/>\n<meta property=\"article:modified_time\" content=\"2023-11-23T09:47:03+00:00\" \/>\n<meta property=\"og:image\" content=\"https:\/\/crafthub.events\/wp-content\/uploads\/Reinforce.jpg\" \/>\n\t<meta property=\"og:image:width\" content=\"1900\" \/>\n\t<meta property=\"og:image:height\" content=\"1266\" \/>\n\t<meta property=\"og:image:type\" content=\"image\/jpeg\" \/>\n<meta name=\"twitter:card\" content=\"summary_large_image\" \/>\n<meta name=\"twitter:site\" content=\"@CrafthubE\" \/>\n<meta name=\"twitter:label1\" content=\"Becs\u00fclt olvas\u00e1si id\u0151\" \/>\n\t<meta name=\"twitter:data1\" content=\"3 perc\" \/>\n<script type=\"application\/ld+json\" class=\"yoast-schema-graph\">{\"@context\":\"https:\/\/schema.org\",\"@graph\":[{\"@type\":\"WebPage\",\"@id\":\"https:\/\/crafthub.events\/hu\/reinforce-ai-conference\/\",\"url\":\"https:\/\/crafthub.events\/hu\/reinforce-ai-conference\/\",\"name\":\"Reinforce AI \u00e9s ML Konferencia Budapesten - Hibrid - CraftHub\",\"isPartOf\":{\"@id\":\"https:\/\/crafthub.events\/hu\/#website\"},\"primaryImageOfPage\":{\"@id\":\"https:\/\/crafthub.events\/hu\/reinforce-ai-conference\/#primaryimage\"},\"image\":{\"@id\":\"https:\/\/crafthub.events\/hu\/reinforce-ai-conference\/#primaryimage\"},\"thumbnailUrl\":\"https:\/\/crafthub.events\/wp-content\/uploads\/Reinforce.jpg\",\"datePublished\":\"2021-04-19T01:16:18+00:00\",\"dateModified\":\"2023-11-23T09:47:03+00:00\",\"description\":\"Nemzetk\u00f6zi konferencia a mesters\u00e9ges intelligencia \u00e9s g\u00e9pi tanul\u00e1s t\u00e9m\u00e1j\u00e1ban. Tudj meg t\u00f6bbet az AI szak\u00e9rt\u0151it\u0151l. Etikus AI, kiberbiztons\u00e1g, robotika \u00e9s m\u00e9g sok m\u00e1s.\",\"breadcrumb\":{\"@id\":\"https:\/\/crafthub.events\/hu\/reinforce-ai-conference\/#breadcrumb\"},\"inLanguage\":\"hu\",\"potentialAction\":[{\"@type\":\"ReadAction\",\"target\":[\"https:\/\/crafthub.events\/hu\/reinforce-ai-conference\/\"]}]},{\"@type\":\"ImageObject\",\"inLanguage\":\"hu\",\"@id\":\"https:\/\/crafthub.events\/hu\/reinforce-ai-conference\/#primaryimage\",\"url\":\"https:\/\/crafthub.events\/wp-content\/uploads\/Reinforce.jpg\",\"contentUrl\":\"https:\/\/crafthub.events\/wp-content\/uploads\/Reinforce.jpg\",\"width\":1900,\"height\":1266},{\"@type\":\"BreadcrumbList\",\"@id\":\"https:\/\/crafthub.events\/hu\/reinforce-ai-conference\/#breadcrumb\",\"itemListElement\":[{\"@type\":\"ListItem\",\"position\":1,\"name\":\"Kezd\u0151lap\",\"item\":\"https:\/\/crafthub.events\/hu\/\"},{\"@type\":\"ListItem\",\"position\":2,\"name\":\"Reinforce AI Konferencia\"}]},{\"@type\":\"WebSite\",\"@id\":\"https:\/\/crafthub.events\/hu\/#website\",\"url\":\"https:\/\/crafthub.events\/hu\/\",\"name\":\"CraftHub\",\"description\":\"The craft that you need!\",\"publisher\":{\"@id\":\"https:\/\/crafthub.events\/hu\/#organization\"},\"potentialAction\":[{\"@type\":\"SearchAction\",\"target\":{\"@type\":\"EntryPoint\",\"urlTemplate\":\"https:\/\/crafthub.events\/hu\/?s={search_term_string}\"},\"query-input\":{\"@type\":\"PropertyValueSpecification\",\"valueRequired\":true,\"valueName\":\"search_term_string\"}}],\"inLanguage\":\"hu\"},{\"@type\":\"Organization\",\"@id\":\"https:\/\/crafthub.events\/hu\/#organization\",\"name\":\"CraftHub\",\"url\":\"https:\/\/crafthub.events\/hu\/\",\"logo\":{\"@type\":\"ImageObject\",\"inLanguage\":\"hu\",\"@id\":\"https:\/\/crafthub.events\/hu\/#\/schema\/logo\/image\/\",\"url\":\"https:\/\/crafthub.events\/wp-content\/uploads\/ch.png\",\"contentUrl\":\"https:\/\/crafthub.events\/wp-content\/uploads\/ch.png\",\"width\":747,\"height\":693,\"caption\":\"CraftHub\"},\"image\":{\"@id\":\"https:\/\/crafthub.events\/hu\/#\/schema\/logo\/image\/\"},\"sameAs\":[\"https:\/\/www.facebook.com\/Crafthub.events\",\"https:\/\/x.com\/CrafthubE\",\"https:\/\/www.instagram.com\/crafthubevents\/\",\"https:\/\/www.linkedin.com\/company\/68526749\/admin\/\",\"https:\/\/www.youtube.com\/channel\/UC9E-wqsOP_1nRKXWIWPBhXw\"]}]}<\/script>\n<!-- \/ Yoast SEO plugin. -->","yoast_head_json":{"title":"Reinforce AI \u00e9s ML Konferencia Budapesten - Hibrid - CraftHub","description":"Nemzetk\u00f6zi konferencia a mesters\u00e9ges intelligencia \u00e9s g\u00e9pi tanul\u00e1s t\u00e9m\u00e1j\u00e1ban. Tudj meg t\u00f6bbet az AI szak\u00e9rt\u0151it\u0151l. Etikus AI, kiberbiztons\u00e1g, robotika \u00e9s m\u00e9g sok m\u00e1s.","robots":{"index":"index","follow":"follow","max-snippet":"max-snippet:-1","max-image-preview":"max-image-preview:large","max-video-preview":"max-video-preview:-1"},"canonical":"https:\/\/crafthub.events\/hu\/reinforce-ai-conference\/","og_locale":"hu_HU","og_type":"article","og_title":"Reinforce AI \u00e9s ML Konferencia Budapesten - Hibrid - CraftHub","og_description":"Nemzetk\u00f6zi konferencia a mesters\u00e9ges intelligencia \u00e9s g\u00e9pi tanul\u00e1s t\u00e9m\u00e1j\u00e1ban. Tudj meg t\u00f6bbet az AI szak\u00e9rt\u0151it\u0151l. Etikus AI, kiberbiztons\u00e1g, robotika \u00e9s m\u00e9g sok m\u00e1s.","og_url":"https:\/\/crafthub.events\/hu\/reinforce-ai-conference\/","og_site_name":"CraftHub","article_publisher":"https:\/\/www.facebook.com\/Crafthub.events","article_modified_time":"2023-11-23T09:47:03+00:00","og_image":[{"width":1900,"height":1266,"url":"https:\/\/crafthub.events\/wp-content\/uploads\/Reinforce.jpg","type":"image\/jpeg"}],"twitter_card":"summary_large_image","twitter_site":"@CrafthubE","twitter_misc":{"Becs\u00fclt olvas\u00e1si id\u0151":"3 perc"},"schema":{"@context":"https:\/\/schema.org","@graph":[{"@type":"WebPage","@id":"https:\/\/crafthub.events\/hu\/reinforce-ai-conference\/","url":"https:\/\/crafthub.events\/hu\/reinforce-ai-conference\/","name":"Reinforce AI \u00e9s ML Konferencia Budapesten - Hibrid - CraftHub","isPartOf":{"@id":"https:\/\/crafthub.events\/hu\/#website"},"primaryImageOfPage":{"@id":"https:\/\/crafthub.events\/hu\/reinforce-ai-conference\/#primaryimage"},"image":{"@id":"https:\/\/crafthub.events\/hu\/reinforce-ai-conference\/#primaryimage"},"thumbnailUrl":"https:\/\/crafthub.events\/wp-content\/uploads\/Reinforce.jpg","datePublished":"2021-04-19T01:16:18+00:00","dateModified":"2023-11-23T09:47:03+00:00","description":"Nemzetk\u00f6zi konferencia a mesters\u00e9ges intelligencia \u00e9s g\u00e9pi tanul\u00e1s t\u00e9m\u00e1j\u00e1ban. Tudj meg t\u00f6bbet az AI szak\u00e9rt\u0151it\u0151l. Etikus AI, kiberbiztons\u00e1g, robotika \u00e9s m\u00e9g sok m\u00e1s.","breadcrumb":{"@id":"https:\/\/crafthub.events\/hu\/reinforce-ai-conference\/#breadcrumb"},"inLanguage":"hu","potentialAction":[{"@type":"ReadAction","target":["https:\/\/crafthub.events\/hu\/reinforce-ai-conference\/"]}]},{"@type":"ImageObject","inLanguage":"hu","@id":"https:\/\/crafthub.events\/hu\/reinforce-ai-conference\/#primaryimage","url":"https:\/\/crafthub.events\/wp-content\/uploads\/Reinforce.jpg","contentUrl":"https:\/\/crafthub.events\/wp-content\/uploads\/Reinforce.jpg","width":1900,"height":1266},{"@type":"BreadcrumbList","@id":"https:\/\/crafthub.events\/hu\/reinforce-ai-conference\/#breadcrumb","itemListElement":[{"@type":"ListItem","position":1,"name":"Kezd\u0151lap","item":"https:\/\/crafthub.events\/hu\/"},{"@type":"ListItem","position":2,"name":"Reinforce AI Konferencia"}]},{"@type":"WebSite","@id":"https:\/\/crafthub.events\/hu\/#website","url":"https:\/\/crafthub.events\/hu\/","name":"CraftHub","description":"The craft that you need!","publisher":{"@id":"https:\/\/crafthub.events\/hu\/#organization"},"potentialAction":[{"@type":"SearchAction","target":{"@type":"EntryPoint","urlTemplate":"https:\/\/crafthub.events\/hu\/?s={search_term_string}"},"query-input":{"@type":"PropertyValueSpecification","valueRequired":true,"valueName":"search_term_string"}}],"inLanguage":"hu"},{"@type":"Organization","@id":"https:\/\/crafthub.events\/hu\/#organization","name":"CraftHub","url":"https:\/\/crafthub.events\/hu\/","logo":{"@type":"ImageObject","inLanguage":"hu","@id":"https:\/\/crafthub.events\/hu\/#\/schema\/logo\/image\/","url":"https:\/\/crafthub.events\/wp-content\/uploads\/ch.png","contentUrl":"https:\/\/crafthub.events\/wp-content\/uploads\/ch.png","width":747,"height":693,"caption":"CraftHub"},"image":{"@id":"https:\/\/crafthub.events\/hu\/#\/schema\/logo\/image\/"},"sameAs":["https:\/\/www.facebook.com\/Crafthub.events","https:\/\/x.com\/CrafthubE","https:\/\/www.instagram.com\/crafthubevents\/","https:\/\/www.linkedin.com\/company\/68526749\/admin\/","https:\/\/www.youtube.com\/channel\/UC9E-wqsOP_1nRKXWIWPBhXw"]}]}},"_links":{"self":[{"href":"https:\/\/crafthub.events\/hu\/wp-json\/wp\/v2\/pages\/89787","targetHints":{"allow":["GET"]}}],"collection":[{"href":"https:\/\/crafthub.events\/hu\/wp-json\/wp\/v2\/pages"}],"about":[{"href":"https:\/\/crafthub.events\/hu\/wp-json\/wp\/v2\/types\/page"}],"author":[{"embeddable":true,"href":"https:\/\/crafthub.events\/hu\/wp-json\/wp\/v2\/users\/1"}],"replies":[{"embeddable":true,"href":"https:\/\/crafthub.events\/hu\/wp-json\/wp\/v2\/comments?post=89787"}],"version-history":[{"count":69,"href":"https:\/\/crafthub.events\/hu\/wp-json\/wp\/v2\/pages\/89787\/revisions"}],"predecessor-version":[{"id":92227,"href":"https:\/\/crafthub.events\/hu\/wp-json\/wp\/v2\/pages\/89787\/revisions\/92227"}],"wp:featuredmedia":[{"embeddable":true,"href":"https:\/\/crafthub.events\/hu\/wp-json\/wp\/v2\/media\/89464"}],"wp:attachment":[{"href":"https:\/\/crafthub.events\/hu\/wp-json\/wp\/v2\/media?parent=89787"}],"curies":[{"name":"wp","href":"https:\/\/api.w.org\/{rel}","templated":true}]}}