{"id":89790,"date":"2021-04-18T09:23:50","date_gmt":"2021-04-18T07:23:50","guid":{"rendered":"https:\/\/crafthub.events\/crunch-conference\/"},"modified":"2023-11-23T08:33:36","modified_gmt":"2023-11-23T06:33:36","slug":"crunch-conference","status":"publish","type":"page","link":"https:\/\/crafthub.events\/hu\/crunch-conference\/","title":{"rendered":"Crunch Konferencia"},"content":{"rendered":"<div class=\"wpb-content-wrapper\"><p>[vc_section][vc_row row_height_percent=&#8221;0&#8243; override_padding=&#8221;yes&#8221; h_padding=&#8221;2&#8243; top_padding=&#8221;3&#8243; bottom_padding=&#8221;2&#8243; overlay_alpha=&#8221;50&#8243; gutter_size=&#8221;3&#8243; column_width_percent=&#8221;100&#8243; shift_y=&#8221;0&#8243; z_index=&#8221;0&#8243; uncode_shortcode_id=&#8221;190082&#8243;][vc_column width=&#8221;7\/12&#8243;][vc_single_image media=&#8221;88683&#8243; media_width_use_pixel=&#8221;yes&#8221; media_width_pixel=&#8221;300&#8243;][vc_column_text uncode_shortcode_id=&#8221;136885&#8243;]<strong>A <a style=\"color: #f18500;\" href=\"https:\/\/www.facebook.com\/events\/909245097075022\" target=\"_blank\" rel=\"noopener\">Compass Tech Summit<\/a> r\u00e9sze<\/strong>[\/vc_column_text][vc_column_text uncode_shortcode_id=&#8221;148298&#8243;]<strong>T\u00e9ma:<\/strong> Adatvil\u00e1g (Data)<br \/>\n<strong>Helysz\u00edn:<\/strong> Budapest (Magyarorsz\u00e1g) \u00e9s online<br \/>\n<strong>K\u00f6vetkez\u0151 konferencia:<\/strong> 2024. okt\u00f3ber 3-4.<\/p>\n<p>Konferencia adatm\u00e9rn\u00f6k\u00f6knek, adattud\u00f3soknak, illetve az adat vil\u00e1ga ir\u00e1nt \u00e9rdekl\u0151d\u0151knek, akik k\u00edv\u00e1ncsiak arra, hogyan haszn\u00e1lhatj\u00e1k fel az adatokat \u00fczleti tev\u00e9kenys\u00e9geik fejleszt\u00e9s\u00e9hez. A v\u00e1llalkoz\u00e1s m\u00e9ret\u00e9t\u0151l vagy a munkak\u00f6ri le\u00edr\u00e1st\u00f3l f\u00fcggetlen\u00fcl mindenki megtal\u00e1lja pontosan azt, amire sz\u00fcks\u00e9ge van. Legyen az adat alap\u00fa d\u00f6nt\u00e9shozatal vagy az adatelemz\u00e9s a szakter\u00fcleted, vagy ha \u00e9rdekel a Big Data vil\u00e1ga \u00e9s az \u00fczleti intelligencia, akkor ez a konferencia neked val\u00f3.[\/vc_column_text][vc_column_text uncode_shortcode_id=&#8221;166642&#8243;]A konferencia 2023-ban el\u0151sz\u00f6r \u00f6t m\u00e1sik konferenci\u00e1val egy\u00fctt ker\u00fclt megrendez\u00e9sre, a Compass Tech Summit keretein bel\u00fcl.[\/vc_column_text][\/vc_column][vc_column column_width_percent=&#8221;100&#8243; position_vertical=&#8221;middle&#8221; align_horizontal=&#8221;align_center&#8221; gutter_size=&#8221;3&#8243; overlay_alpha=&#8221;50&#8243; shift_x=&#8221;0&#8243; shift_y=&#8221;0&#8243; shift_y_down=&#8221;0&#8243; z_index=&#8221;0&#8243; medium_width=&#8221;0&#8243; mobile_width=&#8221;0&#8243; width=&#8221;5\/12&#8243; uncode_shortcode_id=&#8221;130024&#8243;][vc_single_image media=&#8221;92177&#8243; media_width_percent=&#8221;100&#8243; uncode_shortcode_id=&#8221;913954&#8243;][vc_button size=&#8221;btn-lg&#8221; wide=&#8221;yes&#8221; border_width=&#8221;0&#8243; icon_position=&#8221;right&#8221; link=&#8221;url:https%3A%2F%2Fcrunchconf.com%2F|target:_blank|rel:nofollow|&#8221; icon=&#8221;fa fa-link3&#8243; button_color_type=&#8221;uncode-solid&#8221; button_color_solid=&#8221;#e6007e&#8221; uncode_shortcode_id=&#8221;483585&#8243;]crunchconf.com[\/vc_button][\/vc_column][\/vc_row][\/vc_section][vc_section back_color=&#8221;color-lxmt&#8221; overlay_alpha=&#8221;50&#8243; uncode_shortcode_id=&#8221;716497&#8243; back_color_type=&#8221;uncode-palette&#8221;][vc_row row_height_percent=&#8221;0&#8243; override_padding=&#8221;yes&#8221; h_padding=&#8221;2&#8243; top_padding=&#8221;3&#8243; bottom_padding=&#8221;0&#8243; overlay_alpha=&#8221;50&#8243; gutter_size=&#8221;3&#8243; column_width_percent=&#8221;100&#8243; shift_y=&#8221;0&#8243; z_index=&#8221;0&#8243; uncode_shortcode_id=&#8221;167821&#8243;][vc_column column_width_percent=&#8221;100&#8243; position_vertical=&#8221;middle&#8221; align_horizontal=&#8221;align_center&#8221; gutter_size=&#8221;3&#8243; overlay_alpha=&#8221;50&#8243; shift_x=&#8221;0&#8243; shift_y=&#8221;0&#8243; shift_y_down=&#8221;0&#8243; z_index=&#8221;0&#8243; medium_width=&#8221;0&#8243; mobile_width=&#8221;0&#8243; width=&#8221;1\/1&#8243; uncode_shortcode_id=&#8221;702631&#8243;][vc_custom_heading uncode_shortcode_id=&#8221;121362&#8243;]A Compass Tech Summit 2023 sz\u00e1mokban[\/vc_custom_heading][\/vc_column][\/vc_row][vc_row row_height_percent=&#8221;0&#8243; override_padding=&#8221;yes&#8221; h_padding=&#8221;2&#8243; top_padding=&#8221;2&#8243; bottom_padding=&#8221;3&#8243; overlay_alpha=&#8221;50&#8243; gutter_size=&#8221;3&#8243; column_width_percent=&#8221;100&#8243; shift_y=&#8221;0&#8243; z_index=&#8221;0&#8243; uncode_shortcode_id=&#8221;649541&#8243;][vc_column column_width_percent=&#8221;100&#8243; align_horizontal=&#8221;align_center&#8221; gutter_size=&#8221;3&#8243; overlay_alpha=&#8221;50&#8243; shift_x=&#8221;0&#8243; shift_y=&#8221;0&#8243; shift_y_down=&#8221;0&#8243; z_index=&#8221;0&#8243; medium_width=&#8221;0&#8243; mobile_width=&#8221;0&#8243; width=&#8221;1\/4&#8243;][uncode_counter value=&#8221;1300&#8243; counter_color=&#8221;&#8221; size=&#8221;h2&#8243; weight=&#8221;700&#8243; separator=&#8221;yes&#8221; text=&#8221;r\u00e9sztvev\u0151&#8221; uncode_shortcode_id=&#8221;381561&#8243; suffix=&#8221;+&#8221;][\/vc_column][vc_column column_width_percent=&#8221;100&#8243; align_horizontal=&#8221;align_center&#8221; gutter_size=&#8221;3&#8243; overlay_alpha=&#8221;50&#8243; shift_x=&#8221;0&#8243; shift_y=&#8221;0&#8243; shift_y_down=&#8221;0&#8243; z_index=&#8221;0&#8243; medium_width=&#8221;0&#8243; mobile_width=&#8221;0&#8243; width=&#8221;1\/4&#8243;][uncode_counter value=&#8221;70&#8243; counter_color=&#8221;&#8221; size=&#8221;h2&#8243; weight=&#8221;700&#8243; separator=&#8221;yes&#8221; text=&#8221;el\u0151ad\u00f3&#8221; uncode_shortcode_id=&#8221;172409&#8243; suffix=&#8221;+&#8221;][\/vc_column][vc_column column_width_percent=&#8221;100&#8243; align_horizontal=&#8221;align_center&#8221; gutter_size=&#8221;3&#8243; overlay_alpha=&#8221;50&#8243; shift_x=&#8221;0&#8243; shift_y=&#8221;0&#8243; shift_y_down=&#8221;0&#8243; z_index=&#8221;0&#8243; medium_width=&#8221;0&#8243; mobile_width=&#8221;0&#8243; width=&#8221;1\/4&#8243;][uncode_counter value=&#8221;2&#8243; counter_color=&#8221;&#8221; size=&#8221;h2&#8243; weight=&#8221;700&#8243; separator=&#8221;yes&#8221; text=&#8221;nap&#8221; uncode_shortcode_id=&#8221;212884&#8243;][\/vc_column][vc_column column_width_percent=&#8221;100&#8243; align_horizontal=&#8221;align_center&#8221; gutter_size=&#8221;3&#8243; overlay_alpha=&#8221;50&#8243; shift_x=&#8221;0&#8243; shift_y=&#8221;0&#8243; shift_y_down=&#8221;0&#8243; z_index=&#8221;0&#8243; medium_width=&#8221;0&#8243; mobile_width=&#8221;0&#8243; width=&#8221;1\/4&#8243; uncode_shortcode_id=&#8221;750381&#8243;][uncode_counter value=&#8221;20&#8243; counter_color=&#8221;&#8221; size=&#8221;h2&#8243; weight=&#8221;700&#8243; separator=&#8221;yes&#8221; text=&#8221;partner&#8221; uncode_shortcode_id=&#8221;150319&#8243; suffix=&#8221;+&#8221;][\/vc_column][\/vc_row][\/vc_section]<\/p>\n<\/div>","protected":false},"excerpt":{"rendered":"<p>[vc_section][vc_row row_height_percent=&#8221;0&#8243; override_padding=&#8221;yes&#8221; h_padding=&#8221;2&#8243; top_padding=&#8221;3&#8243; bottom_padding=&#8221;2&#8243; overlay_alpha=&#8221;50&#8243; gutter_size=&#8221;3&#8243; column_width_percent=&#8221;100&#8243; shift_y=&#8221;0&#8243; z_index=&#8221;0&#8243; uncode_shortcode_id=&#8221;190082&#8243;][vc_column width=&#8221;7\/12&#8243;][vc_single_image media=&#8221;88683&#8243; media_width_use_pixel=&#8221;yes&#8221; media_width_pixel=&#8221;300&#8243;][vc_column_text uncode_shortcode_id=&#8221;136885&#8243;]A Compass Tech Summit [&hellip;]<\/p>\n","protected":false},"author":1,"featured_media":89466,"parent":0,"menu_order":0,"comment_status":"closed","ping_status":"closed","template":"","meta":{"_acf_changed":false,"footnotes":""},"class_list":["post-89790","page","type-page","status-publish","has-post-thumbnail","hentry"],"acf":[],"yoast_head":"<!-- This site is optimized with the Yoast SEO plugin v27.4 - https:\/\/yoast.com\/product\/yoast-seo-wordpress\/ -->\n<title>Crunch Data Konferencia Budapesten - Hibrid - CraftHub<\/title>\n<meta name=\"description\" content=\"Nemzetk\u00f6zi konferencia adat m\u00e9rn\u00f6k\u00f6knek. Adat alap\u00fa d\u00f6nt\u00e9shozatal, adatelemz\u00e9s, minden amit tudni kell a Big Data \u00e9s az \u00fczleti intelligencia vil\u00e1g\u00e1r\u00f3l a Crunchon.\" \/>\n<meta name=\"robots\" content=\"index, follow, max-snippet:-1, max-image-preview:large, max-video-preview:-1\" \/>\n<link rel=\"canonical\" href=\"https:\/\/crafthub.events\/hu\/crunch-conference\/\" \/>\n<meta property=\"og:locale\" content=\"hu_HU\" \/>\n<meta property=\"og:type\" content=\"article\" \/>\n<meta property=\"og:title\" content=\"Crunch Data Konferencia Budapesten - Hibrid - CraftHub\" \/>\n<meta property=\"og:description\" content=\"Nemzetk\u00f6zi konferencia adat m\u00e9rn\u00f6k\u00f6knek. Adat alap\u00fa d\u00f6nt\u00e9shozatal, adatelemz\u00e9s, minden amit tudni kell a Big Data \u00e9s az \u00fczleti intelligencia vil\u00e1g\u00e1r\u00f3l a Crunchon.\" \/>\n<meta property=\"og:url\" content=\"https:\/\/crafthub.events\/hu\/crunch-conference\/\" \/>\n<meta property=\"og:site_name\" content=\"CraftHub\" \/>\n<meta property=\"article:publisher\" content=\"https:\/\/www.facebook.com\/Crafthub.events\" \/>\n<meta property=\"article:modified_time\" content=\"2023-11-23T06:33:36+00:00\" \/>\n<meta property=\"og:image\" content=\"https:\/\/crafthub.events\/wp-content\/uploads\/Crunch.jpg\" \/>\n\t<meta property=\"og:image:width\" content=\"1900\" \/>\n\t<meta property=\"og:image:height\" content=\"1268\" \/>\n\t<meta property=\"og:image:type\" content=\"image\/jpeg\" \/>\n<meta name=\"twitter:card\" content=\"summary_large_image\" \/>\n<meta name=\"twitter:site\" content=\"@CrafthubE\" \/>\n<meta name=\"twitter:label1\" content=\"Becs\u00fclt olvas\u00e1si id\u0151\" \/>\n\t<meta name=\"twitter:data1\" content=\"3 perc\" \/>\n<script type=\"application\/ld+json\" class=\"yoast-schema-graph\">{\"@context\":\"https:\\\/\\\/schema.org\",\"@graph\":[{\"@type\":\"WebPage\",\"@id\":\"https:\\\/\\\/crafthub.events\\\/hu\\\/crunch-conference\\\/\",\"url\":\"https:\\\/\\\/crafthub.events\\\/hu\\\/crunch-conference\\\/\",\"name\":\"Crunch Data Konferencia Budapesten - Hibrid - CraftHub\",\"isPartOf\":{\"@id\":\"https:\\\/\\\/crafthub.events\\\/hu\\\/#website\"},\"primaryImageOfPage\":{\"@id\":\"https:\\\/\\\/crafthub.events\\\/hu\\\/crunch-conference\\\/#primaryimage\"},\"image\":{\"@id\":\"https:\\\/\\\/crafthub.events\\\/hu\\\/crunch-conference\\\/#primaryimage\"},\"thumbnailUrl\":\"https:\\\/\\\/crafthub.events\\\/wp-content\\\/uploads\\\/Crunch.jpg\",\"datePublished\":\"2021-04-18T07:23:50+00:00\",\"dateModified\":\"2023-11-23T06:33:36+00:00\",\"description\":\"Nemzetk\u00f6zi konferencia adat m\u00e9rn\u00f6k\u00f6knek. Adat alap\u00fa d\u00f6nt\u00e9shozatal, adatelemz\u00e9s, minden amit tudni kell a Big Data \u00e9s az \u00fczleti intelligencia vil\u00e1g\u00e1r\u00f3l a Crunchon.\",\"breadcrumb\":{\"@id\":\"https:\\\/\\\/crafthub.events\\\/hu\\\/crunch-conference\\\/#breadcrumb\"},\"inLanguage\":\"hu\",\"potentialAction\":[{\"@type\":\"ReadAction\",\"target\":[\"https:\\\/\\\/crafthub.events\\\/hu\\\/crunch-conference\\\/\"]}]},{\"@type\":\"ImageObject\",\"inLanguage\":\"hu\",\"@id\":\"https:\\\/\\\/crafthub.events\\\/hu\\\/crunch-conference\\\/#primaryimage\",\"url\":\"https:\\\/\\\/crafthub.events\\\/wp-content\\\/uploads\\\/Crunch.jpg\",\"contentUrl\":\"https:\\\/\\\/crafthub.events\\\/wp-content\\\/uploads\\\/Crunch.jpg\",\"width\":1900,\"height\":1268},{\"@type\":\"BreadcrumbList\",\"@id\":\"https:\\\/\\\/crafthub.events\\\/hu\\\/crunch-conference\\\/#breadcrumb\",\"itemListElement\":[{\"@type\":\"ListItem\",\"position\":1,\"name\":\"Kezd\u0151lap\",\"item\":\"https:\\\/\\\/crafthub.events\\\/hu\\\/\"},{\"@type\":\"ListItem\",\"position\":2,\"name\":\"Crunch Konferencia\"}]},{\"@type\":\"WebSite\",\"@id\":\"https:\\\/\\\/crafthub.events\\\/hu\\\/#website\",\"url\":\"https:\\\/\\\/crafthub.events\\\/hu\\\/\",\"name\":\"CraftHub\",\"description\":\"The craft that you need!\",\"publisher\":{\"@id\":\"https:\\\/\\\/crafthub.events\\\/hu\\\/#organization\"},\"potentialAction\":[{\"@type\":\"SearchAction\",\"target\":{\"@type\":\"EntryPoint\",\"urlTemplate\":\"https:\\\/\\\/crafthub.events\\\/hu\\\/?s={search_term_string}\"},\"query-input\":{\"@type\":\"PropertyValueSpecification\",\"valueRequired\":true,\"valueName\":\"search_term_string\"}}],\"inLanguage\":\"hu\"},{\"@type\":\"Organization\",\"@id\":\"https:\\\/\\\/crafthub.events\\\/hu\\\/#organization\",\"name\":\"CraftHub\",\"url\":\"https:\\\/\\\/crafthub.events\\\/hu\\\/\",\"logo\":{\"@type\":\"ImageObject\",\"inLanguage\":\"hu\",\"@id\":\"https:\\\/\\\/crafthub.events\\\/hu\\\/#\\\/schema\\\/logo\\\/image\\\/\",\"url\":\"https:\\\/\\\/crafthub.events\\\/wp-content\\\/uploads\\\/ch.png\",\"contentUrl\":\"https:\\\/\\\/crafthub.events\\\/wp-content\\\/uploads\\\/ch.png\",\"width\":747,\"height\":693,\"caption\":\"CraftHub\"},\"image\":{\"@id\":\"https:\\\/\\\/crafthub.events\\\/hu\\\/#\\\/schema\\\/logo\\\/image\\\/\"},\"sameAs\":[\"https:\\\/\\\/www.facebook.com\\\/Crafthub.events\",\"https:\\\/\\\/x.com\\\/CrafthubE\",\"https:\\\/\\\/www.instagram.com\\\/crafthubevents\\\/\",\"https:\\\/\\\/www.linkedin.com\\\/company\\\/68526749\\\/admin\\\/\",\"https:\\\/\\\/www.youtube.com\\\/channel\\\/UC9E-wqsOP_1nRKXWIWPBhXw\"]}]}<\/script>\n<!-- \/ Yoast SEO plugin. -->","yoast_head_json":{"title":"Crunch Data Konferencia Budapesten - Hibrid - CraftHub","description":"Nemzetk\u00f6zi konferencia adat m\u00e9rn\u00f6k\u00f6knek. Adat alap\u00fa d\u00f6nt\u00e9shozatal, adatelemz\u00e9s, minden amit tudni kell a Big Data \u00e9s az \u00fczleti intelligencia vil\u00e1g\u00e1r\u00f3l a Crunchon.","robots":{"index":"index","follow":"follow","max-snippet":"max-snippet:-1","max-image-preview":"max-image-preview:large","max-video-preview":"max-video-preview:-1"},"canonical":"https:\/\/crafthub.events\/hu\/crunch-conference\/","og_locale":"hu_HU","og_type":"article","og_title":"Crunch Data Konferencia Budapesten - Hibrid - CraftHub","og_description":"Nemzetk\u00f6zi konferencia adat m\u00e9rn\u00f6k\u00f6knek. Adat alap\u00fa d\u00f6nt\u00e9shozatal, adatelemz\u00e9s, minden amit tudni kell a Big Data \u00e9s az \u00fczleti intelligencia vil\u00e1g\u00e1r\u00f3l a Crunchon.","og_url":"https:\/\/crafthub.events\/hu\/crunch-conference\/","og_site_name":"CraftHub","article_publisher":"https:\/\/www.facebook.com\/Crafthub.events","article_modified_time":"2023-11-23T06:33:36+00:00","og_image":[{"width":1900,"height":1268,"url":"https:\/\/crafthub.events\/wp-content\/uploads\/Crunch.jpg","type":"image\/jpeg"}],"twitter_card":"summary_large_image","twitter_site":"@CrafthubE","twitter_misc":{"Becs\u00fclt olvas\u00e1si id\u0151":"3 perc"},"schema":{"@context":"https:\/\/schema.org","@graph":[{"@type":"WebPage","@id":"https:\/\/crafthub.events\/hu\/crunch-conference\/","url":"https:\/\/crafthub.events\/hu\/crunch-conference\/","name":"Crunch Data Konferencia Budapesten - Hibrid - CraftHub","isPartOf":{"@id":"https:\/\/crafthub.events\/hu\/#website"},"primaryImageOfPage":{"@id":"https:\/\/crafthub.events\/hu\/crunch-conference\/#primaryimage"},"image":{"@id":"https:\/\/crafthub.events\/hu\/crunch-conference\/#primaryimage"},"thumbnailUrl":"https:\/\/crafthub.events\/wp-content\/uploads\/Crunch.jpg","datePublished":"2021-04-18T07:23:50+00:00","dateModified":"2023-11-23T06:33:36+00:00","description":"Nemzetk\u00f6zi konferencia adat m\u00e9rn\u00f6k\u00f6knek. Adat alap\u00fa d\u00f6nt\u00e9shozatal, adatelemz\u00e9s, minden amit tudni kell a Big Data \u00e9s az \u00fczleti intelligencia vil\u00e1g\u00e1r\u00f3l a Crunchon.","breadcrumb":{"@id":"https:\/\/crafthub.events\/hu\/crunch-conference\/#breadcrumb"},"inLanguage":"hu","potentialAction":[{"@type":"ReadAction","target":["https:\/\/crafthub.events\/hu\/crunch-conference\/"]}]},{"@type":"ImageObject","inLanguage":"hu","@id":"https:\/\/crafthub.events\/hu\/crunch-conference\/#primaryimage","url":"https:\/\/crafthub.events\/wp-content\/uploads\/Crunch.jpg","contentUrl":"https:\/\/crafthub.events\/wp-content\/uploads\/Crunch.jpg","width":1900,"height":1268},{"@type":"BreadcrumbList","@id":"https:\/\/crafthub.events\/hu\/crunch-conference\/#breadcrumb","itemListElement":[{"@type":"ListItem","position":1,"name":"Kezd\u0151lap","item":"https:\/\/crafthub.events\/hu\/"},{"@type":"ListItem","position":2,"name":"Crunch Konferencia"}]},{"@type":"WebSite","@id":"https:\/\/crafthub.events\/hu\/#website","url":"https:\/\/crafthub.events\/hu\/","name":"CraftHub","description":"The craft that you need!","publisher":{"@id":"https:\/\/crafthub.events\/hu\/#organization"},"potentialAction":[{"@type":"SearchAction","target":{"@type":"EntryPoint","urlTemplate":"https:\/\/crafthub.events\/hu\/?s={search_term_string}"},"query-input":{"@type":"PropertyValueSpecification","valueRequired":true,"valueName":"search_term_string"}}],"inLanguage":"hu"},{"@type":"Organization","@id":"https:\/\/crafthub.events\/hu\/#organization","name":"CraftHub","url":"https:\/\/crafthub.events\/hu\/","logo":{"@type":"ImageObject","inLanguage":"hu","@id":"https:\/\/crafthub.events\/hu\/#\/schema\/logo\/image\/","url":"https:\/\/crafthub.events\/wp-content\/uploads\/ch.png","contentUrl":"https:\/\/crafthub.events\/wp-content\/uploads\/ch.png","width":747,"height":693,"caption":"CraftHub"},"image":{"@id":"https:\/\/crafthub.events\/hu\/#\/schema\/logo\/image\/"},"sameAs":["https:\/\/www.facebook.com\/Crafthub.events","https:\/\/x.com\/CrafthubE","https:\/\/www.instagram.com\/crafthubevents\/","https:\/\/www.linkedin.com\/company\/68526749\/admin\/","https:\/\/www.youtube.com\/channel\/UC9E-wqsOP_1nRKXWIWPBhXw"]}]}},"_links":{"self":[{"href":"https:\/\/crafthub.events\/hu\/wp-json\/wp\/v2\/pages\/89790","targetHints":{"allow":["GET"]}}],"collection":[{"href":"https:\/\/crafthub.events\/hu\/wp-json\/wp\/v2\/pages"}],"about":[{"href":"https:\/\/crafthub.events\/hu\/wp-json\/wp\/v2\/types\/page"}],"author":[{"embeddable":true,"href":"https:\/\/crafthub.events\/hu\/wp-json\/wp\/v2\/users\/1"}],"replies":[{"embeddable":true,"href":"https:\/\/crafthub.events\/hu\/wp-json\/wp\/v2\/comments?post=89790"}],"version-history":[{"count":31,"href":"https:\/\/crafthub.events\/hu\/wp-json\/wp\/v2\/pages\/89790\/revisions"}],"predecessor-version":[{"id":92194,"href":"https:\/\/crafthub.events\/hu\/wp-json\/wp\/v2\/pages\/89790\/revisions\/92194"}],"wp:featuredmedia":[{"embeddable":true,"href":"https:\/\/crafthub.events\/hu\/wp-json\/wp\/v2\/media\/89466"}],"wp:attachment":[{"href":"https:\/\/crafthub.events\/hu\/wp-json\/wp\/v2\/media?parent=89790"}],"curies":[{"name":"wp","href":"https:\/\/api.w.org\/{rel}","templated":true}]}}