{"id":89796,"date":"2021-04-19T03:36:48","date_gmt":"2021-04-19T01:36:48","guid":{"rendered":"https:\/\/crafthub.events\/hackathonok\/"},"modified":"2026-02-10T17:09:18","modified_gmt":"2026-02-10T15:09:18","slug":"hackathonok","status":"publish","type":"page","link":"https:\/\/crafthub.events\/hu\/hackathonok\/","title":{"rendered":"Hackathonok"},"content":{"rendered":"<div class=\"wpb-content-wrapper\"><p>[vc_row row_height_percent=&#8221;54&#8243; override_padding=&#8221;yes&#8221; h_padding=&#8221;2&#8243; top_padding=&#8221;5&#8243; bottom_padding=&#8221;5&#8243; back_color=&#8221;color-wayh&#8221; back_image=&#8221;88628&#8243; back_image_auto=&#8221;yes&#8221; back_position=&#8221;center bottom&#8221; parallax=&#8221;yes&#8221; kburns=&#8221;yes&#8221; overlay_color=&#8221;color-jevc&#8221; overlay_alpha=&#8221;80&#8243; gutter_size=&#8221;100&#8243; column_width_percent=&#8221;100&#8243; shift_y=&#8221;0&#8243; z_index=&#8221;0&#8243; style=&#8221;inherited&#8221;][vc_column column_width_percent=&#8221;100&#8243; position_vertical=&#8221;middle&#8221; align_horizontal=&#8221;align_center&#8221; gutter_size=&#8221;2&#8243; style=&#8221;dark&#8221; overlay_alpha=&#8221;100&#8243; shift_x=&#8221;0&#8243; shift_y=&#8221;0&#8243; shift_y_down=&#8221;0&#8243; z_index=&#8221;0&#8243; medium_width=&#8221;0&#8243; mobile_width=&#8221;0&#8243; zoom_width=&#8221;0&#8243; zoom_height=&#8221;0&#8243; width=&#8221;1\/1&#8243;][vc_custom_heading auto_text=&#8221;yes&#8221; heading_semantic=&#8221;h1&#8243; text_size=&#8221;fontsize-508833&#8243; text_transform=&#8221;capitalize&#8221; text_align=&#8221;text-center&#8221;]Automatic Heading: Get the title[\/vc_custom_heading][vc_column_text auto_text=&#8221;excerpt&#8221;]I am text block. Click edit button to change this text. Lorem ipsum dolor sit amet, consectetur adipiscing elit. Ut elit tellus, luctus nec ullamcorper mattis, pulvinar dapibus leo.[\/vc_column_text][\/vc_column][\/vc_row][vc_section][vc_row][vc_column width=&#8221;1\/1&#8243;][uncode_index el_id=&#8221;index-165734&#8243; loop=&#8221;size:10|order_by:menu_order|post_type:post|categories:133|taxonomy_count:10&#8243; style_preset=&#8221;metro&#8221; screen_lg=&#8221;1000&#8243; screen_md=&#8221;600&#8243; screen_sm=&#8221;480&#8243; gutter_size=&#8221;3&#8243; post_items=&#8221;media|featured|onpost|original,title&#8221; single_text=&#8221;overlay&#8221; single_height=&#8221;3&#8243; single_overlay_coloration=&#8221;bottom_gradient&#8221; single_overlay_opacity=&#8221;50&#8243; single_overlay_visible=&#8221;yes&#8221; single_text_visible=&#8221;yes&#8221; single_text_anim=&#8221;no&#8221; single_v_position=&#8221;bottom&#8221; single_padding=&#8221;2&#8243; single_title_dimension=&#8221;h3&#8243; single_css_animation=&#8221;bottom-t-top&#8221; single_animation_speed=&#8221;300&#8243; single_animation_delay=&#8221;300&#8243; custom_order=&#8221;yes&#8221; uncode_shortcode_id=&#8221;103468&#8243; order_ids=&#8221;93506,89816,89810,89798,90815,89819,90457,89813,89801&#8243; items=&#8221;e30=&#8221;][\/vc_column][\/vc_row][\/vc_section][vc_section][vc_row row_height_percent=&#8221;0&#8243; override_padding=&#8221;yes&#8221; h_padding=&#8221;2&#8243; top_padding=&#8221;3&#8243; bottom_padding=&#8221;2&#8243; overlay_alpha=&#8221;50&#8243; gutter_size=&#8221;3&#8243; column_width_percent=&#8221;100&#8243; shift_y=&#8221;0&#8243; z_index=&#8221;0&#8243; uncode_shortcode_id=&#8221;162917&#8243;][vc_column column_width_percent=&#8221;100&#8243; position_vertical=&#8221;middle&#8221; align_horizontal=&#8221;align_center&#8221; gutter_size=&#8221;3&#8243; overlay_alpha=&#8221;50&#8243; shift_x=&#8221;0&#8243; shift_y=&#8221;0&#8243; shift_y_down=&#8221;0&#8243; z_index=&#8221;0&#8243; medium_width=&#8221;0&#8243; mobile_width=&#8221;0&#8243; width=&#8221;1\/1&#8243; uncode_shortcode_id=&#8221;186167&#8243;][vc_custom_heading uncode_shortcode_id=&#8221;557254&#8243;]Csatlakozz hackathon k\u00f6z\u00f6ss\u00e9geinkhez![\/vc_custom_heading][\/vc_column][\/vc_row][vc_row row_height_percent=&#8221;0&#8243; override_padding=&#8221;yes&#8221; h_padding=&#8221;2&#8243; top_padding=&#8221;0&#8243; bottom_padding=&#8221;3&#8243; overlay_alpha=&#8221;50&#8243; gutter_size=&#8221;3&#8243; column_width_percent=&#8221;100&#8243; shift_y=&#8221;0&#8243; z_index=&#8221;0&#8243; uncode_shortcode_id=&#8221;151781&#8243;][vc_column column_width_percent=&#8221;100&#8243; position_vertical=&#8221;middle&#8221; align_horizontal=&#8221;align_center&#8221; gutter_size=&#8221;3&#8243; overlay_alpha=&#8221;50&#8243; shift_x=&#8221;0&#8243; shift_y=&#8221;0&#8243; shift_y_down=&#8221;0&#8243; z_index=&#8221;0&#8243; medium_width=&#8221;0&#8243; mobile_width=&#8221;0&#8243; width=&#8221;1\/2&#8243; uncode_shortcode_id=&#8221;145019&#8243;][vc_button button_color=&#8221;accent&#8221; size=&#8221;btn-lg&#8221; wide=&#8221;yes&#8221; border_width=&#8221;0&#8243; link=&#8221;url:https%3A%2F%2Fwww.facebook.com%2Fgroups%2F1325405257924853%2F%20|target:_blank|&#8221; button_color_type=&#8221;uncode-palette&#8221; uncode_shortcode_id=&#8221;746100&#8243; icon=&#8221;fa fa-facebook-official&#8221;]Csatlakozz a facebook csoporthoz![\/vc_button][\/vc_column][vc_column column_width_percent=&#8221;100&#8243; position_vertical=&#8221;middle&#8221; align_horizontal=&#8221;align_center&#8221; gutter_size=&#8221;3&#8243; overlay_alpha=&#8221;50&#8243; shift_x=&#8221;0&#8243; shift_y=&#8221;0&#8243; shift_y_down=&#8221;0&#8243; z_index=&#8221;0&#8243; medium_width=&#8221;0&#8243; mobile_width=&#8221;0&#8243; width=&#8221;1\/2&#8243; uncode_shortcode_id=&#8221;941020&#8243;][vc_button button_color=&#8221;accent&#8221; size=&#8221;btn-lg&#8221; wide=&#8221;yes&#8221; border_width=&#8221;0&#8243; link=&#8221;url:http%3A%2F%2Feepurl.com%2FhqNvrz|target:_blank|&#8221; button_color_type=&#8221;uncode-palette&#8221; uncode_shortcode_id=&#8221;139675&#8243; icon=&#8221;fa fa-mail&#8221;]Iratkozz fel h\u00edrlevel\u00fcnkre![\/vc_button][\/vc_column][\/vc_row][\/vc_section]<\/p>\n<\/div>","protected":false},"excerpt":{"rendered":"<p>Magyarorsz\u00e1g vezet\u0151 hackathon szervez\u0151jek\u00e9nt a CraftHub-n\u00e1l hisz\u00fcnk abban, hogy minden probl\u00e9m\u00e1ra lehet tal\u00e1lni \u00faj, innovat\u00edv megold\u00e1sokat.  <\/p>\n<p>Hackathonjaink sor\u00e1n a versenyz\u0151knek 24-48 intenz\u00edv \u00f3ra leforg\u00e1sa alatt kell k\u00fcl\u00f6nb\u00f6z\u0151 t\u00e9m\u00e1kra vagy kih\u00edv\u00e1sokra megold\u00e1st hozniuk. A csapatok a kreativit\u00e1sukat, a technol\u00f3giai lehet\u0151s\u00e9geket \u00e9s a mentorok seg\u00edts\u00e9g\u00e9t kiakn\u00e1zva az esem\u00e9ny v\u00e9g\u00e9re protot\u00edpusokkal, \u00faj\u00edt\u00f3 koncepci\u00f3kkal \u00e1llnak el\u0151, melyek k\u00f6z\u00fcl a legjobbak d\u00edjaz\u00e1sban is r\u00e9szes\u00fclnek. <\/p>\n","protected":false},"author":1,"featured_media":89458,"parent":0,"menu_order":0,"comment_status":"closed","ping_status":"closed","template":"","meta":{"_acf_changed":false,"footnotes":""},"class_list":["post-89796","page","type-page","status-publish","has-post-thumbnail","hentry"],"acf":[],"yoast_head":"<!-- This site is optimized with the Yoast SEO plugin v27.4 - https:\/\/yoast.com\/product\/yoast-seo-wordpress\/ -->\n<title>Hackathonok Budapesten \u00e9s Online - CraftHub<\/title>\n<meta name=\"description\" content=\"Magyarorsz\u00e1g els\u0151sz\u00e1m\u00fa hackathon szervez\u0151 c\u00e9gek\u00e9nt a f\u0151 c\u00e9lunk, hogy innovat\u00edv megold\u00e1sokkal \u00e1lljunk el\u0151, val\u00f3s probl\u00e9m\u00e1kra reag\u00e1lva szakmai mentor\u00e1l\u00e1s mellett.\" \/>\n<meta name=\"robots\" content=\"index, follow, max-snippet:-1, max-image-preview:large, max-video-preview:-1\" \/>\n<link rel=\"canonical\" href=\"https:\/\/crafthub.events\/hu\/hackathonok\/\" \/>\n<meta property=\"og:locale\" content=\"hu_HU\" \/>\n<meta property=\"og:type\" content=\"article\" \/>\n<meta property=\"og:title\" content=\"Hackathonok Budapesten \u00e9s Online - CraftHub\" \/>\n<meta property=\"og:description\" content=\"Magyarorsz\u00e1g els\u0151sz\u00e1m\u00fa hackathon szervez\u0151 c\u00e9gek\u00e9nt a f\u0151 c\u00e9lunk, hogy innovat\u00edv megold\u00e1sokkal \u00e1lljunk el\u0151, val\u00f3s probl\u00e9m\u00e1kra reag\u00e1lva szakmai mentor\u00e1l\u00e1s mellett.\" \/>\n<meta property=\"og:url\" content=\"https:\/\/crafthub.events\/hu\/hackathonok\/\" \/>\n<meta property=\"og:site_name\" content=\"CraftHub\" \/>\n<meta property=\"article:publisher\" content=\"https:\/\/www.facebook.com\/Crafthub.events\" \/>\n<meta property=\"article:modified_time\" content=\"2026-02-10T15:09:18+00:00\" \/>\n<meta property=\"og:image\" content=\"https:\/\/crafthub.events\/wp-content\/uploads\/konf.jpg\" \/>\n\t<meta property=\"og:image:width\" content=\"1200\" \/>\n\t<meta property=\"og:image:height\" content=\"801\" \/>\n\t<meta property=\"og:image:type\" content=\"image\/jpeg\" \/>\n<meta name=\"twitter:card\" content=\"summary_large_image\" \/>\n<meta name=\"twitter:site\" content=\"@CrafthubE\" \/>\n<meta name=\"twitter:label1\" content=\"Becs\u00fclt olvas\u00e1si id\u0151\" \/>\n\t<meta name=\"twitter:data1\" content=\"3 perc\" \/>\n<script type=\"application\/ld+json\" class=\"yoast-schema-graph\">{\"@context\":\"https:\\\/\\\/schema.org\",\"@graph\":[{\"@type\":\"WebPage\",\"@id\":\"https:\\\/\\\/crafthub.events\\\/hu\\\/hackathonok\\\/\",\"url\":\"https:\\\/\\\/crafthub.events\\\/hu\\\/hackathonok\\\/\",\"name\":\"Hackathonok Budapesten \u00e9s Online - CraftHub\",\"isPartOf\":{\"@id\":\"https:\\\/\\\/crafthub.events\\\/hu\\\/#website\"},\"primaryImageOfPage\":{\"@id\":\"https:\\\/\\\/crafthub.events\\\/hu\\\/hackathonok\\\/#primaryimage\"},\"image\":{\"@id\":\"https:\\\/\\\/crafthub.events\\\/hu\\\/hackathonok\\\/#primaryimage\"},\"thumbnailUrl\":\"https:\\\/\\\/crafthub.events\\\/wp-content\\\/uploads\\\/konf.jpg\",\"datePublished\":\"2021-04-19T01:36:48+00:00\",\"dateModified\":\"2026-02-10T15:09:18+00:00\",\"description\":\"Magyarorsz\u00e1g els\u0151sz\u00e1m\u00fa hackathon szervez\u0151 c\u00e9gek\u00e9nt a f\u0151 c\u00e9lunk, hogy innovat\u00edv megold\u00e1sokkal \u00e1lljunk el\u0151, val\u00f3s probl\u00e9m\u00e1kra reag\u00e1lva szakmai mentor\u00e1l\u00e1s mellett.\",\"breadcrumb\":{\"@id\":\"https:\\\/\\\/crafthub.events\\\/hu\\\/hackathonok\\\/#breadcrumb\"},\"inLanguage\":\"hu\",\"potentialAction\":[{\"@type\":\"ReadAction\",\"target\":[\"https:\\\/\\\/crafthub.events\\\/hu\\\/hackathonok\\\/\"]}]},{\"@type\":\"ImageObject\",\"inLanguage\":\"hu\",\"@id\":\"https:\\\/\\\/crafthub.events\\\/hu\\\/hackathonok\\\/#primaryimage\",\"url\":\"https:\\\/\\\/crafthub.events\\\/wp-content\\\/uploads\\\/konf.jpg\",\"contentUrl\":\"https:\\\/\\\/crafthub.events\\\/wp-content\\\/uploads\\\/konf.jpg\",\"width\":1200,\"height\":801},{\"@type\":\"BreadcrumbList\",\"@id\":\"https:\\\/\\\/crafthub.events\\\/hu\\\/hackathonok\\\/#breadcrumb\",\"itemListElement\":[{\"@type\":\"ListItem\",\"position\":1,\"name\":\"Kezd\u0151lap\",\"item\":\"https:\\\/\\\/crafthub.events\\\/hu\\\/\"},{\"@type\":\"ListItem\",\"position\":2,\"name\":\"Hackathonok\"}]},{\"@type\":\"WebSite\",\"@id\":\"https:\\\/\\\/crafthub.events\\\/hu\\\/#website\",\"url\":\"https:\\\/\\\/crafthub.events\\\/hu\\\/\",\"name\":\"CraftHub\",\"description\":\"The craft that you need!\",\"publisher\":{\"@id\":\"https:\\\/\\\/crafthub.events\\\/hu\\\/#organization\"},\"potentialAction\":[{\"@type\":\"SearchAction\",\"target\":{\"@type\":\"EntryPoint\",\"urlTemplate\":\"https:\\\/\\\/crafthub.events\\\/hu\\\/?s={search_term_string}\"},\"query-input\":{\"@type\":\"PropertyValueSpecification\",\"valueRequired\":true,\"valueName\":\"search_term_string\"}}],\"inLanguage\":\"hu\"},{\"@type\":\"Organization\",\"@id\":\"https:\\\/\\\/crafthub.events\\\/hu\\\/#organization\",\"name\":\"CraftHub\",\"url\":\"https:\\\/\\\/crafthub.events\\\/hu\\\/\",\"logo\":{\"@type\":\"ImageObject\",\"inLanguage\":\"hu\",\"@id\":\"https:\\\/\\\/crafthub.events\\\/hu\\\/#\\\/schema\\\/logo\\\/image\\\/\",\"url\":\"https:\\\/\\\/crafthub.events\\\/wp-content\\\/uploads\\\/ch.png\",\"contentUrl\":\"https:\\\/\\\/crafthub.events\\\/wp-content\\\/uploads\\\/ch.png\",\"width\":747,\"height\":693,\"caption\":\"CraftHub\"},\"image\":{\"@id\":\"https:\\\/\\\/crafthub.events\\\/hu\\\/#\\\/schema\\\/logo\\\/image\\\/\"},\"sameAs\":[\"https:\\\/\\\/www.facebook.com\\\/Crafthub.events\",\"https:\\\/\\\/x.com\\\/CrafthubE\",\"https:\\\/\\\/www.instagram.com\\\/crafthubevents\\\/\",\"https:\\\/\\\/www.linkedin.com\\\/company\\\/68526749\\\/admin\\\/\",\"https:\\\/\\\/www.youtube.com\\\/channel\\\/UC9E-wqsOP_1nRKXWIWPBhXw\"]}]}<\/script>\n<!-- \/ Yoast SEO plugin. -->","yoast_head_json":{"title":"Hackathonok Budapesten \u00e9s Online - CraftHub","description":"Magyarorsz\u00e1g els\u0151sz\u00e1m\u00fa hackathon szervez\u0151 c\u00e9gek\u00e9nt a f\u0151 c\u00e9lunk, hogy innovat\u00edv megold\u00e1sokkal \u00e1lljunk el\u0151, val\u00f3s probl\u00e9m\u00e1kra reag\u00e1lva szakmai mentor\u00e1l\u00e1s mellett.","robots":{"index":"index","follow":"follow","max-snippet":"max-snippet:-1","max-image-preview":"max-image-preview:large","max-video-preview":"max-video-preview:-1"},"canonical":"https:\/\/crafthub.events\/hu\/hackathonok\/","og_locale":"hu_HU","og_type":"article","og_title":"Hackathonok Budapesten \u00e9s Online - CraftHub","og_description":"Magyarorsz\u00e1g els\u0151sz\u00e1m\u00fa hackathon szervez\u0151 c\u00e9gek\u00e9nt a f\u0151 c\u00e9lunk, hogy innovat\u00edv megold\u00e1sokkal \u00e1lljunk el\u0151, val\u00f3s probl\u00e9m\u00e1kra reag\u00e1lva szakmai mentor\u00e1l\u00e1s mellett.","og_url":"https:\/\/crafthub.events\/hu\/hackathonok\/","og_site_name":"CraftHub","article_publisher":"https:\/\/www.facebook.com\/Crafthub.events","article_modified_time":"2026-02-10T15:09:18+00:00","og_image":[{"width":1200,"height":801,"url":"https:\/\/crafthub.events\/wp-content\/uploads\/konf.jpg","type":"image\/jpeg"}],"twitter_card":"summary_large_image","twitter_site":"@CrafthubE","twitter_misc":{"Becs\u00fclt olvas\u00e1si id\u0151":"3 perc"},"schema":{"@context":"https:\/\/schema.org","@graph":[{"@type":"WebPage","@id":"https:\/\/crafthub.events\/hu\/hackathonok\/","url":"https:\/\/crafthub.events\/hu\/hackathonok\/","name":"Hackathonok Budapesten \u00e9s Online - CraftHub","isPartOf":{"@id":"https:\/\/crafthub.events\/hu\/#website"},"primaryImageOfPage":{"@id":"https:\/\/crafthub.events\/hu\/hackathonok\/#primaryimage"},"image":{"@id":"https:\/\/crafthub.events\/hu\/hackathonok\/#primaryimage"},"thumbnailUrl":"https:\/\/crafthub.events\/wp-content\/uploads\/konf.jpg","datePublished":"2021-04-19T01:36:48+00:00","dateModified":"2026-02-10T15:09:18+00:00","description":"Magyarorsz\u00e1g els\u0151sz\u00e1m\u00fa hackathon szervez\u0151 c\u00e9gek\u00e9nt a f\u0151 c\u00e9lunk, hogy innovat\u00edv megold\u00e1sokkal \u00e1lljunk el\u0151, val\u00f3s probl\u00e9m\u00e1kra reag\u00e1lva szakmai mentor\u00e1l\u00e1s mellett.","breadcrumb":{"@id":"https:\/\/crafthub.events\/hu\/hackathonok\/#breadcrumb"},"inLanguage":"hu","potentialAction":[{"@type":"ReadAction","target":["https:\/\/crafthub.events\/hu\/hackathonok\/"]}]},{"@type":"ImageObject","inLanguage":"hu","@id":"https:\/\/crafthub.events\/hu\/hackathonok\/#primaryimage","url":"https:\/\/crafthub.events\/wp-content\/uploads\/konf.jpg","contentUrl":"https:\/\/crafthub.events\/wp-content\/uploads\/konf.jpg","width":1200,"height":801},{"@type":"BreadcrumbList","@id":"https:\/\/crafthub.events\/hu\/hackathonok\/#breadcrumb","itemListElement":[{"@type":"ListItem","position":1,"name":"Kezd\u0151lap","item":"https:\/\/crafthub.events\/hu\/"},{"@type":"ListItem","position":2,"name":"Hackathonok"}]},{"@type":"WebSite","@id":"https:\/\/crafthub.events\/hu\/#website","url":"https:\/\/crafthub.events\/hu\/","name":"CraftHub","description":"The craft that you need!","publisher":{"@id":"https:\/\/crafthub.events\/hu\/#organization"},"potentialAction":[{"@type":"SearchAction","target":{"@type":"EntryPoint","urlTemplate":"https:\/\/crafthub.events\/hu\/?s={search_term_string}"},"query-input":{"@type":"PropertyValueSpecification","valueRequired":true,"valueName":"search_term_string"}}],"inLanguage":"hu"},{"@type":"Organization","@id":"https:\/\/crafthub.events\/hu\/#organization","name":"CraftHub","url":"https:\/\/crafthub.events\/hu\/","logo":{"@type":"ImageObject","inLanguage":"hu","@id":"https:\/\/crafthub.events\/hu\/#\/schema\/logo\/image\/","url":"https:\/\/crafthub.events\/wp-content\/uploads\/ch.png","contentUrl":"https:\/\/crafthub.events\/wp-content\/uploads\/ch.png","width":747,"height":693,"caption":"CraftHub"},"image":{"@id":"https:\/\/crafthub.events\/hu\/#\/schema\/logo\/image\/"},"sameAs":["https:\/\/www.facebook.com\/Crafthub.events","https:\/\/x.com\/CrafthubE","https:\/\/www.instagram.com\/crafthubevents\/","https:\/\/www.linkedin.com\/company\/68526749\/admin\/","https:\/\/www.youtube.com\/channel\/UC9E-wqsOP_1nRKXWIWPBhXw"]}]}},"_links":{"self":[{"href":"https:\/\/crafthub.events\/hu\/wp-json\/wp\/v2\/pages\/89796","targetHints":{"allow":["GET"]}}],"collection":[{"href":"https:\/\/crafthub.events\/hu\/wp-json\/wp\/v2\/pages"}],"about":[{"href":"https:\/\/crafthub.events\/hu\/wp-json\/wp\/v2\/types\/page"}],"author":[{"embeddable":true,"href":"https:\/\/crafthub.events\/hu\/wp-json\/wp\/v2\/users\/1"}],"replies":[{"embeddable":true,"href":"https:\/\/crafthub.events\/hu\/wp-json\/wp\/v2\/comments?post=89796"}],"version-history":[{"count":37,"href":"https:\/\/crafthub.events\/hu\/wp-json\/wp\/v2\/pages\/89796\/revisions"}],"predecessor-version":[{"id":93541,"href":"https:\/\/crafthub.events\/hu\/wp-json\/wp\/v2\/pages\/89796\/revisions\/93541"}],"wp:featuredmedia":[{"embeddable":true,"href":"https:\/\/crafthub.events\/hu\/wp-json\/wp\/v2\/media\/89458"}],"wp:attachment":[{"href":"https:\/\/crafthub.events\/hu\/wp-json\/wp\/v2\/media?parent=89796"}],"curies":[{"name":"wp","href":"https:\/\/api.w.org\/{rel}","templated":true}]}}