{"id":89829,"date":"2021-05-11T20:06:02","date_gmt":"2021-05-11T18:06:02","guid":{"rendered":"https:\/\/crafthub.events\/tortenetunk\/"},"modified":"2023-08-29T13:42:30","modified_gmt":"2023-08-29T11:42:30","slug":"tortenetunk","status":"publish","type":"page","link":"https:\/\/crafthub.events\/hu\/tortenetunk\/","title":{"rendered":"T\u00f6rt\u00e9net\u00fcnk"},"content":{"rendered":"<div class=\"wpb-content-wrapper\"><p>[vc_row row_height_percent=&#8221;30&#8243; override_padding=&#8221;yes&#8221; h_padding=&#8221;2&#8243; top_padding=&#8221;4&#8243; bottom_padding=&#8221;4&#8243; back_color=&#8221;color-wayh&#8221; back_image=&#8221;88790&#8243; back_image_auto=&#8221;yes&#8221; back_position=&#8221;center center&#8221; parallax=&#8221;yes&#8221; kburns=&#8221;yes&#8221; overlay_color=&#8221;color-jevc&#8221; overlay_alpha=&#8221;80&#8243; gutter_size=&#8221;100&#8243; column_width_percent=&#8221;100&#8243; shift_y=&#8221;0&#8243; z_index=&#8221;0&#8243; style=&#8221;inherited&#8221;][vc_column column_width_percent=&#8221;100&#8243; position_vertical=&#8221;middle&#8221; gutter_size=&#8221;2&#8243; style=&#8221;dark&#8221; overlay_alpha=&#8221;100&#8243; shift_x=&#8221;0&#8243; shift_y=&#8221;0&#8243; shift_y_down=&#8221;0&#8243; z_index=&#8221;0&#8243; medium_width=&#8221;0&#8243; mobile_width=&#8221;0&#8243; zoom_width=&#8221;0&#8243; zoom_height=&#8221;0&#8243; width=&#8221;1\/1&#8243;][vc_custom_heading auto_text=&#8221;yes&#8221; heading_semantic=&#8221;h1&#8243; text_size=&#8221;fontsize-508833&#8243; text_transform=&#8221;capitalize&#8221; text_align=&#8221;text-center&#8221;]Automatic Heading: Get the title[\/vc_custom_heading][\/vc_column][\/vc_row][vc_section][vc_row][vc_column width=&#8221;1\/2&#8243;][vc_column_text uncode_shortcode_id=&#8221;191362&#8243;]A CraftHub alap\u00edt\u00f3i nagy m\u00faltra tekintenek vissza technol\u00f3gia t\u00e9m\u00e1j\u00fa rendezv\u00e9nyek szervez\u00e9s\u00e9ben, legyen sz\u00f3 szoftverfejleszt\u00e9sr\u0151l, mesters\u00e9ges intelligenci\u00e1r\u00f3l, felhaszn\u00e1l\u00f3i \u00e9lm\u00e9nyr\u0151l, menedzsmentr\u0151l, vagy ak\u00e1r k\u00fcl\u00f6nb\u00f6z\u0151 programoz\u00f3i versenyekr\u0151l. A CraftHub 2020-ban a Prezi \u00e9s az IBM Budapest Lab spin-offjak\u00e9nt j\u00f6tt l\u00e9tre, \u00e9s az\u00f3ta \u00f6n\u00e1ll\u00f3an m\u0171k\u00f6dik tov\u00e1bb. C\u00e9lunk, hogy olyan szakmai tud\u00e1st tegy\u00fcnk el\u00e9rhet\u0151v\u00e9, mely seg\u00edt az IT k\u00f6z\u00f6ss\u00e9geknek k\u00e9pess\u00e9geik fejleszt\u00e9s\u00e9ben \u00e9s az \u00faj kapcsolatok teremt\u00e9s\u00e9ben.[\/vc_column_text][vc_single_image media=&#8221;91331&#8243; media_width_percent=&#8221;100&#8243; uncode_shortcode_id=&#8221;326769&#8243;][\/vc_column][vc_column column_width_percent=&#8221;100&#8243; gutter_size=&#8221;3&#8243; back_color=&#8221;color-189952&#8243; overlay_alpha=&#8221;50&#8243; shift_x=&#8221;0&#8243; shift_y=&#8221;0&#8243; shift_y_down=&#8221;0&#8243; z_index=&#8221;0&#8243; medium_width=&#8221;0&#8243; mobile_width=&#8221;0&#8243; width=&#8221;1\/2&#8243;][vc_custom_heading heading_semantic=&#8221;h3&#8243; text_size=&#8221;h3&#8243;]M\u00e9rf\u00f6ldk\u00f6vek[\/vc_custom_heading][vc_raw_html]PGRpdiBjbGFzcz0iIj4KICAgIDxkaXYgY2xhc3M9InJiLWNvbnRhaW5lciI+CiAgICAgIDx1bCBjbGFzcz0icmIiPgo8bGkgY2xhc3M9InJiLWl0ZW0iIG5nLXJlcGVhdD0iaXRlbWJ4Ij4KICAgICAgICAgIDxkaXYgY2xhc3M9InRpbWVzdGFtcCI+CiAgMjAyMwogICAgICAgICAgPC9kaXY+CiAgICAgICAgICA8ZGl2IGNsYXNzPSIiPkVsc8WRIGvDtnrDtnNlbiB0YXJ0b3R0IENyYWZ0ICZhbXA7IENyYWZ0SGFjazwvZGl2Pgo8ZGl2IGNsYXNzPSIiPkVsc8WRIDVpbjEga29uZmVyZW5jaWE6IENvbXBhc3MgVGVjaCBTdW1taXQ8L2Rpdj4KICAgICAgICA8L2xpPgogPGxpIGNsYXNzPSJyYi1pdGVtIiBuZy1yZXBlYXQ9Iml0ZW1ieCI+CiAgICAgICAgICA8ZGl2IGNsYXNzPSJ0aW1lc3RhbXAiPgogIDIwMjIKICAgICAgICAgIDwvZGl2PgogICAgICAgICAgPGRpdiBjbGFzcz0iIj5FbHPFkSBoeWJyaWQgSGFjayZhbXA7SGVhbDwvZGl2Pgo8ZGl2IGNsYXNzPSIiPkVsc8WRIGh5YnJpZCBDcmFmdEhhY2s8L2Rpdj4KPGRpdiBjbGFzcz0iIj5FbHPFkSBoeWJyaWQgQ3JhZnQgS29uZmVyZW5jaWEgYSB2aWzDoWdqw6FydsOhbnkgdXTDoW48L2Rpdj4KCiAgICAgICAgPC9saT4KCiAgICAgICAgPGxpIGNsYXNzPSJyYi1pdGVtIiBuZy1yZXBlYXQ9Iml0ZW1ieCI+CiAgICAgICAgICA8ZGl2IGNsYXNzPSJ0aW1lc3RhbXAiPgogIDIwMjEKICAgICAgICAgIDwvZGl2PgogICAgICAgICAgPGRpdiBjbGFzcz0iIj5FbHPFkSBIYWNrJmFtcDtIZWFsIG9ubGluZSBoYWNrYXRob248L2Rpdj4KPGRpdiBjbGFzcz0iIj5FbHPFkSBvbmxpbmUgUmVpbmZvcmNlIEtvbmZlcmVuY2lhPC9kaXY+CjxkaXYgY2xhc3M9IiI+RWxzxZEgb25saW5lIENyYWZ0IEtvbmZlcmVuY2lhPC9kaXY+CjxkaXYgY2xhc3M9IiI+RWxzxZEgQ3JhZnRIYWNrIG9ubGluZSBoYWNrYXRob248L2Rpdj4KPGRpdiBjbGFzcz0iIj5FbHPFkSBvZmZsaW5lIGVzZW3DqW55IDIwMjEtYmVuIGEgdGh5c3NlbmtydXBwIHTDoW1vZ2F0w6Fzw6F2YWw8L2Rpdj4KPGRpdiBjbGFzcz0iIj5KdW5jdGlvblggQnVkYXBlc3Qgdmlzc3phdMOpcnQgQnVkYXBlc3RyZSBhIENyYWZ0SHViIHN6ZXJ2ZXrDqXPDqWJlbjwvZGl2Pgo8ZGl2IGNsYXNzPSIiPkVsc8WRIENyYWZ0ICNMaWtlQUJvc2NoIGhhY2thdGhvbjwvZGl2PgogICAgICAgIDwvbGk+CgogICAgICAgIDxsaSBjbGFzcz0icmItaXRlbSIgbmctcmVwZWF0PSJpdGVtYngiPgogICAgICAgICAgICA8ZGl2IGNsYXNzPSJ0aW1lc3RhbXAiPgogIDIwMjAKICAgICAgICAgICAgPC9kaXY+CiAgICAgICAgICAgIDxkaXYgY2xhc3M9IiI+TMOpdHJlasO2dHQgYSBDcmFmdEh1YiBhIFByZXppIMOpcyBJQk0gQnVkYXBlc3QgTGFCIHNwaW4tb2ZmamFrw6ludDwvZGl2PgogICA8ZGl2IGNsYXNzPSIiPkVsc8WRIG9ubGluZSBDcmFmdEh1YiBoYWNrYXRob248L2Rpdj4KICAgPGRpdiBjbGFzcz0iIj5FbHPFkSBvbmxpbmUgU3RyZXRjaCBLb25mZXJlbmNpYTwvZGl2PgogICAgICAgICAgPC9saT4KCiAgICAgICAgPGxpIGNsYXNzPSJyYi1pdGVtIiBuZy1yZXBlYXQ9Iml0ZW1ieCI+CiAgICAgICAgICAgIDxkaXYgY2xhc3M9InRpbWVzdGFtcCI+CiAgMjAxOQogICAgICAgICAgICA8L2Rpdj4KICAgICAgICAgICAgPGRpdiBjbGFzcz0iIj5FbHPFkSBSZWluZm9yY2UgS29uZmVyZW5jaWE8L2Rpdj4KICAgICAgICAgIDwvbGk+CgogICAgICAgIDxsaSBjbGFzcz0icmItaXRlbSIgbmctcmVwZWF0PSJpdGVtYngiPgogICAgICAgICAgICA8ZGl2IGNsYXNzPSJ0aW1lc3RhbXAiPgogIDIwMTgKICAgICAgICAgICAgPC9kaXY+CiAgICAgICAgICAgIDxkaXYgY2xhc3M9IiI+RWxzxZEgSW1wYWN0IEtvbmZlcmVuY2lhPC9kaXY+CiAgICAgICAgICA8L2xpPgoKICAgICAgICA8bGkgY2xhc3M9InJiLWl0ZW0iIG5nLXJlcGVhdD0iaXRlbWJ4Ij4KICAgICAgICAgICAgPGRpdiBjbGFzcz0idGltZXN0YW1wIj4KICAyMDE1CiAgICAgICAgICAgIDwvZGl2PgogICAgICAgICAgICA8ZGl2IGNsYXNzPSIiPkVsc8WRIEFtdXNlIGFuZCBDcnVuY2ggS29uZmVyZW5jaWE8L2Rpdj4KICAgICAgICAgIDwvbGk+CgogICAgICAgIDxsaSBjbGFzcz0icmItaXRlbSIgbmctcmVwZWF0PSJpdGVtYngiPgogICAgICAgICAgICA8ZGl2IGNsYXNzPSJ0aW1lc3RhbXAiPgogIDIwMTQKICAgICAgICAgICAgPC9kaXY+CiAgICAgICAgICAgIDxkaXYgY2xhc3M9IiI+RWxzxZEgQ3JhZnQgS29uZmVyZW5jaWE8L2Rpdj4KICAgICAgICAgIDwvbGk+CgogICAgICAgIDxsaSBjbGFzcz0icmItaXRlbSIgbmctcmVwZWF0PSJpdGVtYngiPgogICAgICAgICAgICA8ZGl2IGNsYXNzPSJ0aW1lc3RhbXAiPgogIDIwMTMKICAgICAgICAgICAgPC9kaXY+CiAgICAgICAgICAgIDxkaXYgY2xhc3M9IiI+RWxzxZEgU3RyZXRjaCBLb25mZXJlbmNpYTwvZGl2PgogICAgICAgICAgPC9saT4KICAgICAgPC91bD4KCiAgICA8L2Rpdj4KICA8L2Rpdj4=[\/vc_raw_html][\/vc_column][\/vc_row][\/vc_section]<\/p>\n<\/div>","protected":false},"excerpt":{"rendered":"<p>[vc_row row_height_percent=&#8221;30&#8243; override_padding=&#8221;yes&#8221; h_padding=&#8221;2&#8243; top_padding=&#8221;4&#8243; bottom_padding=&#8221;4&#8243; back_color=&#8221;color-wayh&#8221; back_image=&#8221;88790&#8243; back_image_auto=&#8221;yes&#8221; back_position=&#8221;center center&#8221; parallax=&#8221;yes&#8221; kburns=&#8221;yes&#8221; overlay_color=&#8221;color-jevc&#8221; overlay_alpha=&#8221;80&#8243; gutter_size=&#8221;100&#8243; column_width_percent=&#8221;100&#8243; shift_y=&#8221;0&#8243; z_index=&#8221;0&#8243; style=&#8221;inherited&#8221;][vc_column [&hellip;]<\/p>\n","protected":false},"author":1,"featured_media":0,"parent":0,"menu_order":2,"comment_status":"closed","ping_status":"closed","template":"","meta":{"_acf_changed":false,"footnotes":""},"class_list":["post-89829","page","type-page","status-publish","hentry"],"acf":[],"yoast_head":"<!-- This site is optimized with the Yoast SEO plugin v27.2 - https:\/\/yoast.com\/product\/yoast-seo-wordpress\/ -->\n<title>A CraftHub IT rendezv\u00e9nyszerverz\u0151 c\u00e9g t\u00f6rt\u00e9nete<\/title>\n<meta name=\"description\" content=\"Minden, amit tudni \u00e9rdemes a CarftHub IT rendezv\u00e9nyszervez\u0151 c\u00e9g fejl\u0151d\u00e9si folyamat\u00e1r\u00f3l. Startupb\u00f3l v\u00e1lt Eur\u00f3pa legnagyobb tech konferencia \u00e9s hackathon szervez\u0151j\u00e9v\u00e9. Startupb\u00f3l v\u00e1lt Eur\u00f3pa legnagyobb tech konferencia \u00e9s hackathon szervez\u0151j\u00e9v\u00e9.\" \/>\n<meta name=\"robots\" content=\"index, follow, max-snippet:-1, max-image-preview:large, max-video-preview:-1\" \/>\n<link rel=\"canonical\" href=\"https:\/\/crafthub.events\/hu\/tortenetunk\/\" \/>\n<meta property=\"og:locale\" content=\"hu_HU\" \/>\n<meta property=\"og:type\" content=\"article\" \/>\n<meta property=\"og:title\" content=\"A CraftHub IT rendezv\u00e9nyszerverz\u0151 c\u00e9g t\u00f6rt\u00e9nete\" \/>\n<meta property=\"og:description\" content=\"Minden, amit tudni \u00e9rdemes a CarftHub IT rendezv\u00e9nyszervez\u0151 c\u00e9g fejl\u0151d\u00e9si folyamat\u00e1r\u00f3l. Startupb\u00f3l v\u00e1lt Eur\u00f3pa legnagyobb tech konferencia \u00e9s hackathon szervez\u0151j\u00e9v\u00e9. Startupb\u00f3l v\u00e1lt Eur\u00f3pa legnagyobb tech konferencia \u00e9s hackathon szervez\u0151j\u00e9v\u00e9.\" \/>\n<meta property=\"og:url\" content=\"https:\/\/crafthub.events\/hu\/tortenetunk\/\" \/>\n<meta property=\"og:site_name\" content=\"CraftHub\" \/>\n<meta property=\"article:publisher\" content=\"https:\/\/www.facebook.com\/Crafthub.events\" \/>\n<meta property=\"article:modified_time\" content=\"2023-08-29T11:42:30+00:00\" \/>\n<meta property=\"og:image\" content=\"https:\/\/crafthub.events\/wp-content\/uploads\/featured.jpg\" \/>\n\t<meta property=\"og:image:width\" content=\"1200\" \/>\n\t<meta property=\"og:image:height\" content=\"630\" \/>\n\t<meta property=\"og:image:type\" content=\"image\/jpeg\" \/>\n<meta name=\"twitter:card\" content=\"summary_large_image\" \/>\n<meta name=\"twitter:site\" content=\"@CrafthubE\" \/>\n<meta name=\"twitter:label1\" content=\"Becs\u00fclt olvas\u00e1si id\u0151\" \/>\n\t<meta name=\"twitter:data1\" content=\"3 perc\" \/>\n<script type=\"application\/ld+json\" class=\"yoast-schema-graph\">{\"@context\":\"https:\/\/schema.org\",\"@graph\":[{\"@type\":\"WebPage\",\"@id\":\"https:\/\/crafthub.events\/hu\/tortenetunk\/\",\"url\":\"https:\/\/crafthub.events\/hu\/tortenetunk\/\",\"name\":\"A CraftHub IT rendezv\u00e9nyszerverz\u0151 c\u00e9g t\u00f6rt\u00e9nete\",\"isPartOf\":{\"@id\":\"https:\/\/crafthub.events\/hu\/#website\"},\"datePublished\":\"2021-05-11T18:06:02+00:00\",\"dateModified\":\"2023-08-29T11:42:30+00:00\",\"description\":\"Minden, amit tudni \u00e9rdemes a CarftHub IT rendezv\u00e9nyszervez\u0151 c\u00e9g fejl\u0151d\u00e9si folyamat\u00e1r\u00f3l. Startupb\u00f3l v\u00e1lt Eur\u00f3pa legnagyobb tech konferencia \u00e9s hackathon szervez\u0151j\u00e9v\u00e9. Startupb\u00f3l v\u00e1lt Eur\u00f3pa legnagyobb tech konferencia \u00e9s hackathon szervez\u0151j\u00e9v\u00e9.\",\"breadcrumb\":{\"@id\":\"https:\/\/crafthub.events\/hu\/tortenetunk\/#breadcrumb\"},\"inLanguage\":\"hu\",\"potentialAction\":[{\"@type\":\"ReadAction\",\"target\":[\"https:\/\/crafthub.events\/hu\/tortenetunk\/\"]}]},{\"@type\":\"BreadcrumbList\",\"@id\":\"https:\/\/crafthub.events\/hu\/tortenetunk\/#breadcrumb\",\"itemListElement\":[{\"@type\":\"ListItem\",\"position\":1,\"name\":\"Kezd\u0151lap\",\"item\":\"https:\/\/crafthub.events\/hu\/\"},{\"@type\":\"ListItem\",\"position\":2,\"name\":\"T\u00f6rt\u00e9net\u00fcnk\"}]},{\"@type\":\"WebSite\",\"@id\":\"https:\/\/crafthub.events\/hu\/#website\",\"url\":\"https:\/\/crafthub.events\/hu\/\",\"name\":\"CraftHub\",\"description\":\"The craft that you need!\",\"publisher\":{\"@id\":\"https:\/\/crafthub.events\/hu\/#organization\"},\"potentialAction\":[{\"@type\":\"SearchAction\",\"target\":{\"@type\":\"EntryPoint\",\"urlTemplate\":\"https:\/\/crafthub.events\/hu\/?s={search_term_string}\"},\"query-input\":{\"@type\":\"PropertyValueSpecification\",\"valueRequired\":true,\"valueName\":\"search_term_string\"}}],\"inLanguage\":\"hu\"},{\"@type\":\"Organization\",\"@id\":\"https:\/\/crafthub.events\/hu\/#organization\",\"name\":\"CraftHub\",\"url\":\"https:\/\/crafthub.events\/hu\/\",\"logo\":{\"@type\":\"ImageObject\",\"inLanguage\":\"hu\",\"@id\":\"https:\/\/crafthub.events\/hu\/#\/schema\/logo\/image\/\",\"url\":\"https:\/\/crafthub.events\/wp-content\/uploads\/ch.png\",\"contentUrl\":\"https:\/\/crafthub.events\/wp-content\/uploads\/ch.png\",\"width\":747,\"height\":693,\"caption\":\"CraftHub\"},\"image\":{\"@id\":\"https:\/\/crafthub.events\/hu\/#\/schema\/logo\/image\/\"},\"sameAs\":[\"https:\/\/www.facebook.com\/Crafthub.events\",\"https:\/\/x.com\/CrafthubE\",\"https:\/\/www.instagram.com\/crafthubevents\/\",\"https:\/\/www.linkedin.com\/company\/68526749\/admin\/\",\"https:\/\/www.youtube.com\/channel\/UC9E-wqsOP_1nRKXWIWPBhXw\"]}]}<\/script>\n<!-- \/ Yoast SEO plugin. -->","yoast_head_json":{"title":"A CraftHub IT rendezv\u00e9nyszerverz\u0151 c\u00e9g t\u00f6rt\u00e9nete","description":"Minden, amit tudni \u00e9rdemes a CarftHub IT rendezv\u00e9nyszervez\u0151 c\u00e9g fejl\u0151d\u00e9si folyamat\u00e1r\u00f3l. Startupb\u00f3l v\u00e1lt Eur\u00f3pa legnagyobb tech konferencia \u00e9s hackathon szervez\u0151j\u00e9v\u00e9. Startupb\u00f3l v\u00e1lt Eur\u00f3pa legnagyobb tech konferencia \u00e9s hackathon szervez\u0151j\u00e9v\u00e9.","robots":{"index":"index","follow":"follow","max-snippet":"max-snippet:-1","max-image-preview":"max-image-preview:large","max-video-preview":"max-video-preview:-1"},"canonical":"https:\/\/crafthub.events\/hu\/tortenetunk\/","og_locale":"hu_HU","og_type":"article","og_title":"A CraftHub IT rendezv\u00e9nyszerverz\u0151 c\u00e9g t\u00f6rt\u00e9nete","og_description":"Minden, amit tudni \u00e9rdemes a CarftHub IT rendezv\u00e9nyszervez\u0151 c\u00e9g fejl\u0151d\u00e9si folyamat\u00e1r\u00f3l. Startupb\u00f3l v\u00e1lt Eur\u00f3pa legnagyobb tech konferencia \u00e9s hackathon szervez\u0151j\u00e9v\u00e9. Startupb\u00f3l v\u00e1lt Eur\u00f3pa legnagyobb tech konferencia \u00e9s hackathon szervez\u0151j\u00e9v\u00e9.","og_url":"https:\/\/crafthub.events\/hu\/tortenetunk\/","og_site_name":"CraftHub","article_publisher":"https:\/\/www.facebook.com\/Crafthub.events","article_modified_time":"2023-08-29T11:42:30+00:00","og_image":[{"width":1200,"height":630,"url":"https:\/\/crafthub.events\/wp-content\/uploads\/featured.jpg","type":"image\/jpeg"}],"twitter_card":"summary_large_image","twitter_site":"@CrafthubE","twitter_misc":{"Becs\u00fclt olvas\u00e1si id\u0151":"3 perc"},"schema":{"@context":"https:\/\/schema.org","@graph":[{"@type":"WebPage","@id":"https:\/\/crafthub.events\/hu\/tortenetunk\/","url":"https:\/\/crafthub.events\/hu\/tortenetunk\/","name":"A CraftHub IT rendezv\u00e9nyszerverz\u0151 c\u00e9g t\u00f6rt\u00e9nete","isPartOf":{"@id":"https:\/\/crafthub.events\/hu\/#website"},"datePublished":"2021-05-11T18:06:02+00:00","dateModified":"2023-08-29T11:42:30+00:00","description":"Minden, amit tudni \u00e9rdemes a CarftHub IT rendezv\u00e9nyszervez\u0151 c\u00e9g fejl\u0151d\u00e9si folyamat\u00e1r\u00f3l. Startupb\u00f3l v\u00e1lt Eur\u00f3pa legnagyobb tech konferencia \u00e9s hackathon szervez\u0151j\u00e9v\u00e9. Startupb\u00f3l v\u00e1lt Eur\u00f3pa legnagyobb tech konferencia \u00e9s hackathon szervez\u0151j\u00e9v\u00e9.","breadcrumb":{"@id":"https:\/\/crafthub.events\/hu\/tortenetunk\/#breadcrumb"},"inLanguage":"hu","potentialAction":[{"@type":"ReadAction","target":["https:\/\/crafthub.events\/hu\/tortenetunk\/"]}]},{"@type":"BreadcrumbList","@id":"https:\/\/crafthub.events\/hu\/tortenetunk\/#breadcrumb","itemListElement":[{"@type":"ListItem","position":1,"name":"Kezd\u0151lap","item":"https:\/\/crafthub.events\/hu\/"},{"@type":"ListItem","position":2,"name":"T\u00f6rt\u00e9net\u00fcnk"}]},{"@type":"WebSite","@id":"https:\/\/crafthub.events\/hu\/#website","url":"https:\/\/crafthub.events\/hu\/","name":"CraftHub","description":"The craft that you need!","publisher":{"@id":"https:\/\/crafthub.events\/hu\/#organization"},"potentialAction":[{"@type":"SearchAction","target":{"@type":"EntryPoint","urlTemplate":"https:\/\/crafthub.events\/hu\/?s={search_term_string}"},"query-input":{"@type":"PropertyValueSpecification","valueRequired":true,"valueName":"search_term_string"}}],"inLanguage":"hu"},{"@type":"Organization","@id":"https:\/\/crafthub.events\/hu\/#organization","name":"CraftHub","url":"https:\/\/crafthub.events\/hu\/","logo":{"@type":"ImageObject","inLanguage":"hu","@id":"https:\/\/crafthub.events\/hu\/#\/schema\/logo\/image\/","url":"https:\/\/crafthub.events\/wp-content\/uploads\/ch.png","contentUrl":"https:\/\/crafthub.events\/wp-content\/uploads\/ch.png","width":747,"height":693,"caption":"CraftHub"},"image":{"@id":"https:\/\/crafthub.events\/hu\/#\/schema\/logo\/image\/"},"sameAs":["https:\/\/www.facebook.com\/Crafthub.events","https:\/\/x.com\/CrafthubE","https:\/\/www.instagram.com\/crafthubevents\/","https:\/\/www.linkedin.com\/company\/68526749\/admin\/","https:\/\/www.youtube.com\/channel\/UC9E-wqsOP_1nRKXWIWPBhXw"]}]}},"_links":{"self":[{"href":"https:\/\/crafthub.events\/hu\/wp-json\/wp\/v2\/pages\/89829","targetHints":{"allow":["GET"]}}],"collection":[{"href":"https:\/\/crafthub.events\/hu\/wp-json\/wp\/v2\/pages"}],"about":[{"href":"https:\/\/crafthub.events\/hu\/wp-json\/wp\/v2\/types\/page"}],"author":[{"embeddable":true,"href":"https:\/\/crafthub.events\/hu\/wp-json\/wp\/v2\/users\/1"}],"replies":[{"embeddable":true,"href":"https:\/\/crafthub.events\/hu\/wp-json\/wp\/v2\/comments?post=89829"}],"version-history":[{"count":38,"href":"https:\/\/crafthub.events\/hu\/wp-json\/wp\/v2\/pages\/89829\/revisions"}],"predecessor-version":[{"id":92036,"href":"https:\/\/crafthub.events\/hu\/wp-json\/wp\/v2\/pages\/89829\/revisions\/92036"}],"wp:attachment":[{"href":"https:\/\/crafthub.events\/hu\/wp-json\/wp\/v2\/media?parent=89829"}],"curies":[{"name":"wp","href":"https:\/\/api.w.org\/{rel}","templated":true}]}}