{"id":89846,"date":"2021-04-19T03:07:24","date_gmt":"2021-04-19T01:07:24","guid":{"rendered":"https:\/\/crafthub.events\/szponzoracio\/"},"modified":"2024-10-11T09:16:05","modified_gmt":"2024-10-11T07:16:05","slug":"szponzoracio","status":"publish","type":"page","link":"https:\/\/crafthub.events\/hu\/szponzoracio\/","title":{"rendered":"Egy\u00fcttm\u0171k\u00f6d\u00e9s"},"content":{"rendered":"<div class=\"wpb-content-wrapper\"><p>[vc_row row_height_percent=&#8221;30&#8243; override_padding=&#8221;yes&#8221; h_padding=&#8221;2&#8243; top_padding=&#8221;4&#8243; bottom_padding=&#8221;4&#8243; back_color=&#8221;color-wayh&#8221; back_image=&#8221;88720&#8243; back_image_auto=&#8221;yes&#8221; back_position=&#8221;center center&#8221; parallax=&#8221;yes&#8221; kburns=&#8221;yes&#8221; overlay_color=&#8221;color-jevc&#8221; overlay_alpha=&#8221;80&#8243; gutter_size=&#8221;100&#8243; column_width_percent=&#8221;100&#8243; shift_y=&#8221;0&#8243; z_index=&#8221;0&#8243; style=&#8221;inherited&#8221;][vc_column column_width_percent=&#8221;100&#8243; position_vertical=&#8221;middle&#8221; gutter_size=&#8221;2&#8243; style=&#8221;dark&#8221; overlay_alpha=&#8221;100&#8243; shift_x=&#8221;0&#8243; shift_y=&#8221;0&#8243; shift_y_down=&#8221;0&#8243; z_index=&#8221;0&#8243; medium_width=&#8221;0&#8243; mobile_width=&#8221;0&#8243; zoom_width=&#8221;0&#8243; zoom_height=&#8221;0&#8243; width=&#8221;1\/1&#8243;][vc_custom_heading auto_text=&#8221;yes&#8221; heading_semantic=&#8221;h1&#8243; text_size=&#8221;fontsize-508833&#8243; text_transform=&#8221;capitalize&#8221; text_align=&#8221;text-center&#8221;]Automatic Heading: Get the title[\/vc_custom_heading][vc_empty_space empty_h=&#8221;2&#8243;][vc_column_text uncode_shortcode_id=&#8221;978873&#8243;]<span data-sheets-value=\"{\"1\":2,\"2\":\"Let's build something new and innovative together!\\nJoin us on this journey of providing a platform for learning, creating and networking.\"}\" data-sheets-userformat=\"{\"2\":931,\"3\":{\"1\":0},\"4\":{\"1\":2,\"2\":16773836},\"8\":{\"1\":[{\"1\":2,\"2\":0,\"5\":{\"1\":2,\"2\":0}},{\"1\":0,\"2\":0,\"3\":3},{\"1\":1,\"2\":0,\"4\":1}]},\"10\":1,\"11\":4,\"12\":0}\">\u00c9p\u00edts\u00fcnk egy\u00fctt valami \u00fajat \u00e9s innovat\u00edvat! Csatlakozz a misszi\u00f3nkhoz, hogy platformot biztos\u00edthassunk a tanul\u00e1s, az alkot\u00e1s \u00e9s a kapcsolat\u00e9p\u00edt\u00e9s jegy\u00e9ben!<\/span>[\/vc_column_text][\/vc_column][\/vc_row][vc_section][vc_row row_height_percent=&#8221;0&#8243; override_padding=&#8221;yes&#8221; h_padding=&#8221;2&#8243; top_padding=&#8221;4&#8243; bottom_padding=&#8221;4&#8243; overlay_alpha=&#8221;50&#8243; gutter_size=&#8221;3&#8243; column_width_percent=&#8221;100&#8243; shift_y=&#8221;0&#8243; z_index=&#8221;0&#8243; uncode_shortcode_id=&#8221;524738&#8243;][vc_column width=&#8221;2\/12&#8243;][vc_single_image media=&#8221;92456&#8243; media_width_percent=&#8221;100&#8243; uncode_shortcode_id=&#8221;381447&#8243;][\/vc_column][vc_column column_width_percent=&#8221;100&#8243; gutter_size=&#8221;2&#8243; overlay_alpha=&#8221;50&#8243; shift_x=&#8221;0&#8243; shift_y=&#8221;0&#8243; shift_y_down=&#8221;0&#8243; z_index=&#8221;0&#8243; medium_width=&#8221;0&#8243; mobile_width=&#8221;0&#8243; width=&#8221;5\/12&#8243; uncode_shortcode_id=&#8221;194371&#8243;][vc_custom_heading heading_semantic=&#8221;h3&#8243; text_size=&#8221;h3&#8243;]M\u00e9dea Baccifava[\/vc_custom_heading][vc_separator sep_color=&#8221;color-210407&#8243; el_width=&#8221;64px&#8221; el_height=&#8221;5px&#8221; uncode_shortcode_id=&#8221;108602&#8243; sep_color_type=&#8221;uncode-palette&#8221;][vc_column_text uncode_shortcode_id=&#8221;846846&#8243;]Founder, Head of Relationships <a href=\"mailto:sales@crafthub.events\"><span style=\"font-weight: 400;\">sales@crafthub.events<\/span><\/a>[\/vc_column_text][vc_button button_color=&#8221;color-jevc&#8221; border_width=&#8221;0&#8243; link=&#8221;url:https%3A%2F%2Fwebforms.pipedrive.com%2Ff%2F64NreJwtrQdM9TsRCvJxBUDzdcA0lEm1xeeRt0kfM43ZPcWi18mTu3C0dLZRkr9GJZ|title:Legy%C3%A9l%20a%20partner%C3%BCnk|&#8221; uncode_shortcode_id=&#8221;592753&#8243; button_color_type=&#8221;uncode-palette&#8221;]Legy\u00e9l a partner\u00fcnk[\/vc_button][\/vc_column][vc_column column_width_percent=&#8221;100&#8243; align_horizontal=&#8221;align_center&#8221; gutter_size=&#8221;3&#8243; override_padding=&#8221;yes&#8221; column_padding=&#8221;2&#8243; style=&#8221;light&#8221; overlay_alpha=&#8221;50&#8243; shadow=&#8221;std&#8221; shift_x=&#8221;0&#8243; shift_y=&#8221;0&#8243; shift_y_down=&#8221;0&#8243; z_index=&#8221;0&#8243; medium_width=&#8221;0&#8243; mobile_width=&#8221;0&#8243; width=&#8221;5\/12&#8243; uncode_shortcode_id=&#8221;188010&#8243;][vc_custom_heading heading_semantic=&#8221;h3&#8243; text_size=&#8221;h3&#8243;]Tekintsd meg szponzor kiaj\u00e1nl\u00f3inkat![\/vc_custom_heading][vc_button button_color=&#8221;accent&#8221; wide=&#8221;yes&#8221; border_width=&#8221;0&#8243; icon_position=&#8221;right&#8221; link=&#8221;url:https%3A%2F%2Fwebforms.pipedrive.com%2Ff%2F6iwPzcvq3MGoGz6mwyPlkBM0fiw9LWi68WxCXcfuVkDo1rnXBRatvU0AUxiu4uQIv1|target:_blank|&#8221; icon=&#8221;fa fa-download5&#8243; uncode_shortcode_id=&#8221;394643&#8243; button_color_type=&#8221;uncode-palette&#8221;]Kiaj\u00e1nl\u00f3 let\u00f6lt\u00e9se[\/vc_button][\/vc_column][\/vc_row][\/vc_section][vc_section back_color=&#8221;color-189952&#8243; overlay_alpha=&#8221;50&#8243;][vc_row row_height_percent=&#8221;0&#8243; override_padding=&#8221;yes&#8221; h_padding=&#8221;2&#8243; top_padding=&#8221;0&#8243; bottom_padding=&#8221;0&#8243; overlay_alpha=&#8221;50&#8243; gutter_size=&#8221;3&#8243; column_width_percent=&#8221;100&#8243; shift_y=&#8221;0&#8243; z_index=&#8221;0&#8243; uncode_shortcode_id=&#8221;110773&#8243;][vc_column column_width_percent=&#8221;100&#8243; align_horizontal=&#8221;align_center&#8221; gutter_size=&#8221;3&#8243; overlay_alpha=&#8221;50&#8243; shift_x=&#8221;0&#8243; shift_y=&#8221;0&#8243; shift_y_down=&#8221;0&#8243; z_index=&#8221;0&#8243; medium_width=&#8221;0&#8243; mobile_width=&#8221;0&#8243; width=&#8221;1\/1&#8243;][vc_custom_heading heading_semantic=&#8221;h3&#8243; text_size=&#8221;h3&#8243;]Kor\u00e1bbi partnereink[\/vc_custom_heading][\/vc_column][\/vc_row][vc_row row_height_percent=&#8221;0&#8243; override_padding=&#8221;yes&#8221; h_padding=&#8221;2&#8243; top_padding=&#8221;2&#8243; bottom_padding=&#8221;4&#8243; overlay_alpha=&#8221;50&#8243; gutter_size=&#8221;3&#8243; column_width_percent=&#8221;100&#8243; shift_y=&#8221;0&#8243; z_index=&#8221;0&#8243;][vc_column width=&#8221;1\/1&#8243;][uncode_block id=&#8221;88723&#8243; inside_column=&#8221;yes&#8221;][\/vc_column][\/vc_row][\/vc_section]<\/p>\n<\/div>","protected":false},"excerpt":{"rendered":"<p>[vc_row row_height_percent=&#8221;30&#8243; override_padding=&#8221;yes&#8221; h_padding=&#8221;2&#8243; top_padding=&#8221;4&#8243; bottom_padding=&#8221;4&#8243; back_color=&#8221;color-wayh&#8221; back_image=&#8221;88720&#8243; back_image_auto=&#8221;yes&#8221; back_position=&#8221;center center&#8221; parallax=&#8221;yes&#8221; kburns=&#8221;yes&#8221; overlay_color=&#8221;color-jevc&#8221; overlay_alpha=&#8221;80&#8243; gutter_size=&#8221;100&#8243; column_width_percent=&#8221;100&#8243; shift_y=&#8221;0&#8243; z_index=&#8221;0&#8243; style=&#8221;inherited&#8221;][vc_column [&hellip;]<\/p>\n","protected":false},"author":1,"featured_media":0,"parent":0,"menu_order":2,"comment_status":"closed","ping_status":"closed","template":"","meta":{"_acf_changed":false,"footnotes":""},"class_list":["post-89846","page","type-page","status-publish","hentry"],"acf":[],"yoast_head":"<!-- This site is optimized with the Yoast SEO plugin v27.4 - https:\/\/yoast.com\/product\/yoast-seo-wordpress\/ -->\n<title>Egy\u00fcttm\u0171k\u00f6d\u00e9si lehet\u0151s\u00e9g magyarorsz\u00e1gi tech rendezv\u00e9nyekkel - CraftHub<\/title>\n<meta name=\"description\" content=\"Innovat\u00edv toborz\u00e1si lehet\u0151s\u00e9gek a tech vil\u00e1g\u00e1ban. L\u00e9gy partner\u00fcnk konferenci\u00e1inkon \u00e9s hackathonjainkon, \u00e9s tal\u00e1lkozz lelkes tech-rajong\u00f3kkal minden gener\u00e1ci\u00f3b\u00f3l.\" \/>\n<meta name=\"robots\" content=\"index, follow, max-snippet:-1, max-image-preview:large, max-video-preview:-1\" \/>\n<link rel=\"canonical\" href=\"https:\/\/crafthub.events\/hu\/szponzoracio\/\" \/>\n<meta property=\"og:locale\" content=\"hu_HU\" \/>\n<meta property=\"og:type\" content=\"article\" \/>\n<meta property=\"og:title\" content=\"Egy\u00fcttm\u0171k\u00f6d\u00e9si lehet\u0151s\u00e9g magyarorsz\u00e1gi tech rendezv\u00e9nyekkel - CraftHub\" \/>\n<meta property=\"og:description\" content=\"Innovat\u00edv toborz\u00e1si lehet\u0151s\u00e9gek a tech vil\u00e1g\u00e1ban. L\u00e9gy partner\u00fcnk konferenci\u00e1inkon \u00e9s hackathonjainkon, \u00e9s tal\u00e1lkozz lelkes tech-rajong\u00f3kkal minden gener\u00e1ci\u00f3b\u00f3l.\" \/>\n<meta property=\"og:url\" content=\"https:\/\/crafthub.events\/hu\/szponzoracio\/\" \/>\n<meta property=\"og:site_name\" content=\"CraftHub\" \/>\n<meta property=\"article:publisher\" content=\"https:\/\/www.facebook.com\/Crafthub.events\" \/>\n<meta property=\"article:modified_time\" content=\"2024-10-11T07:16:05+00:00\" \/>\n<meta property=\"og:image\" content=\"https:\/\/crafthub.events\/wp-content\/uploads\/featured.jpg\" \/>\n\t<meta property=\"og:image:width\" content=\"1200\" \/>\n\t<meta property=\"og:image:height\" content=\"630\" \/>\n\t<meta property=\"og:image:type\" content=\"image\/jpeg\" \/>\n<meta name=\"twitter:card\" content=\"summary_large_image\" \/>\n<meta name=\"twitter:site\" content=\"@CrafthubE\" \/>\n<meta name=\"twitter:label1\" content=\"Becs\u00fclt olvas\u00e1si id\u0151\" \/>\n\t<meta name=\"twitter:data1\" content=\"1 perc\" \/>\n<script type=\"application\/ld+json\" class=\"yoast-schema-graph\">{\"@context\":\"https:\\\/\\\/schema.org\",\"@graph\":[{\"@type\":\"WebPage\",\"@id\":\"https:\\\/\\\/crafthub.events\\\/hu\\\/szponzoracio\\\/\",\"url\":\"https:\\\/\\\/crafthub.events\\\/hu\\\/szponzoracio\\\/\",\"name\":\"Egy\u00fcttm\u0171k\u00f6d\u00e9si lehet\u0151s\u00e9g magyarorsz\u00e1gi tech rendezv\u00e9nyekkel - CraftHub\",\"isPartOf\":{\"@id\":\"https:\\\/\\\/crafthub.events\\\/hu\\\/#website\"},\"datePublished\":\"2021-04-19T01:07:24+00:00\",\"dateModified\":\"2024-10-11T07:16:05+00:00\",\"description\":\"Innovat\u00edv toborz\u00e1si lehet\u0151s\u00e9gek a tech vil\u00e1g\u00e1ban. L\u00e9gy partner\u00fcnk konferenci\u00e1inkon \u00e9s hackathonjainkon, \u00e9s tal\u00e1lkozz lelkes tech-rajong\u00f3kkal minden gener\u00e1ci\u00f3b\u00f3l.\",\"breadcrumb\":{\"@id\":\"https:\\\/\\\/crafthub.events\\\/hu\\\/szponzoracio\\\/#breadcrumb\"},\"inLanguage\":\"hu\",\"potentialAction\":[{\"@type\":\"ReadAction\",\"target\":[\"https:\\\/\\\/crafthub.events\\\/hu\\\/szponzoracio\\\/\"]}]},{\"@type\":\"BreadcrumbList\",\"@id\":\"https:\\\/\\\/crafthub.events\\\/hu\\\/szponzoracio\\\/#breadcrumb\",\"itemListElement\":[{\"@type\":\"ListItem\",\"position\":1,\"name\":\"Kezd\u0151lap\",\"item\":\"https:\\\/\\\/crafthub.events\\\/hu\\\/\"},{\"@type\":\"ListItem\",\"position\":2,\"name\":\"Egy\u00fcttm\u0171k\u00f6d\u00e9s\"}]},{\"@type\":\"WebSite\",\"@id\":\"https:\\\/\\\/crafthub.events\\\/hu\\\/#website\",\"url\":\"https:\\\/\\\/crafthub.events\\\/hu\\\/\",\"name\":\"CraftHub\",\"description\":\"The craft that you need!\",\"publisher\":{\"@id\":\"https:\\\/\\\/crafthub.events\\\/hu\\\/#organization\"},\"potentialAction\":[{\"@type\":\"SearchAction\",\"target\":{\"@type\":\"EntryPoint\",\"urlTemplate\":\"https:\\\/\\\/crafthub.events\\\/hu\\\/?s={search_term_string}\"},\"query-input\":{\"@type\":\"PropertyValueSpecification\",\"valueRequired\":true,\"valueName\":\"search_term_string\"}}],\"inLanguage\":\"hu\"},{\"@type\":\"Organization\",\"@id\":\"https:\\\/\\\/crafthub.events\\\/hu\\\/#organization\",\"name\":\"CraftHub\",\"url\":\"https:\\\/\\\/crafthub.events\\\/hu\\\/\",\"logo\":{\"@type\":\"ImageObject\",\"inLanguage\":\"hu\",\"@id\":\"https:\\\/\\\/crafthub.events\\\/hu\\\/#\\\/schema\\\/logo\\\/image\\\/\",\"url\":\"https:\\\/\\\/crafthub.events\\\/wp-content\\\/uploads\\\/ch.png\",\"contentUrl\":\"https:\\\/\\\/crafthub.events\\\/wp-content\\\/uploads\\\/ch.png\",\"width\":747,\"height\":693,\"caption\":\"CraftHub\"},\"image\":{\"@id\":\"https:\\\/\\\/crafthub.events\\\/hu\\\/#\\\/schema\\\/logo\\\/image\\\/\"},\"sameAs\":[\"https:\\\/\\\/www.facebook.com\\\/Crafthub.events\",\"https:\\\/\\\/x.com\\\/CrafthubE\",\"https:\\\/\\\/www.instagram.com\\\/crafthubevents\\\/\",\"https:\\\/\\\/www.linkedin.com\\\/company\\\/68526749\\\/admin\\\/\",\"https:\\\/\\\/www.youtube.com\\\/channel\\\/UC9E-wqsOP_1nRKXWIWPBhXw\"]}]}<\/script>\n<!-- \/ Yoast SEO plugin. -->","yoast_head_json":{"title":"Egy\u00fcttm\u0171k\u00f6d\u00e9si lehet\u0151s\u00e9g magyarorsz\u00e1gi tech rendezv\u00e9nyekkel - CraftHub","description":"Innovat\u00edv toborz\u00e1si lehet\u0151s\u00e9gek a tech vil\u00e1g\u00e1ban. L\u00e9gy partner\u00fcnk konferenci\u00e1inkon \u00e9s hackathonjainkon, \u00e9s tal\u00e1lkozz lelkes tech-rajong\u00f3kkal minden gener\u00e1ci\u00f3b\u00f3l.","robots":{"index":"index","follow":"follow","max-snippet":"max-snippet:-1","max-image-preview":"max-image-preview:large","max-video-preview":"max-video-preview:-1"},"canonical":"https:\/\/crafthub.events\/hu\/szponzoracio\/","og_locale":"hu_HU","og_type":"article","og_title":"Egy\u00fcttm\u0171k\u00f6d\u00e9si lehet\u0151s\u00e9g magyarorsz\u00e1gi tech rendezv\u00e9nyekkel - CraftHub","og_description":"Innovat\u00edv toborz\u00e1si lehet\u0151s\u00e9gek a tech vil\u00e1g\u00e1ban. L\u00e9gy partner\u00fcnk konferenci\u00e1inkon \u00e9s hackathonjainkon, \u00e9s tal\u00e1lkozz lelkes tech-rajong\u00f3kkal minden gener\u00e1ci\u00f3b\u00f3l.","og_url":"https:\/\/crafthub.events\/hu\/szponzoracio\/","og_site_name":"CraftHub","article_publisher":"https:\/\/www.facebook.com\/Crafthub.events","article_modified_time":"2024-10-11T07:16:05+00:00","og_image":[{"width":1200,"height":630,"url":"https:\/\/crafthub.events\/wp-content\/uploads\/featured.jpg","type":"image\/jpeg"}],"twitter_card":"summary_large_image","twitter_site":"@CrafthubE","twitter_misc":{"Becs\u00fclt olvas\u00e1si id\u0151":"1 perc"},"schema":{"@context":"https:\/\/schema.org","@graph":[{"@type":"WebPage","@id":"https:\/\/crafthub.events\/hu\/szponzoracio\/","url":"https:\/\/crafthub.events\/hu\/szponzoracio\/","name":"Egy\u00fcttm\u0171k\u00f6d\u00e9si lehet\u0151s\u00e9g magyarorsz\u00e1gi tech rendezv\u00e9nyekkel - CraftHub","isPartOf":{"@id":"https:\/\/crafthub.events\/hu\/#website"},"datePublished":"2021-04-19T01:07:24+00:00","dateModified":"2024-10-11T07:16:05+00:00","description":"Innovat\u00edv toborz\u00e1si lehet\u0151s\u00e9gek a tech vil\u00e1g\u00e1ban. L\u00e9gy partner\u00fcnk konferenci\u00e1inkon \u00e9s hackathonjainkon, \u00e9s tal\u00e1lkozz lelkes tech-rajong\u00f3kkal minden gener\u00e1ci\u00f3b\u00f3l.","breadcrumb":{"@id":"https:\/\/crafthub.events\/hu\/szponzoracio\/#breadcrumb"},"inLanguage":"hu","potentialAction":[{"@type":"ReadAction","target":["https:\/\/crafthub.events\/hu\/szponzoracio\/"]}]},{"@type":"BreadcrumbList","@id":"https:\/\/crafthub.events\/hu\/szponzoracio\/#breadcrumb","itemListElement":[{"@type":"ListItem","position":1,"name":"Kezd\u0151lap","item":"https:\/\/crafthub.events\/hu\/"},{"@type":"ListItem","position":2,"name":"Egy\u00fcttm\u0171k\u00f6d\u00e9s"}]},{"@type":"WebSite","@id":"https:\/\/crafthub.events\/hu\/#website","url":"https:\/\/crafthub.events\/hu\/","name":"CraftHub","description":"The craft that you need!","publisher":{"@id":"https:\/\/crafthub.events\/hu\/#organization"},"potentialAction":[{"@type":"SearchAction","target":{"@type":"EntryPoint","urlTemplate":"https:\/\/crafthub.events\/hu\/?s={search_term_string}"},"query-input":{"@type":"PropertyValueSpecification","valueRequired":true,"valueName":"search_term_string"}}],"inLanguage":"hu"},{"@type":"Organization","@id":"https:\/\/crafthub.events\/hu\/#organization","name":"CraftHub","url":"https:\/\/crafthub.events\/hu\/","logo":{"@type":"ImageObject","inLanguage":"hu","@id":"https:\/\/crafthub.events\/hu\/#\/schema\/logo\/image\/","url":"https:\/\/crafthub.events\/wp-content\/uploads\/ch.png","contentUrl":"https:\/\/crafthub.events\/wp-content\/uploads\/ch.png","width":747,"height":693,"caption":"CraftHub"},"image":{"@id":"https:\/\/crafthub.events\/hu\/#\/schema\/logo\/image\/"},"sameAs":["https:\/\/www.facebook.com\/Crafthub.events","https:\/\/x.com\/CrafthubE","https:\/\/www.instagram.com\/crafthubevents\/","https:\/\/www.linkedin.com\/company\/68526749\/admin\/","https:\/\/www.youtube.com\/channel\/UC9E-wqsOP_1nRKXWIWPBhXw"]}]}},"_links":{"self":[{"href":"https:\/\/crafthub.events\/hu\/wp-json\/wp\/v2\/pages\/89846","targetHints":{"allow":["GET"]}}],"collection":[{"href":"https:\/\/crafthub.events\/hu\/wp-json\/wp\/v2\/pages"}],"about":[{"href":"https:\/\/crafthub.events\/hu\/wp-json\/wp\/v2\/types\/page"}],"author":[{"embeddable":true,"href":"https:\/\/crafthub.events\/hu\/wp-json\/wp\/v2\/users\/1"}],"replies":[{"embeddable":true,"href":"https:\/\/crafthub.events\/hu\/wp-json\/wp\/v2\/comments?post=89846"}],"version-history":[{"count":80,"href":"https:\/\/crafthub.events\/hu\/wp-json\/wp\/v2\/pages\/89846\/revisions"}],"predecessor-version":[{"id":92935,"href":"https:\/\/crafthub.events\/hu\/wp-json\/wp\/v2\/pages\/89846\/revisions\/92935"}],"wp:attachment":[{"href":"https:\/\/crafthub.events\/hu\/wp-json\/wp\/v2\/media?parent=89846"}],"curies":[{"name":"wp","href":"https:\/\/api.w.org\/{rel}","templated":true}]}}