{"id":89849,"date":"2021-06-14T09:10:21","date_gmt":"2021-06-14T07:10:21","guid":{"rendered":"https:\/\/crafthub.events\/blog\/"},"modified":"2023-11-27T22:16:19","modified_gmt":"2023-11-27T20:16:19","slug":"blog","status":"publish","type":"page","link":"https:\/\/crafthub.events\/hu\/blog\/","title":{"rendered":"Blog"},"content":{"rendered":"<div class=\"wpb-content-wrapper\"><p>[vc_row row_height_percent=&#8221;54&#8243; override_padding=&#8221;yes&#8221; h_padding=&#8221;2&#8243; top_padding=&#8221;5&#8243; bottom_padding=&#8221;5&#8243; back_color=&#8221;color-wayh&#8221; back_image=&#8221;88961&#8243; back_image_auto=&#8221;yes&#8221; back_position=&#8221;center bottom&#8221; parallax=&#8221;yes&#8221; kburns=&#8221;yes&#8221; overlay_color=&#8221;color-jevc&#8221; overlay_alpha=&#8221;80&#8243; gutter_size=&#8221;100&#8243; column_width_percent=&#8221;100&#8243; shift_y=&#8221;0&#8243; z_index=&#8221;0&#8243; style=&#8221;inherited&#8221;][vc_column column_width_percent=&#8221;100&#8243; position_vertical=&#8221;middle&#8221; align_horizontal=&#8221;align_center&#8221; gutter_size=&#8221;2&#8243; style=&#8221;dark&#8221; overlay_alpha=&#8221;100&#8243; shift_x=&#8221;0&#8243; shift_y=&#8221;0&#8243; shift_y_down=&#8221;0&#8243; z_index=&#8221;0&#8243; medium_width=&#8221;0&#8243; mobile_width=&#8221;0&#8243; zoom_width=&#8221;0&#8243; zoom_height=&#8221;0&#8243; width=&#8221;1\/1&#8243;][vc_custom_heading auto_text=&#8221;yes&#8221; heading_semantic=&#8221;h1&#8243; text_size=&#8221;fontsize-508833&#8243; text_transform=&#8221;capitalize&#8221; text_align=&#8221;text-center&#8221;]Automatic Heading: Get the title[\/vc_custom_heading][vc_column_text auto_text=&#8221;excerpt&#8221;]I am text block. Click edit button to change this text. Lorem ipsum dolor sit amet, consectetur adipiscing elit. Ut elit tellus, luctus nec ullamcorper mattis, pulvinar dapibus leo.[\/vc_column_text][\/vc_column][\/vc_row][vc_row unlock_row_content=&#8221;yes&#8221; row_height_percent=&#8221;0&#8243; override_padding=&#8221;yes&#8221; h_padding=&#8221;3&#8243; top_padding=&#8221;3&#8243; bottom_padding=&#8221;3&#8243; overlay_alpha=&#8221;50&#8243; gutter_size=&#8221;2&#8243; column_width_percent=&#8221;100&#8243; shift_y=&#8221;0&#8243; z_index=&#8221;0&#8243;][vc_column column_width_percent=&#8221;100&#8243; gutter_size=&#8221;4&#8243; overlay_alpha=&#8221;50&#8243; shift_x=&#8221;0&#8243; shift_y=&#8221;0&#8243; shift_y_down=&#8221;0&#8243; z_index=&#8221;0&#8243; medium_width=&#8221;0&#8243; mobile_width=&#8221;0&#8243; width=&#8221;1\/1&#8243;][uncode_index el_id=&#8221;index-581094100&#8243; isotope_mode=&#8221;fitRows&#8221; loop=&#8221;size:All|order_by:date|post_type:post|categories:257|taxonomy_count:10&#8243; screen_lg=&#8221;1200&#8243; screen_md=&#8221;960&#8243; screen_sm=&#8221;480&#8243; gutter_size=&#8221;3&#8243; inner_padding=&#8221;yes&#8221; post_items=&#8221;media|featured|onpost|poster,date,title,text|excerpt|140&#8243; single_width=&#8221;3&#8243; images_size=&#8221;three-two&#8221; single_back_color=&#8221;color-xsdn&#8221; single_overlay_color=&#8221;color-wayh&#8221; single_overlay_opacity=&#8221;50&#8243; single_text_visible=&#8221;yes&#8221; single_text_anim=&#8221;no&#8221; single_padding=&#8221;2&#8243; single_title_dimension=&#8221;h4&#8243; single_shadow=&#8221;yes&#8221; shadow_weight=&#8221;std&#8221; single_border=&#8221;yes&#8221; single_css_animation=&#8221;bottom-t-top&#8221; single_animation_delay=&#8221;200&#8243; blog_items=&#8221;date,title,media|featured|onpost|original,text|excerpt|200,category|nobg|relative|display-icon&#8221; uncode_shortcode_id=&#8221;997223&#8243;][\/vc_column][\/vc_row][vc_section back_color=&#8221;color-189952&#8243; overlay_alpha=&#8221;50&#8243;][vc_row row_height_percent=&#8221;0&#8243; override_padding=&#8221;yes&#8221; h_padding=&#8221;2&#8243; top_padding=&#8221;3&#8243; bottom_padding=&#8221;3&#8243; overlay_alpha=&#8221;50&#8243; gutter_size=&#8221;3&#8243; column_width_percent=&#8221;100&#8243; shift_y=&#8221;0&#8243; z_index=&#8221;0&#8243;][vc_column column_width_percent=&#8221;100&#8243; align_horizontal=&#8221;align_center&#8221; gutter_size=&#8221;3&#8243; overlay_alpha=&#8221;50&#8243; shift_x=&#8221;0&#8243; shift_y=&#8221;0&#8243; shift_y_down=&#8221;0&#8243; z_index=&#8221;0&#8243; medium_width=&#8221;0&#8243; mobile_width=&#8221;0&#8243; width=&#8221;1\/1&#8243;][vc_column_text]<\/p>\n<h2>Saj\u00e1t blogposztot szeretn\u00e9l megosztani?<\/h2>\n<p>[\/vc_column_text][vc_button button_color=&#8221;color-108918&#8243; size=&#8221;btn-lg&#8221; border_width=&#8221;0&#8243; link=&#8221;url:https%3A%2F%2Fus19.list-manage.com%2Fcontact-form%3Fu%3D5af39ff48d3d43a3d068c79e0%26amp%3Bform_id%3Da8db6b88457433d8d0c6c356003198fb|target:_blank|rel:nofollow|&#8221;]Elk\u00fcld\u00f6m[\/vc_button][\/vc_column][\/vc_row][\/vc_section]<\/p>\n<\/div>","protected":false},"excerpt":{"rendered":"<p>Olvass \u00e9lm\u00e9nybesz\u00e1mol\u00f3kat a kor\u00e1bbi esem\u00e9nyeinkr\u0151l, valamint nemzetk\u00f6zi szak\u00e9rt\u0151i cikkeket az adatm\u00e9rn\u00f6ks\u00e9gr\u0151l, szoftverfejleszt\u00e9sr\u0151l, mesters\u00e9ges intelligenci\u00e1r\u00f3l, felhaszn\u00e1l\u00f3i \u00e9lm\u00e9nyr\u0151l, \u00e9s term\u00e9kmenedzsmentr\u0151l.<\/p>\n","protected":false},"author":1,"featured_media":89553,"parent":0,"menu_order":0,"comment_status":"closed","ping_status":"closed","template":"","meta":{"_acf_changed":false,"footnotes":""},"class_list":["post-89849","page","type-page","status-publish","has-post-thumbnail","hentry"],"acf":[],"yoast_head":"<!-- This site is optimized with the Yoast SEO plugin v27.2 - https:\/\/yoast.com\/product\/yoast-seo-wordpress\/ -->\n<title>Tippek, tanuls\u00e1gok \u00e9s sikert\u00f6rt\u00e9netek a tech vil\u00e1g\u00e1b\u00f3l - Blog - CraftHub<\/title>\n<meta name=\"description\" content=\"Besz\u00e1mol\u00f3k esem\u00e9nyeinkr\u0151l, szak\u00e9rt\u0151i cikkek az adatm\u00e9rn\u00f6ks\u00e9gr\u0151l, szoftverfejleszt\u00e9sr\u0151l, mesters\u00e9ges intelligenci\u00e1r\u00f3l, felhaszn\u00e1l\u00f3i \u00e9lm\u00e9nyr\u0151l, \u00e9s term\u00e9kmenedzsmentr\u0151l.\" \/>\n<meta name=\"robots\" content=\"index, follow, max-snippet:-1, max-image-preview:large, max-video-preview:-1\" \/>\n<link rel=\"canonical\" href=\"https:\/\/crafthub.events\/hu\/blog\/\" \/>\n<meta property=\"og:locale\" content=\"hu_HU\" \/>\n<meta property=\"og:type\" content=\"article\" \/>\n<meta property=\"og:title\" content=\"Tippek, tanuls\u00e1gok \u00e9s sikert\u00f6rt\u00e9netek a tech vil\u00e1g\u00e1b\u00f3l - Blog - CraftHub\" \/>\n<meta property=\"og:description\" content=\"Besz\u00e1mol\u00f3k esem\u00e9nyeinkr\u0151l, szak\u00e9rt\u0151i cikkek az adatm\u00e9rn\u00f6ks\u00e9gr\u0151l, szoftverfejleszt\u00e9sr\u0151l, mesters\u00e9ges intelligenci\u00e1r\u00f3l, felhaszn\u00e1l\u00f3i \u00e9lm\u00e9nyr\u0151l, \u00e9s term\u00e9kmenedzsmentr\u0151l.\" \/>\n<meta property=\"og:url\" content=\"https:\/\/crafthub.events\/hu\/blog\/\" \/>\n<meta property=\"og:site_name\" content=\"CraftHub\" \/>\n<meta property=\"article:publisher\" content=\"https:\/\/www.facebook.com\/Crafthub.events\" \/>\n<meta property=\"article:modified_time\" content=\"2023-11-27T20:16:19+00:00\" \/>\n<meta property=\"og:image\" content=\"https:\/\/crafthub.events\/wp-content\/uploads\/glenn-carstens-peters-npxXWgQ33ZQ-unsplash.jpg\" \/>\n\t<meta property=\"og:image:width\" content=\"1920\" \/>\n\t<meta property=\"og:image:height\" content=\"1007\" \/>\n\t<meta property=\"og:image:type\" content=\"image\/jpeg\" \/>\n<meta name=\"twitter:card\" content=\"summary_large_image\" \/>\n<meta name=\"twitter:site\" content=\"@CrafthubE\" \/>\n<meta name=\"twitter:label1\" content=\"Becs\u00fclt olvas\u00e1si id\u0151\" \/>\n\t<meta name=\"twitter:data1\" content=\"1 perc\" \/>\n<script type=\"application\/ld+json\" class=\"yoast-schema-graph\">{\"@context\":\"https:\/\/schema.org\",\"@graph\":[{\"@type\":\"WebPage\",\"@id\":\"https:\/\/crafthub.events\/hu\/blog\/\",\"url\":\"https:\/\/crafthub.events\/hu\/blog\/\",\"name\":\"Tippek, tanuls\u00e1gok \u00e9s sikert\u00f6rt\u00e9netek a tech vil\u00e1g\u00e1b\u00f3l - Blog - CraftHub\",\"isPartOf\":{\"@id\":\"https:\/\/crafthub.events\/hu\/#website\"},\"primaryImageOfPage\":{\"@id\":\"https:\/\/crafthub.events\/hu\/blog\/#primaryimage\"},\"image\":{\"@id\":\"https:\/\/crafthub.events\/hu\/blog\/#primaryimage\"},\"thumbnailUrl\":\"https:\/\/crafthub.events\/wp-content\/uploads\/glenn-carstens-peters-npxXWgQ33ZQ-unsplash.jpg\",\"datePublished\":\"2021-06-14T07:10:21+00:00\",\"dateModified\":\"2023-11-27T20:16:19+00:00\",\"description\":\"Besz\u00e1mol\u00f3k esem\u00e9nyeinkr\u0151l, szak\u00e9rt\u0151i cikkek az adatm\u00e9rn\u00f6ks\u00e9gr\u0151l, szoftverfejleszt\u00e9sr\u0151l, mesters\u00e9ges intelligenci\u00e1r\u00f3l, felhaszn\u00e1l\u00f3i \u00e9lm\u00e9nyr\u0151l, \u00e9s term\u00e9kmenedzsmentr\u0151l.\",\"breadcrumb\":{\"@id\":\"https:\/\/crafthub.events\/hu\/blog\/#breadcrumb\"},\"inLanguage\":\"hu\",\"potentialAction\":[{\"@type\":\"ReadAction\",\"target\":[\"https:\/\/crafthub.events\/hu\/blog\/\"]}]},{\"@type\":\"ImageObject\",\"inLanguage\":\"hu\",\"@id\":\"https:\/\/crafthub.events\/hu\/blog\/#primaryimage\",\"url\":\"https:\/\/crafthub.events\/wp-content\/uploads\/glenn-carstens-peters-npxXWgQ33ZQ-unsplash.jpg\",\"contentUrl\":\"https:\/\/crafthub.events\/wp-content\/uploads\/glenn-carstens-peters-npxXWgQ33ZQ-unsplash.jpg\",\"width\":1920,\"height\":1007},{\"@type\":\"BreadcrumbList\",\"@id\":\"https:\/\/crafthub.events\/hu\/blog\/#breadcrumb\",\"itemListElement\":[{\"@type\":\"ListItem\",\"position\":1,\"name\":\"Kezd\u0151lap\",\"item\":\"https:\/\/crafthub.events\/hu\/\"},{\"@type\":\"ListItem\",\"position\":2,\"name\":\"Blog\"}]},{\"@type\":\"WebSite\",\"@id\":\"https:\/\/crafthub.events\/hu\/#website\",\"url\":\"https:\/\/crafthub.events\/hu\/\",\"name\":\"CraftHub\",\"description\":\"The craft that you need!\",\"publisher\":{\"@id\":\"https:\/\/crafthub.events\/hu\/#organization\"},\"potentialAction\":[{\"@type\":\"SearchAction\",\"target\":{\"@type\":\"EntryPoint\",\"urlTemplate\":\"https:\/\/crafthub.events\/hu\/?s={search_term_string}\"},\"query-input\":{\"@type\":\"PropertyValueSpecification\",\"valueRequired\":true,\"valueName\":\"search_term_string\"}}],\"inLanguage\":\"hu\"},{\"@type\":\"Organization\",\"@id\":\"https:\/\/crafthub.events\/hu\/#organization\",\"name\":\"CraftHub\",\"url\":\"https:\/\/crafthub.events\/hu\/\",\"logo\":{\"@type\":\"ImageObject\",\"inLanguage\":\"hu\",\"@id\":\"https:\/\/crafthub.events\/hu\/#\/schema\/logo\/image\/\",\"url\":\"https:\/\/crafthub.events\/wp-content\/uploads\/ch.png\",\"contentUrl\":\"https:\/\/crafthub.events\/wp-content\/uploads\/ch.png\",\"width\":747,\"height\":693,\"caption\":\"CraftHub\"},\"image\":{\"@id\":\"https:\/\/crafthub.events\/hu\/#\/schema\/logo\/image\/\"},\"sameAs\":[\"https:\/\/www.facebook.com\/Crafthub.events\",\"https:\/\/x.com\/CrafthubE\",\"https:\/\/www.instagram.com\/crafthubevents\/\",\"https:\/\/www.linkedin.com\/company\/68526749\/admin\/\",\"https:\/\/www.youtube.com\/channel\/UC9E-wqsOP_1nRKXWIWPBhXw\"]}]}<\/script>\n<!-- \/ Yoast SEO plugin. -->","yoast_head_json":{"title":"Tippek, tanuls\u00e1gok \u00e9s sikert\u00f6rt\u00e9netek a tech vil\u00e1g\u00e1b\u00f3l - Blog - CraftHub","description":"Besz\u00e1mol\u00f3k esem\u00e9nyeinkr\u0151l, szak\u00e9rt\u0151i cikkek az adatm\u00e9rn\u00f6ks\u00e9gr\u0151l, szoftverfejleszt\u00e9sr\u0151l, mesters\u00e9ges intelligenci\u00e1r\u00f3l, felhaszn\u00e1l\u00f3i \u00e9lm\u00e9nyr\u0151l, \u00e9s term\u00e9kmenedzsmentr\u0151l.","robots":{"index":"index","follow":"follow","max-snippet":"max-snippet:-1","max-image-preview":"max-image-preview:large","max-video-preview":"max-video-preview:-1"},"canonical":"https:\/\/crafthub.events\/hu\/blog\/","og_locale":"hu_HU","og_type":"article","og_title":"Tippek, tanuls\u00e1gok \u00e9s sikert\u00f6rt\u00e9netek a tech vil\u00e1g\u00e1b\u00f3l - Blog - CraftHub","og_description":"Besz\u00e1mol\u00f3k esem\u00e9nyeinkr\u0151l, szak\u00e9rt\u0151i cikkek az adatm\u00e9rn\u00f6ks\u00e9gr\u0151l, szoftverfejleszt\u00e9sr\u0151l, mesters\u00e9ges intelligenci\u00e1r\u00f3l, felhaszn\u00e1l\u00f3i \u00e9lm\u00e9nyr\u0151l, \u00e9s term\u00e9kmenedzsmentr\u0151l.","og_url":"https:\/\/crafthub.events\/hu\/blog\/","og_site_name":"CraftHub","article_publisher":"https:\/\/www.facebook.com\/Crafthub.events","article_modified_time":"2023-11-27T20:16:19+00:00","og_image":[{"width":1920,"height":1007,"url":"https:\/\/crafthub.events\/wp-content\/uploads\/glenn-carstens-peters-npxXWgQ33ZQ-unsplash.jpg","type":"image\/jpeg"}],"twitter_card":"summary_large_image","twitter_site":"@CrafthubE","twitter_misc":{"Becs\u00fclt olvas\u00e1si id\u0151":"1 perc"},"schema":{"@context":"https:\/\/schema.org","@graph":[{"@type":"WebPage","@id":"https:\/\/crafthub.events\/hu\/blog\/","url":"https:\/\/crafthub.events\/hu\/blog\/","name":"Tippek, tanuls\u00e1gok \u00e9s sikert\u00f6rt\u00e9netek a tech vil\u00e1g\u00e1b\u00f3l - Blog - CraftHub","isPartOf":{"@id":"https:\/\/crafthub.events\/hu\/#website"},"primaryImageOfPage":{"@id":"https:\/\/crafthub.events\/hu\/blog\/#primaryimage"},"image":{"@id":"https:\/\/crafthub.events\/hu\/blog\/#primaryimage"},"thumbnailUrl":"https:\/\/crafthub.events\/wp-content\/uploads\/glenn-carstens-peters-npxXWgQ33ZQ-unsplash.jpg","datePublished":"2021-06-14T07:10:21+00:00","dateModified":"2023-11-27T20:16:19+00:00","description":"Besz\u00e1mol\u00f3k esem\u00e9nyeinkr\u0151l, szak\u00e9rt\u0151i cikkek az adatm\u00e9rn\u00f6ks\u00e9gr\u0151l, szoftverfejleszt\u00e9sr\u0151l, mesters\u00e9ges intelligenci\u00e1r\u00f3l, felhaszn\u00e1l\u00f3i \u00e9lm\u00e9nyr\u0151l, \u00e9s term\u00e9kmenedzsmentr\u0151l.","breadcrumb":{"@id":"https:\/\/crafthub.events\/hu\/blog\/#breadcrumb"},"inLanguage":"hu","potentialAction":[{"@type":"ReadAction","target":["https:\/\/crafthub.events\/hu\/blog\/"]}]},{"@type":"ImageObject","inLanguage":"hu","@id":"https:\/\/crafthub.events\/hu\/blog\/#primaryimage","url":"https:\/\/crafthub.events\/wp-content\/uploads\/glenn-carstens-peters-npxXWgQ33ZQ-unsplash.jpg","contentUrl":"https:\/\/crafthub.events\/wp-content\/uploads\/glenn-carstens-peters-npxXWgQ33ZQ-unsplash.jpg","width":1920,"height":1007},{"@type":"BreadcrumbList","@id":"https:\/\/crafthub.events\/hu\/blog\/#breadcrumb","itemListElement":[{"@type":"ListItem","position":1,"name":"Kezd\u0151lap","item":"https:\/\/crafthub.events\/hu\/"},{"@type":"ListItem","position":2,"name":"Blog"}]},{"@type":"WebSite","@id":"https:\/\/crafthub.events\/hu\/#website","url":"https:\/\/crafthub.events\/hu\/","name":"CraftHub","description":"The craft that you need!","publisher":{"@id":"https:\/\/crafthub.events\/hu\/#organization"},"potentialAction":[{"@type":"SearchAction","target":{"@type":"EntryPoint","urlTemplate":"https:\/\/crafthub.events\/hu\/?s={search_term_string}"},"query-input":{"@type":"PropertyValueSpecification","valueRequired":true,"valueName":"search_term_string"}}],"inLanguage":"hu"},{"@type":"Organization","@id":"https:\/\/crafthub.events\/hu\/#organization","name":"CraftHub","url":"https:\/\/crafthub.events\/hu\/","logo":{"@type":"ImageObject","inLanguage":"hu","@id":"https:\/\/crafthub.events\/hu\/#\/schema\/logo\/image\/","url":"https:\/\/crafthub.events\/wp-content\/uploads\/ch.png","contentUrl":"https:\/\/crafthub.events\/wp-content\/uploads\/ch.png","width":747,"height":693,"caption":"CraftHub"},"image":{"@id":"https:\/\/crafthub.events\/hu\/#\/schema\/logo\/image\/"},"sameAs":["https:\/\/www.facebook.com\/Crafthub.events","https:\/\/x.com\/CrafthubE","https:\/\/www.instagram.com\/crafthubevents\/","https:\/\/www.linkedin.com\/company\/68526749\/admin\/","https:\/\/www.youtube.com\/channel\/UC9E-wqsOP_1nRKXWIWPBhXw"]}]}},"_links":{"self":[{"href":"https:\/\/crafthub.events\/hu\/wp-json\/wp\/v2\/pages\/89849","targetHints":{"allow":["GET"]}}],"collection":[{"href":"https:\/\/crafthub.events\/hu\/wp-json\/wp\/v2\/pages"}],"about":[{"href":"https:\/\/crafthub.events\/hu\/wp-json\/wp\/v2\/types\/page"}],"author":[{"embeddable":true,"href":"https:\/\/crafthub.events\/hu\/wp-json\/wp\/v2\/users\/1"}],"replies":[{"embeddable":true,"href":"https:\/\/crafthub.events\/hu\/wp-json\/wp\/v2\/comments?post=89849"}],"version-history":[{"count":21,"href":"https:\/\/crafthub.events\/hu\/wp-json\/wp\/v2\/pages\/89849\/revisions"}],"predecessor-version":[{"id":92236,"href":"https:\/\/crafthub.events\/hu\/wp-json\/wp\/v2\/pages\/89849\/revisions\/92236"}],"wp:featuredmedia":[{"embeddable":true,"href":"https:\/\/crafthub.events\/hu\/wp-json\/wp\/v2\/media\/89553"}],"wp:attachment":[{"href":"https:\/\/crafthub.events\/hu\/wp-json\/wp\/v2\/media?parent=89849"}],"curies":[{"name":"wp","href":"https:\/\/api.w.org\/{rel}","templated":true}]}}