{"id":89935,"date":"2021-04-19T08:16:26","date_gmt":"2021-04-19T06:16:26","guid":{"rendered":"https:\/\/crafthub.events\/hirlevel\/"},"modified":"2024-01-29T15:08:51","modified_gmt":"2024-01-29T13:08:51","slug":"hirlevel","status":"publish","type":"page","link":"https:\/\/crafthub.events\/hu\/hirlevel\/","title":{"rendered":"H\u00edrlev\u00e9l"},"content":{"rendered":"<div class=\"wpb-content-wrapper\"><p>[vc_section][vc_row][vc_column width=&#8221;1\/6&#8243;][\/vc_column][vc_column width=&#8221;4\/6&#8243;][vc_raw_html]PGRpdiBpZD0ibWNfZW1iZWRfc2hlbGwiPgogICAgICA8bGluayBocmVmPSIvL2Nkbi1pbWFnZXMubWFpbGNoaW1wLmNvbS9lbWJlZGNvZGUvY2xhc3NpYy0wNjE1MjMuY3NzIiByZWw9InN0eWxlc2hlZXQiIHR5cGU9InRleHQvY3NzIj4KICA8c3R5bGUgdHlwZT0idGV4dC9jc3MiPgogICAgICAgICNtY19lbWJlZF9zaWdudXB7YmFja2dyb3VuZDojZmZmOyBmYWxzZTtjbGVhcjpsZWZ0OyBmb250OjE0cHggSGVsdmV0aWNhLEFyaWFsLHNhbnMtc2VyaWY7IHdpZHRoOiA2MDBweDt9CiAgICAgICAgLyogQWRkIHlvdXIgb3duIE1haWxjaGltcCBmb3JtIHN0eWxlIG92ZXJyaWRlcyBpbiB5b3VyIHNpdGUgc3R5bGVzaGVldCBvciBpbiB0aGlzIHN0eWxlIGJsb2NrLgogICAgICAgICAgIFdlIHJlY29tbWVuZCBtb3ZpbmcgdGhpcyBibG9jayBhbmQgdGhlIHByZWNlZGluZyBDU1MgbGluayB0byB0aGUgSEVBRCBvZiB5b3VyIEhUTUwgZmlsZS4gKi8KPC9zdHlsZT48c3R5bGUgdHlwZT0idGV4dC9jc3MiPgogICAgICAgICNtYy1lbWJlZGRlZC1zdWJzY3JpYmUtZm9ybSBpbnB1dFt0eXBlPWNoZWNrYm94XXtkaXNwbGF5OiBpbmxpbmU7IHdpZHRoOiBhdXRvO21hcmdpbi1yaWdodDogMTBweDt9CiNtZXJnZVJvdy1nZHByIHttYXJnaW4tdG9wOiAyMHB4O30KI21lcmdlUm93LWdkcHIgZmllbGRzZXQgbGFiZWwge2ZvbnQtd2VpZ2h0OiBub3JtYWw7fQojbWMtZW1iZWRkZWQtc3Vic2NyaWJlLWZvcm0gLm1jX2ZpZWxkc2V0e2JvcmRlcjpub25lO21pbi1oZWlnaHQ6IDBweDtwYWRkaW5nLWJvdHRvbTowcHg7fQo8L3N0eWxlPgo8ZGl2IGlkPSJtY19lbWJlZF9zaWdudXAiPgogICAgPGZvcm0gYWN0aW9uPSJodHRwczovL2V2ZW50cy51czE5Lmxpc3QtbWFuYWdlLmNvbS9zdWJzY3JpYmUvcG9zdD91PTVhZjM5ZmY0OGQzZDQzYTNkMDY4Yzc5ZTAmYW1wO2lkPWYyZDZhNzI3YTUmYW1wO3ZfaWQ9NDg3MSZhbXA7Zl9pZD0wMDhjMGFlNGYwIiBtZXRob2Q9InBvc3QiIGlkPSJtYy1lbWJlZGRlZC1zdWJzY3JpYmUtZm9ybSIgbmFtZT0ibWMtZW1iZWRkZWQtc3Vic2NyaWJlLWZvcm0iIGNsYXNzPSJ2YWxpZGF0ZSIgdGFyZ2V0PSJfYmxhbmsiPgogICAgICAgIDxkaXYgaWQ9Im1jX2VtYmVkX3NpZ251cF9zY3JvbGwiPjxoMj5GZWxpcmF0a296b208L2gyPgogICAgICAgICAgICA8ZGl2IGNsYXNzPSJpbmRpY2F0ZXMtcmVxdWlyZWQiPjxzcGFuIGNsYXNzPSJhc3RlcmlzayI+Kjwvc3Bhbj4ga8O2dGVsZXrFkWVuIGtpdMO2bHRlbmTFkTwvZGl2PgogICAgICAgICAgICA8ZGl2IGNsYXNzPSJtYy1maWVsZC1ncm91cCI+PGxhYmVsIGZvcj0ibWNlLUVNQUlMIj5FbWFpbCBjw61tIDxzcGFuIGNsYXNzPSJhc3RlcmlzayI+Kjwvc3Bhbj48L2xhYmVsPjxpbnB1dCB0eXBlPSJlbWFpbCIgbmFtZT0iRU1BSUwiIGNsYXNzPSJyZXF1aXJlZCBlbWFpbCIgaWQ9Im1jZS1FTUFJTCIgcmVxdWlyZWQ9IiIgdmFsdWU9IiI+PHNwYW4gaWQ9Im1jZS1FTUFJTC1IRUxQRVJURVhUIiBjbGFzcz0iaGVscGVyX3RleHQiPjwvc3Bhbj48L2Rpdj48ZGl2IGNsYXNzPSJtYy1maWVsZC1ncm91cCI+PGxhYmVsIGZvcj0ibWNlLUZOQU1FIj5LZXJlc3p0bsOpdiA8c3BhbiBjbGFzcz0iYXN0ZXJpc2siPio8L3NwYW4+PC9sYWJlbD48aW5wdXQgdHlwZT0idGV4dCIgbmFtZT0iRk5BTUUiIGNsYXNzPSJyZXF1aXJlZCB0ZXh0IiBpZD0ibWNlLUZOQU1FIiByZXF1aXJlZD0iIiB2YWx1ZT0iIj48L2Rpdj48ZGl2IGNsYXNzPSJtYy1maWVsZC1ncm91cCI+PGxhYmVsIGZvcj0ibWNlLUxOQU1FIj5WZXpldMOpa27DqXYgPHNwYW4gY2xhc3M9ImFzdGVyaXNrIj4qPC9zcGFuPjwvbGFiZWw+PGlucHV0IHR5cGU9InRleHQiIG5hbWU9IkxOQU1FIiBjbGFzcz0icmVxdWlyZWQgdGV4dCIgaWQ9Im1jZS1MTkFNRSIgcmVxdWlyZWQ9IiIgdmFsdWU9IiI+PC9kaXY+PGRpdiBjbGFzcz0ibWMtZmllbGQtZ3JvdXAiPjxsYWJlbCBmb3I9Im1jZS1QSE9ORSI+VGVsZWZvbnN6w6FtIChvcGNpb27DoWxpcykgPC9sYWJlbD48aW5wdXQgdHlwZT0idGV4dCIgbmFtZT0iUEhPTkUiIGNsYXNzPSJSRVFfQ1NTIiBpZD0ibWNlLVBIT05FIiB2YWx1ZT0iIj48L2Rpdj48ZGl2IGNsYXNzPSJtYy1maWVsZC1ncm91cCI+PGxhYmVsIGZvcj0ibWNlLU1NRVJHRTUiPkPDqWduw6l2IChvcGNpb27DoWxpcykgPC9sYWJlbD48aW5wdXQgdHlwZT0idGV4dCIgbmFtZT0iTU1FUkdFNSIgY2xhc3M9IiB0ZXh0IiBpZD0ibWNlLU1NRVJHRTUiIHZhbHVlPSIiPjwvZGl2PjxkaXYgY2xhc3M9Im1jLWZpZWxkLWdyb3VwIj48bGFiZWwgZm9yPSJtY2UtTU1FUkdFNiI+TWlseWVuIHTDqW3DoWsgw6lyZGVrbGlrPyA8L2xhYmVsPjxzZWxlY3QgbmFtZT0iTU1FUkdFNiIgY2xhc3M9IiIgaWQ9Im1jZS1NTUVSR0U2Ij48b3B0aW9uIHZhbHVlPSIiPjwvb3B0aW9uPjxvcHRpb24gdmFsdWU9IktvbmZlcmVuY2nDoWsiPktvbmZlcmVuY2nDoWs8L29wdGlvbj48b3B0aW9uIHZhbHVlPSJIYWNrYXRob25vayI+SGFja2F0aG9ub2s8L29wdGlvbj48b3B0aW9uIHZhbHVlPSJNaW5kZW4gQ3JhZnRIdWIgZXNlbcOpbnkiPk1pbmRlbkNyYWZ0SHViIGVzZW3DqW55PC9vcHRpb24+PC9zZWxlY3Q+PC9kaXY+PGRpdiBpZD0ibWVyZ2VSb3ctZ2RwciIgY2xhc3M9Im1lcmdlUm93IGdkcHItbWVyZ2VSb3cgY29udGVudF9fZ2RwckJsb2NrIG1jLWZpZWxkLWdyb3VwIj48ZGl2IGNsYXNzPSJjb250ZW50X19nZHByIj48bGFiZWw+TWFya2V0aW5nIGJlw6FsbMOtdMOhc29rPC9sYWJlbD48cD5Lw6lyasO8aywgdsOhbGFzc3phIGtpIGF6IMOpcnRlc8OtdMOpcyBtw7NkasOhdCA6PC9wPjxmaWVsZHNldCBjbGFzcz0ibWNfZmllbGRzZXQgZ2RwclJlcXVpcmVkIG1jLWZpZWxkLWdyb3VwIiBuYW1lPSJpbnRlcmVzdGdyb3VwX2ZpZWxkIj48bGFiZWwgY2xhc3M9ImNoZWNrYm94IHN1YmZpZWxkIiBmb3I9ImdkcHIxMjI4MjciPjxpbnB1dCB0eXBlPSJjaGVja2JveCIgaWQ9ImdkcHJfMTIyODI3IiBuYW1lPSJnZHByWzEyMjgyN10iIGNsYXNzPSJnZHByIiB2YWx1ZT0iWSI+PHNwYW4+RW1haWw8L3NwYW4+PC9sYWJlbD48L2ZpZWxkc2V0PjxwPkF6IGUtbWFpbGplaW5rIGzDoWJsw6ljw6liZW4gdGFsw6FsaGF0w7MgbGlua3JlIGthdHRpbnR2YSBiw6FybWlrb3IgbGVpcmF0a296aGF0LiBBZGF0dsOpZGVsbWkgZ3lha29ybGF0dW5ra2FsIGthcGNzb2xhdG9zIGluZm9ybcOhY2nDs2vDqXJ0IGzDoXRvZ2Fzc29uIGVsIHdlYm9sZGFsdW5rcmEuPC9wPjwvZGl2PjxkaXYgY2xhc3M9ImNvbnRlbnRfX2dkcHJMZWdhbCI+PHA+TWFya2V0aW5ncGxhdGZvcm11bmtrw6ludCBhIE1haWxjaGltcGV0IGhhc3puw6FsanVrLiBBeiBhbMOhYmJpIGdvbWJyYSBrYXR0aW50dmEgYSBmZWxpcmF0a296w6FzaG96IMOWbiB0dWRvbcOhc3VsIHZlc3ppLCBob2d5IGFkYXRhaXQgZmVsZG9sZ296w6FzIGPDqWxqw6Fiw7NsIHRvdsOhYmLDrXRqdWsgYSBNYWlsY2hpbXBoZXouIDxhIGhyZWY9Imh0dHBzOi8vbWFpbGNoaW1wLmNvbS9sZWdhbC90ZXJtcyI+VHVkam9uIG1lZyB0w7ZiYmV0PC9hPiBhIE1haWxjaGltcCBhZGF0dsOpZGVsbWkgZ3lha29ybGF0w6Fyw7NsLjwvcD48L2Rpdj48L2Rpdj4KICAgICAgICA8ZGl2IGlkPSJtY2UtcmVzcG9uc2VzIiBjbGFzcz0iY2xlYXIiPgogICAgICAgICAgICA8ZGl2IGNsYXNzPSJyZXNwb25zZSIgaWQ9Im1jZS1lcnJvci1yZXNwb25zZSIgc3R5bGU9ImRpc3BsYXk6IG5vbmU7Ij48L2Rpdj4KICAgICAgICAgICAgPGRpdiBjbGFzcz0icmVzcG9uc2UiIGlkPSJtY2Utc3VjY2Vzcy1yZXNwb25zZSIgc3R5bGU9ImRpc3BsYXk6IG5vbmU7Ij48L2Rpdj4KICAgICAgICA8L2Rpdj48ZGl2IGFyaWEtaGlkZGVuPSJ0cnVlIiBzdHlsZT0icG9zaXRpb246IGFic29sdXRlOyBsZWZ0OiAtNTAwMHB4OyI+PGlucHV0IHR5cGU9InRleHQiIG5hbWU9ImJfNWFmMzlmZjQ4ZDNkNDNhM2QwNjhjNzllMF9mMmQ2YTcyN2E1IiB0YWJpbmRleD0iLTEiIHZhbHVlPSIiPjwvZGl2PjxkaXYgY2xhc3M9ImNsZWFyIj48aW5wdXQgdHlwZT0ic3VibWl0IiBuYW1lPSJzdWJzY3JpYmUiIGlkPSJtYy1lbWJlZGRlZC1zdWJzY3JpYmUiIGNsYXNzPSJidXR0b24iIHZhbHVlPSJGZWxpcmF0a296b20iPjwvZGl2PgogICAgPC9kaXY+CjwvZm9ybT4KPC9kaXY+CjxzY3JpcHQgdHlwZT0idGV4dC9qYXZhc2NyaXB0IiBzcmM9Ii8vczMuYW1hem9uYXdzLmNvbS9kb3dubG9hZHMubWFpbGNoaW1wLmNvbS9qcy9tYy12YWxpZGF0ZS5qcyI+PC9zY3JpcHQ+PHNjcmlwdCB0eXBlPSJ0ZXh0L2phdmFzY3JpcHQiPihmdW5jdGlvbigkKSB7d2luZG93LmZuYW1lcyA9IG5ldyBBcnJheSgpOyB3aW5kb3cuZnR5cGVzID0gbmV3IEFycmF5KCk7Zm5hbWVzWzBdPSdFTUFJTCc7ZnR5cGVzWzBdPSdlbWFpbCc7Zm5hbWVzWzFdPSdGTkFNRSc7ZnR5cGVzWzFdPSd0ZXh0JztmbmFtZXNbMl09J0xOQU1FJztmdHlwZXNbMl09J3RleHQnO2ZuYW1lc1s0XT0nUEhPTkUnO2Z0eXBlc1s0XT0ncGhvbmUnO2ZuYW1lc1s1XT0nTU1FUkdFNSc7ZnR5cGVzWzVdPSd0ZXh0JztmbmFtZXNbNl09J01NRVJHRTYnO2Z0eXBlc1s2XT0nZHJvcGRvd24nO2ZuYW1lc1szXT0nQUREUkVTUyc7ZnR5cGVzWzNdPSdhZGRyZXNzJzt9KGpRdWVyeSkpO3ZhciAkbWNqID0galF1ZXJ5Lm5vQ29uZmxpY3QodHJ1ZSk7PC9zY3JpcHQ+PC9kaXY+[\/vc_raw_html][\/vc_column][vc_column width=&#8221;1\/6&#8243;][\/vc_column][\/vc_row][\/vc_section]<\/p>\n<\/div>","protected":false},"excerpt":{"rendered":"<p>[vc_section][vc_row][vc_column width=&#8221;1\/6&#8243;][\/vc_column][vc_column width=&#8221;4\/6&#8243;][vc_raw_html]PGRpdiBpZD0ibWNfZW1iZWRfc2hlbGwiPgogICAgICA8bGluayBocmVmPSIvL2Nkbi1pbWFnZXMubWFpbGNoaW1wLmNvbS9lbWJlZGNvZGUvY2xhc3NpYy0wNjE1MjMuY3NzIiByZWw9InN0eWxlc2hlZXQiIHR5cGU9InRleHQvY3NzIj4KICA8c3R5bGUgdHlwZT0idGV4dC9jc3MiPgogICAgICAgICNtY19lbWJlZF9zaWdudXB7YmFja2dyb3VuZDojZmZmOyBmYWxzZTtjbGVhcjpsZWZ0OyBmb250OjE0cHggSGVsdmV0aWNhLEFyaWFsLHNhbnMtc2VyaWY7IHdpZHRoOiA2MDBweDt9CiAgICAgICAgLyogQWRkIHlvdXIgb3duIE1haWxjaGltcCBmb3JtIHN0eWxlIG92ZXJyaWRlcyBpbiB5b3VyIHNpdGUgc3R5bGVzaGVldCBvciBpbiB0aGlzIHN0eWxlIGJsb2NrLgogICAgICAgICAgIFdlIHJlY29tbWVuZCBtb3ZpbmcgdGhpcyBibG9jayBhbmQgdGhlIHByZWNlZGluZyBDU1MgbGluayB0byB0aGUgSEVBRCBvZiB5b3VyIEhUTUwgZmlsZS4gKi8KPC9zdHlsZT48c3R5bGUgdHlwZT0idGV4dC9jc3MiPgogICAgICAgICNtYy1lbWJlZGRlZC1zdWJzY3JpYmUtZm9ybSBpbnB1dFt0eXBlPWNoZWNrYm94XXtkaXNwbGF5OiBpbmxpbmU7IHdpZHRoOiBhdXRvO21hcmdpbi1yaWdodDogMTBweDt9CiNtZXJnZVJvdy1nZHByIHttYXJnaW4tdG9wOiAyMHB4O30KI21lcmdlUm93LWdkcHIgZmllbGRzZXQgbGFiZWwge2ZvbnQtd2VpZ2h0OiBub3JtYWw7fQojbWMtZW1iZWRkZWQtc3Vic2NyaWJlLWZvcm0gLm1jX2ZpZWxkc2V0e2JvcmRlcjpub25lO21pbi1oZWlnaHQ6IDBweDtwYWRkaW5nLWJvdHRvbTowcHg7fQo8L3N0eWxlPgo8ZGl2IGlkPSJtY19lbWJlZF9zaWdudXAiPgogICAgPGZvcm0gYWN0aW9uPSJodHRwczovL2V2ZW50cy51czE5Lmxpc3QtbWFuYWdlLmNvbS9zdWJzY3JpYmUvcG9zdD91PTVhZjM5ZmY0OGQzZDQzYTNkMDY4Yzc5ZTAmYW1wO2lkPWYyZDZhNzI3YTUmYW1wO3ZfaWQ9NDg3MSZhbXA7Zl9pZD0wMDhjMGFlNGYwIiBtZXRob2Q9InBvc3QiIGlkPSJtYy1lbWJlZGRlZC1zdWJzY3JpYmUtZm9ybSIgbmFtZT0ibWMtZW1iZWRkZWQtc3Vic2NyaWJlLWZvcm0iIGNsYXNzPSJ2YWxpZGF0ZSIgdGFyZ2V0PSJfYmxhbmsiPgogICAgICAgIDxkaXYgaWQ9Im1jX2VtYmVkX3NpZ251cF9zY3JvbGwiPjxoMj5GZWxpcmF0a296b208L2gyPgogICAgICAgICAgICA8ZGl2IGNsYXNzPSJpbmRpY2F0ZXMtcmVxdWlyZWQiPjxzcGFuIGNsYXNzPSJhc3RlcmlzayI+Kjwvc3Bhbj4ga8O2dGVsZXrFkWVuIGtpdMO2bHRlbmTFkTwvZGl2PgogICAgICAgICAgICA8ZGl2IGNsYXNzPSJtYy1maWVsZC1ncm91cCI+PGxhYmVsIGZvcj0ibWNlLUVNQUlMIj5FbWFpbCBjw61tIDxzcGFuIGNsYXNzPSJhc3RlcmlzayI+Kjwvc3Bhbj48L2xhYmVsPjxpbnB1dCB0eXBlPSJlbWFpbCIgbmFtZT0iRU1BSUwiIGNsYXNzPSJyZXF1aXJlZCBlbWFpbCIgaWQ9Im1jZS1FTUFJTCIgcmVxdWlyZWQ9IiIgdmFsdWU9IiI+PHNwYW4gaWQ9Im1jZS1FTUFJTC1IRUxQRVJURVhUIiBjbGFzcz0iaGVscGVyX3RleHQiPjwvc3Bhbj48L2Rpdj48ZGl2IGNsYXNzPSJtYy1maWVsZC1ncm91cCI+PGxhYmVsIGZvcj0ibWNlLUZOQU1FIj5LZXJlc3p0bsOpdiA8c3BhbiBjbGFzcz0iYXN0ZXJpc2siPio8L3NwYW4+PC9sYWJlbD48aW5wdXQgdHlwZT0idGV4dCIgbmFtZT0iRk5BTUUiIGNsYXNzPSJyZXF1aXJlZCB0ZXh0IiBpZD0ibWNlLUZOQU1FIiByZXF1aXJlZD0iIiB2YWx1ZT0iIj48L2Rpdj48ZGl2IGNsYXNzPSJtYy1maWVsZC1ncm91cCI+PGxhYmVsIGZvcj0ibWNlLUxOQU1FIj5WZXpldMOpa27DqXYgPHNwYW4gY2xhc3M9ImFzdGVyaXNrIj4qPC9zcGFuPjwvbGFiZWw+PGlucHV0IHR5cGU9InRleHQiIG5hbWU9IkxOQU1FIiBjbGFzcz0icmVxdWlyZWQgdGV4dCIgaWQ9Im1jZS1MTkFNRSIgcmVxdWlyZWQ9IiIgdmFsdWU9IiI+PC9kaXY+PGRpdiBjbGFzcz0ibWMtZmllbGQtZ3JvdXAiPjxsYWJlbCBmb3I9Im1jZS1QSE9ORSI+VGVsZWZvbnN6w6FtIChvcGNpb27DoWxpcykgPC9sYWJlbD48aW5wdXQgdHlwZT0idGV4dCIgbmFtZT0iUEhPTkUiIGNsYXNzPSJSRVFfQ1NTIiBpZD0ibWNlLVBIT05FIiB2YWx1ZT0iIj48L2Rpdj48ZGl2IGNsYXNzPSJtYy1maWVsZC1ncm91cCI+PGxhYmVsIGZvcj0ibWNlLU1NRVJHRTUiPkPDqWduw6l2IChvcGNpb27DoWxpcykgPC9sYWJlbD48aW5wdXQgdHlwZT0idGV4dCIgbmFtZT0iTU1FUkdFNSIgY2xhc3M9IiB0ZXh0IiBpZD0ibWNlLU1NRVJHRTUiIHZhbHVlPSIiPjwvZGl2PjxkaXYgY2xhc3M9Im1jLWZpZWxkLWdyb3VwIj48bGFiZWwgZm9yPSJtY2UtTU1FUkdFNiI+TWlseWVuIHTDqW3DoWsgw6lyZGVrbGlrPyA8L2xhYmVsPjxzZWxlY3QgbmFtZT0iTU1FUkdFNiIgY2xhc3M9IiIgaWQ9Im1jZS1NTUVSR0U2Ij48b3B0aW9uIHZhbHVlPSIiPjwvb3B0aW9uPjxvcHRpb24gdmFsdWU9IktvbmZlcmVuY2nDoWsiPktvbmZlcmVuY2nDoWs8L29wdGlvbj48b3B0aW9uIHZhbHVlPSJIYWNrYXRob25vayI+SGFja2F0aG9ub2s8L29wdGlvbj48b3B0aW9uIHZhbHVlPSJNaW5kZW4gQ3JhZnRIdWIgZXNlbcOpbnkiPk1pbmRlbkNyYWZ0SHViIGVzZW3DqW55PC9vcHRpb24+PC9zZWxlY3Q+PC9kaXY+PGRpdiBpZD0ibWVyZ2VSb3ctZ2RwciIgY2xhc3M9Im1lcmdlUm93IGdkcHItbWVyZ2VSb3cgY29udGVudF9fZ2RwckJsb2NrIG1jLWZpZWxkLWdyb3VwIj48ZGl2IGNsYXNzPSJjb250ZW50X19nZHByIj48bGFiZWw+TWFya2V0aW5nIGJlw6FsbMOtdMOhc29rPC9sYWJlbD48cD5Lw6lyasO8aywgdsOhbGFzc3phIGtpIGF6IMOpcnRlc8OtdMOpcyBtw7NkasOhdCA6PC9wPjxmaWVsZHNldCBjbGFzcz0ibWNfZmllbGRzZXQgZ2RwclJlcXVpcmVkIG1jLWZpZWxkLWdyb3VwIiBuYW1lPSJpbnRlcmVzdGdyb3VwX2ZpZWxkIj48bGFiZWwgY2xhc3M9ImNoZWNrYm94IHN1YmZpZWxkIiBmb3I9ImdkcHIxMjI4MjciPjxpbnB1dCB0eXBlPSJjaGVja2JveCIgaWQ9ImdkcHJfMTIyODI3IiBuYW1lPSJnZHByWzEyMjgyN10iIGNsYXNzPSJnZHByIiB2YWx1ZT0iWSI+PHNwYW4+RW1haWw8L3NwYW4+PC9sYWJlbD48L2ZpZWxkc2V0PjxwPkF6IGUtbWFpbGplaW5rIGzDoWJsw6ljw6liZW4gdGFsw6FsaGF0w7MgbGlua3JlIGthdHRpbnR2YSBiw6FybWlrb3IgbGVpcmF0a296aGF0LiBBZGF0dsOpZGVsbWkgZ3lha29ybGF0dW5ra2FsIGthcGNzb2xhdG9zIGluZm9ybcOhY2nDs2vDqXJ0IGzDoXRvZ2Fzc29uIGVsIHdlYm9sZGFsdW5rcmEuPC9wPjwvZGl2PjxkaXYgY2xhc3M9ImNvbnRlbnRfX2dkcHJMZWdhbCI+PHA+TWFya2V0aW5ncGxhdGZvcm11bmtrw6ludCBhIE1haWxjaGltcGV0IGhhc3puw6FsanVrLiBBeiBhbMOhYmJpIGdvbWJyYSBrYXR0aW50dmEgYSBmZWxpcmF0a296w6FzaG96IMOWbiB0dWRvbcOhc3VsIHZlc3ppLCBob2d5IGFkYXRhaXQgZmVsZG9sZ296w6FzIGPDqWxqw6Fiw7NsIHRvdsOhYmLDrXRqdWsgYSBNYWlsY2hpbXBoZXouIDxhIGhyZWY9Imh0dHBzOi8vbWFpbGNoaW1wLmNvbS9sZWdhbC90ZXJtcyI+VHVkam9uIG1lZyB0w7ZiYmV0PC9hPiBhIE1haWxjaGltcCBhZGF0dsOpZGVsbWkgZ3lha29ybGF0w6Fyw7NsLjwvcD48L2Rpdj48L2Rpdj4KICAgICAgICA8ZGl2IGlkPSJtY2UtcmVzcG9uc2VzIiBjbGFzcz0iY2xlYXIiPgogICAgICAgICAgICA8ZGl2IGNsYXNzPSJyZXNwb25zZSIgaWQ9Im1jZS1lcnJvci1yZXNwb25zZSIgc3R5bGU9ImRpc3BsYXk6IG5vbmU7Ij48L2Rpdj4KICAgICAgICAgICAgPGRpdiBjbGFzcz0icmVzcG9uc2UiIGlkPSJtY2Utc3VjY2Vzcy1yZXNwb25zZSIgc3R5bGU9ImRpc3BsYXk6IG5vbmU7Ij48L2Rpdj4KICAgICAgICA8L2Rpdj48ZGl2IGFyaWEtaGlkZGVuPSJ0cnVlIiBzdHlsZT0icG9zaXRpb246IGFic29sdXRlOyBsZWZ0OiAtNTAwMHB4OyI+PGlucHV0IHR5cGU9InRleHQiIG5hbWU9ImJfNWFmMzlmZjQ4ZDNkNDNhM2QwNjhjNzllMF9mMmQ2YTcyN2E1IiB0YWJpbmRleD0iLTEiIHZhbHVlPSIiPjwvZGl2PjxkaXYgY2xhc3M9ImNsZWFyIj48aW5wdXQgdHlwZT0ic3VibWl0IiBuYW1lPSJzdWJzY3JpYmUiIGlkPSJtYy1lbWJlZGRlZC1zdWJzY3JpYmUiIGNsYXNzPSJidXR0b24iIHZhbHVlPSJGZWxpcmF0a296b20iPjwvZGl2PgogICAgPC9kaXY+CjwvZm9ybT4KPC9kaXY+CjxzY3JpcHQgdHlwZT0idGV4dC9qYXZhc2NyaXB0IiBzcmM9Ii8vczMuYW1hem9uYXdzLmNvbS9kb3dubG9hZHMubWFpbGNoaW1wLmNvbS9qcy9tYy12YWxpZGF0ZS5qcyI+PC9zY3JpcHQ+PHNjcmlwdCB0eXBlPSJ0ZXh0L2phdmFzY3JpcHQiPihmdW5jdGlvbigkKSB7d2luZG93LmZuYW1lcyA9IG5ldyBBcnJheSgpOyB3aW5kb3cuZnR5cGVzID0gbmV3IEFycmF5KCk7Zm5hbWVzWzBdPSdFTUFJTCc7ZnR5cGVzWzBdPSdlbWFpbCc7Zm5hbWVzWzFdPSdGTkFNRSc7ZnR5cGVzWzFdPSd0ZXh0JztmbmFtZXNbMl09J0xOQU1FJztmdHlwZXNbMl09J3RleHQnO2ZuYW1lc1s0XT0nUEhPTkUnO2Z0eXBlc1s0XT0ncGhvbmUnO2ZuYW1lc1s1XT0nTU1FUkdFNSc7ZnR5cGVzWzVdPSd0ZXh0JztmbmFtZXNbNl09J01NRVJHRTYnO2Z0eXBlc1s2XT0nZHJvcGRvd24nO2ZuYW1lc1szXT0nQUREUkVTUyc7ZnR5cGVzWzNdPSdhZGRyZXNzJzt9KGpRdWVyeSkpO3ZhciAkbWNqID0galF1ZXJ5Lm5vQ29uZmxpY3QodHJ1ZSk7PC9zY3JpcHQ+PC9kaXY+[\/vc_raw_html][\/vc_column][vc_column width=&#8221;1\/6&#8243;][\/vc_column][\/vc_row][\/vc_section]<\/p>\n","protected":false},"author":1,"featured_media":0,"parent":0,"menu_order":0,"comment_status":"closed","ping_status":"closed","template":"","meta":{"_acf_changed":false,"footnotes":""},"class_list":["post-89935","page","type-page","status-publish","hentry"],"acf":[],"yoast_head":"<!-- This site is optimized with the Yoast SEO plugin v27.2 - https:\/\/yoast.com\/product\/yoast-seo-wordpress\/ -->\n<title>Iratkozz fel a h\u00edrlevel\u00fcnkre - CraftHub<\/title>\n<meta name=\"description\" content=\"\u00c9rdekel b\u00e1rmi, ami a CraftHub tech konferenci\u00e1ival \u00e9s hackathonjaival kapcsolatos Budapesten \u00e9s online? Iratkozz fel h\u00edrlevel\u00fcnkre, hogy ne maradj le!\" \/>\n<meta name=\"robots\" content=\"index, follow, max-snippet:-1, max-image-preview:large, max-video-preview:-1\" \/>\n<link rel=\"canonical\" href=\"https:\/\/crafthub.events\/hu\/hirlevel\/\" \/>\n<meta property=\"og:locale\" content=\"hu_HU\" \/>\n<meta property=\"og:type\" content=\"article\" \/>\n<meta property=\"og:title\" content=\"Iratkozz fel a h\u00edrlevel\u00fcnkre - CraftHub\" \/>\n<meta property=\"og:description\" content=\"\u00c9rdekel b\u00e1rmi, ami a CraftHub tech konferenci\u00e1ival \u00e9s hackathonjaival kapcsolatos Budapesten \u00e9s online? Iratkozz fel h\u00edrlevel\u00fcnkre, hogy ne maradj le!\" \/>\n<meta property=\"og:url\" content=\"https:\/\/crafthub.events\/hu\/hirlevel\/\" \/>\n<meta property=\"og:site_name\" content=\"CraftHub\" \/>\n<meta property=\"article:publisher\" content=\"https:\/\/www.facebook.com\/Crafthub.events\" \/>\n<meta property=\"article:modified_time\" content=\"2024-01-29T13:08:51+00:00\" \/>\n<meta property=\"og:image\" content=\"https:\/\/crafthub.events\/wp-content\/uploads\/featured.jpg\" \/>\n\t<meta property=\"og:image:width\" content=\"1200\" \/>\n\t<meta property=\"og:image:height\" content=\"630\" \/>\n\t<meta property=\"og:image:type\" content=\"image\/jpeg\" \/>\n<meta name=\"twitter:card\" content=\"summary_large_image\" \/>\n<meta name=\"twitter:site\" content=\"@CrafthubE\" \/>\n<meta name=\"twitter:label1\" content=\"Becs\u00fclt olvas\u00e1si id\u0151\" \/>\n\t<meta name=\"twitter:data1\" content=\"4 perc\" \/>\n<script type=\"application\/ld+json\" class=\"yoast-schema-graph\">{\"@context\":\"https:\/\/schema.org\",\"@graph\":[{\"@type\":\"WebPage\",\"@id\":\"https:\/\/crafthub.events\/hu\/hirlevel\/\",\"url\":\"https:\/\/crafthub.events\/hu\/hirlevel\/\",\"name\":\"Iratkozz fel a h\u00edrlevel\u00fcnkre - CraftHub\",\"isPartOf\":{\"@id\":\"https:\/\/crafthub.events\/hu\/#website\"},\"datePublished\":\"2021-04-19T06:16:26+00:00\",\"dateModified\":\"2024-01-29T13:08:51+00:00\",\"description\":\"\u00c9rdekel b\u00e1rmi, ami a CraftHub tech konferenci\u00e1ival \u00e9s hackathonjaival kapcsolatos Budapesten \u00e9s online? Iratkozz fel h\u00edrlevel\u00fcnkre, hogy ne maradj le!\",\"breadcrumb\":{\"@id\":\"https:\/\/crafthub.events\/hu\/hirlevel\/#breadcrumb\"},\"inLanguage\":\"hu\",\"potentialAction\":[{\"@type\":\"ReadAction\",\"target\":[\"https:\/\/crafthub.events\/hu\/hirlevel\/\"]}]},{\"@type\":\"BreadcrumbList\",\"@id\":\"https:\/\/crafthub.events\/hu\/hirlevel\/#breadcrumb\",\"itemListElement\":[{\"@type\":\"ListItem\",\"position\":1,\"name\":\"Kezd\u0151lap\",\"item\":\"https:\/\/crafthub.events\/hu\/\"},{\"@type\":\"ListItem\",\"position\":2,\"name\":\"H\u00edrlev\u00e9l\"}]},{\"@type\":\"WebSite\",\"@id\":\"https:\/\/crafthub.events\/hu\/#website\",\"url\":\"https:\/\/crafthub.events\/hu\/\",\"name\":\"CraftHub\",\"description\":\"The craft that you need!\",\"publisher\":{\"@id\":\"https:\/\/crafthub.events\/hu\/#organization\"},\"potentialAction\":[{\"@type\":\"SearchAction\",\"target\":{\"@type\":\"EntryPoint\",\"urlTemplate\":\"https:\/\/crafthub.events\/hu\/?s={search_term_string}\"},\"query-input\":{\"@type\":\"PropertyValueSpecification\",\"valueRequired\":true,\"valueName\":\"search_term_string\"}}],\"inLanguage\":\"hu\"},{\"@type\":\"Organization\",\"@id\":\"https:\/\/crafthub.events\/hu\/#organization\",\"name\":\"CraftHub\",\"url\":\"https:\/\/crafthub.events\/hu\/\",\"logo\":{\"@type\":\"ImageObject\",\"inLanguage\":\"hu\",\"@id\":\"https:\/\/crafthub.events\/hu\/#\/schema\/logo\/image\/\",\"url\":\"https:\/\/crafthub.events\/wp-content\/uploads\/ch.png\",\"contentUrl\":\"https:\/\/crafthub.events\/wp-content\/uploads\/ch.png\",\"width\":747,\"height\":693,\"caption\":\"CraftHub\"},\"image\":{\"@id\":\"https:\/\/crafthub.events\/hu\/#\/schema\/logo\/image\/\"},\"sameAs\":[\"https:\/\/www.facebook.com\/Crafthub.events\",\"https:\/\/x.com\/CrafthubE\",\"https:\/\/www.instagram.com\/crafthubevents\/\",\"https:\/\/www.linkedin.com\/company\/68526749\/admin\/\",\"https:\/\/www.youtube.com\/channel\/UC9E-wqsOP_1nRKXWIWPBhXw\"]}]}<\/script>\n<!-- \/ Yoast SEO plugin. -->","yoast_head_json":{"title":"Iratkozz fel a h\u00edrlevel\u00fcnkre - CraftHub","description":"\u00c9rdekel b\u00e1rmi, ami a CraftHub tech konferenci\u00e1ival \u00e9s hackathonjaival kapcsolatos Budapesten \u00e9s online? Iratkozz fel h\u00edrlevel\u00fcnkre, hogy ne maradj le!","robots":{"index":"index","follow":"follow","max-snippet":"max-snippet:-1","max-image-preview":"max-image-preview:large","max-video-preview":"max-video-preview:-1"},"canonical":"https:\/\/crafthub.events\/hu\/hirlevel\/","og_locale":"hu_HU","og_type":"article","og_title":"Iratkozz fel a h\u00edrlevel\u00fcnkre - CraftHub","og_description":"\u00c9rdekel b\u00e1rmi, ami a CraftHub tech konferenci\u00e1ival \u00e9s hackathonjaival kapcsolatos Budapesten \u00e9s online? Iratkozz fel h\u00edrlevel\u00fcnkre, hogy ne maradj le!","og_url":"https:\/\/crafthub.events\/hu\/hirlevel\/","og_site_name":"CraftHub","article_publisher":"https:\/\/www.facebook.com\/Crafthub.events","article_modified_time":"2024-01-29T13:08:51+00:00","og_image":[{"width":1200,"height":630,"url":"https:\/\/crafthub.events\/wp-content\/uploads\/featured.jpg","type":"image\/jpeg"}],"twitter_card":"summary_large_image","twitter_site":"@CrafthubE","twitter_misc":{"Becs\u00fclt olvas\u00e1si id\u0151":"4 perc"},"schema":{"@context":"https:\/\/schema.org","@graph":[{"@type":"WebPage","@id":"https:\/\/crafthub.events\/hu\/hirlevel\/","url":"https:\/\/crafthub.events\/hu\/hirlevel\/","name":"Iratkozz fel a h\u00edrlevel\u00fcnkre - CraftHub","isPartOf":{"@id":"https:\/\/crafthub.events\/hu\/#website"},"datePublished":"2021-04-19T06:16:26+00:00","dateModified":"2024-01-29T13:08:51+00:00","description":"\u00c9rdekel b\u00e1rmi, ami a CraftHub tech konferenci\u00e1ival \u00e9s hackathonjaival kapcsolatos Budapesten \u00e9s online? Iratkozz fel h\u00edrlevel\u00fcnkre, hogy ne maradj le!","breadcrumb":{"@id":"https:\/\/crafthub.events\/hu\/hirlevel\/#breadcrumb"},"inLanguage":"hu","potentialAction":[{"@type":"ReadAction","target":["https:\/\/crafthub.events\/hu\/hirlevel\/"]}]},{"@type":"BreadcrumbList","@id":"https:\/\/crafthub.events\/hu\/hirlevel\/#breadcrumb","itemListElement":[{"@type":"ListItem","position":1,"name":"Kezd\u0151lap","item":"https:\/\/crafthub.events\/hu\/"},{"@type":"ListItem","position":2,"name":"H\u00edrlev\u00e9l"}]},{"@type":"WebSite","@id":"https:\/\/crafthub.events\/hu\/#website","url":"https:\/\/crafthub.events\/hu\/","name":"CraftHub","description":"The craft that you need!","publisher":{"@id":"https:\/\/crafthub.events\/hu\/#organization"},"potentialAction":[{"@type":"SearchAction","target":{"@type":"EntryPoint","urlTemplate":"https:\/\/crafthub.events\/hu\/?s={search_term_string}"},"query-input":{"@type":"PropertyValueSpecification","valueRequired":true,"valueName":"search_term_string"}}],"inLanguage":"hu"},{"@type":"Organization","@id":"https:\/\/crafthub.events\/hu\/#organization","name":"CraftHub","url":"https:\/\/crafthub.events\/hu\/","logo":{"@type":"ImageObject","inLanguage":"hu","@id":"https:\/\/crafthub.events\/hu\/#\/schema\/logo\/image\/","url":"https:\/\/crafthub.events\/wp-content\/uploads\/ch.png","contentUrl":"https:\/\/crafthub.events\/wp-content\/uploads\/ch.png","width":747,"height":693,"caption":"CraftHub"},"image":{"@id":"https:\/\/crafthub.events\/hu\/#\/schema\/logo\/image\/"},"sameAs":["https:\/\/www.facebook.com\/Crafthub.events","https:\/\/x.com\/CrafthubE","https:\/\/www.instagram.com\/crafthubevents\/","https:\/\/www.linkedin.com\/company\/68526749\/admin\/","https:\/\/www.youtube.com\/channel\/UC9E-wqsOP_1nRKXWIWPBhXw"]}]}},"_links":{"self":[{"href":"https:\/\/crafthub.events\/hu\/wp-json\/wp\/v2\/pages\/89935","targetHints":{"allow":["GET"]}}],"collection":[{"href":"https:\/\/crafthub.events\/hu\/wp-json\/wp\/v2\/pages"}],"about":[{"href":"https:\/\/crafthub.events\/hu\/wp-json\/wp\/v2\/types\/page"}],"author":[{"embeddable":true,"href":"https:\/\/crafthub.events\/hu\/wp-json\/wp\/v2\/users\/1"}],"replies":[{"embeddable":true,"href":"https:\/\/crafthub.events\/hu\/wp-json\/wp\/v2\/comments?post=89935"}],"version-history":[{"count":17,"href":"https:\/\/crafthub.events\/hu\/wp-json\/wp\/v2\/pages\/89935\/revisions"}],"predecessor-version":[{"id":92447,"href":"https:\/\/crafthub.events\/hu\/wp-json\/wp\/v2\/pages\/89935\/revisions\/92447"}],"wp:attachment":[{"href":"https:\/\/crafthub.events\/hu\/wp-json\/wp\/v2\/media?parent=89935"}],"curies":[{"name":"wp","href":"https:\/\/api.w.org\/{rel}","templated":true}]}}