{"id":89941,"date":"2021-06-18T14:55:04","date_gmt":"2021-06-18T12:55:04","guid":{"rendered":"https:\/\/crafthub.events\/irja-meg-sajat-blogbejegyzeset\/"},"modified":"2023-03-21T11:59:46","modified_gmt":"2023-03-21T09:59:46","slug":"irja-meg-sajat-blogbejegyzeset","status":"publish","type":"page","link":"https:\/\/crafthub.events\/hu\/irja-meg-sajat-blogbejegyzeset\/","title":{"rendered":"\u00cdrja meg saj\u00e1t blogbejegyz\u00e9s\u00e9t"},"content":{"rendered":"<div class=\"wpb-content-wrapper\"><p>[vc_row row_height_percent=&#8221;0&#8243; override_padding=&#8221;yes&#8221; h_padding=&#8221;2&#8243; top_padding=&#8221;3&#8243; bottom_padding=&#8221;3&#8243; back_color=&#8221;color-jevc&#8221; back_image=&#8221;88531&#8243; kburns=&#8221;yes&#8221; overlay_color=&#8221;color-jevc&#8221; overlay_alpha=&#8221;90&#8243; gutter_size=&#8221;3&#8243; column_width_percent=&#8221;100&#8243; shift_y=&#8221;0&#8243; z_index=&#8221;0&#8243;][vc_column width=&#8221;1\/1&#8243;][vc_row_inner][vc_column_inner column_width_percent=&#8221;100&#8243; gutter_size=&#8221;3&#8243; overlay_alpha=&#8221;50&#8243; shift_x=&#8221;0&#8243; shift_y=&#8221;0&#8243; shift_y_down=&#8221;0&#8243; z_index=&#8221;0&#8243; medium_width=&#8221;0&#8243; mobile_width=&#8221;0&#8243; width=&#8221;1\/4&#8243;][\/vc_column_inner][vc_column_inner column_width_percent=&#8221;100&#8243; gutter_size=&#8221;3&#8243; back_color=&#8221;color-xsdn&#8221; overlay_alpha=&#8221;50&#8243; shift_x=&#8221;0&#8243; shift_y=&#8221;0&#8243; shift_y_down=&#8221;0&#8243; z_index=&#8221;0&#8243; medium_width=&#8221;0&#8243; mobile_width=&#8221;0&#8243; width=&#8221;1\/2&#8243;][vc_raw_html]PCEtLSBCZWdpbiBNYWlsY2hpbXAgU2lnbnVwIEZvcm0gLS0+CjxsaW5rIGhyZWY9Ii8vY2RuLWltYWdlcy5tYWlsY2hpbXAuY29tL2VtYmVkY29kZS9jbGFzc2ljLTEwXzcuY3NzIiByZWw9InN0eWxlc2hlZXQiIHR5cGU9InRleHQvY3NzIj4KPHN0eWxlIHR5cGU9InRleHQvY3NzIj4KCSNtY19lbWJlZF9zaWdudXB7YmFja2dyb3VuZDojZmZmOyBjbGVhcjpsZWZ0OyBmb250OjE0cHggSGVsdmV0aWNhLEFyaWFsLHNhbnMtc2VyaWY7IH0KCS8qIEFkZCB5b3VyIG93biBNYWlsY2hpbXAgZm9ybSBzdHlsZSBvdmVycmlkZXMgaW4geW91ciBzaXRlIHN0eWxlc2hlZXQgb3IgaW4gdGhpcyBzdHlsZSBibG9jay4KCSAgIFdlIHJlY29tbWVuZCBtb3ZpbmcgdGhpcyBibG9jayBhbmQgdGhlIHByZWNlZGluZyBDU1MgbGluayB0byB0aGUgSEVBRCBvZiB5b3VyIEhUTUwgZmlsZS4gKi8KPC9zdHlsZT4KPGRpdiBpZD0ibWNfZW1iZWRfc2lnbnVwIj4KPGZvcm0gYWN0aW9uPSJodHRwczovL2V2ZW50cy51czE5Lmxpc3QtbWFuYWdlLmNvbS9zdWJzY3JpYmUvcG9zdD91PTVhZjM5ZmY0OGQzZDQzYTNkMDY4Yzc5ZTAmYW1wO2lkPTVkYmQ0NTgyZDEiIG1ldGhvZD0icG9zdCIgaWQ9Im1jLWVtYmVkZGVkLXN1YnNjcmliZS1mb3JtIiBuYW1lPSJtYy1lbWJlZGRlZC1zdWJzY3JpYmUtZm9ybSIgY2xhc3M9InZhbGlkYXRlIiB0YXJnZXQ9Il9ibGFuayIgbm92YWxpZGF0ZT0iIj4KICAgIDxkaXYgaWQ9Im1jX2VtYmVkX3NpZ251cF9zY3JvbGwiPgoJPGgyPkZlbGlyYXRrb3pvbTwvaDI+CjxkaXYgY2xhc3M9ImluZGljYXRlcy1yZXF1aXJlZCI+PHNwYW4gY2xhc3M9ImFzdGVyaXNrIj4qPC9zcGFuPiBrw7Z0ZWxlesWRZW4ga2l0w7ZsdGVuZMWRPC9kaXY+CjxkaXYgY2xhc3M9Im1jLWZpZWxkLWdyb3VwIj4KCTxsYWJlbCBmb3I9Im1jZS1FTUFJTCI+RW1haWwgY8OtbSA8c3BhbiBjbGFzcz0iYXN0ZXJpc2siPio8L3NwYW4+CjwvbGFiZWw+Cgk8aW5wdXQgdHlwZT0iZW1haWwiIHZhbHVlPSIiIG5hbWU9IkVNQUlMIiBjbGFzcz0icmVxdWlyZWQgZW1haWwiIGlkPSJtY2UtRU1BSUwiPgo8L2Rpdj4KPGRpdiBjbGFzcz0ibWMtZmllbGQtZ3JvdXAiPgoJPGxhYmVsIGZvcj0ibWNlLUZOQU1FIj5LZXJlc3p0bsOpdiA8c3BhbiBjbGFzcz0iYXN0ZXJpc2siPio8L3NwYW4+CjwvbGFiZWw+Cgk8aW5wdXQgdHlwZT0idGV4dCIgdmFsdWU9IiIgbmFtZT0iRk5BTUUiIGNsYXNzPSJyZXF1aXJlZCIgaWQ9Im1jZS1GTkFNRSI+CjwvZGl2Pgo8ZGl2IGNsYXNzPSJtYy1maWVsZC1ncm91cCI+Cgk8bGFiZWwgZm9yPSJtY2UtTE5BTUUiPlZlemV0w6lrbsOpdiA8c3BhbiBjbGFzcz0iYXN0ZXJpc2siPio8L3NwYW4+CjwvbGFiZWw+Cgk8aW5wdXQgdHlwZT0idGV4dCIgdmFsdWU9IiIgbmFtZT0iTE5BTUUiIGNsYXNzPSJyZXF1aXJlZCIgaWQ9Im1jZS1MTkFNRSI+CjwvZGl2Pgo8ZGl2IGNsYXNzPSJtYy1maWVsZC1ncm91cCI+Cgk8bGFiZWwgZm9yPSJtY2UtTU1FUkdFMyI+VMOpbWEgPHNwYW4gY2xhc3M9ImFzdGVyaXNrIj4qPC9zcGFuPgo8L2xhYmVsPgoJPGlucHV0IHR5cGU9InRleHQiIHZhbHVlPSIiIG5hbWU9Ik1NRVJHRTMiIGNsYXNzPSJyZXF1aXJlZCIgaWQ9Im1jZS1NTUVSR0UzIj4KPC9kaXY+CjxkaXYgY2xhc3M9Im1jLWZpZWxkLWdyb3VwIj4KCTxsYWJlbCBmb3I9Im1jZS1NTUVSR0U0Ij7DlnNzemVmb2dsYWzDsyA8c3BhbiBjbGFzcz0iYXN0ZXJpc2siPio8L3NwYW4+CjwvbGFiZWw+Cgk8aW5wdXQgdHlwZT0idGV4dCIgdmFsdWU9IiIgbmFtZT0iTU1FUkdFNCIgY2xhc3M9InJlcXVpcmVkIiBpZD0ibWNlLU1NRVJHRTQiPgo8L2Rpdj4KCTxkaXYgaWQ9Im1jZS1yZXNwb25zZXMiIGNsYXNzPSJjbGVhciI+CgkJPGRpdiBjbGFzcz0icmVzcG9uc2UiIGlkPSJtY2UtZXJyb3ItcmVzcG9uc2UiIHN0eWxlPSJkaXNwbGF5Om5vbmUiPjwvZGl2PgoJCTxkaXYgY2xhc3M9InJlc3BvbnNlIiBpZD0ibWNlLXN1Y2Nlc3MtcmVzcG9uc2UiIHN0eWxlPSJkaXNwbGF5Om5vbmUiPjwvZGl2PgoJPC9kaXY+ICAgIDwhLS0gcmVhbCBwZW9wbGUgc2hvdWxkIG5vdCBmaWxsIHRoaXMgaW4gYW5kIGV4cGVjdCBnb29kIHRoaW5ncyAtIGRvIG5vdCByZW1vdmUgdGhpcyBvciByaXNrIGZvcm0gYm90IHNpZ251cHMtLT4KICAgIDxkaXYgc3R5bGU9InBvc2l0aW9uOiBhYnNvbHV0ZTsgbGVmdDogLTUwMDBweDsiIGFyaWEtaGlkZGVuPSJ0cnVlIj48aW5wdXQgdHlwZT0idGV4dCIgbmFtZT0iYl81YWYzOWZmNDhkM2Q0M2EzZDA2OGM3OWUwXzVkYmQ0NTgyZDEiIHRhYmluZGV4PSItMSIgdmFsdWU9IiI+PC9kaXY+CiAgICA8ZGl2IGNsYXNzPSJjbGVhciI+PGlucHV0IHR5cGU9InN1Ym1pdCIgdmFsdWU9IkZlbGlyYXRrb3pvbSIgbmFtZT0ic3Vic2NyaWJlIiBpZD0ibWMtZW1iZWRkZWQtc3Vic2NyaWJlIiBjbGFzcz0iYnV0dG9uIj48L2Rpdj4KICAgIDwvZGl2Pgo8L2Zvcm0+CjwvZGl2Pgo8c2NyaXB0IHR5cGU9InRleHQvamF2YXNjcmlwdCIgc3JjPSIvL3MzLmFtYXpvbmF3cy5jb20vZG93bmxvYWRzLm1haWxjaGltcC5jb20vanMvbWMtdmFsaWRhdGUuanMiPjwvc2NyaXB0PjxzY3JpcHQgdHlwZT0idGV4dC9qYXZhc2NyaXB0Ij4oZnVuY3Rpb24oJCkge3dpbmRvdy5mbmFtZXMgPSBuZXcgQXJyYXkoKTsgd2luZG93LmZ0eXBlcyA9IG5ldyBBcnJheSgpO2ZuYW1lc1swXT0nRU1BSUwnO2Z0eXBlc1swXT0nZW1haWwnO2ZuYW1lc1sxXT0nRk5BTUUnO2Z0eXBlc1sxXT0ndGV4dCc7Zm5hbWVzWzJdPSdMTkFNRSc7ZnR5cGVzWzJdPSd0ZXh0JztmbmFtZXNbM109J01NRVJHRTMnO2Z0eXBlc1szXT0ndGV4dCc7Zm5hbWVzWzRdPSdNTUVSR0U0JztmdHlwZXNbNF09J3RleHQnO30oalF1ZXJ5KSk7dmFyICRtY2ogPSBqUXVlcnkubm9Db25mbGljdCh0cnVlKTs8L3NjcmlwdD4KPCEtLUVuZCBtY19lbWJlZF9zaWdudXAtLT4=[\/vc_raw_html][\/vc_column_inner][vc_column_inner width=&#8221;1\/4&#8243;][\/vc_column_inner][\/vc_row_inner][\/vc_column][\/vc_row]<\/p>\n<\/div>","protected":false},"excerpt":{"rendered":"<p>[vc_row row_height_percent=&#8221;0&#8243; override_padding=&#8221;yes&#8221; h_padding=&#8221;2&#8243; top_padding=&#8221;3&#8243; bottom_padding=&#8221;3&#8243; back_color=&#8221;color-jevc&#8221; back_image=&#8221;88531&#8243; kburns=&#8221;yes&#8221; overlay_color=&#8221;color-jevc&#8221; overlay_alpha=&#8221;90&#8243; gutter_size=&#8221;3&#8243; column_width_percent=&#8221;100&#8243; shift_y=&#8221;0&#8243; z_index=&#8221;0&#8243;][vc_column width=&#8221;1\/1&#8243;][vc_row_inner][vc_column_inner column_width_percent=&#8221;100&#8243; gutter_size=&#8221;3&#8243; overlay_alpha=&#8221;50&#8243; shift_x=&#8221;0&#8243; [&hellip;]<\/p>\n","protected":false},"author":1,"featured_media":0,"parent":0,"menu_order":0,"comment_status":"closed","ping_status":"closed","template":"","meta":{"_acf_changed":false,"footnotes":""},"class_list":["post-89941","page","type-page","status-publish","hentry"],"acf":[],"yoast_head":"<!-- This site is optimized with the Yoast SEO plugin v27.2 - https:\/\/yoast.com\/product\/yoast-seo-wordpress\/ -->\n<title>\u00cdrd meg saj\u00e1t tech-t\u00e9m\u00e1j\u00fa blogposztod a CraftHub-n\u00e1l<\/title>\n<meta name=\"description\" content=\"Ha \u00e9rdekelnek \u00edr\u00f3i lehet\u0151s\u00e9gek tech \u00e9s IT ter\u00fcleten, vagy van relev\u00e1ns munk\u00e1d, amit k\u00f6zz\u00e9tenn\u00e9l, vedd fel vel\u00fcnk a kapcsolatot itt!\" \/>\n<meta name=\"robots\" content=\"index, follow, max-snippet:-1, max-image-preview:large, max-video-preview:-1\" \/>\n<link rel=\"canonical\" href=\"https:\/\/crafthub.events\/hu\/irja-meg-sajat-blogbejegyzeset\/\" \/>\n<meta property=\"og:locale\" content=\"hu_HU\" \/>\n<meta property=\"og:type\" content=\"article\" \/>\n<meta property=\"og:title\" content=\"\u00cdrd meg saj\u00e1t tech-t\u00e9m\u00e1j\u00fa blogposztod a CraftHub-n\u00e1l\" \/>\n<meta property=\"og:description\" content=\"Ha \u00e9rdekelnek \u00edr\u00f3i lehet\u0151s\u00e9gek tech \u00e9s IT ter\u00fcleten, vagy van relev\u00e1ns munk\u00e1d, amit k\u00f6zz\u00e9tenn\u00e9l, vedd fel vel\u00fcnk a kapcsolatot itt!\" \/>\n<meta property=\"og:url\" content=\"https:\/\/crafthub.events\/hu\/irja-meg-sajat-blogbejegyzeset\/\" \/>\n<meta property=\"og:site_name\" content=\"CraftHub\" \/>\n<meta property=\"article:publisher\" content=\"https:\/\/www.facebook.com\/Crafthub.events\" \/>\n<meta property=\"article:modified_time\" content=\"2023-03-21T09:59:46+00:00\" \/>\n<meta property=\"og:image\" content=\"https:\/\/crafthub.events\/wp-content\/uploads\/featured.jpg\" \/>\n\t<meta property=\"og:image:width\" content=\"1200\" \/>\n\t<meta property=\"og:image:height\" content=\"630\" \/>\n\t<meta property=\"og:image:type\" content=\"image\/jpeg\" \/>\n<meta name=\"twitter:card\" content=\"summary_large_image\" \/>\n<meta name=\"twitter:site\" content=\"@CrafthubE\" \/>\n<meta name=\"twitter:label1\" content=\"Becs\u00fclt olvas\u00e1si id\u0151\" \/>\n\t<meta name=\"twitter:data1\" content=\"3 perc\" \/>\n<script type=\"application\/ld+json\" class=\"yoast-schema-graph\">{\"@context\":\"https:\/\/schema.org\",\"@graph\":[{\"@type\":\"WebPage\",\"@id\":\"https:\/\/crafthub.events\/hu\/irja-meg-sajat-blogbejegyzeset\/\",\"url\":\"https:\/\/crafthub.events\/hu\/irja-meg-sajat-blogbejegyzeset\/\",\"name\":\"\u00cdrd meg saj\u00e1t tech-t\u00e9m\u00e1j\u00fa blogposztod a CraftHub-n\u00e1l\",\"isPartOf\":{\"@id\":\"https:\/\/crafthub.events\/hu\/#website\"},\"datePublished\":\"2021-06-18T12:55:04+00:00\",\"dateModified\":\"2023-03-21T09:59:46+00:00\",\"description\":\"Ha \u00e9rdekelnek \u00edr\u00f3i lehet\u0151s\u00e9gek tech \u00e9s IT ter\u00fcleten, vagy van relev\u00e1ns munk\u00e1d, amit k\u00f6zz\u00e9tenn\u00e9l, vedd fel vel\u00fcnk a kapcsolatot itt!\",\"breadcrumb\":{\"@id\":\"https:\/\/crafthub.events\/hu\/irja-meg-sajat-blogbejegyzeset\/#breadcrumb\"},\"inLanguage\":\"hu\",\"potentialAction\":[{\"@type\":\"ReadAction\",\"target\":[\"https:\/\/crafthub.events\/hu\/irja-meg-sajat-blogbejegyzeset\/\"]}]},{\"@type\":\"BreadcrumbList\",\"@id\":\"https:\/\/crafthub.events\/hu\/irja-meg-sajat-blogbejegyzeset\/#breadcrumb\",\"itemListElement\":[{\"@type\":\"ListItem\",\"position\":1,\"name\":\"Kezd\u0151lap\",\"item\":\"https:\/\/crafthub.events\/hu\/\"},{\"@type\":\"ListItem\",\"position\":2,\"name\":\"\u00cdrja meg saj\u00e1t blogbejegyz\u00e9s\u00e9t\"}]},{\"@type\":\"WebSite\",\"@id\":\"https:\/\/crafthub.events\/hu\/#website\",\"url\":\"https:\/\/crafthub.events\/hu\/\",\"name\":\"CraftHub\",\"description\":\"The craft that you need!\",\"publisher\":{\"@id\":\"https:\/\/crafthub.events\/hu\/#organization\"},\"potentialAction\":[{\"@type\":\"SearchAction\",\"target\":{\"@type\":\"EntryPoint\",\"urlTemplate\":\"https:\/\/crafthub.events\/hu\/?s={search_term_string}\"},\"query-input\":{\"@type\":\"PropertyValueSpecification\",\"valueRequired\":true,\"valueName\":\"search_term_string\"}}],\"inLanguage\":\"hu\"},{\"@type\":\"Organization\",\"@id\":\"https:\/\/crafthub.events\/hu\/#organization\",\"name\":\"CraftHub\",\"url\":\"https:\/\/crafthub.events\/hu\/\",\"logo\":{\"@type\":\"ImageObject\",\"inLanguage\":\"hu\",\"@id\":\"https:\/\/crafthub.events\/hu\/#\/schema\/logo\/image\/\",\"url\":\"https:\/\/crafthub.events\/wp-content\/uploads\/ch.png\",\"contentUrl\":\"https:\/\/crafthub.events\/wp-content\/uploads\/ch.png\",\"width\":747,\"height\":693,\"caption\":\"CraftHub\"},\"image\":{\"@id\":\"https:\/\/crafthub.events\/hu\/#\/schema\/logo\/image\/\"},\"sameAs\":[\"https:\/\/www.facebook.com\/Crafthub.events\",\"https:\/\/x.com\/CrafthubE\",\"https:\/\/www.instagram.com\/crafthubevents\/\",\"https:\/\/www.linkedin.com\/company\/68526749\/admin\/\",\"https:\/\/www.youtube.com\/channel\/UC9E-wqsOP_1nRKXWIWPBhXw\"]}]}<\/script>\n<!-- \/ Yoast SEO plugin. -->","yoast_head_json":{"title":"\u00cdrd meg saj\u00e1t tech-t\u00e9m\u00e1j\u00fa blogposztod a CraftHub-n\u00e1l","description":"Ha \u00e9rdekelnek \u00edr\u00f3i lehet\u0151s\u00e9gek tech \u00e9s IT ter\u00fcleten, vagy van relev\u00e1ns munk\u00e1d, amit k\u00f6zz\u00e9tenn\u00e9l, vedd fel vel\u00fcnk a kapcsolatot itt!","robots":{"index":"index","follow":"follow","max-snippet":"max-snippet:-1","max-image-preview":"max-image-preview:large","max-video-preview":"max-video-preview:-1"},"canonical":"https:\/\/crafthub.events\/hu\/irja-meg-sajat-blogbejegyzeset\/","og_locale":"hu_HU","og_type":"article","og_title":"\u00cdrd meg saj\u00e1t tech-t\u00e9m\u00e1j\u00fa blogposztod a CraftHub-n\u00e1l","og_description":"Ha \u00e9rdekelnek \u00edr\u00f3i lehet\u0151s\u00e9gek tech \u00e9s IT ter\u00fcleten, vagy van relev\u00e1ns munk\u00e1d, amit k\u00f6zz\u00e9tenn\u00e9l, vedd fel vel\u00fcnk a kapcsolatot itt!","og_url":"https:\/\/crafthub.events\/hu\/irja-meg-sajat-blogbejegyzeset\/","og_site_name":"CraftHub","article_publisher":"https:\/\/www.facebook.com\/Crafthub.events","article_modified_time":"2023-03-21T09:59:46+00:00","og_image":[{"width":1200,"height":630,"url":"https:\/\/crafthub.events\/wp-content\/uploads\/featured.jpg","type":"image\/jpeg"}],"twitter_card":"summary_large_image","twitter_site":"@CrafthubE","twitter_misc":{"Becs\u00fclt olvas\u00e1si id\u0151":"3 perc"},"schema":{"@context":"https:\/\/schema.org","@graph":[{"@type":"WebPage","@id":"https:\/\/crafthub.events\/hu\/irja-meg-sajat-blogbejegyzeset\/","url":"https:\/\/crafthub.events\/hu\/irja-meg-sajat-blogbejegyzeset\/","name":"\u00cdrd meg saj\u00e1t tech-t\u00e9m\u00e1j\u00fa blogposztod a CraftHub-n\u00e1l","isPartOf":{"@id":"https:\/\/crafthub.events\/hu\/#website"},"datePublished":"2021-06-18T12:55:04+00:00","dateModified":"2023-03-21T09:59:46+00:00","description":"Ha \u00e9rdekelnek \u00edr\u00f3i lehet\u0151s\u00e9gek tech \u00e9s IT ter\u00fcleten, vagy van relev\u00e1ns munk\u00e1d, amit k\u00f6zz\u00e9tenn\u00e9l, vedd fel vel\u00fcnk a kapcsolatot itt!","breadcrumb":{"@id":"https:\/\/crafthub.events\/hu\/irja-meg-sajat-blogbejegyzeset\/#breadcrumb"},"inLanguage":"hu","potentialAction":[{"@type":"ReadAction","target":["https:\/\/crafthub.events\/hu\/irja-meg-sajat-blogbejegyzeset\/"]}]},{"@type":"BreadcrumbList","@id":"https:\/\/crafthub.events\/hu\/irja-meg-sajat-blogbejegyzeset\/#breadcrumb","itemListElement":[{"@type":"ListItem","position":1,"name":"Kezd\u0151lap","item":"https:\/\/crafthub.events\/hu\/"},{"@type":"ListItem","position":2,"name":"\u00cdrja meg saj\u00e1t blogbejegyz\u00e9s\u00e9t"}]},{"@type":"WebSite","@id":"https:\/\/crafthub.events\/hu\/#website","url":"https:\/\/crafthub.events\/hu\/","name":"CraftHub","description":"The craft that you need!","publisher":{"@id":"https:\/\/crafthub.events\/hu\/#organization"},"potentialAction":[{"@type":"SearchAction","target":{"@type":"EntryPoint","urlTemplate":"https:\/\/crafthub.events\/hu\/?s={search_term_string}"},"query-input":{"@type":"PropertyValueSpecification","valueRequired":true,"valueName":"search_term_string"}}],"inLanguage":"hu"},{"@type":"Organization","@id":"https:\/\/crafthub.events\/hu\/#organization","name":"CraftHub","url":"https:\/\/crafthub.events\/hu\/","logo":{"@type":"ImageObject","inLanguage":"hu","@id":"https:\/\/crafthub.events\/hu\/#\/schema\/logo\/image\/","url":"https:\/\/crafthub.events\/wp-content\/uploads\/ch.png","contentUrl":"https:\/\/crafthub.events\/wp-content\/uploads\/ch.png","width":747,"height":693,"caption":"CraftHub"},"image":{"@id":"https:\/\/crafthub.events\/hu\/#\/schema\/logo\/image\/"},"sameAs":["https:\/\/www.facebook.com\/Crafthub.events","https:\/\/x.com\/CrafthubE","https:\/\/www.instagram.com\/crafthubevents\/","https:\/\/www.linkedin.com\/company\/68526749\/admin\/","https:\/\/www.youtube.com\/channel\/UC9E-wqsOP_1nRKXWIWPBhXw"]}]}},"_links":{"self":[{"href":"https:\/\/crafthub.events\/hu\/wp-json\/wp\/v2\/pages\/89941","targetHints":{"allow":["GET"]}}],"collection":[{"href":"https:\/\/crafthub.events\/hu\/wp-json\/wp\/v2\/pages"}],"about":[{"href":"https:\/\/crafthub.events\/hu\/wp-json\/wp\/v2\/types\/page"}],"author":[{"embeddable":true,"href":"https:\/\/crafthub.events\/hu\/wp-json\/wp\/v2\/users\/1"}],"replies":[{"embeddable":true,"href":"https:\/\/crafthub.events\/hu\/wp-json\/wp\/v2\/comments?post=89941"}],"version-history":[{"count":10,"href":"https:\/\/crafthub.events\/hu\/wp-json\/wp\/v2\/pages\/89941\/revisions"}],"predecessor-version":[{"id":91120,"href":"https:\/\/crafthub.events\/hu\/wp-json\/wp\/v2\/pages\/89941\/revisions\/91120"}],"wp:attachment":[{"href":"https:\/\/crafthub.events\/hu\/wp-json\/wp\/v2\/media?parent=89941"}],"curies":[{"name":"wp","href":"https:\/\/api.w.org\/{rel}","templated":true}]}}