{"id":89954,"date":"2021-04-18T09:21:24","date_gmt":"2021-04-18T07:21:24","guid":{"rendered":"https:\/\/crafthub.events\/craft-conference\/"},"modified":"2024-07-15T09:49:32","modified_gmt":"2024-07-15T07:49:32","slug":"craft-conference","status":"publish","type":"page","link":"https:\/\/crafthub.events\/hu\/craft-conference\/","title":{"rendered":"Craft Konferencia"},"content":{"rendered":"<div class=\"wpb-content-wrapper\"><p>[vc_section][vc_row row_height_percent=&#8221;0&#8243; override_padding=&#8221;yes&#8221; h_padding=&#8221;2&#8243; top_padding=&#8221;3&#8243; bottom_padding=&#8221;2&#8243; overlay_alpha=&#8221;50&#8243; gutter_size=&#8221;3&#8243; column_width_percent=&#8221;100&#8243; shift_y=&#8221;0&#8243; z_index=&#8221;0&#8243; uncode_shortcode_id=&#8221;119374&#8243;][vc_column width=&#8221;7\/12&#8243;][vc_single_image media=&#8221;88680&#8243; media_width_use_pixel=&#8221;yes&#8221; media_width_pixel=&#8221;300&#8243;][vc_column_text uncode_shortcode_id=&#8221;713365&#8243;]<strong>T\u00e9ma:<\/strong> Szoftverfejleszt\u00e9s<br \/>\n<strong>Helysz\u00edn:<\/strong> Budapest (Magyarorsz\u00e1g) \u00e9s online<br \/>\n<strong>Strukt\u00fara:<\/strong> 2 el\u0151ad\u00e1s nap, 2 workshop nap<br \/>\n<strong>K\u00f6vetkez\u0151 konferencia:<\/strong> 2025<\/p>\n<p>A Craft egy olyan inkluz\u00edv konferencia szoftverfejleszt\u0151i t\u00e9m\u00e1ban, mely ir\u00e1nyt\u0171k\u00e9nt szolg\u00e1l modern fejleszt\u0151k \u00e9s v\u00e1llalatok r\u00e9sz\u00e9re az \u00faj szoftver technol\u00f3gi\u00e1k \u00e9s trendek ter\u00e9n, nemzetk\u00f6zi szak\u00e9rt\u0151k el\u0151ad\u00e1sain \u00e9s workshopjain kereszt\u00fcl.[\/vc_column_text][\/vc_column][vc_column column_width_percent=&#8221;100&#8243; position_vertical=&#8221;middle&#8221; align_horizontal=&#8221;align_center&#8221; gutter_size=&#8221;3&#8243; overlay_alpha=&#8221;50&#8243; shift_x=&#8221;0&#8243; shift_y=&#8221;0&#8243; shift_y_down=&#8221;0&#8243; z_index=&#8221;0&#8243; medium_width=&#8221;0&#8243; mobile_width=&#8221;0&#8243; width=&#8221;5\/12&#8243; uncode_shortcode_id=&#8221;115469&#8243;][vc_single_image media=&#8221;92825&#8243; media_width_percent=&#8221;100&#8243; uncode_shortcode_id=&#8221;208498&#8243;][vc_button button_color=&#8221;accent&#8221; size=&#8221;btn-lg&#8221; wide=&#8221;yes&#8221; border_width=&#8221;0&#8243; icon_position=&#8221;right&#8221; link=&#8221;url:https%3A%2F%2Fcraft-conf.com%2F|target:_blank|rel:nofollow|&#8221; icon=&#8221;fa fa-link3&#8243; button_color_type=&#8221;uncode-palette&#8221; uncode_shortcode_id=&#8221;316297&#8243;]craft-conf.com[\/vc_button][\/vc_column][\/vc_row][\/vc_section][vc_section back_color=&#8221;color-lxmt&#8221; overlay_alpha=&#8221;50&#8243; uncode_shortcode_id=&#8221;796594&#8243; back_color_type=&#8221;uncode-palette&#8221;][vc_row row_height_percent=&#8221;0&#8243; override_padding=&#8221;yes&#8221; h_padding=&#8221;2&#8243; top_padding=&#8221;3&#8243; bottom_padding=&#8221;0&#8243; overlay_alpha=&#8221;50&#8243; gutter_size=&#8221;3&#8243; column_width_percent=&#8221;100&#8243; shift_y=&#8221;0&#8243; z_index=&#8221;0&#8243; uncode_shortcode_id=&#8221;710798&#8243;][vc_column column_width_percent=&#8221;100&#8243; align_horizontal=&#8221;align_center&#8221; gutter_size=&#8221;3&#8243; overlay_alpha=&#8221;50&#8243; shift_x=&#8221;0&#8243; shift_y=&#8221;0&#8243; shift_y_down=&#8221;0&#8243; z_index=&#8221;0&#8243; medium_width=&#8221;0&#8243; mobile_width=&#8221;0&#8243; width=&#8221;1\/1&#8243;][vc_column_text uncode_shortcode_id=&#8221;901584&#8243;]<\/p>\n<h2 style=\"text-align: center;\">Legut\u00f3bbi esem\u00e9ny sz\u00e1mokban:<\/h2>\n<p>[\/vc_column_text][\/vc_column][\/vc_row][\/vc_section][vc_section back_color=&#8221;color-lxmt&#8221; overlay_alpha=&#8221;50&#8243; uncode_shortcode_id=&#8221;796594&#8243; back_color_type=&#8221;uncode-palette&#8221;][vc_row row_height_percent=&#8221;0&#8243; override_padding=&#8221;yes&#8221; h_padding=&#8221;2&#8243; top_padding=&#8221;3&#8243; bottom_padding=&#8221;3&#8243; overlay_alpha=&#8221;50&#8243; gutter_size=&#8221;3&#8243; column_width_percent=&#8221;100&#8243; shift_y=&#8221;0&#8243; z_index=&#8221;0&#8243; uncode_shortcode_id=&#8221;107395&#8243;][vc_column column_width_percent=&#8221;100&#8243; align_horizontal=&#8221;align_center&#8221; gutter_size=&#8221;3&#8243; overlay_alpha=&#8221;50&#8243; shift_x=&#8221;0&#8243; shift_y=&#8221;0&#8243; shift_y_down=&#8221;0&#8243; z_index=&#8221;0&#8243; medium_width=&#8221;0&#8243; mobile_width=&#8221;0&#8243; width=&#8221;1\/3&#8243;][uncode_counter value=&#8221;2000&#8243; counter_color=&#8221;&#8221; size=&#8221;h2&#8243; weight=&#8221;700&#8243; separator=&#8221;yes&#8221; text=&#8221;r\u00e9sztvev\u0151&#8221; uncode_shortcode_id=&#8221;145373&#8243; suffix=&#8221;+&#8221;][\/vc_column][vc_column column_width_percent=&#8221;100&#8243; align_horizontal=&#8221;align_center&#8221; gutter_size=&#8221;3&#8243; overlay_alpha=&#8221;50&#8243; shift_x=&#8221;0&#8243; shift_y=&#8221;0&#8243; shift_y_down=&#8221;0&#8243; z_index=&#8221;0&#8243; medium_width=&#8221;0&#8243; mobile_width=&#8221;0&#8243; width=&#8221;1\/3&#8243;][uncode_counter value=&#8221;80&#8243; counter_color=&#8221;&#8221; size=&#8221;h2&#8243; weight=&#8221;700&#8243; separator=&#8221;yes&#8221; text=&#8221;el\u0151ad\u00f3&#8221; uncode_shortcode_id=&#8221;142155&#8243; suffix=&#8221;+&#8221;][\/vc_column][vc_column column_width_percent=&#8221;100&#8243; align_horizontal=&#8221;align_center&#8221; gutter_size=&#8221;3&#8243; overlay_alpha=&#8221;50&#8243; shift_x=&#8221;0&#8243; shift_y=&#8221;0&#8243; shift_y_down=&#8221;0&#8243; z_index=&#8221;0&#8243; medium_width=&#8221;0&#8243; mobile_width=&#8221;0&#8243; width=&#8221;1\/3&#8243;][uncode_counter value=&#8221;30&#8243; counter_color=&#8221;&#8221; size=&#8221;h2&#8243; weight=&#8221;700&#8243; separator=&#8221;yes&#8221; text=&#8221;t\u00e1mogat\u00f3&#8221; uncode_shortcode_id=&#8221;118884&#8243; suffix=&#8221;+&#8221;][\/vc_column][\/vc_row][\/vc_section]<\/p>\n<\/div>","protected":false},"excerpt":{"rendered":"<p>[vc_section][vc_row row_height_percent=&#8221;0&#8243; override_padding=&#8221;yes&#8221; h_padding=&#8221;2&#8243; top_padding=&#8221;3&#8243; bottom_padding=&#8221;2&#8243; overlay_alpha=&#8221;50&#8243; gutter_size=&#8221;3&#8243; column_width_percent=&#8221;100&#8243; shift_y=&#8221;0&#8243; z_index=&#8221;0&#8243; uncode_shortcode_id=&#8221;119374&#8243;][vc_column width=&#8221;7\/12&#8243;][vc_single_image media=&#8221;88680&#8243; media_width_use_pixel=&#8221;yes&#8221; media_width_pixel=&#8221;300&#8243;][vc_column_text uncode_shortcode_id=&#8221;713365&#8243;]T\u00e9ma: Szoftverfejleszt\u00e9s Helysz\u00edn: Budapest [&hellip;]<\/p>\n","protected":false},"author":1,"featured_media":91749,"parent":0,"menu_order":0,"comment_status":"closed","ping_status":"closed","template":"","meta":{"_acf_changed":false,"footnotes":""},"class_list":["post-89954","page","type-page","status-publish","has-post-thumbnail","hentry"],"acf":[],"yoast_head":"<!-- This site is optimized with the Yoast SEO plugin v27.2 - https:\/\/yoast.com\/product\/yoast-seo-wordpress\/ -->\n<title>Craft szoftverfejleszt\u0151 Konferencia Budapesten - Hibrid - CraftHub<\/title>\n<meta name=\"description\" content=\"\u00datmutat\u00f3 esem\u00e9ny a modern fejleszt\u0151k \u00e9s v\u00e1llalatok r\u00e9sz\u00e9re az \u00faj szoftver technol\u00f3gi\u00e1k \u00e9s trendek ter\u00e9n, nemzetk\u00f6zi szak\u00e9rt\u0151k el\u0151ad\u00e1sain \u00e9s workshopjain kereszt\u00fcl.\" \/>\n<meta name=\"robots\" content=\"index, follow, max-snippet:-1, max-image-preview:large, max-video-preview:-1\" \/>\n<link rel=\"canonical\" href=\"https:\/\/crafthub.events\/hu\/craft-conference\/\" \/>\n<meta property=\"og:locale\" content=\"hu_HU\" \/>\n<meta property=\"og:type\" content=\"article\" \/>\n<meta property=\"og:title\" content=\"Craft szoftverfejleszt\u0151 Konferencia Budapesten - Hibrid - CraftHub\" \/>\n<meta property=\"og:description\" content=\"\u00datmutat\u00f3 esem\u00e9ny a modern fejleszt\u0151k \u00e9s v\u00e1llalatok r\u00e9sz\u00e9re az \u00faj szoftver technol\u00f3gi\u00e1k \u00e9s trendek ter\u00e9n, nemzetk\u00f6zi szak\u00e9rt\u0151k el\u0151ad\u00e1sain \u00e9s workshopjain kereszt\u00fcl.\" \/>\n<meta property=\"og:url\" content=\"https:\/\/crafthub.events\/hu\/craft-conference\/\" \/>\n<meta property=\"og:site_name\" content=\"CraftHub\" \/>\n<meta property=\"article:publisher\" content=\"https:\/\/www.facebook.com\/Crafthub.events\" \/>\n<meta property=\"article:modified_time\" content=\"2024-07-15T07:49:32+00:00\" \/>\n<meta property=\"og:image\" content=\"https:\/\/crafthub.events\/wp-content\/uploads\/craft-conf-2023.jpg\" \/>\n\t<meta property=\"og:image:width\" content=\"1920\" \/>\n\t<meta property=\"og:image:height\" content=\"1280\" \/>\n\t<meta property=\"og:image:type\" content=\"image\/jpeg\" \/>\n<meta name=\"twitter:card\" content=\"summary_large_image\" \/>\n<meta name=\"twitter:site\" content=\"@CrafthubE\" \/>\n<meta name=\"twitter:label1\" content=\"Becs\u00fclt olvas\u00e1si id\u0151\" \/>\n\t<meta name=\"twitter:data1\" content=\"2 perc\" \/>\n<script type=\"application\/ld+json\" class=\"yoast-schema-graph\">{\"@context\":\"https:\/\/schema.org\",\"@graph\":[{\"@type\":\"WebPage\",\"@id\":\"https:\/\/crafthub.events\/hu\/craft-conference\/\",\"url\":\"https:\/\/crafthub.events\/hu\/craft-conference\/\",\"name\":\"Craft szoftverfejleszt\u0151 Konferencia Budapesten - Hibrid - CraftHub\",\"isPartOf\":{\"@id\":\"https:\/\/crafthub.events\/hu\/#website\"},\"primaryImageOfPage\":{\"@id\":\"https:\/\/crafthub.events\/hu\/craft-conference\/#primaryimage\"},\"image\":{\"@id\":\"https:\/\/crafthub.events\/hu\/craft-conference\/#primaryimage\"},\"thumbnailUrl\":\"https:\/\/crafthub.events\/wp-content\/uploads\/craft-conf-2023.jpg\",\"datePublished\":\"2021-04-18T07:21:24+00:00\",\"dateModified\":\"2024-07-15T07:49:32+00:00\",\"description\":\"\u00datmutat\u00f3 esem\u00e9ny a modern fejleszt\u0151k \u00e9s v\u00e1llalatok r\u00e9sz\u00e9re az \u00faj szoftver technol\u00f3gi\u00e1k \u00e9s trendek ter\u00e9n, nemzetk\u00f6zi szak\u00e9rt\u0151k el\u0151ad\u00e1sain \u00e9s workshopjain kereszt\u00fcl.\",\"breadcrumb\":{\"@id\":\"https:\/\/crafthub.events\/hu\/craft-conference\/#breadcrumb\"},\"inLanguage\":\"hu\",\"potentialAction\":[{\"@type\":\"ReadAction\",\"target\":[\"https:\/\/crafthub.events\/hu\/craft-conference\/\"]}]},{\"@type\":\"ImageObject\",\"inLanguage\":\"hu\",\"@id\":\"https:\/\/crafthub.events\/hu\/craft-conference\/#primaryimage\",\"url\":\"https:\/\/crafthub.events\/wp-content\/uploads\/craft-conf-2023.jpg\",\"contentUrl\":\"https:\/\/crafthub.events\/wp-content\/uploads\/craft-conf-2023.jpg\",\"width\":1920,\"height\":1280,\"caption\":\"Craft Conf 2023\"},{\"@type\":\"BreadcrumbList\",\"@id\":\"https:\/\/crafthub.events\/hu\/craft-conference\/#breadcrumb\",\"itemListElement\":[{\"@type\":\"ListItem\",\"position\":1,\"name\":\"Kezd\u0151lap\",\"item\":\"https:\/\/crafthub.events\/hu\/\"},{\"@type\":\"ListItem\",\"position\":2,\"name\":\"Craft Konferencia\"}]},{\"@type\":\"WebSite\",\"@id\":\"https:\/\/crafthub.events\/hu\/#website\",\"url\":\"https:\/\/crafthub.events\/hu\/\",\"name\":\"CraftHub\",\"description\":\"The craft that you need!\",\"publisher\":{\"@id\":\"https:\/\/crafthub.events\/hu\/#organization\"},\"potentialAction\":[{\"@type\":\"SearchAction\",\"target\":{\"@type\":\"EntryPoint\",\"urlTemplate\":\"https:\/\/crafthub.events\/hu\/?s={search_term_string}\"},\"query-input\":{\"@type\":\"PropertyValueSpecification\",\"valueRequired\":true,\"valueName\":\"search_term_string\"}}],\"inLanguage\":\"hu\"},{\"@type\":\"Organization\",\"@id\":\"https:\/\/crafthub.events\/hu\/#organization\",\"name\":\"CraftHub\",\"url\":\"https:\/\/crafthub.events\/hu\/\",\"logo\":{\"@type\":\"ImageObject\",\"inLanguage\":\"hu\",\"@id\":\"https:\/\/crafthub.events\/hu\/#\/schema\/logo\/image\/\",\"url\":\"https:\/\/crafthub.events\/wp-content\/uploads\/ch.png\",\"contentUrl\":\"https:\/\/crafthub.events\/wp-content\/uploads\/ch.png\",\"width\":747,\"height\":693,\"caption\":\"CraftHub\"},\"image\":{\"@id\":\"https:\/\/crafthub.events\/hu\/#\/schema\/logo\/image\/\"},\"sameAs\":[\"https:\/\/www.facebook.com\/Crafthub.events\",\"https:\/\/x.com\/CrafthubE\",\"https:\/\/www.instagram.com\/crafthubevents\/\",\"https:\/\/www.linkedin.com\/company\/68526749\/admin\/\",\"https:\/\/www.youtube.com\/channel\/UC9E-wqsOP_1nRKXWIWPBhXw\"]}]}<\/script>\n<!-- \/ Yoast SEO plugin. -->","yoast_head_json":{"title":"Craft szoftverfejleszt\u0151 Konferencia Budapesten - Hibrid - CraftHub","description":"\u00datmutat\u00f3 esem\u00e9ny a modern fejleszt\u0151k \u00e9s v\u00e1llalatok r\u00e9sz\u00e9re az \u00faj szoftver technol\u00f3gi\u00e1k \u00e9s trendek ter\u00e9n, nemzetk\u00f6zi szak\u00e9rt\u0151k el\u0151ad\u00e1sain \u00e9s workshopjain kereszt\u00fcl.","robots":{"index":"index","follow":"follow","max-snippet":"max-snippet:-1","max-image-preview":"max-image-preview:large","max-video-preview":"max-video-preview:-1"},"canonical":"https:\/\/crafthub.events\/hu\/craft-conference\/","og_locale":"hu_HU","og_type":"article","og_title":"Craft szoftverfejleszt\u0151 Konferencia Budapesten - Hibrid - CraftHub","og_description":"\u00datmutat\u00f3 esem\u00e9ny a modern fejleszt\u0151k \u00e9s v\u00e1llalatok r\u00e9sz\u00e9re az \u00faj szoftver technol\u00f3gi\u00e1k \u00e9s trendek ter\u00e9n, nemzetk\u00f6zi szak\u00e9rt\u0151k el\u0151ad\u00e1sain \u00e9s workshopjain kereszt\u00fcl.","og_url":"https:\/\/crafthub.events\/hu\/craft-conference\/","og_site_name":"CraftHub","article_publisher":"https:\/\/www.facebook.com\/Crafthub.events","article_modified_time":"2024-07-15T07:49:32+00:00","og_image":[{"width":1920,"height":1280,"url":"https:\/\/crafthub.events\/wp-content\/uploads\/craft-conf-2023.jpg","type":"image\/jpeg"}],"twitter_card":"summary_large_image","twitter_site":"@CrafthubE","twitter_misc":{"Becs\u00fclt olvas\u00e1si id\u0151":"2 perc"},"schema":{"@context":"https:\/\/schema.org","@graph":[{"@type":"WebPage","@id":"https:\/\/crafthub.events\/hu\/craft-conference\/","url":"https:\/\/crafthub.events\/hu\/craft-conference\/","name":"Craft szoftverfejleszt\u0151 Konferencia Budapesten - Hibrid - CraftHub","isPartOf":{"@id":"https:\/\/crafthub.events\/hu\/#website"},"primaryImageOfPage":{"@id":"https:\/\/crafthub.events\/hu\/craft-conference\/#primaryimage"},"image":{"@id":"https:\/\/crafthub.events\/hu\/craft-conference\/#primaryimage"},"thumbnailUrl":"https:\/\/crafthub.events\/wp-content\/uploads\/craft-conf-2023.jpg","datePublished":"2021-04-18T07:21:24+00:00","dateModified":"2024-07-15T07:49:32+00:00","description":"\u00datmutat\u00f3 esem\u00e9ny a modern fejleszt\u0151k \u00e9s v\u00e1llalatok r\u00e9sz\u00e9re az \u00faj szoftver technol\u00f3gi\u00e1k \u00e9s trendek ter\u00e9n, nemzetk\u00f6zi szak\u00e9rt\u0151k el\u0151ad\u00e1sain \u00e9s workshopjain kereszt\u00fcl.","breadcrumb":{"@id":"https:\/\/crafthub.events\/hu\/craft-conference\/#breadcrumb"},"inLanguage":"hu","potentialAction":[{"@type":"ReadAction","target":["https:\/\/crafthub.events\/hu\/craft-conference\/"]}]},{"@type":"ImageObject","inLanguage":"hu","@id":"https:\/\/crafthub.events\/hu\/craft-conference\/#primaryimage","url":"https:\/\/crafthub.events\/wp-content\/uploads\/craft-conf-2023.jpg","contentUrl":"https:\/\/crafthub.events\/wp-content\/uploads\/craft-conf-2023.jpg","width":1920,"height":1280,"caption":"Craft Conf 2023"},{"@type":"BreadcrumbList","@id":"https:\/\/crafthub.events\/hu\/craft-conference\/#breadcrumb","itemListElement":[{"@type":"ListItem","position":1,"name":"Kezd\u0151lap","item":"https:\/\/crafthub.events\/hu\/"},{"@type":"ListItem","position":2,"name":"Craft Konferencia"}]},{"@type":"WebSite","@id":"https:\/\/crafthub.events\/hu\/#website","url":"https:\/\/crafthub.events\/hu\/","name":"CraftHub","description":"The craft that you need!","publisher":{"@id":"https:\/\/crafthub.events\/hu\/#organization"},"potentialAction":[{"@type":"SearchAction","target":{"@type":"EntryPoint","urlTemplate":"https:\/\/crafthub.events\/hu\/?s={search_term_string}"},"query-input":{"@type":"PropertyValueSpecification","valueRequired":true,"valueName":"search_term_string"}}],"inLanguage":"hu"},{"@type":"Organization","@id":"https:\/\/crafthub.events\/hu\/#organization","name":"CraftHub","url":"https:\/\/crafthub.events\/hu\/","logo":{"@type":"ImageObject","inLanguage":"hu","@id":"https:\/\/crafthub.events\/hu\/#\/schema\/logo\/image\/","url":"https:\/\/crafthub.events\/wp-content\/uploads\/ch.png","contentUrl":"https:\/\/crafthub.events\/wp-content\/uploads\/ch.png","width":747,"height":693,"caption":"CraftHub"},"image":{"@id":"https:\/\/crafthub.events\/hu\/#\/schema\/logo\/image\/"},"sameAs":["https:\/\/www.facebook.com\/Crafthub.events","https:\/\/x.com\/CrafthubE","https:\/\/www.instagram.com\/crafthubevents\/","https:\/\/www.linkedin.com\/company\/68526749\/admin\/","https:\/\/www.youtube.com\/channel\/UC9E-wqsOP_1nRKXWIWPBhXw"]}]}},"_links":{"self":[{"href":"https:\/\/crafthub.events\/hu\/wp-json\/wp\/v2\/pages\/89954","targetHints":{"allow":["GET"]}}],"collection":[{"href":"https:\/\/crafthub.events\/hu\/wp-json\/wp\/v2\/pages"}],"about":[{"href":"https:\/\/crafthub.events\/hu\/wp-json\/wp\/v2\/types\/page"}],"author":[{"embeddable":true,"href":"https:\/\/crafthub.events\/hu\/wp-json\/wp\/v2\/users\/1"}],"replies":[{"embeddable":true,"href":"https:\/\/crafthub.events\/hu\/wp-json\/wp\/v2\/comments?post=89954"}],"version-history":[{"count":58,"href":"https:\/\/crafthub.events\/hu\/wp-json\/wp\/v2\/pages\/89954\/revisions"}],"predecessor-version":[{"id":92829,"href":"https:\/\/crafthub.events\/hu\/wp-json\/wp\/v2\/pages\/89954\/revisions\/92829"}],"wp:featuredmedia":[{"embeddable":true,"href":"https:\/\/crafthub.events\/hu\/wp-json\/wp\/v2\/media\/91749"}],"wp:attachment":[{"href":"https:\/\/crafthub.events\/hu\/wp-json\/wp\/v2\/media?parent=89954"}],"curies":[{"name":"wp","href":"https:\/\/api.w.org\/{rel}","templated":true}]}}