{"id":91955,"date":"2023-08-21T15:19:23","date_gmt":"2023-08-21T13:19:23","guid":{"rendered":"https:\/\/crafthub.events\/?page_id=91955"},"modified":"2023-08-29T13:36:44","modified_gmt":"2023-08-29T11:36:44","slug":"ambassador-program","status":"publish","type":"page","link":"https:\/\/crafthub.events\/hu\/ambassador-program\/","title":{"rendered":"CraftHub Nagyk\u00f6vet Program"},"content":{"rendered":"<div class=\"wpb-content-wrapper\"><p>[vc_row row_height_percent=&#8221;30&#8243; override_padding=&#8221;yes&#8221; h_padding=&#8221;2&#8243; top_padding=&#8221;4&#8243; bottom_padding=&#8221;4&#8243; back_color=&#8221;color-wayh&#8221; back_image=&#8221;91971&#8243; back_image_auto=&#8221;yes&#8221; back_position=&#8221;center center&#8221; parallax=&#8221;yes&#8221; kburns=&#8221;yes&#8221; overlay_color=&#8221;color-jevc&#8221; overlay_alpha=&#8221;80&#8243; gutter_size=&#8221;100&#8243; column_width_percent=&#8221;100&#8243; shift_y=&#8221;0&#8243; z_index=&#8221;0&#8243; style=&#8221;inherited&#8221; uncode_shortcode_id=&#8221;149834&#8243; back_color_type=&#8221;uncode-palette&#8221; overlay_color_type=&#8221;uncode-palette&#8221;][vc_column column_width_percent=&#8221;100&#8243; position_vertical=&#8221;middle&#8221; gutter_size=&#8221;2&#8243; style=&#8221;dark&#8221; overlay_alpha=&#8221;100&#8243; shift_x=&#8221;0&#8243; shift_y=&#8221;0&#8243; shift_y_down=&#8221;0&#8243; z_index=&#8221;0&#8243; medium_width=&#8221;0&#8243; mobile_width=&#8221;0&#8243; zoom_width=&#8221;0&#8243; zoom_height=&#8221;0&#8243; width=&#8221;1\/1&#8243;][vc_custom_heading auto_text=&#8221;yes&#8221; heading_semantic=&#8221;h1&#8243; text_size=&#8221;fontsize-508833&#8243; text_transform=&#8221;capitalize&#8221; text_align=&#8221;text-center&#8221;]Automatic Heading: Get the title[\/vc_custom_heading][vc_empty_space][vc_column_text uncode_shortcode_id=&#8221;168128&#8243;]<span style=\"font-size: 20px;\">Szeretn\u00e9l r\u00e9szese lenni egy <b>dinamikus tech k\u00f6z\u00f6ss\u00e9gnek<\/b>, ahol <b>szakmai kapcsolataidat \u00e9p\u00edtheted<\/b> \u00e9s ak\u00e1r a <b>saj\u00e1t branded <\/b>is fejlesztheted?<\/span><\/p>\n<h4>Csatlakozz programunkhoz \u00e9s l\u00e9gy te is CraftHub Nagyk\u00f6vet!<\/h4>\n<p>[\/vc_column_text][\/vc_column][\/vc_row][vc_section][vc_row row_height_percent=&#8221;0&#8243; override_padding=&#8221;yes&#8221; h_padding=&#8221;2&#8243; top_padding=&#8221;3&#8243; bottom_padding=&#8221;2&#8243; overlay_alpha=&#8221;50&#8243; gutter_size=&#8221;3&#8243; column_width_percent=&#8221;100&#8243; shift_y=&#8221;0&#8243; z_index=&#8221;0&#8243; uncode_shortcode_id=&#8221;975984&#8243;][vc_column width=&#8221;1\/1&#8243;][vc_custom_heading heading_semantic=&#8221;h3&#8243; text_size=&#8221;h3&#8243; uncode_shortcode_id=&#8221;129035&#8243;]Kiknek a jelentkez\u00e9s\u00e9t v\u00e1rjuk?[\/vc_custom_heading][vc_column_text uncode_shortcode_id=&#8221;164912&#8243;]A CraftHub Nagyk\u00f6vetek akt\u00edv szerepet v\u00e1llalnak olyan tech k\u00f6z\u00f6ss\u00e9gekben, ahol a CraftHub hackathonjai relevanci\u00e1val b\u00edrhatnak, \u00e9s \u00f6r\u00f6mmel kommunik\u00e1lnak ak\u00e1r saj\u00e1t platformjaikon is rendezv\u00e9nyeinkr\u0151l. Olyan szem\u00e9lyek jelentkez\u00e9st v\u00e1rjuk, akik sz\u00e1m\u00e1ra fontos a technol\u00f3giai innov\u00e1ci\u00f3 \u00e9s annak terjeszt\u00e9se &#8211; l\u00e9gy ak\u00e1r kor\u00e1bbi versenyz\u0151nk, hackathon nyertes\u00fcnk, el\u0151ad\u00f3nk, mentorunk, vagy ak\u00e1r egy olyan tech-rajong\u00f3, aki most hall r\u00f3lunk el\u0151sz\u00f6r, de tud azonosulni a misszi\u00f3nkkal.[\/vc_column_text][\/vc_column][\/vc_row][vc_row row_height_percent=&#8221;0&#8243; override_padding=&#8221;yes&#8221; h_padding=&#8221;2&#8243; top_padding=&#8221;2&#8243; bottom_padding=&#8221;2&#8243; overlay_alpha=&#8221;50&#8243; gutter_size=&#8221;3&#8243; column_width_percent=&#8221;100&#8243; shift_y=&#8221;0&#8243; z_index=&#8221;0&#8243; uncode_shortcode_id=&#8221;199902&#8243;][vc_column column_width_percent=&#8221;100&#8243; gutter_size=&#8221;2&#8243; overlay_alpha=&#8221;50&#8243; shift_x=&#8221;0&#8243; shift_y=&#8221;0&#8243; shift_y_down=&#8221;0&#8243; z_index=&#8221;0&#8243; medium_width=&#8221;0&#8243; mobile_width=&#8221;0&#8243; width=&#8221;1\/2&#8243; uncode_shortcode_id=&#8221;371578&#8243;][vc_custom_heading heading_semantic=&#8221;h3&#8243; text_size=&#8221;h3&#8243; uncode_shortcode_id=&#8221;671815&#8243;]Mi\u00e9rt csatlakozz?[\/vc_custom_heading][vc_column_text uncode_shortcode_id=&#8221;107760&#8243;]<\/p>\n<ul>\n<li>Ingyenes r\u00e9szv\u00e9telt biztos\u00edtunk legt\u00f6bb esem\u00e9ny\u00fcnkre<\/li>\n<li>Kapcsolat\u00e9p\u00edt\u00e9si lehet\u0151s\u00e9g a tech vil\u00e1g\u00e1ban<\/li>\n<li>Hozz\u00e1seg\u00edt\u00fcnk brand\u00e9p\u00edt\u00e9sedhez \u00e9s szakmai fejl\u0151d\u00e9sedhez<\/li>\n<li>KPI rendszer alapj\u00e1n d\u00edjaz\u00e1s<\/li>\n<\/ul>\n<p>[\/vc_column_text][\/vc_column][vc_column column_width_percent=&#8221;100&#8243; gutter_size=&#8221;2&#8243; overlay_alpha=&#8221;50&#8243; shift_x=&#8221;0&#8243; shift_y=&#8221;0&#8243; shift_y_down=&#8221;0&#8243; z_index=&#8221;0&#8243; medium_width=&#8221;0&#8243; mobile_width=&#8221;0&#8243; width=&#8221;1\/2&#8243; uncode_shortcode_id=&#8221;140035&#8243;][vc_custom_heading heading_semantic=&#8221;h3&#8243; text_size=&#8221;h3&#8243; uncode_shortcode_id=&#8221;984943&#8243;]Mi lenne a feladatod?[\/vc_custom_heading][vc_column_text uncode_shortcode_id=&#8221;410655&#8243;]<\/p>\n<ul>\n<li>Esem\u00e9nyeinken, kitelep\u00fcl\u00e9seinken val\u00f3 seg\u00edts\u00e9g<\/li>\n<li>Esem\u00e9nyeink n\u00e9pszer\u0171s\u00edt\u00e9se<\/li>\n<li>Term\u00e9kfejleszt\u00e9s t\u00e1mogat\u00e1sa<\/li>\n<\/ul>\n<p>[\/vc_column_text][\/vc_column][\/vc_row][vc_row row_height_percent=&#8221;0&#8243; override_padding=&#8221;yes&#8221; h_padding=&#8221;2&#8243; top_padding=&#8221;2&#8243; bottom_padding=&#8221;3&#8243; overlay_alpha=&#8221;50&#8243; gutter_size=&#8221;3&#8243; column_width_percent=&#8221;100&#8243; shift_y=&#8221;0&#8243; z_index=&#8221;0&#8243; uncode_shortcode_id=&#8221;461269&#8243;][vc_column column_width_percent=&#8221;100&#8243; position_vertical=&#8221;middle&#8221; align_horizontal=&#8221;align_center&#8221; gutter_size=&#8221;3&#8243; style=&#8221;dark&#8221; back_color=&#8221;color-jevc&#8221; overlay_alpha=&#8221;50&#8243; shift_x=&#8221;0&#8243; shift_y=&#8221;0&#8243; shift_y_down=&#8221;0&#8243; z_index=&#8221;0&#8243; medium_width=&#8221;0&#8243; mobile_width=&#8221;0&#8243; width=&#8221;1\/1&#8243; uncode_shortcode_id=&#8221;144058&#8243; back_color_type=&#8221;uncode-palette&#8221;][vc_custom_heading heading_semantic=&#8221;h3&#8243; text_size=&#8221;h3&#8243; uncode_shortcode_id=&#8221;156293&#8243;]\u00c9rdekelnek a tov\u00e1bbi r\u00e9szletek?[\/vc_custom_heading][vc_button button_color=&#8221;accent&#8221; size=&#8221;btn-lg&#8221; border_width=&#8221;0&#8243; link=&#8221;url:https%3A%2F%2Fforms.gle%2F4avHyFWdjgwELcqDA|target:_blank|&#8221; button_color_type=&#8221;uncode-palette&#8221; uncode_shortcode_id=&#8221;181707&#8243;]L\u00e9pj vel\u00fcnk kapcsolatba[\/vc_button][\/vc_column][\/vc_row][\/vc_section]<\/p>\n<\/div>","protected":false},"excerpt":{"rendered":"<p>[vc_row row_height_percent=&#8221;30&#8243; override_padding=&#8221;yes&#8221; h_padding=&#8221;2&#8243; top_padding=&#8221;4&#8243; bottom_padding=&#8221;4&#8243; back_color=&#8221;color-wayh&#8221; back_image=&#8221;91971&#8243; back_image_auto=&#8221;yes&#8221; back_position=&#8221;center center&#8221; parallax=&#8221;yes&#8221; kburns=&#8221;yes&#8221; overlay_color=&#8221;color-jevc&#8221; overlay_alpha=&#8221;80&#8243; gutter_size=&#8221;100&#8243; column_width_percent=&#8221;100&#8243; shift_y=&#8221;0&#8243; z_index=&#8221;0&#8243; style=&#8221;inherited&#8221; [&hellip;]<\/p>\n","protected":false},"author":1,"featured_media":0,"parent":0,"menu_order":2,"comment_status":"closed","ping_status":"closed","template":"","meta":{"_acf_changed":false,"footnotes":""},"class_list":["post-91955","page","type-page","status-publish","hentry"],"acf":[],"yoast_head":"<!-- This site is optimized with the Yoast SEO plugin v27.2 - https:\/\/yoast.com\/product\/yoast-seo-wordpress\/ -->\n<title>Tech Ambassador lehet\u0151s\u00e9g Magyarorsz\u00e1gon - CraftHub<\/title>\n<meta name=\"description\" content=\"L\u00e9gy r\u00e9szese egy dinamikus tech k\u00f6z\u00f6ss\u00e9gnek, ahol szakmai kapcsolataidat \u00e9p\u00edtheted \u00e9s ak\u00e1r a saj\u00e1t branded is fejlesztheted a CraftHub tech rendezv\u00e9nyein.\" \/>\n<meta name=\"robots\" content=\"index, follow, max-snippet:-1, max-image-preview:large, max-video-preview:-1\" \/>\n<link rel=\"canonical\" href=\"https:\/\/crafthub.events\/hu\/ambassador-program\/\" \/>\n<meta property=\"og:locale\" content=\"hu_HU\" \/>\n<meta property=\"og:type\" content=\"article\" \/>\n<meta property=\"og:title\" content=\"Tech Ambassador lehet\u0151s\u00e9g Magyarorsz\u00e1gon - CraftHub\" \/>\n<meta property=\"og:description\" content=\"L\u00e9gy r\u00e9szese egy dinamikus tech k\u00f6z\u00f6ss\u00e9gnek, ahol szakmai kapcsolataidat \u00e9p\u00edtheted \u00e9s ak\u00e1r a saj\u00e1t branded is fejlesztheted a CraftHub tech rendezv\u00e9nyein.\" \/>\n<meta property=\"og:url\" content=\"https:\/\/crafthub.events\/hu\/ambassador-program\/\" \/>\n<meta property=\"og:site_name\" content=\"CraftHub\" \/>\n<meta property=\"article:publisher\" content=\"https:\/\/www.facebook.com\/Crafthub.events\" \/>\n<meta property=\"article:modified_time\" content=\"2023-08-29T11:36:44+00:00\" \/>\n<meta property=\"og:image\" content=\"https:\/\/crafthub.events\/wp-content\/uploads\/featured.jpg\" \/>\n\t<meta property=\"og:image:width\" content=\"1200\" \/>\n\t<meta property=\"og:image:height\" content=\"630\" \/>\n\t<meta property=\"og:image:type\" content=\"image\/jpeg\" \/>\n<meta name=\"twitter:card\" content=\"summary_large_image\" \/>\n<meta name=\"twitter:site\" content=\"@CrafthubE\" \/>\n<meta name=\"twitter:label1\" content=\"Becs\u00fclt olvas\u00e1si id\u0151\" \/>\n\t<meta name=\"twitter:data1\" content=\"3 perc\" \/>\n<script type=\"application\/ld+json\" class=\"yoast-schema-graph\">{\"@context\":\"https:\/\/schema.org\",\"@graph\":[{\"@type\":\"WebPage\",\"@id\":\"https:\/\/crafthub.events\/hu\/ambassador-program\/\",\"url\":\"https:\/\/crafthub.events\/hu\/ambassador-program\/\",\"name\":\"Tech Ambassador lehet\u0151s\u00e9g Magyarorsz\u00e1gon - CraftHub\",\"isPartOf\":{\"@id\":\"https:\/\/crafthub.events\/hu\/#website\"},\"datePublished\":\"2023-08-21T13:19:23+00:00\",\"dateModified\":\"2023-08-29T11:36:44+00:00\",\"description\":\"L\u00e9gy r\u00e9szese egy dinamikus tech k\u00f6z\u00f6ss\u00e9gnek, ahol szakmai kapcsolataidat \u00e9p\u00edtheted \u00e9s ak\u00e1r a saj\u00e1t branded is fejlesztheted a CraftHub tech rendezv\u00e9nyein.\",\"breadcrumb\":{\"@id\":\"https:\/\/crafthub.events\/hu\/ambassador-program\/#breadcrumb\"},\"inLanguage\":\"hu\",\"potentialAction\":[{\"@type\":\"ReadAction\",\"target\":[\"https:\/\/crafthub.events\/hu\/ambassador-program\/\"]}]},{\"@type\":\"BreadcrumbList\",\"@id\":\"https:\/\/crafthub.events\/hu\/ambassador-program\/#breadcrumb\",\"itemListElement\":[{\"@type\":\"ListItem\",\"position\":1,\"name\":\"Kezd\u0151lap\",\"item\":\"https:\/\/crafthub.events\/hu\/\"},{\"@type\":\"ListItem\",\"position\":2,\"name\":\"CraftHub Nagyk\u00f6vet Program\"}]},{\"@type\":\"WebSite\",\"@id\":\"https:\/\/crafthub.events\/hu\/#website\",\"url\":\"https:\/\/crafthub.events\/hu\/\",\"name\":\"CraftHub\",\"description\":\"The craft that you need!\",\"publisher\":{\"@id\":\"https:\/\/crafthub.events\/hu\/#organization\"},\"potentialAction\":[{\"@type\":\"SearchAction\",\"target\":{\"@type\":\"EntryPoint\",\"urlTemplate\":\"https:\/\/crafthub.events\/hu\/?s={search_term_string}\"},\"query-input\":{\"@type\":\"PropertyValueSpecification\",\"valueRequired\":true,\"valueName\":\"search_term_string\"}}],\"inLanguage\":\"hu\"},{\"@type\":\"Organization\",\"@id\":\"https:\/\/crafthub.events\/hu\/#organization\",\"name\":\"CraftHub\",\"url\":\"https:\/\/crafthub.events\/hu\/\",\"logo\":{\"@type\":\"ImageObject\",\"inLanguage\":\"hu\",\"@id\":\"https:\/\/crafthub.events\/hu\/#\/schema\/logo\/image\/\",\"url\":\"https:\/\/crafthub.events\/wp-content\/uploads\/ch.png\",\"contentUrl\":\"https:\/\/crafthub.events\/wp-content\/uploads\/ch.png\",\"width\":747,\"height\":693,\"caption\":\"CraftHub\"},\"image\":{\"@id\":\"https:\/\/crafthub.events\/hu\/#\/schema\/logo\/image\/\"},\"sameAs\":[\"https:\/\/www.facebook.com\/Crafthub.events\",\"https:\/\/x.com\/CrafthubE\",\"https:\/\/www.instagram.com\/crafthubevents\/\",\"https:\/\/www.linkedin.com\/company\/68526749\/admin\/\",\"https:\/\/www.youtube.com\/channel\/UC9E-wqsOP_1nRKXWIWPBhXw\"]}]}<\/script>\n<!-- \/ Yoast SEO plugin. -->","yoast_head_json":{"title":"Tech Ambassador lehet\u0151s\u00e9g Magyarorsz\u00e1gon - CraftHub","description":"L\u00e9gy r\u00e9szese egy dinamikus tech k\u00f6z\u00f6ss\u00e9gnek, ahol szakmai kapcsolataidat \u00e9p\u00edtheted \u00e9s ak\u00e1r a saj\u00e1t branded is fejlesztheted a CraftHub tech rendezv\u00e9nyein.","robots":{"index":"index","follow":"follow","max-snippet":"max-snippet:-1","max-image-preview":"max-image-preview:large","max-video-preview":"max-video-preview:-1"},"canonical":"https:\/\/crafthub.events\/hu\/ambassador-program\/","og_locale":"hu_HU","og_type":"article","og_title":"Tech Ambassador lehet\u0151s\u00e9g Magyarorsz\u00e1gon - CraftHub","og_description":"L\u00e9gy r\u00e9szese egy dinamikus tech k\u00f6z\u00f6ss\u00e9gnek, ahol szakmai kapcsolataidat \u00e9p\u00edtheted \u00e9s ak\u00e1r a saj\u00e1t branded is fejlesztheted a CraftHub tech rendezv\u00e9nyein.","og_url":"https:\/\/crafthub.events\/hu\/ambassador-program\/","og_site_name":"CraftHub","article_publisher":"https:\/\/www.facebook.com\/Crafthub.events","article_modified_time":"2023-08-29T11:36:44+00:00","og_image":[{"width":1200,"height":630,"url":"https:\/\/crafthub.events\/wp-content\/uploads\/featured.jpg","type":"image\/jpeg"}],"twitter_card":"summary_large_image","twitter_site":"@CrafthubE","twitter_misc":{"Becs\u00fclt olvas\u00e1si id\u0151":"3 perc"},"schema":{"@context":"https:\/\/schema.org","@graph":[{"@type":"WebPage","@id":"https:\/\/crafthub.events\/hu\/ambassador-program\/","url":"https:\/\/crafthub.events\/hu\/ambassador-program\/","name":"Tech Ambassador lehet\u0151s\u00e9g Magyarorsz\u00e1gon - CraftHub","isPartOf":{"@id":"https:\/\/crafthub.events\/hu\/#website"},"datePublished":"2023-08-21T13:19:23+00:00","dateModified":"2023-08-29T11:36:44+00:00","description":"L\u00e9gy r\u00e9szese egy dinamikus tech k\u00f6z\u00f6ss\u00e9gnek, ahol szakmai kapcsolataidat \u00e9p\u00edtheted \u00e9s ak\u00e1r a saj\u00e1t branded is fejlesztheted a CraftHub tech rendezv\u00e9nyein.","breadcrumb":{"@id":"https:\/\/crafthub.events\/hu\/ambassador-program\/#breadcrumb"},"inLanguage":"hu","potentialAction":[{"@type":"ReadAction","target":["https:\/\/crafthub.events\/hu\/ambassador-program\/"]}]},{"@type":"BreadcrumbList","@id":"https:\/\/crafthub.events\/hu\/ambassador-program\/#breadcrumb","itemListElement":[{"@type":"ListItem","position":1,"name":"Kezd\u0151lap","item":"https:\/\/crafthub.events\/hu\/"},{"@type":"ListItem","position":2,"name":"CraftHub Nagyk\u00f6vet Program"}]},{"@type":"WebSite","@id":"https:\/\/crafthub.events\/hu\/#website","url":"https:\/\/crafthub.events\/hu\/","name":"CraftHub","description":"The craft that you need!","publisher":{"@id":"https:\/\/crafthub.events\/hu\/#organization"},"potentialAction":[{"@type":"SearchAction","target":{"@type":"EntryPoint","urlTemplate":"https:\/\/crafthub.events\/hu\/?s={search_term_string}"},"query-input":{"@type":"PropertyValueSpecification","valueRequired":true,"valueName":"search_term_string"}}],"inLanguage":"hu"},{"@type":"Organization","@id":"https:\/\/crafthub.events\/hu\/#organization","name":"CraftHub","url":"https:\/\/crafthub.events\/hu\/","logo":{"@type":"ImageObject","inLanguage":"hu","@id":"https:\/\/crafthub.events\/hu\/#\/schema\/logo\/image\/","url":"https:\/\/crafthub.events\/wp-content\/uploads\/ch.png","contentUrl":"https:\/\/crafthub.events\/wp-content\/uploads\/ch.png","width":747,"height":693,"caption":"CraftHub"},"image":{"@id":"https:\/\/crafthub.events\/hu\/#\/schema\/logo\/image\/"},"sameAs":["https:\/\/www.facebook.com\/Crafthub.events","https:\/\/x.com\/CrafthubE","https:\/\/www.instagram.com\/crafthubevents\/","https:\/\/www.linkedin.com\/company\/68526749\/admin\/","https:\/\/www.youtube.com\/channel\/UC9E-wqsOP_1nRKXWIWPBhXw"]}]}},"_links":{"self":[{"href":"https:\/\/crafthub.events\/hu\/wp-json\/wp\/v2\/pages\/91955","targetHints":{"allow":["GET"]}}],"collection":[{"href":"https:\/\/crafthub.events\/hu\/wp-json\/wp\/v2\/pages"}],"about":[{"href":"https:\/\/crafthub.events\/hu\/wp-json\/wp\/v2\/types\/page"}],"author":[{"embeddable":true,"href":"https:\/\/crafthub.events\/hu\/wp-json\/wp\/v2\/users\/1"}],"replies":[{"embeddable":true,"href":"https:\/\/crafthub.events\/hu\/wp-json\/wp\/v2\/comments?post=91955"}],"version-history":[{"count":21,"href":"https:\/\/crafthub.events\/hu\/wp-json\/wp\/v2\/pages\/91955\/revisions"}],"predecessor-version":[{"id":92029,"href":"https:\/\/crafthub.events\/hu\/wp-json\/wp\/v2\/pages\/91955\/revisions\/92029"}],"wp:attachment":[{"href":"https:\/\/crafthub.events\/hu\/wp-json\/wp\/v2\/media?parent=91955"}],"curies":[{"name":"wp","href":"https:\/\/api.w.org\/{rel}","templated":true}]}}