{"id":92548,"date":"2024-03-12T11:29:02","date_gmt":"2024-03-12T09:29:02","guid":{"rendered":"https:\/\/crafthub.events\/?page_id=92548"},"modified":"2026-03-30T11:25:24","modified_gmt":"2026-03-30T09:25:24","slug":"compass-ai-tech-summit","status":"publish","type":"page","link":"https:\/\/crafthub.events\/hu\/compass-ai-tech-summit\/","title":{"rendered":"Compass AI &amp; Tech Summit"},"content":{"rendered":"<div class=\"wpb-content-wrapper\"><p>[vc_section][vc_row row_height_percent=&#8221;0&#8243; override_padding=&#8221;yes&#8221; h_padding=&#8221;2&#8243; top_padding=&#8221;3&#8243; bottom_padding=&#8221;2&#8243; overlay_alpha=&#8221;50&#8243; gutter_size=&#8221;3&#8243; column_width_percent=&#8221;100&#8243; shift_y=&#8221;0&#8243; z_index=&#8221;0&#8243; uncode_shortcode_id=&#8221;827110&#8243;][vc_column width=&#8221;7\/12&#8243;][vc_single_image media=&#8221;93562&#8243; media_width_use_pixel=&#8221;yes&#8221; media_width_pixel=&#8221;300&#8243; uncode_shortcode_id=&#8221;587845&#8243;][vc_column_text uncode_shortcode_id=&#8221;208704&#8243;]<strong>T\u00e9m\u00e1k:<\/strong> AI, ML, data, engineering leadership, product development, UX, UI<br \/>\n<strong>Helysz\u00edn:<\/strong> Budapest (Magyarorsz\u00e1g) \u00e9s online<\/p>\n<p>A Compass Tech Summit 2026-ban Compass AI &amp; Tech Summit-k\u00e9nt t\u00e9r vissza!<br \/>\nK\u00f6z\u00e9p-Kelet Eur\u00f3pa egyik legnagyobb technol\u00f3giai konferenci\u00e1ja, amely v\u00e1llalkoz\u00e1soknak seg\u00edt \u00fczleti szempontb\u00f3l bev\u00e1lt term\u00e9keket l\u00e9trehozni. Figyelemre m\u00e9lt\u00f3, fesztiv\u00e1l hangulat\u00fa 5 az 1-ben tech rendezv\u00e9ny, amely olyan t\u00e9m\u00e1kat \u00f6lel fel, mint a mesters\u00e9ges intelligencia, g\u00e9pi tanul\u00e1s, IT vezet\u0151fejleszt\u00e9s, term\u00e9kfejleszt\u00e9s, valami UX \u00e9s UI.[\/vc_column_text][\/vc_column][vc_column column_width_percent=&#8221;100&#8243; align_horizontal=&#8221;align_center&#8221; gutter_size=&#8221;3&#8243; overlay_alpha=&#8221;50&#8243; shift_x=&#8221;0&#8243; shift_y=&#8221;0&#8243; shift_y_down=&#8221;0&#8243; z_index=&#8221;0&#8243; medium_width=&#8221;0&#8243; mobile_width=&#8221;0&#8243; width=&#8221;5\/12&#8243;][vc_single_image media=&#8221;92555&#8243; media_width_percent=&#8221;100&#8243; uncode_shortcode_id=&#8221;190943&#8243;][vc_button size=&#8221;btn-lg&#8221; wide=&#8221;yes&#8221; border_width=&#8221;0&#8243; icon_position=&#8221;right&#8221; link=&#8221;url:http%3A%2F%2Fcompassaitechsummit.com|target:_blank|rel:nofollow|&#8221; icon=&#8221;fa fa-link3&#8243; button_color_type=&#8221;uncode-solid&#8221; button_color_solid=&#8221;#6e359f&#8221; uncode_shortcode_id=&#8221;175949&#8243;]Kattints a r\u00e9szletek\u00e9rt[\/vc_button][\/vc_column][\/vc_row][\/vc_section][vc_section back_color=&#8221;color-lxmt&#8221; overlay_alpha=&#8221;50&#8243; uncode_shortcode_id=&#8221;923705&#8243; back_color_type=&#8221;uncode-palette&#8221;][vc_row row_height_percent=&#8221;0&#8243; override_padding=&#8221;yes&#8221; h_padding=&#8221;2&#8243; top_padding=&#8221;3&#8243; bottom_padding=&#8221;0&#8243; overlay_alpha=&#8221;50&#8243; gutter_size=&#8221;3&#8243; column_width_percent=&#8221;100&#8243; shift_y=&#8221;0&#8243; z_index=&#8221;0&#8243; uncode_shortcode_id=&#8221;167821&#8243;][vc_column column_width_percent=&#8221;100&#8243; position_vertical=&#8221;middle&#8221; align_horizontal=&#8221;align_center&#8221; gutter_size=&#8221;3&#8243; overlay_alpha=&#8221;50&#8243; shift_x=&#8221;0&#8243; shift_y=&#8221;0&#8243; shift_y_down=&#8221;0&#8243; z_index=&#8221;0&#8243; medium_width=&#8221;0&#8243; mobile_width=&#8221;0&#8243; width=&#8221;1\/1&#8243; uncode_shortcode_id=&#8221;702631&#8243;][vc_custom_heading uncode_shortcode_id=&#8221;152215&#8243;]A Compass Tech Summit 2023 sz\u00e1mokban[\/vc_custom_heading][\/vc_column][\/vc_row][vc_row row_height_percent=&#8221;0&#8243; override_padding=&#8221;yes&#8221; h_padding=&#8221;2&#8243; top_padding=&#8221;2&#8243; bottom_padding=&#8221;3&#8243; overlay_alpha=&#8221;50&#8243; gutter_size=&#8221;3&#8243; column_width_percent=&#8221;100&#8243; shift_y=&#8221;0&#8243; z_index=&#8221;0&#8243; uncode_shortcode_id=&#8221;404153&#8243;][vc_column column_width_percent=&#8221;100&#8243; align_horizontal=&#8221;align_center&#8221; gutter_size=&#8221;3&#8243; overlay_alpha=&#8221;50&#8243; shift_x=&#8221;0&#8243; shift_y=&#8221;0&#8243; shift_y_down=&#8221;0&#8243; z_index=&#8221;0&#8243; medium_width=&#8221;0&#8243; mobile_width=&#8221;0&#8243; width=&#8221;1\/4&#8243;][uncode_counter value=&#8221;1300&#8243; counter_color=&#8221;&#8221; size=&#8221;h2&#8243; weight=&#8221;700&#8243; separator=&#8221;yes&#8221; text=&#8221;r\u00e9sztvev\u0151&#8221; suffix=&#8221;+&#8221; uncode_shortcode_id=&#8221;157721&#8243;][\/vc_column][vc_column column_width_percent=&#8221;100&#8243; align_horizontal=&#8221;align_center&#8221; gutter_size=&#8221;3&#8243; overlay_alpha=&#8221;50&#8243; shift_x=&#8221;0&#8243; shift_y=&#8221;0&#8243; shift_y_down=&#8221;0&#8243; z_index=&#8221;0&#8243; medium_width=&#8221;0&#8243; mobile_width=&#8221;0&#8243; width=&#8221;1\/4&#8243;][uncode_counter value=&#8221;70&#8243; counter_color=&#8221;&#8221; size=&#8221;h2&#8243; weight=&#8221;700&#8243; separator=&#8221;yes&#8221; text=&#8221;el\u0151ad\u00f3&#8221; uncode_shortcode_id=&#8221;128343&#8243; suffix=&#8221;+&#8221;][\/vc_column][vc_column column_width_percent=&#8221;100&#8243; align_horizontal=&#8221;align_center&#8221; gutter_size=&#8221;3&#8243; overlay_alpha=&#8221;50&#8243; shift_x=&#8221;0&#8243; shift_y=&#8221;0&#8243; shift_y_down=&#8221;0&#8243; z_index=&#8221;0&#8243; medium_width=&#8221;0&#8243; mobile_width=&#8221;0&#8243; width=&#8221;1\/4&#8243; uncode_shortcode_id=&#8221;198843&#8243;][uncode_counter value=&#8221;2&#8243; counter_color=&#8221;&#8221; size=&#8221;h2&#8243; weight=&#8221;700&#8243; separator=&#8221;yes&#8221; text=&#8221;nap&#8221; uncode_shortcode_id=&#8221;174698&#8243;][\/vc_column][vc_column column_width_percent=&#8221;100&#8243; align_horizontal=&#8221;align_center&#8221; gutter_size=&#8221;3&#8243; overlay_alpha=&#8221;50&#8243; shift_x=&#8221;0&#8243; shift_y=&#8221;0&#8243; shift_y_down=&#8221;0&#8243; z_index=&#8221;0&#8243; medium_width=&#8221;0&#8243; mobile_width=&#8221;0&#8243; width=&#8221;1\/4&#8243; uncode_shortcode_id=&#8221;827823&#8243;][uncode_counter value=&#8221;20&#8243; counter_color=&#8221;&#8221; size=&#8221;h2&#8243; weight=&#8221;700&#8243; separator=&#8221;yes&#8221; text=&#8221;partner&#8221; uncode_shortcode_id=&#8221;138231&#8243; suffix=&#8221;+&#8221;][\/vc_column][\/vc_row][\/vc_section]<\/p>\n<\/div>","protected":false},"excerpt":{"rendered":"<p>A Compass Tech Summit egy 5 az 1-ben tech konferencia Budapesten, amely olyan t\u00e9m\u00e1kat \u00f6lel fel, mint a menedzsment, AI, term\u00e9kmenedzsment, UX \u00e9s adatok.<\/p>\n","protected":false},"author":1,"featured_media":92557,"parent":0,"menu_order":0,"comment_status":"closed","ping_status":"closed","template":"","meta":{"_acf_changed":false,"footnotes":""},"class_list":["post-92548","page","type-page","status-publish","has-post-thumbnail","hentry"],"acf":[],"yoast_head":"<!-- This site is optimized with the Yoast SEO plugin v27.2 - https:\/\/yoast.com\/product\/yoast-seo-wordpress\/ -->\n<title>Compass AI &amp; Tech Summit<\/title>\n<meta name=\"description\" content=\"A Compass Tech Summit egy 5 az 1-ben tech konferencia Budapesten, amely olyan t\u00e9m\u00e1kat \u00f6lel fel, mint a menedzsment, AI, term\u00e9kmenedzsment, UX \u00e9s adatok.\" \/>\n<meta name=\"robots\" content=\"index, follow, max-snippet:-1, max-image-preview:large, max-video-preview:-1\" \/>\n<link rel=\"canonical\" href=\"https:\/\/crafthub.events\/hu\/compass-ai-tech-summit\/\" \/>\n<meta property=\"og:locale\" content=\"hu_HU\" \/>\n<meta property=\"og:type\" content=\"article\" \/>\n<meta property=\"og:title\" content=\"Compass AI &amp; Tech Summit\" \/>\n<meta property=\"og:description\" content=\"A Compass Tech Summit egy 5 az 1-ben tech konferencia Budapesten, amely olyan t\u00e9m\u00e1kat \u00f6lel fel, mint a menedzsment, AI, term\u00e9kmenedzsment, UX \u00e9s adatok.\" \/>\n<meta property=\"og:url\" content=\"https:\/\/crafthub.events\/hu\/compass-ai-tech-summit\/\" \/>\n<meta property=\"og:site_name\" content=\"CraftHub\" \/>\n<meta property=\"article:publisher\" content=\"https:\/\/www.facebook.com\/Crafthub.events\" \/>\n<meta property=\"article:modified_time\" content=\"2026-03-30T09:25:24+00:00\" \/>\n<meta property=\"og:image\" content=\"https:\/\/crafthub.events\/wp-content\/uploads\/Compass-Tech-Summit.jpg\" \/>\n\t<meta property=\"og:image:width\" content=\"1920\" \/>\n\t<meta property=\"og:image:height\" content=\"1282\" \/>\n\t<meta property=\"og:image:type\" content=\"image\/jpeg\" \/>\n<meta name=\"twitter:card\" content=\"summary_large_image\" \/>\n<meta name=\"twitter:site\" content=\"@CrafthubE\" \/>\n<meta name=\"twitter:label1\" content=\"Becs\u00fclt olvas\u00e1si id\u0151\" \/>\n\t<meta name=\"twitter:data1\" content=\"3 perc\" \/>\n<script type=\"application\/ld+json\" class=\"yoast-schema-graph\">{\"@context\":\"https:\/\/schema.org\",\"@graph\":[{\"@type\":\"WebPage\",\"@id\":\"https:\/\/crafthub.events\/hu\/compass-ai-tech-summit\/\",\"url\":\"https:\/\/crafthub.events\/hu\/compass-ai-tech-summit\/\",\"name\":\"Compass AI & Tech Summit\",\"isPartOf\":{\"@id\":\"https:\/\/crafthub.events\/hu\/#website\"},\"primaryImageOfPage\":{\"@id\":\"https:\/\/crafthub.events\/hu\/compass-ai-tech-summit\/#primaryimage\"},\"image\":{\"@id\":\"https:\/\/crafthub.events\/hu\/compass-ai-tech-summit\/#primaryimage\"},\"thumbnailUrl\":\"https:\/\/crafthub.events\/wp-content\/uploads\/Compass-Tech-Summit.jpg\",\"datePublished\":\"2024-03-12T09:29:02+00:00\",\"dateModified\":\"2026-03-30T09:25:24+00:00\",\"description\":\"A Compass Tech Summit egy 5 az 1-ben tech konferencia Budapesten, amely olyan t\u00e9m\u00e1kat \u00f6lel fel, mint a menedzsment, AI, term\u00e9kmenedzsment, UX \u00e9s adatok.\",\"breadcrumb\":{\"@id\":\"https:\/\/crafthub.events\/hu\/compass-ai-tech-summit\/#breadcrumb\"},\"inLanguage\":\"hu\",\"potentialAction\":[{\"@type\":\"ReadAction\",\"target\":[\"https:\/\/crafthub.events\/hu\/compass-ai-tech-summit\/\"]}]},{\"@type\":\"ImageObject\",\"inLanguage\":\"hu\",\"@id\":\"https:\/\/crafthub.events\/hu\/compass-ai-tech-summit\/#primaryimage\",\"url\":\"https:\/\/crafthub.events\/wp-content\/uploads\/Compass-Tech-Summit.jpg\",\"contentUrl\":\"https:\/\/crafthub.events\/wp-content\/uploads\/Compass-Tech-Summit.jpg\",\"width\":1920,\"height\":1282},{\"@type\":\"BreadcrumbList\",\"@id\":\"https:\/\/crafthub.events\/hu\/compass-ai-tech-summit\/#breadcrumb\",\"itemListElement\":[{\"@type\":\"ListItem\",\"position\":1,\"name\":\"Kezd\u0151lap\",\"item\":\"https:\/\/crafthub.events\/hu\/\"},{\"@type\":\"ListItem\",\"position\":2,\"name\":\"Compass AI &amp; Tech Summit\"}]},{\"@type\":\"WebSite\",\"@id\":\"https:\/\/crafthub.events\/hu\/#website\",\"url\":\"https:\/\/crafthub.events\/hu\/\",\"name\":\"CraftHub\",\"description\":\"The craft that you need!\",\"publisher\":{\"@id\":\"https:\/\/crafthub.events\/hu\/#organization\"},\"potentialAction\":[{\"@type\":\"SearchAction\",\"target\":{\"@type\":\"EntryPoint\",\"urlTemplate\":\"https:\/\/crafthub.events\/hu\/?s={search_term_string}\"},\"query-input\":{\"@type\":\"PropertyValueSpecification\",\"valueRequired\":true,\"valueName\":\"search_term_string\"}}],\"inLanguage\":\"hu\"},{\"@type\":\"Organization\",\"@id\":\"https:\/\/crafthub.events\/hu\/#organization\",\"name\":\"CraftHub\",\"url\":\"https:\/\/crafthub.events\/hu\/\",\"logo\":{\"@type\":\"ImageObject\",\"inLanguage\":\"hu\",\"@id\":\"https:\/\/crafthub.events\/hu\/#\/schema\/logo\/image\/\",\"url\":\"https:\/\/crafthub.events\/wp-content\/uploads\/ch.png\",\"contentUrl\":\"https:\/\/crafthub.events\/wp-content\/uploads\/ch.png\",\"width\":747,\"height\":693,\"caption\":\"CraftHub\"},\"image\":{\"@id\":\"https:\/\/crafthub.events\/hu\/#\/schema\/logo\/image\/\"},\"sameAs\":[\"https:\/\/www.facebook.com\/Crafthub.events\",\"https:\/\/x.com\/CrafthubE\",\"https:\/\/www.instagram.com\/crafthubevents\/\",\"https:\/\/www.linkedin.com\/company\/68526749\/admin\/\",\"https:\/\/www.youtube.com\/channel\/UC9E-wqsOP_1nRKXWIWPBhXw\"]}]}<\/script>\n<!-- \/ Yoast SEO plugin. -->","yoast_head_json":{"title":"Compass AI & Tech Summit","description":"A Compass Tech Summit egy 5 az 1-ben tech konferencia Budapesten, amely olyan t\u00e9m\u00e1kat \u00f6lel fel, mint a menedzsment, AI, term\u00e9kmenedzsment, UX \u00e9s adatok.","robots":{"index":"index","follow":"follow","max-snippet":"max-snippet:-1","max-image-preview":"max-image-preview:large","max-video-preview":"max-video-preview:-1"},"canonical":"https:\/\/crafthub.events\/hu\/compass-ai-tech-summit\/","og_locale":"hu_HU","og_type":"article","og_title":"Compass AI & Tech Summit","og_description":"A Compass Tech Summit egy 5 az 1-ben tech konferencia Budapesten, amely olyan t\u00e9m\u00e1kat \u00f6lel fel, mint a menedzsment, AI, term\u00e9kmenedzsment, UX \u00e9s adatok.","og_url":"https:\/\/crafthub.events\/hu\/compass-ai-tech-summit\/","og_site_name":"CraftHub","article_publisher":"https:\/\/www.facebook.com\/Crafthub.events","article_modified_time":"2026-03-30T09:25:24+00:00","og_image":[{"width":1920,"height":1282,"url":"https:\/\/crafthub.events\/wp-content\/uploads\/Compass-Tech-Summit.jpg","type":"image\/jpeg"}],"twitter_card":"summary_large_image","twitter_site":"@CrafthubE","twitter_misc":{"Becs\u00fclt olvas\u00e1si id\u0151":"3 perc"},"schema":{"@context":"https:\/\/schema.org","@graph":[{"@type":"WebPage","@id":"https:\/\/crafthub.events\/hu\/compass-ai-tech-summit\/","url":"https:\/\/crafthub.events\/hu\/compass-ai-tech-summit\/","name":"Compass AI & Tech Summit","isPartOf":{"@id":"https:\/\/crafthub.events\/hu\/#website"},"primaryImageOfPage":{"@id":"https:\/\/crafthub.events\/hu\/compass-ai-tech-summit\/#primaryimage"},"image":{"@id":"https:\/\/crafthub.events\/hu\/compass-ai-tech-summit\/#primaryimage"},"thumbnailUrl":"https:\/\/crafthub.events\/wp-content\/uploads\/Compass-Tech-Summit.jpg","datePublished":"2024-03-12T09:29:02+00:00","dateModified":"2026-03-30T09:25:24+00:00","description":"A Compass Tech Summit egy 5 az 1-ben tech konferencia Budapesten, amely olyan t\u00e9m\u00e1kat \u00f6lel fel, mint a menedzsment, AI, term\u00e9kmenedzsment, UX \u00e9s adatok.","breadcrumb":{"@id":"https:\/\/crafthub.events\/hu\/compass-ai-tech-summit\/#breadcrumb"},"inLanguage":"hu","potentialAction":[{"@type":"ReadAction","target":["https:\/\/crafthub.events\/hu\/compass-ai-tech-summit\/"]}]},{"@type":"ImageObject","inLanguage":"hu","@id":"https:\/\/crafthub.events\/hu\/compass-ai-tech-summit\/#primaryimage","url":"https:\/\/crafthub.events\/wp-content\/uploads\/Compass-Tech-Summit.jpg","contentUrl":"https:\/\/crafthub.events\/wp-content\/uploads\/Compass-Tech-Summit.jpg","width":1920,"height":1282},{"@type":"BreadcrumbList","@id":"https:\/\/crafthub.events\/hu\/compass-ai-tech-summit\/#breadcrumb","itemListElement":[{"@type":"ListItem","position":1,"name":"Kezd\u0151lap","item":"https:\/\/crafthub.events\/hu\/"},{"@type":"ListItem","position":2,"name":"Compass AI &amp; Tech Summit"}]},{"@type":"WebSite","@id":"https:\/\/crafthub.events\/hu\/#website","url":"https:\/\/crafthub.events\/hu\/","name":"CraftHub","description":"The craft that you need!","publisher":{"@id":"https:\/\/crafthub.events\/hu\/#organization"},"potentialAction":[{"@type":"SearchAction","target":{"@type":"EntryPoint","urlTemplate":"https:\/\/crafthub.events\/hu\/?s={search_term_string}"},"query-input":{"@type":"PropertyValueSpecification","valueRequired":true,"valueName":"search_term_string"}}],"inLanguage":"hu"},{"@type":"Organization","@id":"https:\/\/crafthub.events\/hu\/#organization","name":"CraftHub","url":"https:\/\/crafthub.events\/hu\/","logo":{"@type":"ImageObject","inLanguage":"hu","@id":"https:\/\/crafthub.events\/hu\/#\/schema\/logo\/image\/","url":"https:\/\/crafthub.events\/wp-content\/uploads\/ch.png","contentUrl":"https:\/\/crafthub.events\/wp-content\/uploads\/ch.png","width":747,"height":693,"caption":"CraftHub"},"image":{"@id":"https:\/\/crafthub.events\/hu\/#\/schema\/logo\/image\/"},"sameAs":["https:\/\/www.facebook.com\/Crafthub.events","https:\/\/x.com\/CrafthubE","https:\/\/www.instagram.com\/crafthubevents\/","https:\/\/www.linkedin.com\/company\/68526749\/admin\/","https:\/\/www.youtube.com\/channel\/UC9E-wqsOP_1nRKXWIWPBhXw"]}]}},"_links":{"self":[{"href":"https:\/\/crafthub.events\/hu\/wp-json\/wp\/v2\/pages\/92548","targetHints":{"allow":["GET"]}}],"collection":[{"href":"https:\/\/crafthub.events\/hu\/wp-json\/wp\/v2\/pages"}],"about":[{"href":"https:\/\/crafthub.events\/hu\/wp-json\/wp\/v2\/types\/page"}],"author":[{"embeddable":true,"href":"https:\/\/crafthub.events\/hu\/wp-json\/wp\/v2\/users\/1"}],"replies":[{"embeddable":true,"href":"https:\/\/crafthub.events\/hu\/wp-json\/wp\/v2\/comments?post=92548"}],"version-history":[{"count":38,"href":"https:\/\/crafthub.events\/hu\/wp-json\/wp\/v2\/pages\/92548\/revisions"}],"predecessor-version":[{"id":93601,"href":"https:\/\/crafthub.events\/hu\/wp-json\/wp\/v2\/pages\/92548\/revisions\/93601"}],"wp:featuredmedia":[{"embeddable":true,"href":"https:\/\/crafthub.events\/hu\/wp-json\/wp\/v2\/media\/92557"}],"wp:attachment":[{"href":"https:\/\/crafthub.events\/hu\/wp-json\/wp\/v2\/media?parent=92548"}],"curies":[{"name":"wp","href":"https:\/\/api.w.org\/{rel}","templated":true}]}}