{"id":92598,"date":"2024-04-01T09:39:31","date_gmt":"2024-04-01T07:39:31","guid":{"rendered":"https:\/\/crafthub.events\/?page_id=92598"},"modified":"2024-04-02T12:46:12","modified_gmt":"2024-04-02T10:46:12","slug":"korabbi-konferenciak","status":"publish","type":"page","link":"https:\/\/crafthub.events\/hu\/korabbi-konferenciak\/","title":{"rendered":"Kor\u00e1bbi konferenci\u00e1k"},"content":{"rendered":"<div class=\"wpb-content-wrapper\"><p>[vc_row row_height_percent=&#8221;54&#8243; override_padding=&#8221;yes&#8221; h_padding=&#8221;2&#8243; top_padding=&#8221;5&#8243; bottom_padding=&#8221;5&#8243; back_color=&#8221;color-wayh&#8221; back_image=&#8221;88647&#8243; back_image_auto=&#8221;yes&#8221; back_position=&#8221;center center&#8221; parallax=&#8221;yes&#8221; kburns=&#8221;yes&#8221; overlay_color=&#8221;color-jevc&#8221; overlay_alpha=&#8221;80&#8243; gutter_size=&#8221;100&#8243; column_width_percent=&#8221;100&#8243; shift_y=&#8221;0&#8243; z_index=&#8221;0&#8243; style=&#8221;inherited&#8221; uncode_shortcode_id=&#8221;101978&#8243; back_color_type=&#8221;uncode-palette&#8221; overlay_color_type=&#8221;uncode-palette&#8221; el_id=&#8221;headline&#8221;][vc_column column_width_percent=&#8221;100&#8243; position_vertical=&#8221;middle&#8221; align_horizontal=&#8221;align_center&#8221; gutter_size=&#8221;2&#8243; style=&#8221;dark&#8221; overlay_alpha=&#8221;100&#8243; shift_x=&#8221;0&#8243; shift_y=&#8221;0&#8243; shift_y_down=&#8221;0&#8243; z_index=&#8221;0&#8243; medium_width=&#8221;0&#8243; mobile_width=&#8221;0&#8243; zoom_width=&#8221;0&#8243; zoom_height=&#8221;0&#8243; width=&#8221;1\/1&#8243;][vc_custom_heading auto_text=&#8221;yes&#8221; heading_semantic=&#8221;h1&#8243; text_size=&#8221;fontsize-508833&#8243; text_transform=&#8221;capitalize&#8221; text_align=&#8221;text-center&#8221;]Automatic Heading: Get the title[\/vc_custom_heading][vc_column_text uncode_shortcode_id=&#8221;201074&#8243;]2023-ban \u00f6t kiemelt fontoss\u00e1g\u00fa konferenci\u00e1nkat vontuk \u00f6ssze &#8211; a Stretch Engineering Leadership Konferenci\u00e1t, a Reinforce AI Konferenci\u00e1t, az Amuse UX\/UI Konferenci\u00e1t, a Crunch Data Konferenci\u00e1t \u00e9s az Impact Product Management Konferenci\u00e1t &#8211; amelyek k\u00f6z\u00fcl n\u00e9h\u00e1ny m\u00e1r t\u00f6bb mint t\u00edz \u00e9ve van jelen a piacon. Ezzel l\u00e9trehoztuk a <a href=\"https:\/\/compasstechsummit.com\/2024\" target=\"_blank\" rel=\"noopener\">Compass Tech Summitot<\/a>K\u00f6z\u00e9p-Eur\u00f3pa egyik legnagyobb technol\u00f3giai rendezv\u00e9ny\u00e9t.<\/p>\n<p>Tekintsd meg ezen m\u00e1rk\u00e1k t\u00f6rt\u00e9net\u00e9t, miel\u0151tt egyes\u00fcltek a Compass Tech Summitban![\/vc_column_text][\/vc_column][\/vc_row][vc_section][vc_row row_height_percent=&#8221;0&#8243; override_padding=&#8221;yes&#8221; h_padding=&#8221;2&#8243; top_padding=&#8221;3&#8243; bottom_padding=&#8221;2&#8243; overlay_alpha=&#8221;50&#8243; gutter_size=&#8221;3&#8243; column_width_percent=&#8221;100&#8243; shift_y=&#8221;0&#8243; z_index=&#8221;0&#8243; uncode_shortcode_id=&#8221;657673&#8243;][vc_column width=&#8221;7\/12&#8243;][vc_single_image media=&#8221;88676&#8243; media_width_use_pixel=&#8221;yes&#8221; media_width_pixel=&#8221;300&#8243; uncode_shortcode_id=&#8221;150517&#8243;][vc_column_text uncode_shortcode_id=&#8221;198536&#8243;]Nemzetk\u00f6zi platform \u00e9s k\u00f6z\u00f6ss\u00e9g olyan szem\u00e9lyek sz\u00e1m\u00e1ra, akik \u00faj szintre emeln\u00e9k vezet\u0151i \u00e9s menedzsment eszk\u00f6zt\u00e1rukat. A r\u00e9sztvev\u0151k megoszthatj\u00e1k t\u00f6rt\u00e9neteiket, gyakorlati megold\u00e1saikat \u00e9s felfedezhetnek \u00faj lehet\u0151s\u00e9geket, vezet\u00e9si st\u00edlusokat, ir\u00e1nyzatokat, illetve fejleszthetik vezet\u0151i kommunik\u00e1ci\u00f3jukat \u00e9s d\u00f6nt\u00e9sk\u00e9pess\u00e9g\u00fcket.[\/vc_column_text][\/vc_column][vc_column column_width_percent=&#8221;100&#8243; position_vertical=&#8221;middle&#8221; align_horizontal=&#8221;align_center&#8221; gutter_size=&#8221;3&#8243; overlay_alpha=&#8221;50&#8243; shift_x=&#8221;0&#8243; shift_y=&#8221;0&#8243; shift_y_down=&#8221;0&#8243; z_index=&#8221;0&#8243; medium_width=&#8221;0&#8243; mobile_width=&#8221;0&#8243; width=&#8221;5\/12&#8243; uncode_shortcode_id=&#8221;153645&#8243;][vc_single_image media=&#8221;92603&#8243; media_width_percent=&#8221;100&#8243; uncode_shortcode_id=&#8221;130442&#8243;][vc_button size=&#8221;btn-lg&#8221; wide=&#8221;yes&#8221; border_width=&#8221;0&#8243; icon_position=&#8221;right&#8221; link=&#8221;url:https%3A%2F%2Fstretchcon.com%2Fprevious-events|target:_blank|rel:nofollow|&#8221; icon=&#8221;fa fa-link3&#8243; button_color_type=&#8221;uncode-solid&#8221; button_color_solid=&#8221;#10a75d&#8221; uncode_shortcode_id=&#8221;163879&#8243;]stretchcon.com[\/vc_button][\/vc_column][\/vc_row][\/vc_section][vc_section][vc_row row_height_percent=&#8221;0&#8243; override_padding=&#8221;yes&#8221; h_padding=&#8221;2&#8243; top_padding=&#8221;3&#8243; bottom_padding=&#8221;2&#8243; overlay_alpha=&#8221;50&#8243; gutter_size=&#8221;3&#8243; column_width_percent=&#8221;100&#8243; shift_y=&#8221;0&#8243; z_index=&#8221;0&#8243; uncode_shortcode_id=&#8221;657673&#8243;][vc_column width=&#8221;7\/12&#8243;][vc_single_image media=&#8221;88686&#8243; media_width_use_pixel=&#8221;yes&#8221; media_width_pixel=&#8221;300&#8243; uncode_shortcode_id=&#8221;101061&#8243;][vc_column_text uncode_shortcode_id=&#8221;210019&#8243;]Konferencia, amely a mesters\u00e9ges intelligencia \u00e9s a g\u00e9pi tanul\u00e1s szak\u00e9rt\u0151it hozza \u00f6ssze \u00e9s teremt platformot a diskurzus, az innov\u00e1ci\u00f3 \u00e9s a kapcsolat\u00e9p\u00edt\u00e9s sz\u00e1m\u00e1ra. Lehet\u0151s\u00e9get biztos\u00edt az AI (mesters\u00e9ges intelligencia) \u00e9s az ML (g\u00e9pi tanul\u00e1s) k\u00fcl\u00f6nb\u00f6z\u0151 ter\u00fcleteink megismer\u00e9s\u00e9re nemzetk\u00f6zi szak\u00e9rt\u0151k \u00e1ltal. Olyan t\u00e9m\u00e1kat \u00f6lel fel, mint az etikus AI, robotika, vagy a kiberbiztons\u00e1g.[\/vc_column_text][\/vc_column][vc_column column_width_percent=&#8221;100&#8243; position_vertical=&#8221;middle&#8221; align_horizontal=&#8221;align_center&#8221; gutter_size=&#8221;3&#8243; overlay_alpha=&#8221;50&#8243; shift_x=&#8221;0&#8243; shift_y=&#8221;0&#8243; shift_y_down=&#8221;0&#8243; z_index=&#8221;0&#8243; medium_width=&#8221;0&#8243; mobile_width=&#8221;0&#8243; width=&#8221;5\/12&#8243; uncode_shortcode_id=&#8221;153645&#8243;][vc_single_image media=&#8221;92607&#8243; media_width_percent=&#8221;100&#8243; uncode_shortcode_id=&#8221;163396&#8243;][vc_button size=&#8221;btn-lg&#8221; wide=&#8221;yes&#8221; border_width=&#8221;0&#8243; icon_position=&#8221;right&#8221; link=&#8221;url:https%3A%2F%2Fhttps%3A%2F%2Freinforceconf.com%2Fprevious-events%2Fprevious-events|target:_blank|rel:nofollow|&#8221; icon=&#8221;fa fa-link3&#8243; button_color_type=&#8221;uncode-solid&#8221; button_color_solid=&#8221;#222222&#8243; uncode_shortcode_id=&#8221;201172&#8243;]reinforceconf.com[\/vc_button][\/vc_column][\/vc_row][\/vc_section][vc_section][vc_row row_height_percent=&#8221;0&#8243; override_padding=&#8221;yes&#8221; h_padding=&#8221;2&#8243; top_padding=&#8221;3&#8243; bottom_padding=&#8221;2&#8243; overlay_alpha=&#8221;50&#8243; gutter_size=&#8221;3&#8243; column_width_percent=&#8221;100&#8243; shift_y=&#8221;0&#8243; z_index=&#8221;0&#8243; uncode_shortcode_id=&#8221;657673&#8243;][vc_column width=&#8221;7\/12&#8243;][vc_single_image media=&#8221;89093&#8243; media_width_use_pixel=&#8221;yes&#8221; media_width_pixel=&#8221;300&#8243; uncode_shortcode_id=&#8221;454413&#8243;][vc_column_text uncode_shortcode_id=&#8221;965874&#8243;]Nemzetk\u00f6zi konferencia \u00e9s tanul\u00e1si platform a felhaszn\u00e1l\u00f3i \u00e9lm\u00e9ny, term\u00e9ktervez\u00e9s, felhaszn\u00e1l\u00f3i kutat\u00e1s, szolg\u00e1ltat\u00e1stervez\u00e9s, \u00e9s kreativit\u00e1s t\u00e9m\u00e1i k\u00f6r\u00fcl. UX (User experience) \u00e9s UI (User interface) szakemberek, term\u00e9kmenedzserek, frontend-fejleszt\u0151k, digit\u00e1lis term\u00e9kek tervez\u0151i vagy piackutat\u00f3i, illetve b\u00e1rki sz\u00e1m\u00e1ra, akit \u00e9rdekel, mi t\u00f6rt\u00e9nik a k\u00e9perny\u0151 t\u00faloldal\u00e1n.[\/vc_column_text][\/vc_column][vc_column column_width_percent=&#8221;100&#8243; position_vertical=&#8221;middle&#8221; align_horizontal=&#8221;align_center&#8221; gutter_size=&#8221;3&#8243; overlay_alpha=&#8221;50&#8243; shift_x=&#8221;0&#8243; shift_y=&#8221;0&#8243; shift_y_down=&#8221;0&#8243; z_index=&#8221;0&#8243; medium_width=&#8221;0&#8243; mobile_width=&#8221;0&#8243; width=&#8221;5\/12&#8243; uncode_shortcode_id=&#8221;153645&#8243;][vc_single_image media=&#8221;91583&#8243; media_width_percent=&#8221;100&#8243; uncode_shortcode_id=&#8221;545428&#8243;][vc_button size=&#8221;btn-lg&#8221; wide=&#8221;yes&#8221; border_width=&#8221;0&#8243; icon_position=&#8221;right&#8221; link=&#8221;url:https%3A%2F%2Famuseconf.com%2Fprevious-events|target:_blank|rel:nofollow|&#8221; icon=&#8221;fa fa-link3&#8243; button_color_type=&#8221;uncode-solid&#8221; button_color_solid=&#8221;#169dd9&#8243; uncode_shortcode_id=&#8221;284267&#8243;]amuseconf.com[\/vc_button][\/vc_column][\/vc_row][\/vc_section][vc_section][vc_row row_height_percent=&#8221;0&#8243; override_padding=&#8221;yes&#8221; h_padding=&#8221;2&#8243; top_padding=&#8221;3&#8243; bottom_padding=&#8221;2&#8243; overlay_alpha=&#8221;50&#8243; gutter_size=&#8221;3&#8243; column_width_percent=&#8221;100&#8243; shift_y=&#8221;0&#8243; z_index=&#8221;0&#8243; uncode_shortcode_id=&#8221;657673&#8243;][vc_column width=&#8221;7\/12&#8243;][vc_single_image media=&#8221;88683&#8243; media_width_use_pixel=&#8221;yes&#8221; media_width_pixel=&#8221;300&#8243; uncode_shortcode_id=&#8221;100296&#8243;][vc_column_text uncode_shortcode_id=&#8221;196808&#8243;]Konferencia adatm\u00e9rn\u00f6k\u00f6knek, adattud\u00f3soknak, illetve az adat vil\u00e1ga ir\u00e1nt \u00e9rdekl\u0151d\u0151knek, akik k\u00edv\u00e1ncsiak arra, hogyan haszn\u00e1lhatj\u00e1k fel az adatokat \u00fczleti tev\u00e9kenys\u00e9geik fejleszt\u00e9s\u00e9hez. A v\u00e1llalkoz\u00e1s m\u00e9ret\u00e9t\u0151l vagy a munkak\u00f6ri le\u00edr\u00e1st\u00f3l f\u00fcggetlen\u00fcl mindenki megtal\u00e1lja pontosan azt, amire sz\u00fcks\u00e9ge van. Legyen az adat alap\u00fa d\u00f6nt\u00e9shozatal vagy az adatelemz\u00e9s a szakter\u00fcleted, vagy ha \u00e9rdekel a Big Data vil\u00e1ga \u00e9s az \u00fczleti intelligencia, akkor ez a konferencia neked val\u00f3.[\/vc_column_text][\/vc_column][vc_column column_width_percent=&#8221;100&#8243; position_vertical=&#8221;middle&#8221; align_horizontal=&#8221;align_center&#8221; gutter_size=&#8221;3&#8243; overlay_alpha=&#8221;50&#8243; shift_x=&#8221;0&#8243; shift_y=&#8221;0&#8243; shift_y_down=&#8221;0&#8243; z_index=&#8221;0&#8243; medium_width=&#8221;0&#8243; mobile_width=&#8221;0&#8243; width=&#8221;5\/12&#8243; uncode_shortcode_id=&#8221;153645&#8243;][vc_single_image media=&#8221;91583&#8243; media_width_percent=&#8221;100&#8243; uncode_shortcode_id=&#8221;545428&#8243;][vc_button size=&#8221;btn-lg&#8221; wide=&#8221;yes&#8221; border_width=&#8221;0&#8243; icon_position=&#8221;right&#8221; link=&#8221;url:https%3A%2F%2Fcrunchconf.com%2Fprevious-events|target:_blank|rel:nofollow|&#8221; icon=&#8221;fa fa-link3&#8243; button_color_type=&#8221;uncode-solid&#8221; button_color_solid=&#8221;#e6107e&#8221; uncode_shortcode_id=&#8221;518816&#8243;]crunchconf.com[\/vc_button][\/vc_column][\/vc_row][\/vc_section][vc_section][vc_row row_height_percent=&#8221;0&#8243; override_padding=&#8221;yes&#8221; h_padding=&#8221;2&#8243; top_padding=&#8221;3&#8243; bottom_padding=&#8221;2&#8243; overlay_alpha=&#8221;50&#8243; gutter_size=&#8221;3&#8243; column_width_percent=&#8221;100&#8243; shift_y=&#8221;0&#8243; z_index=&#8221;0&#8243; uncode_shortcode_id=&#8221;657673&#8243;][vc_column width=&#8221;7\/12&#8243;][vc_single_image media=&#8221;92651&#8243; media_width_use_pixel=&#8221;yes&#8221; media_width_pixel=&#8221;300&#8243; uncode_shortcode_id=&#8221;166752&#8243;][vc_column_text uncode_shortcode_id=&#8221;502242&#8243;]Egy nemzetk\u00f6zi konferencia, mely a term\u00e9kfejleszt\u00e9s \u00e9s term\u00e9kmenedzsment kedvel\u0151inek kedvez. Lehet\u0151s\u00e9g ny\u00edlik elsaj\u00e1t\u00edtani mindazt, ami elengedhetetlen ahhoz, hogy felhaszn\u00e1l\u00f3i \u00e9s az \u00fczleti ig\u00e9nyeknek legink\u00e1bb megfelel\u0151 term\u00e9kek sz\u00fclessenek meg. A t\u00f6k\u00e9letes esem\u00e9ny term\u00e9kmenedzserek, PO-k \u00e9s term\u00e9kspecialist\u00e1k sz\u00e1m\u00e1ra.[\/vc_column_text][\/vc_column][vc_column column_width_percent=&#8221;100&#8243; position_vertical=&#8221;middle&#8221; align_horizontal=&#8221;align_center&#8221; gutter_size=&#8221;3&#8243; overlay_alpha=&#8221;50&#8243; shift_x=&#8221;0&#8243; shift_y=&#8221;0&#8243; shift_y_down=&#8221;0&#8243; z_index=&#8221;0&#8243; medium_width=&#8221;0&#8243; mobile_width=&#8221;0&#8243; width=&#8221;5\/12&#8243; uncode_shortcode_id=&#8221;153645&#8243;][vc_single_image media=&#8221;91583&#8243; media_width_percent=&#8221;100&#8243; uncode_shortcode_id=&#8221;545428&#8243;][vc_button size=&#8221;btn-lg&#8221; wide=&#8221;yes&#8221; border_width=&#8221;0&#8243; icon_position=&#8221;right&#8221; link=&#8221;url:https%3A%2F%2Fimpact-conf.com%2Fprevious-events|target:_blank|rel:nofollow|&#8221; icon=&#8221;fa fa-link3&#8243; button_color_type=&#8221;uncode-solid&#8221; button_color_solid=&#8221;#fea414&#8243; uncode_shortcode_id=&#8221;306170&#8243;]impact-conf.com[\/vc_button][\/vc_column][\/vc_row][\/vc_section][vc_section][vc_row row_height_percent=&#8221;0&#8243; override_padding=&#8221;yes&#8221; h_padding=&#8221;2&#8243; top_padding=&#8221;3&#8243; bottom_padding=&#8221;2&#8243; overlay_alpha=&#8221;50&#8243; gutter_size=&#8221;3&#8243; column_width_percent=&#8221;100&#8243; shift_y=&#8221;0&#8243; z_index=&#8221;0&#8243; uncode_shortcode_id=&#8221;162917&#8243;][vc_column column_width_percent=&#8221;100&#8243; position_vertical=&#8221;middle&#8221; align_horizontal=&#8221;align_center&#8221; gutter_size=&#8221;3&#8243; overlay_alpha=&#8221;50&#8243; shift_x=&#8221;0&#8243; shift_y=&#8221;0&#8243; shift_y_down=&#8221;0&#8243; z_index=&#8221;0&#8243; medium_width=&#8221;0&#8243; mobile_width=&#8221;0&#8243; width=&#8221;1\/1&#8243; uncode_shortcode_id=&#8221;186167&#8243;][vc_custom_heading uncode_shortcode_id=&#8221;176568&#8243;]Csatlakozz konferencia k\u00f6z\u00f6ss\u00e9geinkhez![\/vc_custom_heading][\/vc_column][\/vc_row][vc_row row_height_percent=&#8221;0&#8243; override_padding=&#8221;yes&#8221; h_padding=&#8221;2&#8243; top_padding=&#8221;0&#8243; bottom_padding=&#8221;3&#8243; overlay_alpha=&#8221;50&#8243; gutter_size=&#8221;3&#8243; column_width_percent=&#8221;100&#8243; shift_y=&#8221;0&#8243; z_index=&#8221;0&#8243; uncode_shortcode_id=&#8221;151781&#8243;][vc_column column_width_percent=&#8221;100&#8243; position_vertical=&#8221;middle&#8221; align_horizontal=&#8221;align_center&#8221; gutter_size=&#8221;3&#8243; overlay_alpha=&#8221;50&#8243; shift_x=&#8221;0&#8243; shift_y=&#8221;0&#8243; shift_y_down=&#8221;0&#8243; z_index=&#8221;0&#8243; medium_width=&#8221;0&#8243; mobile_width=&#8221;0&#8243; width=&#8221;1\/3&#8243; uncode_shortcode_id=&#8221;145019&#8243;][\/vc_column][vc_column column_width_percent=&#8221;100&#8243; position_vertical=&#8221;middle&#8221; align_horizontal=&#8221;align_center&#8221; gutter_size=&#8221;3&#8243; overlay_alpha=&#8221;50&#8243; shift_x=&#8221;0&#8243; shift_y=&#8221;0&#8243; shift_y_down=&#8221;0&#8243; z_index=&#8221;0&#8243; medium_width=&#8221;0&#8243; mobile_width=&#8221;0&#8243; width=&#8221;1\/3&#8243; uncode_shortcode_id=&#8221;941020&#8243;][vc_button button_color=&#8221;accent&#8221; size=&#8221;btn-lg&#8221; wide=&#8221;yes&#8221; border_width=&#8221;0&#8243; link=&#8221;url:http%3A%2F%2Feepurl.com%2FimiZZE|target:_blank|&#8221; button_color_type=&#8221;uncode-palette&#8221; uncode_shortcode_id=&#8221;741753&#8243;]Iratkozz fel h\u00edrlevel\u00fcnkre![\/vc_button][\/vc_column][vc_column width=&#8221;1\/3&#8243;][\/vc_column][\/vc_row][\/vc_section]<\/p>\n<\/div>","protected":false},"excerpt":{"rendered":"<p>Tekintsd meg a CraftHub kor\u00e1bbi konferenci\u00e1it: Stretch Leadership Conference, Reinforce AI Conference, Amuse UX Conference, Crunch Data Conference, and Impact Product Management Conference.<\/p>\n","protected":false},"author":1,"featured_media":89464,"parent":0,"menu_order":0,"comment_status":"closed","ping_status":"closed","template":"","meta":{"_acf_changed":false,"footnotes":""},"class_list":["post-92598","page","type-page","status-publish","has-post-thumbnail","hentry"],"acf":[],"yoast_head":"<!-- This site is optimized with the Yoast SEO plugin v27.2 - https:\/\/yoast.com\/product\/yoast-seo-wordpress\/ -->\n<title>Kor\u00e1bbi konferenci\u00e1k - CraftHub<\/title>\n<meta name=\"description\" content=\"Tekintsd meg a CraftHub kor\u00e1bbi konferenci\u00e1it: Stretch Leadership Conference, Reinforce AI Conference, Amuse UX Conference, Crunch Data Conference, and Impact Product Management Conference.\" \/>\n<meta name=\"robots\" content=\"index, follow, max-snippet:-1, max-image-preview:large, max-video-preview:-1\" \/>\n<link rel=\"canonical\" href=\"https:\/\/crafthub.events\/hu\/korabbi-konferenciak\/\" \/>\n<meta property=\"og:locale\" content=\"hu_HU\" \/>\n<meta property=\"og:type\" content=\"article\" \/>\n<meta property=\"og:title\" content=\"Kor\u00e1bbi konferenci\u00e1k - CraftHub\" \/>\n<meta property=\"og:description\" content=\"Tekintsd meg a CraftHub kor\u00e1bbi konferenci\u00e1it: Stretch Leadership Conference, Reinforce AI Conference, Amuse UX Conference, Crunch Data Conference, and Impact Product Management Conference.\" \/>\n<meta property=\"og:url\" content=\"https:\/\/crafthub.events\/hu\/korabbi-konferenciak\/\" \/>\n<meta property=\"og:site_name\" content=\"CraftHub\" \/>\n<meta property=\"article:publisher\" content=\"https:\/\/www.facebook.com\/Crafthub.events\" \/>\n<meta property=\"article:modified_time\" content=\"2024-04-02T10:46:12+00:00\" \/>\n<meta property=\"og:image\" content=\"https:\/\/crafthub.events\/wp-content\/uploads\/Reinforce.jpg\" \/>\n\t<meta property=\"og:image:width\" content=\"1900\" \/>\n\t<meta property=\"og:image:height\" content=\"1266\" \/>\n\t<meta property=\"og:image:type\" content=\"image\/jpeg\" \/>\n<meta name=\"twitter:card\" content=\"summary_large_image\" \/>\n<meta name=\"twitter:site\" content=\"@CrafthubE\" \/>\n<meta name=\"twitter:label1\" content=\"Becs\u00fclt olvas\u00e1si id\u0151\" \/>\n\t<meta name=\"twitter:data1\" content=\"8 perc\" \/>\n<script type=\"application\/ld+json\" class=\"yoast-schema-graph\">{\"@context\":\"https:\/\/schema.org\",\"@graph\":[{\"@type\":\"WebPage\",\"@id\":\"https:\/\/crafthub.events\/hu\/korabbi-konferenciak\/\",\"url\":\"https:\/\/crafthub.events\/hu\/korabbi-konferenciak\/\",\"name\":\"Kor\u00e1bbi konferenci\u00e1k - CraftHub\",\"isPartOf\":{\"@id\":\"https:\/\/crafthub.events\/hu\/#website\"},\"primaryImageOfPage\":{\"@id\":\"https:\/\/crafthub.events\/hu\/korabbi-konferenciak\/#primaryimage\"},\"image\":{\"@id\":\"https:\/\/crafthub.events\/hu\/korabbi-konferenciak\/#primaryimage\"},\"thumbnailUrl\":\"https:\/\/crafthub.events\/wp-content\/uploads\/Reinforce.jpg\",\"datePublished\":\"2024-04-01T07:39:31+00:00\",\"dateModified\":\"2024-04-02T10:46:12+00:00\",\"description\":\"Tekintsd meg a CraftHub kor\u00e1bbi konferenci\u00e1it: Stretch Leadership Conference, Reinforce AI Conference, Amuse UX Conference, Crunch Data Conference, and Impact Product Management Conference.\",\"breadcrumb\":{\"@id\":\"https:\/\/crafthub.events\/hu\/korabbi-konferenciak\/#breadcrumb\"},\"inLanguage\":\"hu\",\"potentialAction\":[{\"@type\":\"ReadAction\",\"target\":[\"https:\/\/crafthub.events\/hu\/korabbi-konferenciak\/\"]}]},{\"@type\":\"ImageObject\",\"inLanguage\":\"hu\",\"@id\":\"https:\/\/crafthub.events\/hu\/korabbi-konferenciak\/#primaryimage\",\"url\":\"https:\/\/crafthub.events\/wp-content\/uploads\/Reinforce.jpg\",\"contentUrl\":\"https:\/\/crafthub.events\/wp-content\/uploads\/Reinforce.jpg\",\"width\":1900,\"height\":1266},{\"@type\":\"BreadcrumbList\",\"@id\":\"https:\/\/crafthub.events\/hu\/korabbi-konferenciak\/#breadcrumb\",\"itemListElement\":[{\"@type\":\"ListItem\",\"position\":1,\"name\":\"Kezd\u0151lap\",\"item\":\"https:\/\/crafthub.events\/hu\/\"},{\"@type\":\"ListItem\",\"position\":2,\"name\":\"Kor\u00e1bbi konferenci\u00e1k\"}]},{\"@type\":\"WebSite\",\"@id\":\"https:\/\/crafthub.events\/hu\/#website\",\"url\":\"https:\/\/crafthub.events\/hu\/\",\"name\":\"CraftHub\",\"description\":\"The craft that you need!\",\"publisher\":{\"@id\":\"https:\/\/crafthub.events\/hu\/#organization\"},\"potentialAction\":[{\"@type\":\"SearchAction\",\"target\":{\"@type\":\"EntryPoint\",\"urlTemplate\":\"https:\/\/crafthub.events\/hu\/?s={search_term_string}\"},\"query-input\":{\"@type\":\"PropertyValueSpecification\",\"valueRequired\":true,\"valueName\":\"search_term_string\"}}],\"inLanguage\":\"hu\"},{\"@type\":\"Organization\",\"@id\":\"https:\/\/crafthub.events\/hu\/#organization\",\"name\":\"CraftHub\",\"url\":\"https:\/\/crafthub.events\/hu\/\",\"logo\":{\"@type\":\"ImageObject\",\"inLanguage\":\"hu\",\"@id\":\"https:\/\/crafthub.events\/hu\/#\/schema\/logo\/image\/\",\"url\":\"https:\/\/crafthub.events\/wp-content\/uploads\/ch.png\",\"contentUrl\":\"https:\/\/crafthub.events\/wp-content\/uploads\/ch.png\",\"width\":747,\"height\":693,\"caption\":\"CraftHub\"},\"image\":{\"@id\":\"https:\/\/crafthub.events\/hu\/#\/schema\/logo\/image\/\"},\"sameAs\":[\"https:\/\/www.facebook.com\/Crafthub.events\",\"https:\/\/x.com\/CrafthubE\",\"https:\/\/www.instagram.com\/crafthubevents\/\",\"https:\/\/www.linkedin.com\/company\/68526749\/admin\/\",\"https:\/\/www.youtube.com\/channel\/UC9E-wqsOP_1nRKXWIWPBhXw\"]}]}<\/script>\n<!-- \/ Yoast SEO plugin. -->","yoast_head_json":{"title":"Kor\u00e1bbi konferenci\u00e1k - CraftHub","description":"Tekintsd meg a CraftHub kor\u00e1bbi konferenci\u00e1it: Stretch Leadership Conference, Reinforce AI Conference, Amuse UX Conference, Crunch Data Conference, and Impact Product Management Conference.","robots":{"index":"index","follow":"follow","max-snippet":"max-snippet:-1","max-image-preview":"max-image-preview:large","max-video-preview":"max-video-preview:-1"},"canonical":"https:\/\/crafthub.events\/hu\/korabbi-konferenciak\/","og_locale":"hu_HU","og_type":"article","og_title":"Kor\u00e1bbi konferenci\u00e1k - CraftHub","og_description":"Tekintsd meg a CraftHub kor\u00e1bbi konferenci\u00e1it: Stretch Leadership Conference, Reinforce AI Conference, Amuse UX Conference, Crunch Data Conference, and Impact Product Management Conference.","og_url":"https:\/\/crafthub.events\/hu\/korabbi-konferenciak\/","og_site_name":"CraftHub","article_publisher":"https:\/\/www.facebook.com\/Crafthub.events","article_modified_time":"2024-04-02T10:46:12+00:00","og_image":[{"width":1900,"height":1266,"url":"https:\/\/crafthub.events\/wp-content\/uploads\/Reinforce.jpg","type":"image\/jpeg"}],"twitter_card":"summary_large_image","twitter_site":"@CrafthubE","twitter_misc":{"Becs\u00fclt olvas\u00e1si id\u0151":"8 perc"},"schema":{"@context":"https:\/\/schema.org","@graph":[{"@type":"WebPage","@id":"https:\/\/crafthub.events\/hu\/korabbi-konferenciak\/","url":"https:\/\/crafthub.events\/hu\/korabbi-konferenciak\/","name":"Kor\u00e1bbi konferenci\u00e1k - CraftHub","isPartOf":{"@id":"https:\/\/crafthub.events\/hu\/#website"},"primaryImageOfPage":{"@id":"https:\/\/crafthub.events\/hu\/korabbi-konferenciak\/#primaryimage"},"image":{"@id":"https:\/\/crafthub.events\/hu\/korabbi-konferenciak\/#primaryimage"},"thumbnailUrl":"https:\/\/crafthub.events\/wp-content\/uploads\/Reinforce.jpg","datePublished":"2024-04-01T07:39:31+00:00","dateModified":"2024-04-02T10:46:12+00:00","description":"Tekintsd meg a CraftHub kor\u00e1bbi konferenci\u00e1it: Stretch Leadership Conference, Reinforce AI Conference, Amuse UX Conference, Crunch Data Conference, and Impact Product Management Conference.","breadcrumb":{"@id":"https:\/\/crafthub.events\/hu\/korabbi-konferenciak\/#breadcrumb"},"inLanguage":"hu","potentialAction":[{"@type":"ReadAction","target":["https:\/\/crafthub.events\/hu\/korabbi-konferenciak\/"]}]},{"@type":"ImageObject","inLanguage":"hu","@id":"https:\/\/crafthub.events\/hu\/korabbi-konferenciak\/#primaryimage","url":"https:\/\/crafthub.events\/wp-content\/uploads\/Reinforce.jpg","contentUrl":"https:\/\/crafthub.events\/wp-content\/uploads\/Reinforce.jpg","width":1900,"height":1266},{"@type":"BreadcrumbList","@id":"https:\/\/crafthub.events\/hu\/korabbi-konferenciak\/#breadcrumb","itemListElement":[{"@type":"ListItem","position":1,"name":"Kezd\u0151lap","item":"https:\/\/crafthub.events\/hu\/"},{"@type":"ListItem","position":2,"name":"Kor\u00e1bbi konferenci\u00e1k"}]},{"@type":"WebSite","@id":"https:\/\/crafthub.events\/hu\/#website","url":"https:\/\/crafthub.events\/hu\/","name":"CraftHub","description":"The craft that you need!","publisher":{"@id":"https:\/\/crafthub.events\/hu\/#organization"},"potentialAction":[{"@type":"SearchAction","target":{"@type":"EntryPoint","urlTemplate":"https:\/\/crafthub.events\/hu\/?s={search_term_string}"},"query-input":{"@type":"PropertyValueSpecification","valueRequired":true,"valueName":"search_term_string"}}],"inLanguage":"hu"},{"@type":"Organization","@id":"https:\/\/crafthub.events\/hu\/#organization","name":"CraftHub","url":"https:\/\/crafthub.events\/hu\/","logo":{"@type":"ImageObject","inLanguage":"hu","@id":"https:\/\/crafthub.events\/hu\/#\/schema\/logo\/image\/","url":"https:\/\/crafthub.events\/wp-content\/uploads\/ch.png","contentUrl":"https:\/\/crafthub.events\/wp-content\/uploads\/ch.png","width":747,"height":693,"caption":"CraftHub"},"image":{"@id":"https:\/\/crafthub.events\/hu\/#\/schema\/logo\/image\/"},"sameAs":["https:\/\/www.facebook.com\/Crafthub.events","https:\/\/x.com\/CrafthubE","https:\/\/www.instagram.com\/crafthubevents\/","https:\/\/www.linkedin.com\/company\/68526749\/admin\/","https:\/\/www.youtube.com\/channel\/UC9E-wqsOP_1nRKXWIWPBhXw"]}]}},"_links":{"self":[{"href":"https:\/\/crafthub.events\/hu\/wp-json\/wp\/v2\/pages\/92598","targetHints":{"allow":["GET"]}}],"collection":[{"href":"https:\/\/crafthub.events\/hu\/wp-json\/wp\/v2\/pages"}],"about":[{"href":"https:\/\/crafthub.events\/hu\/wp-json\/wp\/v2\/types\/page"}],"author":[{"embeddable":true,"href":"https:\/\/crafthub.events\/hu\/wp-json\/wp\/v2\/users\/1"}],"replies":[{"embeddable":true,"href":"https:\/\/crafthub.events\/hu\/wp-json\/wp\/v2\/comments?post=92598"}],"version-history":[{"count":17,"href":"https:\/\/crafthub.events\/hu\/wp-json\/wp\/v2\/pages\/92598\/revisions"}],"predecessor-version":[{"id":92655,"href":"https:\/\/crafthub.events\/hu\/wp-json\/wp\/v2\/pages\/92598\/revisions\/92655"}],"wp:featuredmedia":[{"embeddable":true,"href":"https:\/\/crafthub.events\/hu\/wp-json\/wp\/v2\/media\/89464"}],"wp:attachment":[{"href":"https:\/\/crafthub.events\/hu\/wp-json\/wp\/v2\/media?parent=92598"}],"curies":[{"name":"wp","href":"https:\/\/api.w.org\/{rel}","templated":true}]}}