{"id":93017,"date":"2025-05-14T07:34:16","date_gmt":"2025-05-14T05:34:16","guid":{"rendered":"https:\/\/crafthub.events\/?page_id=93017"},"modified":"2025-09-16T16:03:02","modified_gmt":"2025-09-16T14:03:02","slug":"sessions","status":"publish","type":"page","link":"https:\/\/crafthub.events\/hu\/sessions\/","title":{"rendered":"Sessions"},"content":{"rendered":"<div class=\"wpb-content-wrapper\"><p>[vc_row row_height_percent=&#8221;54&#8243; override_padding=&#8221;yes&#8221; h_padding=&#8221;2&#8243; top_padding=&#8221;5&#8243; bottom_padding=&#8221;5&#8243; back_color=&#8221;color-wayh&#8221; back_image=&#8221;93023&#8243; back_image_auto=&#8221;yes&#8221; back_position=&#8221;center center&#8221; parallax=&#8221;yes&#8221; kburns=&#8221;yes&#8221; overlay_color=&#8221;color-jevc&#8221; overlay_alpha=&#8221;80&#8243; gutter_size=&#8221;100&#8243; column_width_percent=&#8221;100&#8243; shift_y=&#8221;0&#8243; z_index=&#8221;0&#8243; content_parallax=&#8221;0&#8243; style=&#8221;inherited&#8221; uncode_shortcode_id=&#8221;143809&#8243; back_color_type=&#8221;uncode-palette&#8221; overlay_color_type=&#8221;uncode-palette&#8221; el_id=&#8221;headline&#8221;][vc_column column_width_percent=&#8221;100&#8243; position_vertical=&#8221;middle&#8221; align_horizontal=&#8221;align_center&#8221; gutter_size=&#8221;2&#8243; style=&#8221;dark&#8221; overlay_alpha=&#8221;100&#8243; shift_x=&#8221;0&#8243; shift_y=&#8221;0&#8243; shift_y_down=&#8221;0&#8243; z_index=&#8221;0&#8243; medium_width=&#8221;0&#8243; mobile_width=&#8221;0&#8243; zoom_width=&#8221;0&#8243; zoom_height=&#8221;0&#8243; width=&#8221;1\/1&#8243;][vc_custom_heading auto_text=&#8221;yes&#8221; heading_semantic=&#8221;h1&#8243; text_size=&#8221;fontsize-508833&#8243; text_transform=&#8221;capitalize&#8221; text_align=&#8221;text-center&#8221;]Automatic Heading: Get the title[\/vc_custom_heading][vc_column_text uncode_shortcode_id=&#8221;142934&#8243;]<\/p>\n<p style=\"text-align: center;\">A CraftHub-n\u00e1l azon dolgozunk, hogy olyan konferenci\u00e1kat szervezz\u00fcnk, ahol az emberek vil\u00e1gsz\u00ednvonal\u00fa szak\u00e9rt\u0151kt\u0151l tanulhatnak gondolat\u00e9breszt\u0151 el\u0151ad\u00e1sokon, kerekasztal-besz\u00e9lget\u00e9seken \u00e9s workshopokon kereszt\u00fcl. A r\u00e9sztvev\u0151k lehet\u0151s\u00e9get kapnak arra, hogy megossz\u00e1k tud\u00e1sukat egym\u00e1ssal \u00e9s megismerj\u00e9k a leg\u00fajabb eszk\u00f6z\u00f6ket, m\u00f3dszereket \u00e9s trendeket a mesters\u00e9ges intelligencia, szoftverfejleszt\u00e9s, adatvil\u00e1g, UX, UI, term\u00e9kmenedzsment, leadership \u00e9s menedzsment ter\u00fcletein, K\u00f6z\u00e9p-Kelet Eur\u00f3pa sz\u00edv\u00e9ben, Magyarorsz\u00e1gon.<\/p>\n<p style=\"display: flex; justify-content: center;\"><img decoding=\"async\" class=\"alignnone size-full wp-image-89724\" style=\"margin-right: 0.5rem;\" src=\"https:\/\/crafthub.events\/wp-content\/uploads\/location-marker.svg\" alt=\"\" width=\"24\" height=\"24\" \/>Budapest (Magyarorsz\u00e1g) \u00e9s online<\/p>\n<p>[\/vc_column_text][\/vc_column][\/vc_row][vc_section][vc_row row_height_percent=&#8221;0&#8243; overlay_alpha=&#8221;50&#8243; equal_height=&#8221;yes&#8221; gutter_size=&#8221;3&#8243; column_width_percent=&#8221;100&#8243; shift_y=&#8221;0&#8243; z_index=&#8221;0&#8243; uncode_shortcode_id=&#8221;476849&#8243; row_height_pixel=&#8221;255&#8243;][vc_column column_width_percent=&#8221;100&#8243; position_vertical=&#8221;bottom&#8221; gutter_size=&#8221;3&#8243; override_padding=&#8221;yes&#8221; column_padding=&#8221;2&#8243; style=&#8221;dark&#8221; back_color=&#8221;color-jevc&#8221; back_image=&#8221;93288&#8243; back_position=&#8221;center center&#8221; kburns=&#8221;yes&#8221; overlay_color=&#8221;color-jevc&#8221; overlay_alpha=&#8221;30&#8243; shift_x=&#8221;0&#8243; shift_y=&#8221;0&#8243; shift_y_down=&#8221;0&#8243; z_index=&#8221;0&#8243; medium_width=&#8221;0&#8243; mobile_width=&#8221;0&#8243; width=&#8221;1\/2&#8243; uncode_shortcode_id=&#8221;165265&#8243; back_color_type=&#8221;uncode-palette&#8221; overlay_color_type=&#8221;uncode-palette&#8221; mobile_height=&#8221;255px&#8221; link_to=&#8221;url:https%3A%2F%2Fcrafthub.events%2Fhu%2Fcompass-ai-data-summit%2F|title:Craft%20Mini%20Conference&#8221;][vc_raw_html]JTNDZGl2JTIwc3R5bGUlM0QlMjJkaXNwbGF5JTNBJTIwZmxleCUzQmZsZXgtZGlyZWN0aW9uJTNBJTIwY29sdW1uJTNCJTIwZ2FwJTNBNnJlbSUzQiUyMiUzRSUwQSUyMCUyMCUzQ2RpdiUyMHN0eWxlJTNEJTIyZmxleC1ncm93JTNBJTIwMSUzQmFsaWduLXNlbGYlM0ElMjBlbmQlM0IlMjIlM0UlM0NpbWclMjBzcmMlM0QlMjIlMjIlM0UlM0MlMkZkaXYlM0UlMEElMjAlMjAlM0NkaXYlMjBzdHlsZSUzRCUyMmRpc3BsYXklM0FmbGV4JTNCbWluLWhlaWdodCUzQTg3cHglM0JmbGV4LWRpcmVjdGlvbiUzQSUyMGNvbHVtbiUzQmp1c3RpZnktY29udGVudCUzQSUyMGZsZXgtZW5kJTNCJTIyJTNFJTNDaDMlM0VDb21wYXNzJTIwQUklMjAlMjYlMjBEYXRhJTIwU3VtbWl0JTNDJTJGaDMlM0UlM0MlMkZkaXYlM0UlMEElM0MlMkZkaXYlM0U=[\/vc_raw_html][\/vc_column][vc_column column_width_percent=&#8221;100&#8243; position_vertical=&#8221;bottom&#8221; gutter_size=&#8221;3&#8243; override_padding=&#8221;yes&#8221; column_padding=&#8221;2&#8243; style=&#8221;dark&#8221; back_color=&#8221;color-jevc&#8221; back_image=&#8221;93026&#8243; back_position=&#8221;center center&#8221; kburns=&#8221;yes&#8221; overlay_color=&#8221;color-jevc&#8221; overlay_alpha=&#8221;30&#8243; shift_x=&#8221;0&#8243; shift_y=&#8221;0&#8243; shift_y_down=&#8221;0&#8243; z_index=&#8221;0&#8243; medium_width=&#8221;0&#8243; mobile_width=&#8221;0&#8243; width=&#8221;1\/2&#8243; uncode_shortcode_id=&#8221;198031&#8243; back_color_type=&#8221;uncode-palette&#8221; overlay_color_type=&#8221;uncode-palette&#8221; mobile_height=&#8221;255px&#8221; link_to=&#8221;url:https%3A%2F%2Fcrafthub.events%2Fhu%2F%3Fpage_id%3D93064|title:Compass%20UX%20Session|&#8221;][vc_raw_html]PGRpdiBzdHlsZT0iZGlzcGxheTogZmxleDtmbGV4LWRpcmVjdGlvbjogY29sdW1uOyBnYXA6NnJlbTsiPgogIDxkaXYgc3R5bGU9ImZsZXgtZ3JvdzogMTthbGlnbi1zZWxmOiBlbmQ7Ij48aW1nIHNyYz0iIj48L2Rpdj4KICA8ZGl2IHN0eWxlPSJkaXNwbGF5OmZsZXg7bWluLWhlaWdodDo4N3B4O2ZsZXgtZGlyZWN0aW9uOiBjb2x1bW47anVzdGlmeS1jb250ZW50OiBmbGV4LWVuZDsiPjxoMz5Db21wYXNzIFVYIFNlc3Npb248L2gzPjwvZGl2Pgo8L2Rpdj4=[\/vc_raw_html][\/vc_column][\/vc_row][vc_row row_height_percent=&#8221;0&#8243; overlay_alpha=&#8221;50&#8243; equal_height=&#8221;yes&#8221; gutter_size=&#8221;3&#8243; column_width_percent=&#8221;100&#8243; shift_y=&#8221;0&#8243; z_index=&#8221;0&#8243; uncode_shortcode_id=&#8221;476849&#8243; row_height_pixel=&#8221;255&#8243;][vc_column column_width_percent=&#8221;100&#8243; position_vertical=&#8221;bottom&#8221; gutter_size=&#8221;3&#8243; override_padding=&#8221;yes&#8221; column_padding=&#8221;2&#8243; style=&#8221;dark&#8221; back_color=&#8221;color-jevc&#8221; back_image=&#8221;93032&#8243; back_position=&#8221;center center&#8221; kburns=&#8221;yes&#8221; overlay_color=&#8221;color-jevc&#8221; overlay_alpha=&#8221;30&#8243; shift_x=&#8221;0&#8243; shift_y=&#8221;0&#8243; shift_y_down=&#8221;0&#8243; z_index=&#8221;0&#8243; medium_width=&#8221;0&#8243; mobile_width=&#8221;0&#8243; width=&#8221;1\/2&#8243; uncode_shortcode_id=&#8221;629795&#8243; back_color_type=&#8221;uncode-palette&#8221; overlay_color_type=&#8221;uncode-palette&#8221; mobile_height=&#8221;255px&#8221; link_to=&#8221;url:https%3A%2F%2Fcrafthub.events%2Fhu%2F%3Fpage_id%3D93053|title:Craft%20Mini%20Conference|&#8221;][vc_raw_html]PGRpdiBzdHlsZT0iZGlzcGxheTogZmxleDtmbGV4LWRpcmVjdGlvbjogY29sdW1uOyBnYXA6NnJlbTsiPgogIDxkaXYgc3R5bGU9ImZsZXgtZ3JvdzogMTthbGlnbi1zZWxmOiBlbmQ7Ij48aW1nIHNyYz0iIj48L2Rpdj4KICA8ZGl2IHN0eWxlPSJkaXNwbGF5OmZsZXg7bWluLWhlaWdodDo4N3B4O2ZsZXgtZGlyZWN0aW9uOiBjb2x1bW47anVzdGlmeS1jb250ZW50OiBmbGV4LWVuZDsiPjxoMz5DcmFmdCBNaW5pIENvbmZlcmVuY2U8L2gzPjwvZGl2Pgo8L2Rpdj4=[\/vc_raw_html][\/vc_column][vc_column column_width_percent=&#8221;100&#8243; position_vertical=&#8221;bottom&#8221; gutter_size=&#8221;0&#8243; override_padding=&#8221;yes&#8221; column_padding=&#8221;2&#8243; style=&#8221;dark&#8221; back_color=&#8221;color-jevc&#8221; back_image=&#8221;93022&#8243; kburns=&#8221;yes&#8221; overlay_color=&#8221;color-jevc&#8221; overlay_alpha=&#8221;30&#8243; shift_x=&#8221;0&#8243; shift_y=&#8221;0&#8243; shift_y_down=&#8221;0&#8243; z_index=&#8221;0&#8243; medium_width=&#8221;0&#8243; mobile_width=&#8221;0&#8243; width=&#8221;1\/2&#8243; uncode_shortcode_id=&#8221;986794&#8243; overlay_color_type=&#8221;uncode-palette&#8221; back_color_type=&#8221;uncode-palette&#8221; mobile_height=&#8221;255px&#8221; link_to=&#8221;url:https%3A%2F%2Fcrafthub.events%2Fhu%2F%3Fpage_id%3D93036|title:Compass%20AI%20Session|&#8221;][vc_raw_html]PGRpdiBzdHlsZT0iZGlzcGxheTogZmxleDtmbGV4LWRpcmVjdGlvbjogY29sdW1uOyBnYXA6NnJlbTsiPgogIDxkaXYgc3R5bGU9ImZsZXgtZ3JvdzogMTthbGlnbi1zZWxmOiBlbmQ7Ij48L2Rpdj4KICA8ZGl2IHN0eWxlPSJkaXNwbGF5OmZsZXg7bWluLWhlaWdodDo4N3B4O2ZsZXgtZGlyZWN0aW9uOiBjb2x1bW47anVzdGlmeS1jb250ZW50OiBmbGV4LWVuZDsiPjxoMz5Db21wYXNzIEFJIFNlc3Npb248L2gzPjwvZGl2Pgo8L2Rpdj4=[\/vc_raw_html][\/vc_column][\/vc_row][\/vc_section][vc_section][vc_row row_height_percent=&#8221;0&#8243; override_padding=&#8221;yes&#8221; h_padding=&#8221;2&#8243; top_padding=&#8221;3&#8243; bottom_padding=&#8221;2&#8243; overlay_alpha=&#8221;50&#8243; gutter_size=&#8221;3&#8243; column_width_percent=&#8221;100&#8243; shift_y=&#8221;0&#8243; z_index=&#8221;0&#8243; uncode_shortcode_id=&#8221;162917&#8243;][vc_column column_width_percent=&#8221;100&#8243; position_vertical=&#8221;middle&#8221; align_horizontal=&#8221;align_center&#8221; gutter_size=&#8221;3&#8243; overlay_alpha=&#8221;50&#8243; shift_x=&#8221;0&#8243; shift_y=&#8221;0&#8243; shift_y_down=&#8221;0&#8243; z_index=&#8221;0&#8243; medium_width=&#8221;0&#8243; mobile_width=&#8221;0&#8243; width=&#8221;1\/1&#8243; uncode_shortcode_id=&#8221;186167&#8243;][vc_custom_heading uncode_shortcode_id=&#8221;176568&#8243;]Csatlakozz konferencia k\u00f6z\u00f6ss\u00e9geinkhez![\/vc_custom_heading][\/vc_column][\/vc_row][vc_row row_height_percent=&#8221;0&#8243; override_padding=&#8221;yes&#8221; h_padding=&#8221;2&#8243; top_padding=&#8221;0&#8243; bottom_padding=&#8221;3&#8243; overlay_alpha=&#8221;50&#8243; gutter_size=&#8221;3&#8243; column_width_percent=&#8221;100&#8243; shift_y=&#8221;0&#8243; z_index=&#8221;0&#8243; uncode_shortcode_id=&#8221;151781&#8243;][vc_column column_width_percent=&#8221;100&#8243; position_vertical=&#8221;middle&#8221; align_horizontal=&#8221;align_center&#8221; gutter_size=&#8221;3&#8243; overlay_alpha=&#8221;50&#8243; shift_x=&#8221;0&#8243; shift_y=&#8221;0&#8243; shift_y_down=&#8221;0&#8243; z_index=&#8221;0&#8243; medium_width=&#8221;0&#8243; mobile_width=&#8221;0&#8243; width=&#8221;1\/3&#8243; uncode_shortcode_id=&#8221;145019&#8243;][\/vc_column][vc_column column_width_percent=&#8221;100&#8243; position_vertical=&#8221;middle&#8221; align_horizontal=&#8221;align_center&#8221; gutter_size=&#8221;3&#8243; overlay_alpha=&#8221;50&#8243; shift_x=&#8221;0&#8243; shift_y=&#8221;0&#8243; shift_y_down=&#8221;0&#8243; z_index=&#8221;0&#8243; medium_width=&#8221;0&#8243; mobile_width=&#8221;0&#8243; width=&#8221;1\/3&#8243; uncode_shortcode_id=&#8221;941020&#8243;][vc_button button_color=&#8221;accent&#8221; size=&#8221;btn-lg&#8221; wide=&#8221;yes&#8221; border_width=&#8221;0&#8243; link=&#8221;url:http%3A%2F%2Feepurl.com%2FimiZZE|target:_blank|&#8221; button_color_type=&#8221;uncode-palette&#8221; uncode_shortcode_id=&#8221;741753&#8243;]Iratkozz fel h\u00edrlevel\u00fcnkre![\/vc_button][\/vc_column][vc_column width=&#8221;1\/3&#8243;][\/vc_column][\/vc_row][\/vc_section]<\/p>\n<\/div>","protected":false},"excerpt":{"rendered":"<p>A CraftHub-n\u00e1l azon dolgozunk, hogy olyan konferenci\u00e1kat szervezz\u00fcnk, ahol az emberek vil\u00e1gsz\u00ednvonal\u00fa szak\u00e9rt\u0151kt\u0151l tanulhatnak gondolat\u00e9breszt\u0151 el\u0151ad\u00e1sokon, kerekasztal-besz\u00e9lget\u00e9seken \u00e9s workshopokon kereszt\u00fcl. A r\u00e9sztvev\u0151k lehet\u0151s\u00e9get kapnak arra, hogy megossz\u00e1k tud\u00e1sukat egym\u00e1ssal \u00e9s megismerj\u00e9k a leg\u00fajabb eszk\u00f6z\u00f6ket, m\u00f3dszereket \u00e9s trendeket a mesters\u00e9ges intelligencia, szoftverfejleszt\u00e9s, adatvil\u00e1g, UX, UI, term\u00e9kmenedzsment, leadership \u00e9s menedzsment ter\u00fcletein, K\u00f6z\u00e9p-Kelet Eur\u00f3pa sz\u00edv\u00e9ben, Magyarorsz\u00e1gon. <\/p>\n","protected":false},"author":1,"featured_media":93024,"parent":0,"menu_order":0,"comment_status":"closed","ping_status":"closed","template":"","meta":{"_acf_changed":false,"footnotes":""},"class_list":["post-93017","page","type-page","status-publish","has-post-thumbnail","hentry"],"acf":[],"yoast_head":"<!-- This site is optimized with the Yoast SEO plugin v27.2 - https:\/\/yoast.com\/product\/yoast-seo-wordpress\/ -->\n<title>Tech Session\u00f6k Budapesten \u00e9s Online \u2013 CraftHub<\/title>\n<meta name=\"description\" content=\"Szakmai session\u00f6k online \u00e9s offline a technol\u00f3gia k\u00fcl\u00f6nb\u00f6z\u0151 t\u00e9m\u00e1iban, ahol lehet\u0151s\u00e9g van szakemberekt\u0151l tanulni, inspir\u00e1l\u00f3dni \u00e9s \u00faj kapcsolatokat kialak\u00edtani.\" \/>\n<meta name=\"robots\" content=\"index, follow, max-snippet:-1, max-image-preview:large, max-video-preview:-1\" \/>\n<link rel=\"canonical\" href=\"https:\/\/crafthub.events\/hu\/sessions\/\" \/>\n<meta property=\"og:locale\" content=\"hu_HU\" \/>\n<meta property=\"og:type\" content=\"article\" \/>\n<meta property=\"og:title\" content=\"Tech Session\u00f6k Budapesten \u00e9s Online \u2013 CraftHub\" \/>\n<meta property=\"og:description\" content=\"Szakmai session\u00f6k online \u00e9s offline a technol\u00f3gia k\u00fcl\u00f6nb\u00f6z\u0151 t\u00e9m\u00e1iban, ahol lehet\u0151s\u00e9g van szakemberekt\u0151l tanulni, inspir\u00e1l\u00f3dni \u00e9s \u00faj kapcsolatokat kialak\u00edtani.\" \/>\n<meta property=\"og:url\" content=\"https:\/\/crafthub.events\/hu\/sessions\/\" \/>\n<meta property=\"og:site_name\" content=\"CraftHub\" \/>\n<meta property=\"article:publisher\" content=\"https:\/\/www.facebook.com\/Crafthub.events\" \/>\n<meta property=\"article:modified_time\" content=\"2025-09-16T14:03:02+00:00\" \/>\n<meta property=\"og:image\" content=\"https:\/\/crafthub.events\/wp-content\/uploads\/54116434755_b921799bb6_k.jpg\" \/>\n\t<meta property=\"og:image:width\" content=\"2048\" \/>\n\t<meta property=\"og:image:height\" content=\"1365\" \/>\n\t<meta property=\"og:image:type\" content=\"image\/jpeg\" \/>\n<meta name=\"twitter:card\" content=\"summary_large_image\" \/>\n<meta name=\"twitter:site\" content=\"@CrafthubE\" \/>\n<meta name=\"twitter:label1\" content=\"Becs\u00fclt olvas\u00e1si id\u0151\" \/>\n\t<meta name=\"twitter:data1\" content=\"5 perc\" \/>\n<script type=\"application\/ld+json\" class=\"yoast-schema-graph\">{\"@context\":\"https:\/\/schema.org\",\"@graph\":[{\"@type\":\"WebPage\",\"@id\":\"https:\/\/crafthub.events\/hu\/sessions\/\",\"url\":\"https:\/\/crafthub.events\/hu\/sessions\/\",\"name\":\"Tech Session\u00f6k Budapesten \u00e9s Online \u2013 CraftHub\",\"isPartOf\":{\"@id\":\"https:\/\/crafthub.events\/hu\/#website\"},\"primaryImageOfPage\":{\"@id\":\"https:\/\/crafthub.events\/hu\/sessions\/#primaryimage\"},\"image\":{\"@id\":\"https:\/\/crafthub.events\/hu\/sessions\/#primaryimage\"},\"thumbnailUrl\":\"https:\/\/crafthub.events\/wp-content\/uploads\/54116434755_b921799bb6_k.jpg\",\"datePublished\":\"2025-05-14T05:34:16+00:00\",\"dateModified\":\"2025-09-16T14:03:02+00:00\",\"description\":\"Szakmai session\u00f6k online \u00e9s offline a technol\u00f3gia k\u00fcl\u00f6nb\u00f6z\u0151 t\u00e9m\u00e1iban, ahol lehet\u0151s\u00e9g van szakemberekt\u0151l tanulni, inspir\u00e1l\u00f3dni \u00e9s \u00faj kapcsolatokat kialak\u00edtani.\",\"breadcrumb\":{\"@id\":\"https:\/\/crafthub.events\/hu\/sessions\/#breadcrumb\"},\"inLanguage\":\"hu\",\"potentialAction\":[{\"@type\":\"ReadAction\",\"target\":[\"https:\/\/crafthub.events\/hu\/sessions\/\"]}]},{\"@type\":\"ImageObject\",\"inLanguage\":\"hu\",\"@id\":\"https:\/\/crafthub.events\/hu\/sessions\/#primaryimage\",\"url\":\"https:\/\/crafthub.events\/wp-content\/uploads\/54116434755_b921799bb6_k.jpg\",\"contentUrl\":\"https:\/\/crafthub.events\/wp-content\/uploads\/54116434755_b921799bb6_k.jpg\",\"width\":2048,\"height\":1365},{\"@type\":\"BreadcrumbList\",\"@id\":\"https:\/\/crafthub.events\/hu\/sessions\/#breadcrumb\",\"itemListElement\":[{\"@type\":\"ListItem\",\"position\":1,\"name\":\"Kezd\u0151lap\",\"item\":\"https:\/\/crafthub.events\/hu\/\"},{\"@type\":\"ListItem\",\"position\":2,\"name\":\"Sessions\"}]},{\"@type\":\"WebSite\",\"@id\":\"https:\/\/crafthub.events\/hu\/#website\",\"url\":\"https:\/\/crafthub.events\/hu\/\",\"name\":\"CraftHub\",\"description\":\"The craft that you need!\",\"publisher\":{\"@id\":\"https:\/\/crafthub.events\/hu\/#organization\"},\"potentialAction\":[{\"@type\":\"SearchAction\",\"target\":{\"@type\":\"EntryPoint\",\"urlTemplate\":\"https:\/\/crafthub.events\/hu\/?s={search_term_string}\"},\"query-input\":{\"@type\":\"PropertyValueSpecification\",\"valueRequired\":true,\"valueName\":\"search_term_string\"}}],\"inLanguage\":\"hu\"},{\"@type\":\"Organization\",\"@id\":\"https:\/\/crafthub.events\/hu\/#organization\",\"name\":\"CraftHub\",\"url\":\"https:\/\/crafthub.events\/hu\/\",\"logo\":{\"@type\":\"ImageObject\",\"inLanguage\":\"hu\",\"@id\":\"https:\/\/crafthub.events\/hu\/#\/schema\/logo\/image\/\",\"url\":\"https:\/\/crafthub.events\/wp-content\/uploads\/ch.png\",\"contentUrl\":\"https:\/\/crafthub.events\/wp-content\/uploads\/ch.png\",\"width\":747,\"height\":693,\"caption\":\"CraftHub\"},\"image\":{\"@id\":\"https:\/\/crafthub.events\/hu\/#\/schema\/logo\/image\/\"},\"sameAs\":[\"https:\/\/www.facebook.com\/Crafthub.events\",\"https:\/\/x.com\/CrafthubE\",\"https:\/\/www.instagram.com\/crafthubevents\/\",\"https:\/\/www.linkedin.com\/company\/68526749\/admin\/\",\"https:\/\/www.youtube.com\/channel\/UC9E-wqsOP_1nRKXWIWPBhXw\"]}]}<\/script>\n<!-- \/ Yoast SEO plugin. -->","yoast_head_json":{"title":"Tech Session\u00f6k Budapesten \u00e9s Online \u2013 CraftHub","description":"Szakmai session\u00f6k online \u00e9s offline a technol\u00f3gia k\u00fcl\u00f6nb\u00f6z\u0151 t\u00e9m\u00e1iban, ahol lehet\u0151s\u00e9g van szakemberekt\u0151l tanulni, inspir\u00e1l\u00f3dni \u00e9s \u00faj kapcsolatokat kialak\u00edtani.","robots":{"index":"index","follow":"follow","max-snippet":"max-snippet:-1","max-image-preview":"max-image-preview:large","max-video-preview":"max-video-preview:-1"},"canonical":"https:\/\/crafthub.events\/hu\/sessions\/","og_locale":"hu_HU","og_type":"article","og_title":"Tech Session\u00f6k Budapesten \u00e9s Online \u2013 CraftHub","og_description":"Szakmai session\u00f6k online \u00e9s offline a technol\u00f3gia k\u00fcl\u00f6nb\u00f6z\u0151 t\u00e9m\u00e1iban, ahol lehet\u0151s\u00e9g van szakemberekt\u0151l tanulni, inspir\u00e1l\u00f3dni \u00e9s \u00faj kapcsolatokat kialak\u00edtani.","og_url":"https:\/\/crafthub.events\/hu\/sessions\/","og_site_name":"CraftHub","article_publisher":"https:\/\/www.facebook.com\/Crafthub.events","article_modified_time":"2025-09-16T14:03:02+00:00","og_image":[{"width":2048,"height":1365,"url":"https:\/\/crafthub.events\/wp-content\/uploads\/54116434755_b921799bb6_k.jpg","type":"image\/jpeg"}],"twitter_card":"summary_large_image","twitter_site":"@CrafthubE","twitter_misc":{"Becs\u00fclt olvas\u00e1si id\u0151":"5 perc"},"schema":{"@context":"https:\/\/schema.org","@graph":[{"@type":"WebPage","@id":"https:\/\/crafthub.events\/hu\/sessions\/","url":"https:\/\/crafthub.events\/hu\/sessions\/","name":"Tech Session\u00f6k Budapesten \u00e9s Online \u2013 CraftHub","isPartOf":{"@id":"https:\/\/crafthub.events\/hu\/#website"},"primaryImageOfPage":{"@id":"https:\/\/crafthub.events\/hu\/sessions\/#primaryimage"},"image":{"@id":"https:\/\/crafthub.events\/hu\/sessions\/#primaryimage"},"thumbnailUrl":"https:\/\/crafthub.events\/wp-content\/uploads\/54116434755_b921799bb6_k.jpg","datePublished":"2025-05-14T05:34:16+00:00","dateModified":"2025-09-16T14:03:02+00:00","description":"Szakmai session\u00f6k online \u00e9s offline a technol\u00f3gia k\u00fcl\u00f6nb\u00f6z\u0151 t\u00e9m\u00e1iban, ahol lehet\u0151s\u00e9g van szakemberekt\u0151l tanulni, inspir\u00e1l\u00f3dni \u00e9s \u00faj kapcsolatokat kialak\u00edtani.","breadcrumb":{"@id":"https:\/\/crafthub.events\/hu\/sessions\/#breadcrumb"},"inLanguage":"hu","potentialAction":[{"@type":"ReadAction","target":["https:\/\/crafthub.events\/hu\/sessions\/"]}]},{"@type":"ImageObject","inLanguage":"hu","@id":"https:\/\/crafthub.events\/hu\/sessions\/#primaryimage","url":"https:\/\/crafthub.events\/wp-content\/uploads\/54116434755_b921799bb6_k.jpg","contentUrl":"https:\/\/crafthub.events\/wp-content\/uploads\/54116434755_b921799bb6_k.jpg","width":2048,"height":1365},{"@type":"BreadcrumbList","@id":"https:\/\/crafthub.events\/hu\/sessions\/#breadcrumb","itemListElement":[{"@type":"ListItem","position":1,"name":"Kezd\u0151lap","item":"https:\/\/crafthub.events\/hu\/"},{"@type":"ListItem","position":2,"name":"Sessions"}]},{"@type":"WebSite","@id":"https:\/\/crafthub.events\/hu\/#website","url":"https:\/\/crafthub.events\/hu\/","name":"CraftHub","description":"The craft that you need!","publisher":{"@id":"https:\/\/crafthub.events\/hu\/#organization"},"potentialAction":[{"@type":"SearchAction","target":{"@type":"EntryPoint","urlTemplate":"https:\/\/crafthub.events\/hu\/?s={search_term_string}"},"query-input":{"@type":"PropertyValueSpecification","valueRequired":true,"valueName":"search_term_string"}}],"inLanguage":"hu"},{"@type":"Organization","@id":"https:\/\/crafthub.events\/hu\/#organization","name":"CraftHub","url":"https:\/\/crafthub.events\/hu\/","logo":{"@type":"ImageObject","inLanguage":"hu","@id":"https:\/\/crafthub.events\/hu\/#\/schema\/logo\/image\/","url":"https:\/\/crafthub.events\/wp-content\/uploads\/ch.png","contentUrl":"https:\/\/crafthub.events\/wp-content\/uploads\/ch.png","width":747,"height":693,"caption":"CraftHub"},"image":{"@id":"https:\/\/crafthub.events\/hu\/#\/schema\/logo\/image\/"},"sameAs":["https:\/\/www.facebook.com\/Crafthub.events","https:\/\/x.com\/CrafthubE","https:\/\/www.instagram.com\/crafthubevents\/","https:\/\/www.linkedin.com\/company\/68526749\/admin\/","https:\/\/www.youtube.com\/channel\/UC9E-wqsOP_1nRKXWIWPBhXw"]}]}},"_links":{"self":[{"href":"https:\/\/crafthub.events\/hu\/wp-json\/wp\/v2\/pages\/93017","targetHints":{"allow":["GET"]}}],"collection":[{"href":"https:\/\/crafthub.events\/hu\/wp-json\/wp\/v2\/pages"}],"about":[{"href":"https:\/\/crafthub.events\/hu\/wp-json\/wp\/v2\/types\/page"}],"author":[{"embeddable":true,"href":"https:\/\/crafthub.events\/hu\/wp-json\/wp\/v2\/users\/1"}],"replies":[{"embeddable":true,"href":"https:\/\/crafthub.events\/hu\/wp-json\/wp\/v2\/comments?post=93017"}],"version-history":[{"count":20,"href":"https:\/\/crafthub.events\/hu\/wp-json\/wp\/v2\/pages\/93017\/revisions"}],"predecessor-version":[{"id":93302,"href":"https:\/\/crafthub.events\/hu\/wp-json\/wp\/v2\/pages\/93017\/revisions\/93302"}],"wp:featuredmedia":[{"embeddable":true,"href":"https:\/\/crafthub.events\/hu\/wp-json\/wp\/v2\/media\/93024"}],"wp:attachment":[{"href":"https:\/\/crafthub.events\/hu\/wp-json\/wp\/v2\/media?parent=93017"}],"curies":[{"name":"wp","href":"https:\/\/api.w.org\/{rel}","templated":true}]}}