{"id":93064,"date":"2025-05-14T07:30:33","date_gmt":"2025-05-14T05:30:33","guid":{"rendered":"https:\/\/crafthub.events\/?page_id=93064"},"modified":"2026-04-23T08:28:55","modified_gmt":"2026-04-23T06:28:55","slug":"compass-ux-session","status":"publish","type":"page","link":"https:\/\/crafthub.events\/hu\/compass-ux-session\/","title":{"rendered":"Compass UX Session"},"content":{"rendered":"<div class=\"wpb-content-wrapper\"><p>[vc_section][vc_row row_height_percent=&#8221;0&#8243; override_padding=&#8221;yes&#8221; h_padding=&#8221;2&#8243; top_padding=&#8221;3&#8243; bottom_padding=&#8221;2&#8243; overlay_alpha=&#8221;50&#8243; gutter_size=&#8221;3&#8243; column_width_percent=&#8221;100&#8243; shift_y=&#8221;0&#8243; z_index=&#8221;0&#8243; uncode_shortcode_id=&#8221;119374&#8243;][vc_column width=&#8221;7\/12&#8243;][vc_single_image media=&#8221;93069&#8243; media_width_use_pixel=&#8221;yes&#8221; media_width_pixel=&#8221;300&#8243; uncode_shortcode_id=&#8221;130803&#8243;][vc_column_text uncode_shortcode_id=&#8221;175735&#8243;]<strong>T\u00e9ma:<\/strong> <span style=\"font-weight: 400;\">UX \u00e9s a v\u00e1ltoz\u00f3 felhaszn\u00e1l\u00f3i ig\u00e9nyek<\/span><br \/>\n<strong>Helysz\u00edn:<\/strong> <span style=\"font-weight: 400;\">Academia Offices<\/span><br \/>\n<strong>Strukt\u00fara: <\/strong><span style=\"font-weight: 400;\">1 el\u0151ad\u00e1s nap<\/span><br \/>\n<strong>El\u0151z\u0151 esem\u00e9ny:<\/strong> 2025<\/p>\n<p>A Compass UX azt vizsg\u00e1lja, hogyan befoly\u00e1solja a technol\u00f3giai interakci\u00f3t a felhaszn\u00e1l\u00f3i \u00e9lm\u00e9nytervez\u00e9s. A rendezv\u00e9nyen szak\u00e9rt\u0151k tartanak el\u0151ad\u00e1sokat olyan t\u00e9m\u00e1kban, mint a design leadership, a 3D fel\u00fcletek, \u00e9s a mesters\u00e9ges intelligencia szerepe a tervez\u00e9sben. Kiemelt figyelmet kapnak az aktu\u00e1lis trendek, hasznos gyakorlati m\u00f3dszerek, valamint a felhaszn\u00e1l\u00f3i \u00e9lm\u00e9ny kulcsszerepe az innov\u00e1ci\u00f3 el\u0151mozd\u00edt\u00e1s\u00e1ban.[\/vc_column_text][\/vc_column][vc_column column_width_percent=&#8221;100&#8243; position_vertical=&#8221;middle&#8221; align_horizontal=&#8221;align_center&#8221; gutter_size=&#8221;3&#8243; overlay_alpha=&#8221;50&#8243; shift_x=&#8221;0&#8243; shift_y=&#8221;0&#8243; shift_y_down=&#8221;0&#8243; z_index=&#8221;0&#8243; medium_width=&#8221;0&#8243; mobile_width=&#8221;0&#8243; width=&#8221;5\/12&#8243; uncode_shortcode_id=&#8221;115469&#8243;][vc_single_image media=&#8221;93071&#8243; media_width_percent=&#8221;100&#8243; uncode_shortcode_id=&#8221;153205&#8243;][vc_button size=&#8221;btn-lg&#8221; wide=&#8221;yes&#8221; border_width=&#8221;0&#8243; icon_position=&#8221;right&#8221; link=&#8221;url:https%3A%2F%2Fux.compasstechsummit.com%2F|target:_blank|rel:nofollow|&#8221; icon=&#8221;fa fa-link3&#8243; button_color_type=&#8221;uncode-solid&#8221; uncode_shortcode_id=&#8221;183932&#8243; button_color_solid=&#8221;#159dd9&#8243;]ux.compasstechsummit.com[\/vc_button][\/vc_column][\/vc_row][\/vc_section][vc_section back_color=&#8221;color-lxmt&#8221; overlay_alpha=&#8221;50&#8243; desktop_visibility=&#8221;yes&#8221; medium_visibility=&#8221;yes&#8221; mobile_visibility=&#8221;yes&#8221; content_parallax=&#8221;0&#8243; uncode_shortcode_id=&#8221;887841&#8243; back_color_type=&#8221;uncode-palette&#8221;][vc_row row_height_percent=&#8221;0&#8243; override_padding=&#8221;yes&#8221; h_padding=&#8221;2&#8243; top_padding=&#8221;3&#8243; bottom_padding=&#8221;0&#8243; overlay_alpha=&#8221;50&#8243; gutter_size=&#8221;3&#8243; column_width_percent=&#8221;100&#8243; shift_y=&#8221;0&#8243; z_index=&#8221;0&#8243; uncode_shortcode_id=&#8221;710798&#8243;][vc_column column_width_percent=&#8221;100&#8243; align_horizontal=&#8221;align_center&#8221; gutter_size=&#8221;3&#8243; overlay_alpha=&#8221;50&#8243; shift_x=&#8221;0&#8243; shift_y=&#8221;0&#8243; shift_y_down=&#8221;0&#8243; z_index=&#8221;0&#8243; medium_width=&#8221;0&#8243; mobile_width=&#8221;0&#8243; width=&#8221;1\/1&#8243;][vc_column_text uncode_shortcode_id=&#8221;901584&#8243;]<\/p>\n<h2 style=\"text-align: center;\">Legut\u00f3bbi esem\u00e9ny sz\u00e1mokban:<\/h2>\n<p>[\/vc_column_text][\/vc_column][\/vc_row][\/vc_section][vc_section back_color=&#8221;color-lxmt&#8221; overlay_alpha=&#8221;50&#8243; desktop_visibility=&#8221;yes&#8221; medium_visibility=&#8221;yes&#8221; mobile_visibility=&#8221;yes&#8221; content_parallax=&#8221;0&#8243; uncode_shortcode_id=&#8221;456199&#8243; back_color_type=&#8221;uncode-palette&#8221;][vc_row row_height_percent=&#8221;0&#8243; override_padding=&#8221;yes&#8221; h_padding=&#8221;2&#8243; top_padding=&#8221;3&#8243; bottom_padding=&#8221;3&#8243; overlay_alpha=&#8221;50&#8243; gutter_size=&#8221;3&#8243; column_width_percent=&#8221;100&#8243; shift_y=&#8221;0&#8243; z_index=&#8221;0&#8243; uncode_shortcode_id=&#8221;107395&#8243;][vc_column column_width_percent=&#8221;100&#8243; align_horizontal=&#8221;align_center&#8221; gutter_size=&#8221;3&#8243; overlay_alpha=&#8221;50&#8243; shift_x=&#8221;0&#8243; shift_y=&#8221;0&#8243; shift_y_down=&#8221;0&#8243; z_index=&#8221;0&#8243; medium_width=&#8221;0&#8243; mobile_width=&#8221;0&#8243; width=&#8221;1\/3&#8243;][uncode_counter value=&#8221;2000&#8243; counter_color=&#8221;&#8221; size=&#8221;h2&#8243; weight=&#8221;700&#8243; separator=&#8221;yes&#8221; text=&#8221;r\u00e9sztvev\u0151&#8221; uncode_shortcode_id=&#8221;145373&#8243; suffix=&#8221;+&#8221;][\/vc_column][vc_column column_width_percent=&#8221;100&#8243; align_horizontal=&#8221;align_center&#8221; gutter_size=&#8221;3&#8243; overlay_alpha=&#8221;50&#8243; shift_x=&#8221;0&#8243; shift_y=&#8221;0&#8243; shift_y_down=&#8221;0&#8243; z_index=&#8221;0&#8243; medium_width=&#8221;0&#8243; mobile_width=&#8221;0&#8243; width=&#8221;1\/3&#8243;][uncode_counter value=&#8221;80&#8243; counter_color=&#8221;&#8221; size=&#8221;h2&#8243; weight=&#8221;700&#8243; separator=&#8221;yes&#8221; text=&#8221;el\u0151ad\u00f3&#8221; uncode_shortcode_id=&#8221;142155&#8243; suffix=&#8221;+&#8221;][\/vc_column][vc_column column_width_percent=&#8221;100&#8243; align_horizontal=&#8221;align_center&#8221; gutter_size=&#8221;3&#8243; overlay_alpha=&#8221;50&#8243; shift_x=&#8221;0&#8243; shift_y=&#8221;0&#8243; shift_y_down=&#8221;0&#8243; z_index=&#8221;0&#8243; medium_width=&#8221;0&#8243; mobile_width=&#8221;0&#8243; width=&#8221;1\/3&#8243;][uncode_counter value=&#8221;30&#8243; counter_color=&#8221;&#8221; size=&#8221;h2&#8243; weight=&#8221;700&#8243; separator=&#8221;yes&#8221; text=&#8221;t\u00e1mogat\u00f3&#8221; uncode_shortcode_id=&#8221;118884&#8243; suffix=&#8221;+&#8221;][\/vc_column][\/vc_row][\/vc_section]<\/p>\n<\/div>","protected":false},"excerpt":{"rendered":"<p>[vc_section][vc_row row_height_percent=&#8221;0&#8243; override_padding=&#8221;yes&#8221; h_padding=&#8221;2&#8243; top_padding=&#8221;3&#8243; bottom_padding=&#8221;2&#8243; overlay_alpha=&#8221;50&#8243; gutter_size=&#8221;3&#8243; column_width_percent=&#8221;100&#8243; shift_y=&#8221;0&#8243; z_index=&#8221;0&#8243; uncode_shortcode_id=&#8221;119374&#8243;][vc_column width=&#8221;7\/12&#8243;][vc_single_image media=&#8221;93069&#8243; media_width_use_pixel=&#8221;yes&#8221; media_width_pixel=&#8221;300&#8243; uncode_shortcode_id=&#8221;130803&#8243;][vc_column_text uncode_shortcode_id=&#8221;175735&#8243;]T\u00e9ma: UX \u00e9s [&hellip;]<\/p>\n","protected":false},"author":1,"featured_media":93028,"parent":0,"menu_order":0,"comment_status":"closed","ping_status":"closed","template":"","meta":{"_acf_changed":false,"footnotes":""},"class_list":["post-93064","page","type-page","status-publish","has-post-thumbnail","hentry"],"acf":[],"yoast_head":"<!-- This site is optimized with the Yoast SEO plugin v27.4 - https:\/\/yoast.com\/product\/yoast-seo-wordpress\/ -->\n<title>Compass UX Session 2025 \u2013 UX a v\u00e1ltoz\u00f3 felhaszn\u00e1l\u00f3i ig\u00e9nyekhez igaz\u00edtva<\/title>\n<meta name=\"description\" content=\"Ismerd meg, hogyan form\u00e1lja a UX a technol\u00f3giai \u00e9lm\u00e9nyt. Compass UX 2025: design leadership, AI a tervez\u00e9sben \u00e9s \u00faj platformokra val\u00f3 fejleszt\u00e9s \u2013 egy nap, ami inspir\u00e1l.\" \/>\n<meta name=\"robots\" content=\"index, follow, max-snippet:-1, max-image-preview:large, max-video-preview:-1\" \/>\n<link rel=\"canonical\" href=\"https:\/\/crafthub.events\/hu\/compass-ux-session\/\" \/>\n<meta property=\"og:locale\" content=\"hu_HU\" \/>\n<meta property=\"og:type\" content=\"article\" \/>\n<meta property=\"og:title\" content=\"Compass UX Session 2025 \u2013 UX a v\u00e1ltoz\u00f3 felhaszn\u00e1l\u00f3i ig\u00e9nyekhez igaz\u00edtva\" \/>\n<meta property=\"og:description\" content=\"Ismerd meg, hogyan form\u00e1lja a UX a technol\u00f3giai \u00e9lm\u00e9nyt. Compass UX 2025: design leadership, AI a tervez\u00e9sben \u00e9s \u00faj platformokra val\u00f3 fejleszt\u00e9s \u2013 egy nap, ami inspir\u00e1l.\" \/>\n<meta property=\"og:url\" content=\"https:\/\/crafthub.events\/hu\/compass-ux-session\/\" \/>\n<meta property=\"og:site_name\" content=\"CraftHub\" \/>\n<meta property=\"article:publisher\" content=\"https:\/\/www.facebook.com\/Crafthub.events\" \/>\n<meta property=\"article:modified_time\" content=\"2026-04-23T06:28:55+00:00\" \/>\n<meta property=\"og:image\" content=\"https:\/\/crafthub.events\/wp-content\/uploads\/54165766838_e0f65b1ab5_k.jpg\" \/>\n\t<meta property=\"og:image:width\" content=\"2048\" \/>\n\t<meta property=\"og:image:height\" content=\"1363\" \/>\n\t<meta property=\"og:image:type\" content=\"image\/jpeg\" \/>\n<meta name=\"twitter:card\" content=\"summary_large_image\" \/>\n<meta name=\"twitter:site\" content=\"@CrafthubE\" \/>\n<meta name=\"twitter:label1\" content=\"Becs\u00fclt olvas\u00e1si id\u0151\" \/>\n\t<meta name=\"twitter:data1\" content=\"3 perc\" \/>\n<script type=\"application\/ld+json\" class=\"yoast-schema-graph\">{\"@context\":\"https:\\\/\\\/schema.org\",\"@graph\":[{\"@type\":\"WebPage\",\"@id\":\"https:\\\/\\\/crafthub.events\\\/hu\\\/compass-ux-session\\\/\",\"url\":\"https:\\\/\\\/crafthub.events\\\/hu\\\/compass-ux-session\\\/\",\"name\":\"Compass UX Session 2025 \u2013 UX a v\u00e1ltoz\u00f3 felhaszn\u00e1l\u00f3i ig\u00e9nyekhez igaz\u00edtva\",\"isPartOf\":{\"@id\":\"https:\\\/\\\/crafthub.events\\\/hu\\\/#website\"},\"primaryImageOfPage\":{\"@id\":\"https:\\\/\\\/crafthub.events\\\/hu\\\/compass-ux-session\\\/#primaryimage\"},\"image\":{\"@id\":\"https:\\\/\\\/crafthub.events\\\/hu\\\/compass-ux-session\\\/#primaryimage\"},\"thumbnailUrl\":\"https:\\\/\\\/crafthub.events\\\/wp-content\\\/uploads\\\/54165766838_e0f65b1ab5_k.jpg\",\"datePublished\":\"2025-05-14T05:30:33+00:00\",\"dateModified\":\"2026-04-23T06:28:55+00:00\",\"description\":\"Ismerd meg, hogyan form\u00e1lja a UX a technol\u00f3giai \u00e9lm\u00e9nyt. Compass UX 2025: design leadership, AI a tervez\u00e9sben \u00e9s \u00faj platformokra val\u00f3 fejleszt\u00e9s \u2013 egy nap, ami inspir\u00e1l.\",\"breadcrumb\":{\"@id\":\"https:\\\/\\\/crafthub.events\\\/hu\\\/compass-ux-session\\\/#breadcrumb\"},\"inLanguage\":\"hu\",\"potentialAction\":[{\"@type\":\"ReadAction\",\"target\":[\"https:\\\/\\\/crafthub.events\\\/hu\\\/compass-ux-session\\\/\"]}]},{\"@type\":\"ImageObject\",\"inLanguage\":\"hu\",\"@id\":\"https:\\\/\\\/crafthub.events\\\/hu\\\/compass-ux-session\\\/#primaryimage\",\"url\":\"https:\\\/\\\/crafthub.events\\\/wp-content\\\/uploads\\\/54165766838_e0f65b1ab5_k.jpg\",\"contentUrl\":\"https:\\\/\\\/crafthub.events\\\/wp-content\\\/uploads\\\/54165766838_e0f65b1ab5_k.jpg\",\"width\":2048,\"height\":1363},{\"@type\":\"BreadcrumbList\",\"@id\":\"https:\\\/\\\/crafthub.events\\\/hu\\\/compass-ux-session\\\/#breadcrumb\",\"itemListElement\":[{\"@type\":\"ListItem\",\"position\":1,\"name\":\"Kezd\u0151lap\",\"item\":\"https:\\\/\\\/crafthub.events\\\/hu\\\/\"},{\"@type\":\"ListItem\",\"position\":2,\"name\":\"Compass UX Session\"}]},{\"@type\":\"WebSite\",\"@id\":\"https:\\\/\\\/crafthub.events\\\/hu\\\/#website\",\"url\":\"https:\\\/\\\/crafthub.events\\\/hu\\\/\",\"name\":\"CraftHub\",\"description\":\"The craft that you need!\",\"publisher\":{\"@id\":\"https:\\\/\\\/crafthub.events\\\/hu\\\/#organization\"},\"potentialAction\":[{\"@type\":\"SearchAction\",\"target\":{\"@type\":\"EntryPoint\",\"urlTemplate\":\"https:\\\/\\\/crafthub.events\\\/hu\\\/?s={search_term_string}\"},\"query-input\":{\"@type\":\"PropertyValueSpecification\",\"valueRequired\":true,\"valueName\":\"search_term_string\"}}],\"inLanguage\":\"hu\"},{\"@type\":\"Organization\",\"@id\":\"https:\\\/\\\/crafthub.events\\\/hu\\\/#organization\",\"name\":\"CraftHub\",\"url\":\"https:\\\/\\\/crafthub.events\\\/hu\\\/\",\"logo\":{\"@type\":\"ImageObject\",\"inLanguage\":\"hu\",\"@id\":\"https:\\\/\\\/crafthub.events\\\/hu\\\/#\\\/schema\\\/logo\\\/image\\\/\",\"url\":\"https:\\\/\\\/crafthub.events\\\/wp-content\\\/uploads\\\/ch.png\",\"contentUrl\":\"https:\\\/\\\/crafthub.events\\\/wp-content\\\/uploads\\\/ch.png\",\"width\":747,\"height\":693,\"caption\":\"CraftHub\"},\"image\":{\"@id\":\"https:\\\/\\\/crafthub.events\\\/hu\\\/#\\\/schema\\\/logo\\\/image\\\/\"},\"sameAs\":[\"https:\\\/\\\/www.facebook.com\\\/Crafthub.events\",\"https:\\\/\\\/x.com\\\/CrafthubE\",\"https:\\\/\\\/www.instagram.com\\\/crafthubevents\\\/\",\"https:\\\/\\\/www.linkedin.com\\\/company\\\/68526749\\\/admin\\\/\",\"https:\\\/\\\/www.youtube.com\\\/channel\\\/UC9E-wqsOP_1nRKXWIWPBhXw\"]}]}<\/script>\n<!-- \/ Yoast SEO plugin. -->","yoast_head_json":{"title":"Compass UX Session 2025 \u2013 UX a v\u00e1ltoz\u00f3 felhaszn\u00e1l\u00f3i ig\u00e9nyekhez igaz\u00edtva","description":"Ismerd meg, hogyan form\u00e1lja a UX a technol\u00f3giai \u00e9lm\u00e9nyt. Compass UX 2025: design leadership, AI a tervez\u00e9sben \u00e9s \u00faj platformokra val\u00f3 fejleszt\u00e9s \u2013 egy nap, ami inspir\u00e1l.","robots":{"index":"index","follow":"follow","max-snippet":"max-snippet:-1","max-image-preview":"max-image-preview:large","max-video-preview":"max-video-preview:-1"},"canonical":"https:\/\/crafthub.events\/hu\/compass-ux-session\/","og_locale":"hu_HU","og_type":"article","og_title":"Compass UX Session 2025 \u2013 UX a v\u00e1ltoz\u00f3 felhaszn\u00e1l\u00f3i ig\u00e9nyekhez igaz\u00edtva","og_description":"Ismerd meg, hogyan form\u00e1lja a UX a technol\u00f3giai \u00e9lm\u00e9nyt. Compass UX 2025: design leadership, AI a tervez\u00e9sben \u00e9s \u00faj platformokra val\u00f3 fejleszt\u00e9s \u2013 egy nap, ami inspir\u00e1l.","og_url":"https:\/\/crafthub.events\/hu\/compass-ux-session\/","og_site_name":"CraftHub","article_publisher":"https:\/\/www.facebook.com\/Crafthub.events","article_modified_time":"2026-04-23T06:28:55+00:00","og_image":[{"width":2048,"height":1363,"url":"https:\/\/crafthub.events\/wp-content\/uploads\/54165766838_e0f65b1ab5_k.jpg","type":"image\/jpeg"}],"twitter_card":"summary_large_image","twitter_site":"@CrafthubE","twitter_misc":{"Becs\u00fclt olvas\u00e1si id\u0151":"3 perc"},"schema":{"@context":"https:\/\/schema.org","@graph":[{"@type":"WebPage","@id":"https:\/\/crafthub.events\/hu\/compass-ux-session\/","url":"https:\/\/crafthub.events\/hu\/compass-ux-session\/","name":"Compass UX Session 2025 \u2013 UX a v\u00e1ltoz\u00f3 felhaszn\u00e1l\u00f3i ig\u00e9nyekhez igaz\u00edtva","isPartOf":{"@id":"https:\/\/crafthub.events\/hu\/#website"},"primaryImageOfPage":{"@id":"https:\/\/crafthub.events\/hu\/compass-ux-session\/#primaryimage"},"image":{"@id":"https:\/\/crafthub.events\/hu\/compass-ux-session\/#primaryimage"},"thumbnailUrl":"https:\/\/crafthub.events\/wp-content\/uploads\/54165766838_e0f65b1ab5_k.jpg","datePublished":"2025-05-14T05:30:33+00:00","dateModified":"2026-04-23T06:28:55+00:00","description":"Ismerd meg, hogyan form\u00e1lja a UX a technol\u00f3giai \u00e9lm\u00e9nyt. Compass UX 2025: design leadership, AI a tervez\u00e9sben \u00e9s \u00faj platformokra val\u00f3 fejleszt\u00e9s \u2013 egy nap, ami inspir\u00e1l.","breadcrumb":{"@id":"https:\/\/crafthub.events\/hu\/compass-ux-session\/#breadcrumb"},"inLanguage":"hu","potentialAction":[{"@type":"ReadAction","target":["https:\/\/crafthub.events\/hu\/compass-ux-session\/"]}]},{"@type":"ImageObject","inLanguage":"hu","@id":"https:\/\/crafthub.events\/hu\/compass-ux-session\/#primaryimage","url":"https:\/\/crafthub.events\/wp-content\/uploads\/54165766838_e0f65b1ab5_k.jpg","contentUrl":"https:\/\/crafthub.events\/wp-content\/uploads\/54165766838_e0f65b1ab5_k.jpg","width":2048,"height":1363},{"@type":"BreadcrumbList","@id":"https:\/\/crafthub.events\/hu\/compass-ux-session\/#breadcrumb","itemListElement":[{"@type":"ListItem","position":1,"name":"Kezd\u0151lap","item":"https:\/\/crafthub.events\/hu\/"},{"@type":"ListItem","position":2,"name":"Compass UX Session"}]},{"@type":"WebSite","@id":"https:\/\/crafthub.events\/hu\/#website","url":"https:\/\/crafthub.events\/hu\/","name":"CraftHub","description":"The craft that you need!","publisher":{"@id":"https:\/\/crafthub.events\/hu\/#organization"},"potentialAction":[{"@type":"SearchAction","target":{"@type":"EntryPoint","urlTemplate":"https:\/\/crafthub.events\/hu\/?s={search_term_string}"},"query-input":{"@type":"PropertyValueSpecification","valueRequired":true,"valueName":"search_term_string"}}],"inLanguage":"hu"},{"@type":"Organization","@id":"https:\/\/crafthub.events\/hu\/#organization","name":"CraftHub","url":"https:\/\/crafthub.events\/hu\/","logo":{"@type":"ImageObject","inLanguage":"hu","@id":"https:\/\/crafthub.events\/hu\/#\/schema\/logo\/image\/","url":"https:\/\/crafthub.events\/wp-content\/uploads\/ch.png","contentUrl":"https:\/\/crafthub.events\/wp-content\/uploads\/ch.png","width":747,"height":693,"caption":"CraftHub"},"image":{"@id":"https:\/\/crafthub.events\/hu\/#\/schema\/logo\/image\/"},"sameAs":["https:\/\/www.facebook.com\/Crafthub.events","https:\/\/x.com\/CrafthubE","https:\/\/www.instagram.com\/crafthubevents\/","https:\/\/www.linkedin.com\/company\/68526749\/admin\/","https:\/\/www.youtube.com\/channel\/UC9E-wqsOP_1nRKXWIWPBhXw"]}]}},"_links":{"self":[{"href":"https:\/\/crafthub.events\/hu\/wp-json\/wp\/v2\/pages\/93064","targetHints":{"allow":["GET"]}}],"collection":[{"href":"https:\/\/crafthub.events\/hu\/wp-json\/wp\/v2\/pages"}],"about":[{"href":"https:\/\/crafthub.events\/hu\/wp-json\/wp\/v2\/types\/page"}],"author":[{"embeddable":true,"href":"https:\/\/crafthub.events\/hu\/wp-json\/wp\/v2\/users\/1"}],"replies":[{"embeddable":true,"href":"https:\/\/crafthub.events\/hu\/wp-json\/wp\/v2\/comments?post=93064"}],"version-history":[{"count":8,"href":"https:\/\/crafthub.events\/hu\/wp-json\/wp\/v2\/pages\/93064\/revisions"}],"predecessor-version":[{"id":93670,"href":"https:\/\/crafthub.events\/hu\/wp-json\/wp\/v2\/pages\/93064\/revisions\/93670"}],"wp:featuredmedia":[{"embeddable":true,"href":"https:\/\/crafthub.events\/hu\/wp-json\/wp\/v2\/media\/93028"}],"wp:attachment":[{"href":"https:\/\/crafthub.events\/hu\/wp-json\/wp\/v2\/media?parent=93064"}],"curies":[{"name":"wp","href":"https:\/\/api.w.org\/{rel}","templated":true}]}}