{"id":93176,"date":"2025-08-04T08:27:29","date_gmt":"2025-08-04T06:27:29","guid":{"rendered":"https:\/\/crafthub.events\/?page_id=93176"},"modified":"2025-10-16T09:10:24","modified_gmt":"2025-10-16T07:10:24","slug":"meetupok","status":"publish","type":"page","link":"https:\/\/crafthub.events\/hu\/meetupok\/","title":{"rendered":"Meetupok"},"content":{"rendered":"<div class=\"wpb-content-wrapper\"><p>[vc_row row_height_percent=&#8221;54&#8243; override_padding=&#8221;yes&#8221; h_padding=&#8221;2&#8243; top_padding=&#8221;5&#8243; bottom_padding=&#8221;5&#8243; back_color=&#8221;color-wayh&#8221; back_image=&#8221;93198&#8243; back_image_auto=&#8221;yes&#8221; parallax=&#8221;yes&#8221; overlay_color=&#8221;color-jevc&#8221; overlay_alpha=&#8221;80&#8243; gutter_size=&#8221;100&#8243; column_width_percent=&#8221;100&#8243; shift_y=&#8221;0&#8243; z_index=&#8221;0&#8243; content_parallax=&#8221;0&#8243; style=&#8221;inherited&#8221; uncode_shortcode_id=&#8221;154106&#8243; back_color_type=&#8221;uncode-palette&#8221; overlay_color_type=&#8221;uncode-palette&#8221;][vc_column column_width_percent=&#8221;100&#8243; position_vertical=&#8221;middle&#8221; align_horizontal=&#8221;align_center&#8221; gutter_size=&#8221;2&#8243; style=&#8221;dark&#8221; overlay_alpha=&#8221;100&#8243; shift_x=&#8221;0&#8243; shift_y=&#8221;0&#8243; shift_y_down=&#8221;0&#8243; z_index=&#8221;0&#8243; medium_width=&#8221;0&#8243; mobile_width=&#8221;0&#8243; zoom_width=&#8221;0&#8243; zoom_height=&#8221;0&#8243; width=&#8221;1\/1&#8243;][vc_custom_heading auto_text=&#8221;yes&#8221; heading_semantic=&#8221;h1&#8243; text_size=&#8221;fontsize-508833&#8243; text_transform=&#8221;capitalize&#8221; text_align=&#8221;text-center&#8221;]Automatic Heading: Get the title[\/vc_custom_heading][vc_column_text auto_text=&#8221;excerpt&#8221;]I am text block. Click edit button to change this text. Lorem ipsum dolor sit amet, consectetur adipiscing elit. Ut elit tellus, luctus nec ullamcorper mattis, pulvinar dapibus leo.[\/vc_column_text][\/vc_column][\/vc_row][vc_section][vc_row row_height_percent=&#8221;0&#8243; override_padding=&#8221;yes&#8221; h_padding=&#8221;2&#8243; top_padding=&#8221;2&#8243; bottom_padding=&#8221;0&#8243; overlay_alpha=&#8221;50&#8243; gutter_size=&#8221;3&#8243; column_width_percent=&#8221;100&#8243; shift_y=&#8221;0&#8243; z_index=&#8221;0&#8243; content_parallax=&#8221;0&#8243; uncode_shortcode_id=&#8221;160610&#8243;][vc_column width=&#8221;1\/2&#8243;][vc_single_image media=&#8221;93329&#8243; media_width_percent=&#8221;100&#8243; uncode_shortcode_id=&#8221;199292&#8243; media_link=&#8221;url:https%3A%2F%2Fwww.meetup.com%2Fcrafthubevents%2Fevents%2F311550067%2F|target:_blank&#8221;][\/vc_column][vc_column width=&#8221;1\/2&#8243;][vc_single_image media=&#8221;93326&#8243; media_width_percent=&#8221;100&#8243; uncode_shortcode_id=&#8221;184726&#8243; media_link=&#8221;url:https%3A%2F%2Fwww.meetup.com%2Fcrafthubevents%2Fevents%2F311198867|target:_blank&#8221;][\/vc_column][\/vc_row][vc_row row_height_percent=&#8221;0&#8243; override_padding=&#8221;yes&#8221; h_padding=&#8221;2&#8243; top_padding=&#8221;2&#8243; bottom_padding=&#8221;0&#8243; overlay_alpha=&#8221;50&#8243; gutter_size=&#8221;3&#8243; column_width_percent=&#8221;100&#8243; shift_y=&#8221;0&#8243; z_index=&#8221;0&#8243; content_parallax=&#8221;0&#8243; uncode_shortcode_id=&#8221;160610&#8243;][vc_column width=&#8221;1\/2&#8243;][vc_single_image media=&#8221;93268&#8243; media_width_percent=&#8221;100&#8243; uncode_shortcode_id=&#8221;135588&#8243; media_link=&#8221;url:https%3A%2F%2Fwww.meetup.com%2Fcrafthubevents%2Fevents%2F310849595%2F%3Futm_medium%3Dreferral%26utm_campaign%3Dshare-btn_savedevents_share_modal%26utm_source%3Dlink%26utm_version%3Dv2|target:_blank&#8221;][\/vc_column][vc_column width=&#8221;1\/2&#8243;][vc_single_image media=&#8221;93258&#8243; media_width_percent=&#8221;100&#8243; uncode_shortcode_id=&#8221;124790&#8243; media_link=&#8221;url:https%3A%2F%2Fwww.meetup.com%2Fcrafthubevents%2Fevents%2F310581665%2F%3Futm_medium%3Dreferral%26utm_campaign%3Dshare-btn_savedevents_share_modal%26utm_source%3Dlink%26utm_version%3Dv2|target:_blank&#8221;][\/vc_column][\/vc_row][vc_row row_height_percent=&#8221;0&#8243; override_padding=&#8221;yes&#8221; h_padding=&#8221;2&#8243; top_padding=&#8221;2&#8243; bottom_padding=&#8221;0&#8243; overlay_alpha=&#8221;50&#8243; gutter_size=&#8221;3&#8243; column_width_percent=&#8221;100&#8243; shift_y=&#8221;0&#8243; z_index=&#8221;0&#8243; content_parallax=&#8221;0&#8243; uncode_shortcode_id=&#8221;160610&#8243;][vc_column width=&#8221;1\/2&#8243;][vc_single_image media=&#8221;93168&#8243; media_width_percent=&#8221;100&#8243; uncode_shortcode_id=&#8221;179919&#8243; media_link=&#8221;url:https%3A%2F%2Fwww.meetup.com%2Fcrafthubevents%2Fevents%2F307976211%2F|target:_blank&#8221;][\/vc_column][vc_column width=&#8221;1\/2&#8243;][vc_single_image media=&#8221;93181&#8243; media_width_percent=&#8221;100&#8243; uncode_shortcode_id=&#8221;785338&#8243; media_link=&#8221;url:https%3A%2F%2Fwww.meetup.com%2Fdevbp-meetup%2Fevents%2F307511415%2F%3FeventOrigin%3Dgroup_upcoming_events|target:_blank&#8221;][\/vc_column][\/vc_row][vc_row row_height_percent=&#8221;0&#8243; override_padding=&#8221;yes&#8221; h_padding=&#8221;2&#8243; top_padding=&#8221;2&#8243; bottom_padding=&#8221;0&#8243; overlay_alpha=&#8221;50&#8243; gutter_size=&#8221;3&#8243; column_width_percent=&#8221;100&#8243; shift_y=&#8221;0&#8243; z_index=&#8221;0&#8243; content_parallax=&#8221;0&#8243; uncode_shortcode_id=&#8221;957553&#8243;][vc_column width=&#8221;1\/2&#8243;][vc_single_image media=&#8221;93183&#8243; media_width_percent=&#8221;100&#8243; uncode_shortcode_id=&#8221;102672&#8243; media_link=&#8221;url:https%3A%2F%2Fwww.linkedin.com%2Fevents%2Fscalingcomplexity7328353295377256448%2F|target:_blank&#8221;][\/vc_column][vc_column width=&#8221;1\/2&#8243;][vc_single_image media=&#8221;93185&#8243; media_width_percent=&#8221;100&#8243; uncode_shortcode_id=&#8221;185289&#8243; media_link=&#8221;url:https%3A%2F%2Fwww.meetup.com%2Fddd-practitioners-in-hungary%2Fevents%2F307819807%2F|target:_blank&#8221;][\/vc_column][\/vc_row][vc_row row_height_percent=&#8221;0&#8243; override_padding=&#8221;yes&#8221; h_padding=&#8221;2&#8243; top_padding=&#8221;2&#8243; bottom_padding=&#8221;0&#8243; overlay_alpha=&#8221;50&#8243; gutter_size=&#8221;3&#8243; column_width_percent=&#8221;100&#8243; shift_y=&#8221;0&#8243; z_index=&#8221;0&#8243; content_parallax=&#8221;0&#8243; uncode_shortcode_id=&#8221;957553&#8243;][vc_column width=&#8221;1\/2&#8243;][vc_single_image media=&#8221;93188&#8243; media_width_percent=&#8221;100&#8243; uncode_shortcode_id=&#8221;143547&#8243; media_link=&#8221;url:https%3A%2F%2Fwww.meetup.com%2Fcrafthubevents%2Fevents%2F307299807%2F|target:_blank&#8221;][\/vc_column][vc_column width=&#8221;1\/2&#8243;][vc_single_image media=&#8221;93190&#8243; media_width_percent=&#8221;100&#8243; uncode_shortcode_id=&#8221;570650&#8243; media_link=&#8221;url:https%3A%2F%2Fwww.meetup.com%2Fcrafthubevents%2Fevents%2F306220255%2F|target:_blank&#8221;][\/vc_column][\/vc_row][vc_row row_height_percent=&#8221;0&#8243; override_padding=&#8221;yes&#8221; h_padding=&#8221;2&#8243; top_padding=&#8221;2&#8243; bottom_padding=&#8221;0&#8243; overlay_alpha=&#8221;50&#8243; gutter_size=&#8221;3&#8243; column_width_percent=&#8221;100&#8243; shift_y=&#8221;0&#8243; z_index=&#8221;0&#8243; content_parallax=&#8221;0&#8243; uncode_shortcode_id=&#8221;957553&#8243;][vc_column width=&#8221;1\/2&#8243;][vc_single_image media=&#8221;93193&#8243; media_width_percent=&#8221;100&#8243; uncode_shortcode_id=&#8221;151376&#8243; media_link=&#8221;url:https%3A%2F%2Fwww.meetup.com%2Fcrafthubevents%2Fevents%2F306804020%2F|target:_blank&#8221;][\/vc_column][vc_column width=&#8221;1\/2&#8243;][vc_single_image media=&#8221;93195&#8243; media_width_percent=&#8221;100&#8243; uncode_shortcode_id=&#8221;874052&#8243; media_link=&#8221;url:https%3A%2F%2Fwww.meetup.com%2Fstretchcon-meetup%2Fevents%2F306530744%2F|target:_blank&#8221;][\/vc_column][\/vc_row][vc_row row_height_percent=&#8221;0&#8243; override_padding=&#8221;yes&#8221; h_padding=&#8221;2&#8243; top_padding=&#8221;2&#8243; bottom_padding=&#8221;0&#8243; overlay_alpha=&#8221;50&#8243; gutter_size=&#8221;3&#8243; column_width_percent=&#8221;100&#8243; shift_y=&#8221;0&#8243; z_index=&#8221;0&#8243; content_parallax=&#8221;0&#8243; uncode_shortcode_id=&#8221;957553&#8243;][vc_column width=&#8221;1\/2&#8243;][vc_single_image media=&#8221;93197&#8243; media_width_percent=&#8221;100&#8243; uncode_shortcode_id=&#8221;101844&#8243; media_link=&#8221;url:https%3A%2F%2Fwww.meetup.com%2Fcrafthubevents%2Fevents%2F306220255%2F|target:_blank&#8221;][\/vc_column][vc_column width=&#8221;1\/2&#8243;][vc_single_image media=&#8221;93173&#8243; media_width_percent=&#8221;100&#8243; uncode_shortcode_id=&#8221;799565&#8243; media_link=&#8221;url:https%3A%2F%2Fwww.meetup.com%2Fcrafthubevents%2Fevents%2F305396883%2F|target:_blank&#8221;][\/vc_column][\/vc_row][\/vc_section][vc_row][vc_column width=&#8221;1\/1&#8243;][\/vc_column][\/vc_row]<\/p>\n<\/div>","protected":false},"excerpt":{"rendered":"<p>A CraftHub meetupok eg\u00e9sz \u00e9vben \u00f6sszehozz\u00e1k a tech k\u00f6z\u00f6ss\u00e9get inspir\u00e1l\u00f3 el\u0151ad\u00e1sokkal, izgalmas besz\u00e9lget\u00e9sekkel \u00e9s \u00e9rt\u00e9kes kapcsolatokkal. Ezek az ingyenes esem\u00e9nyek a tanul\u00e1s, a networking \u00e9s a j\u00f3 hangulat t\u00f6k\u00e9letes kever\u00e9k\u00e9t k\u00edn\u00e1lj\u00e1k \u2013 t\u00e9m\u00e1ik k\u00f6z\u00f6tt szerepel az AI, UX, szoftverfejleszt\u00e9s \u00e9s term\u00e9kmenedzsment. Csatlakozz hozz\u00e1nk Budapesten, \u00e9s maradj kapcsolatban a Craft \u00e9s Compass Tech Summit k\u00f6z\u00f6ss\u00e9geivel a konferenci\u00e1k k\u00f6z\u00f6tt is.  <\/p>\n","protected":false},"author":1,"featured_media":93199,"parent":0,"menu_order":0,"comment_status":"closed","ping_status":"closed","template":"","meta":{"_acf_changed":false,"footnotes":""},"class_list":["post-93176","page","type-page","status-publish","has-post-thumbnail","hentry"],"acf":[],"yoast_head":"<!-- This site is optimized with the Yoast SEO plugin v27.2 - https:\/\/yoast.com\/product\/yoast-seo-wordpress\/ -->\n<title>CraftHub Meetupok \u2013 Tech El\u0151ad\u00e1sok \u00e9s K\u00f6z\u00f6ss\u00e9gi Esem\u00e9nyek Budapesten<\/title>\n<meta name=\"description\" content=\"Csatlakozz a CraftHub ingyenes tech meetupjaihoz Budapesten, ahol szak\u00e9rt\u0151i el\u0151ad\u00e1sok, networking \u00e9s k\u00f6z\u00f6ss\u00e9g\u00e9p\u00edt\u00e9s v\u00e1r. Maradj kapcsolatban a Craft \u00e9s Compass k\u00f6z\u00f6ss\u00e9gekkel eg\u00e9sz \u00e9vben!\" \/>\n<meta name=\"robots\" content=\"index, follow, max-snippet:-1, max-image-preview:large, max-video-preview:-1\" \/>\n<link rel=\"canonical\" href=\"https:\/\/crafthub.events\/hu\/meetupok\/\" \/>\n<meta property=\"og:locale\" content=\"hu_HU\" \/>\n<meta property=\"og:type\" content=\"article\" \/>\n<meta property=\"og:title\" content=\"CraftHub Meetupok \u2013 Tech El\u0151ad\u00e1sok \u00e9s K\u00f6z\u00f6ss\u00e9gi Esem\u00e9nyek Budapesten\" \/>\n<meta property=\"og:description\" content=\"Csatlakozz a CraftHub ingyenes tech meetupjaihoz Budapesten, ahol szak\u00e9rt\u0151i el\u0151ad\u00e1sok, networking \u00e9s k\u00f6z\u00f6ss\u00e9g\u00e9p\u00edt\u00e9s v\u00e1r. Maradj kapcsolatban a Craft \u00e9s Compass k\u00f6z\u00f6ss\u00e9gekkel eg\u00e9sz \u00e9vben!\" \/>\n<meta property=\"og:url\" content=\"https:\/\/crafthub.events\/hu\/meetupok\/\" \/>\n<meta property=\"og:site_name\" content=\"CraftHub\" \/>\n<meta property=\"article:publisher\" content=\"https:\/\/www.facebook.com\/Crafthub.events\" \/>\n<meta property=\"article:modified_time\" content=\"2025-10-16T07:10:24+00:00\" \/>\n<meta property=\"og:image\" content=\"https:\/\/crafthub.events\/wp-content\/uploads\/IMG_9092.jpg\" \/>\n\t<meta property=\"og:image:width\" content=\"2047\" \/>\n\t<meta property=\"og:image:height\" content=\"1362\" \/>\n\t<meta property=\"og:image:type\" content=\"image\/jpeg\" \/>\n<meta name=\"twitter:card\" content=\"summary_large_image\" \/>\n<meta name=\"twitter:site\" content=\"@CrafthubE\" \/>\n<meta name=\"twitter:label1\" content=\"Becs\u00fclt olvas\u00e1si id\u0151\" \/>\n\t<meta name=\"twitter:data1\" content=\"4 perc\" \/>\n<script type=\"application\/ld+json\" class=\"yoast-schema-graph\">{\"@context\":\"https:\/\/schema.org\",\"@graph\":[{\"@type\":\"WebPage\",\"@id\":\"https:\/\/crafthub.events\/hu\/meetupok\/\",\"url\":\"https:\/\/crafthub.events\/hu\/meetupok\/\",\"name\":\"CraftHub Meetupok \u2013 Tech El\u0151ad\u00e1sok \u00e9s K\u00f6z\u00f6ss\u00e9gi Esem\u00e9nyek Budapesten\",\"isPartOf\":{\"@id\":\"https:\/\/crafthub.events\/hu\/#website\"},\"primaryImageOfPage\":{\"@id\":\"https:\/\/crafthub.events\/hu\/meetupok\/#primaryimage\"},\"image\":{\"@id\":\"https:\/\/crafthub.events\/hu\/meetupok\/#primaryimage\"},\"thumbnailUrl\":\"https:\/\/crafthub.events\/wp-content\/uploads\/IMG_9092.jpg\",\"datePublished\":\"2025-08-04T06:27:29+00:00\",\"dateModified\":\"2025-10-16T07:10:24+00:00\",\"description\":\"Csatlakozz a CraftHub ingyenes tech meetupjaihoz Budapesten, ahol szak\u00e9rt\u0151i el\u0151ad\u00e1sok, networking \u00e9s k\u00f6z\u00f6ss\u00e9g\u00e9p\u00edt\u00e9s v\u00e1r. Maradj kapcsolatban a Craft \u00e9s Compass k\u00f6z\u00f6ss\u00e9gekkel eg\u00e9sz \u00e9vben!\",\"breadcrumb\":{\"@id\":\"https:\/\/crafthub.events\/hu\/meetupok\/#breadcrumb\"},\"inLanguage\":\"hu\",\"potentialAction\":[{\"@type\":\"ReadAction\",\"target\":[\"https:\/\/crafthub.events\/hu\/meetupok\/\"]}]},{\"@type\":\"ImageObject\",\"inLanguage\":\"hu\",\"@id\":\"https:\/\/crafthub.events\/hu\/meetupok\/#primaryimage\",\"url\":\"https:\/\/crafthub.events\/wp-content\/uploads\/IMG_9092.jpg\",\"contentUrl\":\"https:\/\/crafthub.events\/wp-content\/uploads\/IMG_9092.jpg\",\"width\":2047,\"height\":1362},{\"@type\":\"BreadcrumbList\",\"@id\":\"https:\/\/crafthub.events\/hu\/meetupok\/#breadcrumb\",\"itemListElement\":[{\"@type\":\"ListItem\",\"position\":1,\"name\":\"Kezd\u0151lap\",\"item\":\"https:\/\/crafthub.events\/hu\/\"},{\"@type\":\"ListItem\",\"position\":2,\"name\":\"Meetupok\"}]},{\"@type\":\"WebSite\",\"@id\":\"https:\/\/crafthub.events\/hu\/#website\",\"url\":\"https:\/\/crafthub.events\/hu\/\",\"name\":\"CraftHub\",\"description\":\"The craft that you need!\",\"publisher\":{\"@id\":\"https:\/\/crafthub.events\/hu\/#organization\"},\"potentialAction\":[{\"@type\":\"SearchAction\",\"target\":{\"@type\":\"EntryPoint\",\"urlTemplate\":\"https:\/\/crafthub.events\/hu\/?s={search_term_string}\"},\"query-input\":{\"@type\":\"PropertyValueSpecification\",\"valueRequired\":true,\"valueName\":\"search_term_string\"}}],\"inLanguage\":\"hu\"},{\"@type\":\"Organization\",\"@id\":\"https:\/\/crafthub.events\/hu\/#organization\",\"name\":\"CraftHub\",\"url\":\"https:\/\/crafthub.events\/hu\/\",\"logo\":{\"@type\":\"ImageObject\",\"inLanguage\":\"hu\",\"@id\":\"https:\/\/crafthub.events\/hu\/#\/schema\/logo\/image\/\",\"url\":\"https:\/\/crafthub.events\/wp-content\/uploads\/ch.png\",\"contentUrl\":\"https:\/\/crafthub.events\/wp-content\/uploads\/ch.png\",\"width\":747,\"height\":693,\"caption\":\"CraftHub\"},\"image\":{\"@id\":\"https:\/\/crafthub.events\/hu\/#\/schema\/logo\/image\/\"},\"sameAs\":[\"https:\/\/www.facebook.com\/Crafthub.events\",\"https:\/\/x.com\/CrafthubE\",\"https:\/\/www.instagram.com\/crafthubevents\/\",\"https:\/\/www.linkedin.com\/company\/68526749\/admin\/\",\"https:\/\/www.youtube.com\/channel\/UC9E-wqsOP_1nRKXWIWPBhXw\"]}]}<\/script>\n<!-- \/ Yoast SEO plugin. -->","yoast_head_json":{"title":"CraftHub Meetupok \u2013 Tech El\u0151ad\u00e1sok \u00e9s K\u00f6z\u00f6ss\u00e9gi Esem\u00e9nyek Budapesten","description":"Csatlakozz a CraftHub ingyenes tech meetupjaihoz Budapesten, ahol szak\u00e9rt\u0151i el\u0151ad\u00e1sok, networking \u00e9s k\u00f6z\u00f6ss\u00e9g\u00e9p\u00edt\u00e9s v\u00e1r. Maradj kapcsolatban a Craft \u00e9s Compass k\u00f6z\u00f6ss\u00e9gekkel eg\u00e9sz \u00e9vben!","robots":{"index":"index","follow":"follow","max-snippet":"max-snippet:-1","max-image-preview":"max-image-preview:large","max-video-preview":"max-video-preview:-1"},"canonical":"https:\/\/crafthub.events\/hu\/meetupok\/","og_locale":"hu_HU","og_type":"article","og_title":"CraftHub Meetupok \u2013 Tech El\u0151ad\u00e1sok \u00e9s K\u00f6z\u00f6ss\u00e9gi Esem\u00e9nyek Budapesten","og_description":"Csatlakozz a CraftHub ingyenes tech meetupjaihoz Budapesten, ahol szak\u00e9rt\u0151i el\u0151ad\u00e1sok, networking \u00e9s k\u00f6z\u00f6ss\u00e9g\u00e9p\u00edt\u00e9s v\u00e1r. Maradj kapcsolatban a Craft \u00e9s Compass k\u00f6z\u00f6ss\u00e9gekkel eg\u00e9sz \u00e9vben!","og_url":"https:\/\/crafthub.events\/hu\/meetupok\/","og_site_name":"CraftHub","article_publisher":"https:\/\/www.facebook.com\/Crafthub.events","article_modified_time":"2025-10-16T07:10:24+00:00","og_image":[{"width":2047,"height":1362,"url":"https:\/\/crafthub.events\/wp-content\/uploads\/IMG_9092.jpg","type":"image\/jpeg"}],"twitter_card":"summary_large_image","twitter_site":"@CrafthubE","twitter_misc":{"Becs\u00fclt olvas\u00e1si id\u0151":"4 perc"},"schema":{"@context":"https:\/\/schema.org","@graph":[{"@type":"WebPage","@id":"https:\/\/crafthub.events\/hu\/meetupok\/","url":"https:\/\/crafthub.events\/hu\/meetupok\/","name":"CraftHub Meetupok \u2013 Tech El\u0151ad\u00e1sok \u00e9s K\u00f6z\u00f6ss\u00e9gi Esem\u00e9nyek Budapesten","isPartOf":{"@id":"https:\/\/crafthub.events\/hu\/#website"},"primaryImageOfPage":{"@id":"https:\/\/crafthub.events\/hu\/meetupok\/#primaryimage"},"image":{"@id":"https:\/\/crafthub.events\/hu\/meetupok\/#primaryimage"},"thumbnailUrl":"https:\/\/crafthub.events\/wp-content\/uploads\/IMG_9092.jpg","datePublished":"2025-08-04T06:27:29+00:00","dateModified":"2025-10-16T07:10:24+00:00","description":"Csatlakozz a CraftHub ingyenes tech meetupjaihoz Budapesten, ahol szak\u00e9rt\u0151i el\u0151ad\u00e1sok, networking \u00e9s k\u00f6z\u00f6ss\u00e9g\u00e9p\u00edt\u00e9s v\u00e1r. Maradj kapcsolatban a Craft \u00e9s Compass k\u00f6z\u00f6ss\u00e9gekkel eg\u00e9sz \u00e9vben!","breadcrumb":{"@id":"https:\/\/crafthub.events\/hu\/meetupok\/#breadcrumb"},"inLanguage":"hu","potentialAction":[{"@type":"ReadAction","target":["https:\/\/crafthub.events\/hu\/meetupok\/"]}]},{"@type":"ImageObject","inLanguage":"hu","@id":"https:\/\/crafthub.events\/hu\/meetupok\/#primaryimage","url":"https:\/\/crafthub.events\/wp-content\/uploads\/IMG_9092.jpg","contentUrl":"https:\/\/crafthub.events\/wp-content\/uploads\/IMG_9092.jpg","width":2047,"height":1362},{"@type":"BreadcrumbList","@id":"https:\/\/crafthub.events\/hu\/meetupok\/#breadcrumb","itemListElement":[{"@type":"ListItem","position":1,"name":"Kezd\u0151lap","item":"https:\/\/crafthub.events\/hu\/"},{"@type":"ListItem","position":2,"name":"Meetupok"}]},{"@type":"WebSite","@id":"https:\/\/crafthub.events\/hu\/#website","url":"https:\/\/crafthub.events\/hu\/","name":"CraftHub","description":"The craft that you need!","publisher":{"@id":"https:\/\/crafthub.events\/hu\/#organization"},"potentialAction":[{"@type":"SearchAction","target":{"@type":"EntryPoint","urlTemplate":"https:\/\/crafthub.events\/hu\/?s={search_term_string}"},"query-input":{"@type":"PropertyValueSpecification","valueRequired":true,"valueName":"search_term_string"}}],"inLanguage":"hu"},{"@type":"Organization","@id":"https:\/\/crafthub.events\/hu\/#organization","name":"CraftHub","url":"https:\/\/crafthub.events\/hu\/","logo":{"@type":"ImageObject","inLanguage":"hu","@id":"https:\/\/crafthub.events\/hu\/#\/schema\/logo\/image\/","url":"https:\/\/crafthub.events\/wp-content\/uploads\/ch.png","contentUrl":"https:\/\/crafthub.events\/wp-content\/uploads\/ch.png","width":747,"height":693,"caption":"CraftHub"},"image":{"@id":"https:\/\/crafthub.events\/hu\/#\/schema\/logo\/image\/"},"sameAs":["https:\/\/www.facebook.com\/Crafthub.events","https:\/\/x.com\/CrafthubE","https:\/\/www.instagram.com\/crafthubevents\/","https:\/\/www.linkedin.com\/company\/68526749\/admin\/","https:\/\/www.youtube.com\/channel\/UC9E-wqsOP_1nRKXWIWPBhXw"]}]}},"_links":{"self":[{"href":"https:\/\/crafthub.events\/hu\/wp-json\/wp\/v2\/pages\/93176","targetHints":{"allow":["GET"]}}],"collection":[{"href":"https:\/\/crafthub.events\/hu\/wp-json\/wp\/v2\/pages"}],"about":[{"href":"https:\/\/crafthub.events\/hu\/wp-json\/wp\/v2\/types\/page"}],"author":[{"embeddable":true,"href":"https:\/\/crafthub.events\/hu\/wp-json\/wp\/v2\/users\/1"}],"replies":[{"embeddable":true,"href":"https:\/\/crafthub.events\/hu\/wp-json\/wp\/v2\/comments?post=93176"}],"version-history":[{"count":15,"href":"https:\/\/crafthub.events\/hu\/wp-json\/wp\/v2\/pages\/93176\/revisions"}],"predecessor-version":[{"id":93331,"href":"https:\/\/crafthub.events\/hu\/wp-json\/wp\/v2\/pages\/93176\/revisions\/93331"}],"wp:featuredmedia":[{"embeddable":true,"href":"https:\/\/crafthub.events\/hu\/wp-json\/wp\/v2\/media\/93199"}],"wp:attachment":[{"href":"https:\/\/crafthub.events\/hu\/wp-json\/wp\/v2\/media?parent=93176"}],"curies":[{"name":"wp","href":"https:\/\/api.w.org\/{rel}","templated":true}]}}